{"id":536,"date":"2018-02-23T16:47:13","date_gmt":"2018-02-23T15:47:13","guid":{"rendered":"http:\/\/zooschule.synology.me\/zooschule\/?page_id=536"},"modified":"2021-03-12T14:32:37","modified_gmt":"2021-03-12T13:32:37","slug":"kinder-agenda-pfalz","status":"publish","type":"page","link":"https:\/\/zooschule-landau.de\/zooschule\/konzeption\/kinder-agenda-pfalz\/","title":{"rendered":"Kinder-Agenda Pfalz"},"content":{"rendered":"<p>&nbsp;<\/p>\n<h1>Kinder-Agenda Pfalz<\/h1>\n<p>&#8222;Fit f\u00fcr die Zukunft \u2013 Kinder-Agenda Pfalz&#8220; ist ein Kinderbuch in zwei B\u00e4nden. Es erkl\u00e4rt Kindern (und ihren Familien), warum es wichtig ist, &#8222;nachhaltig&#8220; zu leben. Es pr\u00e4sentiert zahlreiche M\u00f6glichkeiten, wie Kinder die Welt ver\u00e4ndern (&#8222;retten&#8220;) und lebenswerter gestalten k\u00f6nnen. Dabei k\u00f6nnen sie in ihrem eigenen Umfeld (Familie, Wohnort, Schule) aktiv werden. Zahlreiche Beispiele beziehen sich auf das Lebensumfeld der Kinder:<\/p>\n<p><a href=\"http:\/\/www.kinderagenda.de\/ka1.htm\" target=\"_blank\" rel=\"noopener\"><img loading=\"lazy\" decoding=\"async\" class=\"alignleft wp-image-537 size-full\" title=\"Kinder-Agenda, Teil 1\" src=\"https:\/\/zooschule-landau.de\/zooschule\/wp-content\/uploads\/2018\/02\/Kinder-Agenda1.jpg\" alt=\"\" width=\"351\" height=\"494\"><\/a><strong>&nbsp;Themen aus Teil 1<\/strong>: u. a. Energie sparen, nachhaltige Nutzung des Pf\u00e4lzer Waldes, Windkraft-Anlagen, Gerechtigkeit, Sonnenenergie, Wasser, Fairer Handel, Kinderarbeit, Artenschutz.<\/p>\n<div class=\"floatende\">&nbsp;<\/div>\n<p><a href=\"http:\/\/www.kinderagenda.de\/ka2.htm\" target=\"_blank\" rel=\"noopener\"><img loading=\"lazy\" decoding=\"async\" class=\"alignleft wp-image-538 size-full\" title=\"Kinder-Agenda, Teil 2\" src=\"https:\/\/zooschule-landau.de\/zooschule\/wp-content\/uploads\/2018\/02\/Kinder-Agenda2.jpg\" alt=\"\" width=\"350\" height=\"492\"><\/a><strong>Themen aus Teil 2<\/strong>: u. a. Schutz der Regenw\u00e4lder, nachhaltiger Weinbau, Verantwortung \u00fcbernehmen, Geothermie, Treibhauseffekt, Klimaschutz, Bionik, Stra\u00dfenkinder, Artenvielfalt.<\/p>\n<div class=\"floatende\">&nbsp;<\/div>\n<p>Die Kinder-Agenda soll die p\u00e4dagogischen Aktivit\u00e4ten in der Zooschule (Schulunterricht, Workshops u. a.) im Hinblick auf Bildung f\u00fcr nachhaltige Entwicklung erg\u00e4nzen.<br \/>\n<a class=\" link\" title=\"Kinder-Agenda Pfalz\" href=\"http:\/\/www.kinderagenda.de\/\" target=\"_blank\" rel=\"noopener\">Hier sind weiterf\u00fchrende Informationen zu finden und eine Onlineversion beider Kinder-Agenda-B\u00e4nde<\/a>.<\/p>\n","protected":false},"excerpt":{"rendered":"<p>&nbsp; Kinder-Agenda Pfalz &#8222;Fit f\u00fcr die Zukunft \u2013 Kinder-Agenda Pfalz&#8220; ist ein Kinderbuch in zwei B\u00e4nden. Es erkl\u00e4rt Kindern (und ihren Familien), warum es wichtig ist, &#8222;nachhaltig&#8220; zu leben. Es pr\u00e4sentiert zahlreiche M\u00f6glichkeiten, wie Kinder die Welt ver\u00e4ndern (&#8222;retten&#8220;) und lebenswerter gestalten k\u00f6nnen. Dabei k\u00f6nnen sie in ihrem eigenen Umfeld (Familie, Wohnort, Schule) aktiv werden.<\/p>\n","protected":false},"author":1,"featured_media":0,"parent":503,"menu_order":0,"comment_status":"closed","ping_status":"closed","template":"page-fullwidth.php","meta":{"footnotes":""},"class_list":["post-536","page","type-page","status-publish","hentry"],"_links":{"self":[{"href":"https:\/\/zooschule-landau.de\/zooschule\/wp-json\/wp\/v2\/pages\/536","targetHints":{"allow":["GET"]}}],"collection":[{"href":"https:\/\/zooschule-landau.de\/zooschule\/wp-json\/wp\/v2\/pages"}],"about":[{"href":"https:\/\/zooschule-landau.de\/zooschule\/wp-json\/wp\/v2\/types\/page"}],"author":[{"embeddable":true,"href":"https:\/\/zooschule-landau.de\/zooschule\/wp-json\/wp\/v2\/users\/1"}],"replies":[{"embeddable":true,"href":"https:\/\/zooschule-landau.de\/zooschule\/wp-json\/wp\/v2\/comments?post=536"}],"version-history":[{"count":6,"href":"https:\/\/zooschule-landau.de\/zooschule\/wp-json\/wp\/v2\/pages\/536\/revisions"}],"predecessor-version":[{"id":3212,"href":"https:\/\/zooschule-landau.de\/zooschule\/wp-json\/wp\/v2\/pages\/536\/revisions\/3212"}],"up":[{"embeddable":true,"href":"https:\/\/zooschule-landau.de\/zooschule\/wp-json\/wp\/v2\/pages\/503"}],"wp:attachment":[{"href":"https:\/\/zooschule-landau.de\/zooschule\/wp-json\/wp\/v2\/media?parent=536"}],"curies":[{"name":"wp","href":"https:\/\/api.w.org\/{rel}","templated":true}]}}