{"id":496,"date":"2018-02-23T15:07:20","date_gmt":"2018-02-23T14:07:20","guid":{"rendered":"http:\/\/zooschule.synology.me\/zooschule\/?page_id=496"},"modified":"2018-07-17T15:51:13","modified_gmt":"2018-07-17T13:51:13","slug":"gutscheine","status":"publish","type":"page","link":"https:\/\/zooschule-landau.de\/zooschule\/gutscheine\/","title":{"rendered":"Gutscheine"},"content":{"rendered":"<h2>NEU im Programm!\u00a0 <span style=\"color: #800000;\">Gutscheine ab 7 Euro!<\/span><\/h2>\n<h2>Die Zooschule bietet Erlebnisgutscheine f\u00fcr Kinder und Erwachsene an<\/h2>\n<p>Wer ein besonderes Geschenk f\u00fcr gro\u00dfe und kleine Tierfans sucht, wird in diesem Jahr im Zoo f\u00fcndig: Erstmals bietet die Zooschule Geschenkgutscheine f\u00fcr die beliebtesten Veranstaltungsformen an. Ob Abenteuer-Nachtlager, Kindergeburtstag oder Familienf\u00fchrung, ob Zooschulunterricht, Erlebnisf\u00fchrung f\u00fcr Erwachsene oder auch Ferienangebote f\u00fcr Kinder \u2013 f\u00fcr Gro\u00df und Klein werden verschiedene Gutscheine angeboten. Diese k\u00f6nnen allein oder auch zusammen mit Stofftieren, Tierb\u00fcchern oder Zoowein im Zooshop erworben und zu attraktiven Geschenkpaketen arrangiert werden. Auf der Webseite der Zooschule finden sich attraktive Kombinationsm\u00f6glichkeiten und Preise. Gutscheine der Zooschule machen nicht nur Freude. Sie tragen auch zur Erhaltung der mehrfach ausgezeichneten Bildungseinrichtung bei.<\/p>\n<p><a class=\" link\" href=\"https:\/\/zooschule-landau.de\/zooschule\/preise\/\">HIER FINDEN SIE DIE PREISE UNSERER VERANSTALTUNGSFORMATE<\/a><\/p>\n<blockquote>\n<h2>Onlinebestellung von Geschenkgutscheinen<\/h2>\n<p>Der schnellste Weg zu Ihren Gutscheinen ist die Onlinebestellung. Geben Sie Ihre Daten in das folgende Kontaktformular ein und \u00fcberweisen Sie den Gesamtbetrag Ihrer Bestellung auf das Konto der Zooschule Landau.<\/p>\n<p>Zooschule Landau e.V.<\/p>\n<p>IBAN: DE145486250000027349822019<\/p>\n<p>BIC: GENODE61SUW<\/p>\n<p>Betreff: [Ihr Name und das Stichwort] Gutschein<\/p>\n<p>Eine Rechnung erhalten Sie per E-Mail. Der Gutschein wird Ihnen auf dem Postweg zugesandt. Geschenkpakete werden individuell im Zooshop zusammengestellt und sind daher nicht online bestellbar.<\/p><\/blockquote>\n<p>[caldera_form id=&#8220;CF5a9022a851140&#8243;]<\/p>\n","protected":false},"excerpt":{"rendered":"<p>NEU im Programm!\u00a0 Gutscheine ab 7 Euro! Die Zooschule bietet Erlebnisgutscheine f\u00fcr Kinder und Erwachsene an Wer ein besonderes Geschenk f\u00fcr gro\u00dfe und kleine Tierfans sucht, wird in diesem Jahr im Zoo f\u00fcndig: Erstmals bietet die Zooschule Geschenkgutscheine f\u00fcr die beliebtesten Veranstaltungsformen an. Ob Abenteuer-Nachtlager, Kindergeburtstag oder Familienf\u00fchrung, ob Zooschulunterricht, Erlebnisf\u00fchrung f\u00fcr Erwachsene oder auch<\/p>\n","protected":false},"author":1,"featured_media":0,"parent":0,"menu_order":0,"comment_status":"closed","ping_status":"closed","template":"gutscheine.php","meta":{"footnotes":""},"class_list":["post-496","page","type-page","status-publish","hentry"],"_links":{"self":[{"href":"https:\/\/zooschule-landau.de\/zooschule\/wp-json\/wp\/v2\/pages\/496","targetHints":{"allow":["GET"]}}],"collection":[{"href":"https:\/\/zooschule-landau.de\/zooschule\/wp-json\/wp\/v2\/pages"}],"about":[{"href":"https:\/\/zooschule-landau.de\/zooschule\/wp-json\/wp\/v2\/types\/page"}],"author":[{"embeddable":true,"href":"https:\/\/zooschule-landau.de\/zooschule\/wp-json\/wp\/v2\/users\/1"}],"replies":[{"embeddable":true,"href":"https:\/\/zooschule-landau.de\/zooschule\/wp-json\/wp\/v2\/comments?post=496"}],"version-history":[{"count":5,"href":"https:\/\/zooschule-landau.de\/zooschule\/wp-json\/wp\/v2\/pages\/496\/revisions"}],"predecessor-version":[{"id":1593,"href":"https:\/\/zooschule-landau.de\/zooschule\/wp-json\/wp\/v2\/pages\/496\/revisions\/1593"}],"wp:attachment":[{"href":"https:\/\/zooschule-landau.de\/zooschule\/wp-json\/wp\/v2\/media?parent=496"}],"curies":[{"name":"wp","href":"https:\/\/api.w.org\/{rel}","templated":true}]}}