{"id":4163,"date":"2025-03-23T21:16:01","date_gmt":"2025-03-23T20:16:01","guid":{"rendered":"https:\/\/zooschule-landau.de\/zooschule\/?page_id=4163"},"modified":"2026-02-22T07:34:06","modified_gmt":"2026-02-22T06:34:06","slug":"menschen-mit-unterstuetzungsbedarf","status":"publish","type":"page","link":"https:\/\/zooschule-landau.de\/zooschule\/menschen-mit-unterstuetzungsbedarf\/","title":{"rendered":"Menschen mit Unterst\u00fctzungsbedarf"},"content":{"rendered":"\n<h2 class=\"wp-block-heading\">Angebote f\u00fcr bed\u00fcrftige Kinder<\/h2>\n\n\n<div class=\"wp-block-image is-style-default\">\n<figure class=\"alignleft size-medium\"><img loading=\"lazy\" decoding=\"async\" width=\"300\" height=\"225\" src=\"https:\/\/zooschule-landau.de\/zooschule\/wp-content\/uploads\/2026\/02\/P1320733-300x225.jpg\" alt=\"\" class=\"wp-image-4395\" srcset=\"https:\/\/zooschule-landau.de\/zooschule\/wp-content\/uploads\/2026\/02\/P1320733-300x225.jpg 300w, https:\/\/zooschule-landau.de\/zooschule\/wp-content\/uploads\/2026\/02\/P1320733-1400x1051.jpg 1400w, https:\/\/zooschule-landau.de\/zooschule\/wp-content\/uploads\/2026\/02\/P1320733-768x577.jpg 768w, https:\/\/zooschule-landau.de\/zooschule\/wp-content\/uploads\/2026\/02\/P1320733-1536x1153.jpg 1536w, https:\/\/zooschule-landau.de\/zooschule\/wp-content\/uploads\/2026\/02\/P1320733-2048x1538.jpg 2048w\" sizes=\"auto, (max-width: 300px) 100vw, 300px\" \/><\/figure><\/div>\n\n\n<p>Eine gro\u00dfz\u00fcgige Spende macht es m\u00f6glich: Kinder aus einkommenschwachen Familien, aber auch Kinder mit Beeintr\u00e4chtigungen k\u00f6nnen 2026 kostenfrei Bildungsangebote der Zooschule Landau nutzen. Dazu z\u00e4hlen u.a. Zooschulunterricht, Erlebnisf\u00fchrungen, Ferienprogramme und Kindergeburtstage. Bereits in den Osterferien k\u00f6nnen Grundschulkinder am ganzt\u00e4gigen Ferienprogramm (mit warmem Mittagessen) der Zooschule teilnehmen. Auch der Zooeintritt ist kostenfrei. (Die freien Pl\u00e4tze sind jedoch limitiert, bitte bald anmelden!) Wer bed\u00fcrftigen Familien diese Angebote vermitteln m\u00f6chte, kann sich gerne bei der Zooschulleitung (<a href=\"mailto:hollstein@zooschul-landau.de\">hollstein@zooschul-landau.de<\/a>) melden. Das Team der Zooschule wird versuchen, m\u00f6glichst viele Kinder und Gruppen in das vielf\u00e4ltige Programm aufzunehmen.<\/p>\n\n\n\n<div style=\"height:20px\" aria-hidden=\"true\" class=\"wp-block-spacer\"><\/div>\n\n\n\n<hr class=\"wp-block-separator aligncenter has-alpha-channel-opacity\"\/>\n\n\n\n<h2 class=\"wp-block-heading\">Menschen mit kognitiven Beeintr\u00e4chtigung<\/h2>\n\n\n\n<div class=\"wp-block-group\"><div class=\"wp-block-group__inner-container is-layout-constrained wp-block-group-is-layout-constrained\"><\/div><\/div>\n\n\n\n<p>Das Team der Zooschule bietet spezielle Erlebnisf\u00fchrungen f\u00fcr Menschen mit kognitiven Beeintr\u00e4chtigungen an.&nbsp;Mit diesen besonderen Veranstaltungen wird den Teilnehmern und Teilnehmerinnen eine kleine Auszeit vom Alltag erm\u00f6glicht. Durch die Begegnung mit den Zootieren k\u00f6nnen positive Erinnerungen geweckt und das Wohlbefinden zugleich gef\u00f6rdert werden. Die Veranstaltungen beginnen mit einer kleinen \u201eKaffeerunde\u201c zum pers\u00f6nlichen Kennenlernen. Anschlie\u00dfend wird ein kleines lebendes Tier vorgestellt, das auch ber\u00fchrt werden darf. Auf einem kleinen Rundgang durch das Zoogel\u00e4nde werden ausgew\u00e4hlte Tiere beobachtet. Das geschulte Personal der Zooschule pr\u00e4sentiert dabei Felle, Sch\u00e4del, Federn und viele andere interessante Pr\u00e4parate. Die Veranstaltung ist aufgrund einer gro\u00dfz\u00fcgigen Spende kostenfrei, dies betrifft auch den Zooeintritt. Eine Anmeldung f\u00fcr die Veranstaltung ist in der Zooverwaltung montags bis freitags von 9 bis 12 Uhr m\u00f6glich: 06341 \u2013 137011. Weitere Informationen finden Sie in unserem Flyer \u201eTieren begegnen \u2013 Erinnerungen wachrufen\u201c.&nbsp;<\/p>\n\n\n\n<div class=\"wp-block-file\"><a id=\"wp-block-file--media-e2dbd88c-2ed6-4443-b5c3-518cd52e0fb7\" href=\"https:\/\/zooschule-landau.de\/zooschule\/wp-content\/uploads\/2025\/03\/C_256200_F51_ZooSchule_TierenBegegnen_Ti-Rue.pdf\">Flyer: Tieren begegnen \u2013 Erinnerungen wachrufen<\/a><a href=\"https:\/\/zooschule-landau.de\/zooschule\/wp-content\/uploads\/2025\/03\/C_256200_F51_ZooSchule_TierenBegegnen_Ti-Rue.pdf\" class=\"wp-block-file__button wp-element-button\" download aria-describedby=\"wp-block-file--media-e2dbd88c-2ed6-4443-b5c3-518cd52e0fb7\">Herunterladen<\/a><\/div>\n\n\n\n<figure class=\"wp-block-gallery has-nested-images columns-2 is-cropped wp-block-gallery-1 is-layout-flex wp-block-gallery-is-layout-flex\">\n<figure class=\"wp-block-image size-large is-style-default\"><img loading=\"lazy\" decoding=\"async\" width=\"1400\" height=\"788\" data-id=\"4166\" src=\"https:\/\/zooschule-landau.de\/zooschule\/wp-content\/uploads\/2025\/03\/PXL_20241218_094726381.MP-1-1400x788.jpg\" alt=\"\" class=\"wp-image-4166\" srcset=\"https:\/\/zooschule-landau.de\/zooschule\/wp-content\/uploads\/2025\/03\/PXL_20241218_094726381.MP-1-1400x788.jpg 1400w, https:\/\/zooschule-landau.de\/zooschule\/wp-content\/uploads\/2025\/03\/PXL_20241218_094726381.MP-1-300x169.jpg 300w, https:\/\/zooschule-landau.de\/zooschule\/wp-content\/uploads\/2025\/03\/PXL_20241218_094726381.MP-1-768x432.jpg 768w, https:\/\/zooschule-landau.de\/zooschule\/wp-content\/uploads\/2025\/03\/PXL_20241218_094726381.MP-1-1536x864.jpg 1536w, https:\/\/zooschule-landau.de\/zooschule\/wp-content\/uploads\/2025\/03\/PXL_20241218_094726381.MP-1-2048x1152.jpg 2048w\" sizes=\"auto, (max-width: 1400px) 100vw, 1400px\" \/><\/figure>\n\n\n\n<figure class=\"wp-block-image size-large is-style-default\"><img loading=\"lazy\" decoding=\"async\" width=\"1400\" height=\"911\" data-id=\"4165\" src=\"https:\/\/zooschule-landau.de\/zooschule\/wp-content\/uploads\/2025\/03\/PXL_20241218_100534601.MP2_-1400x911.jpg\" alt=\"\" class=\"wp-image-4165\" srcset=\"https:\/\/zooschule-landau.de\/zooschule\/wp-content\/uploads\/2025\/03\/PXL_20241218_100534601.MP2_-1400x911.jpg 1400w, https:\/\/zooschule-landau.de\/zooschule\/wp-content\/uploads\/2025\/03\/PXL_20241218_100534601.MP2_-300x195.jpg 300w, https:\/\/zooschule-landau.de\/zooschule\/wp-content\/uploads\/2025\/03\/PXL_20241218_100534601.MP2_-768x500.jpg 768w, https:\/\/zooschule-landau.de\/zooschule\/wp-content\/uploads\/2025\/03\/PXL_20241218_100534601.MP2_-1536x999.jpg 1536w, https:\/\/zooschule-landau.de\/zooschule\/wp-content\/uploads\/2025\/03\/PXL_20241218_100534601.MP2_-2048x1332.jpg 2048w\" sizes=\"auto, (max-width: 1400px) 100vw, 1400px\" \/><\/figure>\n<\/figure>\n\n\n\n<hr class=\"wp-block-separator has-alpha-channel-opacity\"\/>\n\n\n\n<h2 class=\"wp-block-heading\">Mit allen Sinnen und mehr! \u2013 Erlebnisf\u00fchrung f\u00fcr blinde und sehbehinderte Menschen<\/h2>\n\n\n\n<p>Tiere f\u00fchlen, riechen, h\u00f6ren \u2013 mit den Zoop\u00e4dagoginnen und -p\u00e4dagogen k\u00f6nnen blinde und sehbehinderte Menschen den Zoo auf ganz besondere Weise erleben. Die Erlebnisf\u00fchrung orientiert sich bestm\u00f6glich an den Bed\u00fcrfnissen der Teilnehmenden. Statt sich auf visuelle Eindr\u00fccke zu beschr\u00e4nken, steht das sinnliche Erleben im Mittelpunkt: Tierstimmen h\u00f6ren, Felle, K\u00f6rperformen und Federn ertasten, duftende Futterpflanzen riechen \u2013 so wird der Zoo auf neue Weise erfahrbar. Die zentrale Rolle spielt jedoch die Stimme des Zoop\u00e4dagogen bzw. der Zoop\u00e4dagogin: Er bzw. sie versucht, die einzigartige Atmosph\u00e4re \u201eeinzufangen\u201c, die Gestaltung der Gehege und das Verhalten der Tiere und anschaulich zu beschreiben und mit kleinen Anekdoten aus dem Zooleben und dem Leben der Tiere der Veranstaltung einen besonderen Erlebnischarakter zu verleihen. Die Erlebnisf\u00fchrung kann ab sofort auch f\u00fcr Schulklassen, Gruppen, Vereine oder Einzelpersonen gebucht werden.<\/p>\n\n\n\n<figure class=\"wp-block-gallery has-nested-images columns-2 is-cropped wp-block-gallery-2 is-layout-flex wp-block-gallery-is-layout-flex\">\n<figure class=\"wp-block-image size-full is-style-default\"><img loading=\"lazy\" decoding=\"async\" width=\"2560\" height=\"1707\" data-id=\"4201\" src=\"https:\/\/zooschule-landau.de\/zooschule\/wp-content\/uploads\/2025\/06\/1a-scaled.jpg\" alt=\"\" class=\"wp-image-4201\"\/><\/figure>\n\n\n\n<figure class=\"wp-block-image size-large is-style-default\"><img loading=\"lazy\" decoding=\"async\" width=\"1400\" height=\"933\" data-id=\"4205\" src=\"https:\/\/zooschule-landau.de\/zooschule\/wp-content\/uploads\/2025\/06\/4-1400x933.jpg\" alt=\"\" class=\"wp-image-4205\" srcset=\"https:\/\/zooschule-landau.de\/zooschule\/wp-content\/uploads\/2025\/06\/4-1400x933.jpg 1400w, https:\/\/zooschule-landau.de\/zooschule\/wp-content\/uploads\/2025\/06\/4-300x200.jpg 300w, https:\/\/zooschule-landau.de\/zooschule\/wp-content\/uploads\/2025\/06\/4-768x512.jpg 768w, https:\/\/zooschule-landau.de\/zooschule\/wp-content\/uploads\/2025\/06\/4-1536x1024.jpg 1536w, https:\/\/zooschule-landau.de\/zooschule\/wp-content\/uploads\/2025\/06\/4-2048x1365.jpg 2048w\" sizes=\"auto, (max-width: 1400px) 100vw, 1400px\" \/><\/figure>\n<\/figure>\n","protected":false},"excerpt":{"rendered":"<p>Angebote f\u00fcr bed\u00fcrftige Kinder Eine gro\u00dfz\u00fcgige Spende macht es m\u00f6glich: Kinder aus einkommenschwachen Familien, aber auch Kinder mit Beeintr\u00e4chtigungen k\u00f6nnen 2026 kostenfrei Bildungsangebote der Zooschule Landau nutzen. Dazu z\u00e4hlen u.a. Zooschulunterricht, Erlebnisf\u00fchrungen, Ferienprogramme und Kindergeburtstage. Bereits in den Osterferien k\u00f6nnen Grundschulkinder am ganzt\u00e4gigen Ferienprogramm (mit warmem Mittagessen) der Zooschule teilnehmen. Auch der Zooeintritt ist kostenfrei.<\/p>\n","protected":false},"author":1,"featured_media":0,"parent":0,"menu_order":0,"comment_status":"closed","ping_status":"closed","template":"page-fullwidth.php","meta":{"footnotes":""},"class_list":["post-4163","page","type-page","status-publish","hentry"],"_links":{"self":[{"href":"https:\/\/zooschule-landau.de\/zooschule\/wp-json\/wp\/v2\/pages\/4163","targetHints":{"allow":["GET"]}}],"collection":[{"href":"https:\/\/zooschule-landau.de\/zooschule\/wp-json\/wp\/v2\/pages"}],"about":[{"href":"https:\/\/zooschule-landau.de\/zooschule\/wp-json\/wp\/v2\/types\/page"}],"author":[{"embeddable":true,"href":"https:\/\/zooschule-landau.de\/zooschule\/wp-json\/wp\/v2\/users\/1"}],"replies":[{"embeddable":true,"href":"https:\/\/zooschule-landau.de\/zooschule\/wp-json\/wp\/v2\/comments?post=4163"}],"version-history":[{"count":14,"href":"https:\/\/zooschule-landau.de\/zooschule\/wp-json\/wp\/v2\/pages\/4163\/revisions"}],"predecessor-version":[{"id":4404,"href":"https:\/\/zooschule-landau.de\/zooschule\/wp-json\/wp\/v2\/pages\/4163\/revisions\/4404"}],"wp:attachment":[{"href":"https:\/\/zooschule-landau.de\/zooschule\/wp-json\/wp\/v2\/media?parent=4163"}],"curies":[{"name":"wp","href":"https:\/\/api.w.org\/{rel}","templated":true}]}}