{"id":4028,"date":"2024-08-27T20:39:39","date_gmt":"2024-08-27T18:39:39","guid":{"rendered":"https:\/\/zooschule-landau.de\/zooschule\/?page_id=4028"},"modified":"2024-08-27T20:39:40","modified_gmt":"2024-08-27T18:39:40","slug":"bne-aktionstage-2024","status":"publish","type":"page","link":"https:\/\/zooschule-landau.de\/zooschule\/bne-aktionstage-2024\/","title":{"rendered":"<strong>BNE-Aktionstage 2024<\/strong>"},"content":{"rendered":"\n<h2 class=\"wp-block-heading\"><strong>BNE-Aktionstage 2024<\/strong><\/h2>\n\n\n\n<p>\u201eSind alle Tiere gleich viel wert?\u201c \u201eWem geh\u00f6rt die Natur?\u201c \u201eWas ist Gerechtigkeit?\u201c \u00a0K\u00f6nnen (Grundschul-)Kinder solche Fragen beantworten? Dar\u00fcber nachdenken k\u00f6nnen sie in jedem Fall, mit \u00fcberraschend tiefsinnigen Ansichten. Kinder philosophieren \u2013 und zwar gewinnbringend und gerne. Der Workshop richtet sich an alle, die sich f\u00fcr das Konzept \u201ePhilosophieren mit Kindern\u201c interessieren, u.a.\u00a0 an (angehende) Lehrkr\u00e4fte und Erzieher\/ Erzieherinnen. Dazu philosophieren die Teilnehmerinnen und Teilnehmer unter Anleitung selbst zu einer konkreten Fragestellung (z.B. \u201eSind alle Tiere gleich viel wert?). Weitere geeignete Fragestellungen aus dem Themenkomplex \u201eNachhaltigkeit\u201c und einige Methoden f\u00fcr die Arbeit mit Kindern werden vorgestellt. In der anschlie\u00dfenden Reflexion wird \u00fcber die Sinnhaftigkeit des Philosophierens mit jungen Menschen nachgedacht. Dabei soll deutlich werden: Der Weg zu verantwortungsbewusstem Handeln f\u00fcr eine gute Zukunft unserer Erde f\u00fchrt nur \u00fcber eigenst\u00e4ndiges Denken.\u00a0\u00a0\u00a0\u00a0\u00a0\u00a0\u00a0 \u00a0\u00a0\u00a0\u00a0<\/p>\n\n\n\n<figure class=\"wp-block-table\"><table><tbody><tr><td>Titel<\/td><td><strong>Workshop \u201eSind alle Tiere gleich viel wert?\u201c Philosophieren \u00fcber Nachhaltigkeit mit Kindern<\/strong> \u00a0<\/td><\/tr><tr><td>Datum<\/td><td>Sa, 12.10.2024 10:00 \u2013 13:00 Uhr \u00a0<\/td><\/tr><tr><td>Zielgruppe &nbsp;<\/td><td>Erwachsene (u.a. Lehrkr\u00e4fte, Lehramtsstudierende, (angehende) &nbsp;Erzieher\/ Erzieherinnen)<\/td><\/tr><tr><td>Teilnehmerzahl &nbsp;<\/td><td>14<\/td><\/tr><tr><td>Kosten &nbsp;<\/td><td>25 Euro<\/td><\/tr><tr><td>SDGs &nbsp;<\/td><td>4, 14, 15<\/td><\/tr><tr><td>Themenbereiche &nbsp;<\/td><td>Biodiversit\u00e4t \u2013 Nachhaltigkeit<\/td><\/tr><tr><td>Ort<\/td><td>Zooschule Landau &nbsp;<\/td><\/tr><tr><td>Anmeldung &nbsp;<\/td><td>Zooverwaltung: Frau Rieder (9-12 Uhr montags- freitags) Tel.: 06341 &#8211; 137011 &nbsp;<\/td><\/tr><\/tbody><\/table><\/figure>\n\n\n\n<div style=\"height:43px\" aria-hidden=\"true\" class=\"wp-block-spacer\"><\/div>\n\n\n\n<p><strong>Bildungsziele:<\/strong><\/p>\n\n\n\n<p>Die Teilnehmerinnen und Teilnehmer \u2026<\/p>\n\n\n\n<ul class=\"wp-block-list\">\n<li>wissen, was \u201ePhilosophieren\u201c bedeutet.<\/li>\n\n\n\n<li>kennen einige Methoden und Themen mit Bezug zur Nachhaltigkeit, die sich f\u00fcr das Philosophieren mit Kindern eignen.&nbsp;&nbsp;<\/li>\n\n\n\n<li>begr\u00fcnden, warum das Philosophieren Kindern in ihrer Pers\u00f6nlichkeitsentwicklung st\u00e4rkt.<\/li>\n<\/ul>\n\n\n\n<p>denken dar\u00fcber nach, warum das Philosophieren im Rahmen von BNE eine bedeutsame Rolle spielt (\u00a0\u2192 Werteerziehung).<\/p>\n\n\n\n<p><\/p>\n\n\n\n<div class=\"wp-block-file\"><a id=\"wp-block-file--media-8329cd66-332d-4be4-ad0e-b7157f37cf79\" href=\"https:\/\/zooschule-landau.de\/zooschule\/wp-content\/uploads\/2024\/08\/2024_08_10_Flyer_Zukunft_End_web.pdf\">Flyer BNE-Aktionstage<\/a><a href=\"https:\/\/zooschule-landau.de\/zooschule\/wp-content\/uploads\/2024\/08\/2024_08_10_Flyer_Zukunft_End_web.pdf\" class=\"wp-block-file__button wp-element-button\" download aria-describedby=\"wp-block-file--media-8329cd66-332d-4be4-ad0e-b7157f37cf79\">Herunterladen<\/a><\/div>\n","protected":false},"excerpt":{"rendered":"<p>BNE-Aktionstage 2024 \u201eSind alle Tiere gleich viel wert?\u201c \u201eWem geh\u00f6rt die Natur?\u201c \u201eWas ist Gerechtigkeit?\u201c \u00a0K\u00f6nnen (Grundschul-)Kinder solche Fragen beantworten? Dar\u00fcber nachdenken k\u00f6nnen sie in jedem Fall, mit \u00fcberraschend tiefsinnigen Ansichten. Kinder philosophieren \u2013 und zwar gewinnbringend und gerne. Der Workshop richtet sich an alle, die sich f\u00fcr das Konzept \u201ePhilosophieren mit Kindern\u201c interessieren, u.a.\u00a0<\/p>\n","protected":false},"author":1,"featured_media":0,"parent":0,"menu_order":0,"comment_status":"closed","ping_status":"closed","template":"page-fullwidth.php","meta":{"footnotes":""},"class_list":["post-4028","page","type-page","status-publish","hentry"],"_links":{"self":[{"href":"https:\/\/zooschule-landau.de\/zooschule\/wp-json\/wp\/v2\/pages\/4028","targetHints":{"allow":["GET"]}}],"collection":[{"href":"https:\/\/zooschule-landau.de\/zooschule\/wp-json\/wp\/v2\/pages"}],"about":[{"href":"https:\/\/zooschule-landau.de\/zooschule\/wp-json\/wp\/v2\/types\/page"}],"author":[{"embeddable":true,"href":"https:\/\/zooschule-landau.de\/zooschule\/wp-json\/wp\/v2\/users\/1"}],"replies":[{"embeddable":true,"href":"https:\/\/zooschule-landau.de\/zooschule\/wp-json\/wp\/v2\/comments?post=4028"}],"version-history":[{"count":4,"href":"https:\/\/zooschule-landau.de\/zooschule\/wp-json\/wp\/v2\/pages\/4028\/revisions"}],"predecessor-version":[{"id":4033,"href":"https:\/\/zooschule-landau.de\/zooschule\/wp-json\/wp\/v2\/pages\/4028\/revisions\/4033"}],"wp:attachment":[{"href":"https:\/\/zooschule-landau.de\/zooschule\/wp-json\/wp\/v2\/media?parent=4028"}],"curies":[{"name":"wp","href":"https:\/\/api.w.org\/{rel}","templated":true}]}}