{"id":374,"date":"2018-02-23T10:58:49","date_gmt":"2018-02-23T09:58:49","guid":{"rendered":"http:\/\/zooschule.synology.me\/zooschule\/?page_id=374"},"modified":"2023-02-07T17:56:30","modified_gmt":"2023-02-07T16:56:30","slug":"services","status":"publish","type":"page","link":"https:\/\/zooschule-landau.de\/zooschule\/services\/","title":{"rendered":"Services"},"content":{"rendered":"<h2>Jahresprogramm der Zooschule<\/h2>\n<div id=\"content-side\" class=\"side\">\n<div id=\"content-side2\" class=\"side2\">\n<div class=\"container-content\">\n<div id=\"content-content\">\n<div id=\"content-content-inner\" class=\"container-content-inner\">\n<div id=\"widget-517c74f9-1c63-64eb-c8d7-f55a371a72d3\" class=\"widget widget-pagecontent \">\n<div class=\"widget-content\">\n<div id=\"widget-1b7199de-e5ac-b02e-5d33-9ae7885f9254\" class=\"widget widget-text \">\n<div class=\"widget-content\">\n<p><img loading=\"lazy\" decoding=\"async\" class=\"alignleft wp-image-1403\" src=\"https:\/\/zooschule-landau.de\/zooschule\/wp-content\/uploads\/2018\/03\/Programm.jpg\" alt=\"\" width=\"300\" height=\"225\" \/>Jedes Jahr f\u00fchrt die Zooschule erg\u00e4nzend zum <a href=\"http:\/\/zooschule-landau.de\/zooschule\/services\/fuer-schulen-kitas\/\" rel=\"noopener\">Zooschulunterricht<\/a> eine breite Palette an Sonderveranstaltungen durch. Dazu geh\u00f6ren <strong>Workshops<\/strong> in den Schulferien, <strong>\u00dcbernachtungscamps, Abendf\u00fchrungen f\u00fcr Kinder, Zoosafaris, Bilderbuchkinos<\/strong> sowie spezielle <strong>Veranstaltungen f\u00fcr Senioren und behinderte Menschen<\/strong>.<\/p>\n<p>J\u00e4hrlich finden in der Zooschule Veranstaltungen zur Fort- und Weiterbildung von Lehrerinnen\/Lehrern und Erzieherinnen\/Erziehern statt. Diese werden auch in Kooperation mit dem IFB, dem Lehrerfortbildungsinstitut von Rheinland-Pfalz, durchgef\u00fchrt.<\/p>\n<p>Eine \u00dcbersicht der verschiedenen Veranstaltungsformate mit dazugeh\u00f6rigen Terminen k\u00f6nnen Sie dem <a class=\" link\" href=\"http:\/\/zooschule-landau.de\/zooschule\/aktuelles\/termine\/\" target=\"_blank\" rel=\"noopener\">Jahresprogramm der Zooschule entnehmen<\/a>.<\/p>\n<p><a class=\" link\" href=\"http:\/\/zooschule-landau.de\/zooschule\/services\/geburtstage\/\">Informationen zu (Kinder-)Geburtstagen finden sie hier.<\/a><\/p>\n<\/div>\n<\/div>\n<\/div>\n<\/div>\n<\/div>\n<\/div>\n<\/div>\n<\/div>\n<\/div>\n","protected":false},"excerpt":{"rendered":"<p>Jahresprogramm der Zooschule Jedes Jahr f\u00fchrt die Zooschule erg\u00e4nzend zum Zooschulunterricht eine breite Palette an Sonderveranstaltungen durch. Dazu geh\u00f6ren Workshops in den Schulferien, \u00dcbernachtungscamps, Abendf\u00fchrungen f\u00fcr Kinder, Zoosafaris, Bilderbuchkinos sowie spezielle Veranstaltungen f\u00fcr Senioren und behinderte Menschen. J\u00e4hrlich finden in der Zooschule Veranstaltungen zur Fort- und Weiterbildung von Lehrerinnen\/Lehrern und Erzieherinnen\/Erziehern statt. Diese werden auch<\/p>\n","protected":false},"author":1,"featured_media":0,"parent":0,"menu_order":0,"comment_status":"closed","ping_status":"closed","template":"page-fullwidth.php","meta":{"footnotes":""},"class_list":["post-374","page","type-page","status-publish","hentry"],"_links":{"self":[{"href":"https:\/\/zooschule-landau.de\/zooschule\/wp-json\/wp\/v2\/pages\/374","targetHints":{"allow":["GET"]}}],"collection":[{"href":"https:\/\/zooschule-landau.de\/zooschule\/wp-json\/wp\/v2\/pages"}],"about":[{"href":"https:\/\/zooschule-landau.de\/zooschule\/wp-json\/wp\/v2\/types\/page"}],"author":[{"embeddable":true,"href":"https:\/\/zooschule-landau.de\/zooschule\/wp-json\/wp\/v2\/users\/1"}],"replies":[{"embeddable":true,"href":"https:\/\/zooschule-landau.de\/zooschule\/wp-json\/wp\/v2\/comments?post=374"}],"version-history":[{"count":11,"href":"https:\/\/zooschule-landau.de\/zooschule\/wp-json\/wp\/v2\/pages\/374\/revisions"}],"predecessor-version":[{"id":3723,"href":"https:\/\/zooschule-landau.de\/zooschule\/wp-json\/wp\/v2\/pages\/374\/revisions\/3723"}],"wp:attachment":[{"href":"https:\/\/zooschule-landau.de\/zooschule\/wp-json\/wp\/v2\/media?parent=374"}],"curies":[{"name":"wp","href":"https:\/\/api.w.org\/{rel}","templated":true}]}}