{"id":368,"date":"2018-02-23T10:50:35","date_gmt":"2018-02-23T09:50:35","guid":{"rendered":"http:\/\/zooschule.synology.me\/zooschule\/?page_id=368"},"modified":"2024-04-19T16:49:47","modified_gmt":"2024-04-19T14:49:47","slug":"sprechstunde","status":"publish","type":"page","link":"https:\/\/zooschule-landau.de\/zooschule\/services\/sprechstunde\/","title":{"rendered":"Sprechstunde"},"content":{"rendered":"\n<h3 class=\"wp-block-heading\"><strong>Sprechstunde<\/strong><\/h3>\n\n\n\n<p>F\u00fcr die Beratung von\nLehrkr\u00e4ften, Erziehern und Erzieherinnen, Eltern und anderen Personen, die am\nProgramm der Zooschule interessiert sind, bieten wir eine telefonische\nSprechstunde an:<\/p>\n\n\n\n<p>Montags: 15:30 Uhr bis 17:00 Uhr. Tel.: 06341 \/ 137005. <\/p>\n\n\n\n<p>Es beraten Sie unsere hauptamtliche Zoop\u00e4dagogin (Jeannine Sch\u00fctzend\u00fcbe).<\/p>\n\n\n\n<p>Gerne k\u00f6nnen Sie uns fragen,\nzu\/ zum\/ zur<\/p>\n\n\n\n<ul class=\"wp-block-list\">\n<li>Ablauf des Zooschulunterrichts und anderer\n     Programm (z.B. Kindergeburtstage);<\/li>\n\n\n\n<li>pers\u00f6nlichen W\u00fcnschen zur Programmgestaltung\n     &nbsp;<\/li>\n\n\n\n<li>Vor- und Nachbereitung des Zooschulunterrichts;<\/li>\n\n\n\n<li>Materialien, die wir f\u00fcr die Vor- und\n     Nachbereitung zur Verf\u00fcgung stellen;<\/li>\n\n\n\n<li>den entstehenden Kosten;<\/li>\n\n\n\n<li>zeitlichen Aspekten und zum Aufenthalt im Zoo;<\/li>\n\n\n\n<li>Anreise mit \u00f6ffentlichen Verkehrsmitteln<\/li>\n<\/ul>\n\n\n\n<p>und uns Ihre W\u00fcnsche\nmitteilen.<\/p>\n\n\n\n<p>Sie k\u00f6nnen uns gerne auch\nschreiben, wir melden uns nach Wunsch telefonisch oder per Email zur\u00fcck: <a href=\"mailto:info@zooschule-landau.de\">info@zooschule-landau.de<\/a>\n&nbsp;&nbsp;<\/p>\n","protected":false},"excerpt":{"rendered":"<p>Sprechstunde F\u00fcr die Beratung von Lehrkr\u00e4ften, Erziehern und Erzieherinnen, Eltern und anderen Personen, die am Programm der Zooschule interessiert sind, bieten wir eine telefonische Sprechstunde an: Montags: 15:30 Uhr bis 17:00 Uhr. Tel.: 06341 \/ 137005. Es beraten Sie unsere hauptamtliche Zoop\u00e4dagogin (Jeannine Sch\u00fctzend\u00fcbe). Gerne k\u00f6nnen Sie uns fragen, zu\/ zum\/ zur und uns Ihre<\/p>\n","protected":false},"author":1,"featured_media":0,"parent":374,"menu_order":0,"comment_status":"closed","ping_status":"closed","template":"js\/page-fullwidth.php","meta":{"footnotes":""},"class_list":["post-368","page","type-page","status-publish","hentry"],"_links":{"self":[{"href":"https:\/\/zooschule-landau.de\/zooschule\/wp-json\/wp\/v2\/pages\/368","targetHints":{"allow":["GET"]}}],"collection":[{"href":"https:\/\/zooschule-landau.de\/zooschule\/wp-json\/wp\/v2\/pages"}],"about":[{"href":"https:\/\/zooschule-landau.de\/zooschule\/wp-json\/wp\/v2\/types\/page"}],"author":[{"embeddable":true,"href":"https:\/\/zooschule-landau.de\/zooschule\/wp-json\/wp\/v2\/users\/1"}],"replies":[{"embeddable":true,"href":"https:\/\/zooschule-landau.de\/zooschule\/wp-json\/wp\/v2\/comments?post=368"}],"version-history":[{"count":9,"href":"https:\/\/zooschule-landau.de\/zooschule\/wp-json\/wp\/v2\/pages\/368\/revisions"}],"predecessor-version":[{"id":3980,"href":"https:\/\/zooschule-landau.de\/zooschule\/wp-json\/wp\/v2\/pages\/368\/revisions\/3980"}],"up":[{"embeddable":true,"href":"https:\/\/zooschule-landau.de\/zooschule\/wp-json\/wp\/v2\/pages\/374"}],"wp:attachment":[{"href":"https:\/\/zooschule-landau.de\/zooschule\/wp-json\/wp\/v2\/media?parent=368"}],"curies":[{"name":"wp","href":"https:\/\/api.w.org\/{rel}","templated":true}]}}