{"id":361,"date":"2018-02-23T10:47:57","date_gmt":"2018-02-23T09:47:57","guid":{"rendered":"http:\/\/zooschule.synology.me\/zooschule\/?page_id=361"},"modified":"2024-12-28T20:51:59","modified_gmt":"2024-12-28T19:51:59","slug":"preise","status":"publish","type":"page","link":"https:\/\/zooschule-landau.de\/zooschule\/preise\/","title":{"rendered":"Preise"},"content":{"rendered":"\n<blockquote><h2>Bitte beachten Sie die neuen Eintrittspreise f\u00fcr Zooschulbesucher*innen ab dem 1. Januar 2025<\/h2><\/blockquote>\n\n\n\n<hr class=\"wp-block-separator has-css-opacity\"\/>\n\n\n\n<p>Die Kosten f\u00fcr die Zooschule k\u00f6nnen vor Ort <strong>nur in Bar bezahlt<\/strong> werden. Zuz\u00fcglich sind die erm\u00e4\u00dfigten Zoo-Eintrittspreise an der Zookasse zu bezahlen (EC-Zahlung m\u00f6glich).<\/p>\n\n\n\n<hr class=\"wp-block-separator has-css-opacity\"\/>\n\n\n\n<p>F\u00fcr Familien mit geringem Einkommen besteht die M\u00f6glichkeit, die Kosten f\u00fcr einen Schulausflug in den Zoo \u00fcber das Bildungs- und Teilhabepaket zu beantragen. Antr\u00e4ge und Informationen f\u00fcr<\/p>\n\n\n\n<div class=\"wp-block-columns has-2-columns is-layout-flex wp-container-core-columns-is-layout-9d6595d7 wp-block-columns-is-layout-flex\">\n<div class=\"wp-block-column is-layout-flow wp-block-column-is-layout-flow\">\n<div class=\"wp-block-button aligncenter\"><a class=\"wp-block-button__link wp-element-button\" href=\"https:\/\/www.landau.de\/Wirtschaft-Bildung\/Bildung\/Schulen\/Bildung-und-Teilhabe\/\">&nbsp;Landau<\/a><\/div>\n<\/div>\n\n\n\n<div class=\"wp-block-column is-layout-flow wp-block-column-is-layout-flow\">\n<div class=\"wp-block-button aligncenter\"><a class=\"wp-block-button__link wp-element-button\" href=\"https:\/\/www.suedliche-weinstrasse.de\/de\/buergerservice\/dienstleistungen\/Bildungs-und-Teilhabepaket.php\">Landkreis S\u00fcW<br><\/a><\/div>\n<\/div>\n<\/div>\n\n\n\n<hr class=\"wp-block-separator has-css-opacity\"\/>\n\n\n\n<h2 class=\"wp-block-heading\">Zoo- und Zooschulpreise<\/h2>\n\n\n\n<h3 id=\"faq-01_gutscheine\" class=\"arconix-faq-term-title arconix-faq-term-01_gutscheine\">Kostenfreie Gutscheine f\u00fcr Zooschulunterricht<\/h3><div id=\"faq-2443\" class=\"arconix-faq-wrap\"><div id=\"faq-LandauerSchulen038Kitas\" class=\"arconix-faq-title faq-closed\">Landauer Schulen &#038; Kitas<\/div><div class=\"arconix-faq-content faq-closed\">Der Entsorgungs- und Wirtschaftsbetrieb Landau (EWL) stellt f\u00fcr den Unterricht in der Zooschule zu den\u00a0Themenschwerpunkten &#8222;Abfallvermeidung, Umgang mit Abfall, Recycling und Upcycling&#8220; kostenfrei Gutscheine zur Verf\u00fcgung.\r\nLandauer Schulen und Kinderg\u00e4rten wenden sich f\u00fcr die Gutscheine an Frau Drothler: 06341 \/ 13-8611.<\/div><\/div><div id=\"faq-2445\" class=\"arconix-faq-wrap\"><div id=\"faq-Schulen038KitasausdemLandkreisSW\" class=\"arconix-faq-title faq-closed\">Schulen &#038; Kitas aus dem Landkreis S\u00dcW<\/div><div class=\"arconix-faq-content faq-closed\"><p>Der Eigenbetrieb WertstoffWirtschaft (EWW) stellt f\u00fcr den Unterricht in der Zooschule zu den Themenschwerpunkten &#8222;Abfallvermeidung, Umgang mit Abfall, Recycling und Upcycling&#8220; kostenfrei Gutscheine zur Verf\u00fcgung.<br \/>\nSchulen und Kinderg\u00e4rten aus dem Landkreis S\u00dcW erhalten die Gutscheine \u00fcber Frau Stolz: 06341 \/ 940 420.<br \/>\nDar\u00fcber hinaus werden die Fahrtkosten zur Zooschule durch die Sparkasse S\u00fcdliche Weinstra\u00dfe \u00fcbernommen. Weitere Informationen zu den Modalit\u00e4ten erhalten Sie von Frau Stolz.<\/p>\n<\/div><\/div>\n\n\n\n<h3 id=\"faq-02_zooschule\" class=\"arconix-faq-term-title arconix-faq-term-02_zooschule\">Verschiedenes<\/h3><div id=\"faq-2447\" class=\"arconix-faq-wrap\"><div id=\"faq-Geburtstage\" class=\"arconix-faq-title faq-closed\">Geburtstage<\/div><div class=\"arconix-faq-content faq-closed\"><table class=\"wp-block-table\">\n<tbody>\n<tr>\n<td><strong>Altersgruppe<\/strong><\/td>\n<td><strong>Preis<\/strong><\/td>\n<td><strong>Anzahl (inkl.)<br \/>\n<\/strong><\/td>\n<td><strong>weitere Personen<\/strong><\/td>\n<\/tr>\n<tr>\n<td>4 Jahre<\/td>\n<td>75\u20ac<\/td>\n<td>max. 5 Kinder<\/td>\n<td>5 Erwachsene frei; jede weitere Person 5\u20ac<\/td>\n<\/tr>\n<tr>\n<td>Vorschule (5-6 Jahre)<\/td>\n<td>85\u20ac<\/td>\n<td>bis 10 Kinder<\/td>\n<td>3 Begleitpersonen frei; jede weitere Person 5\u20ac<\/td>\n<\/tr>\n<tr>\n<td>Schulkinder<\/td>\n<td>95\u20ac<\/td>\n<td>bis 10 Kinder<\/td>\n<td>3 Begleitpersonen frei; jede weitere Person 5\u20ac<\/td>\n<\/tr>\n<tr>\n<td>Erwachsene<\/td>\n<td>150\u20ac<\/td>\n<td>bis 10 Personen<\/td>\n<td>jede weitere Person 10\u20ac<\/td>\n<\/tr>\n<\/tbody>\n<\/table>\n<\/div><\/div><div id=\"faq-2450\" class=\"arconix-faq-wrap\"><div id=\"faq-Gruppenfhrungen\" class=\"arconix-faq-title faq-closed\">Gruppenf\u00fchrungen<\/div><div class=\"arconix-faq-content faq-closed\"><table class=\"wp-block-table\">\n<tbody>\n<tr>\n<td><strong>Altersgruppe<\/strong><\/td>\n<td><strong>Preis<\/strong><\/td>\n<td><strong>Anzahl<\/strong><\/td>\n<td><strong>weitere Personen<\/strong><\/td>\n<\/tr>\n<tr>\n<td>Kinder (4-6 Jahre)<\/td>\n<td>85\u20ac<\/td>\n<td>bis 10 Kinder<\/td>\n<td>3 Begleitpersonen frei; jede weitere Person 5\u20ac<\/td>\n<\/tr>\n<tr>\n<td>Kinder (7-17 Jahre)<\/td>\n<td>95\u20ac<\/td>\n<td>bis 10 Kinder<\/td>\n<td>3 Begleitpersonen frei; jede weitere Person 5\u20ac<\/td>\n<\/tr>\n<tr>\n<td>Erwachsene<\/td>\n<td>140\u20ac<\/td>\n<td>bis 10 Personen<\/td>\n<td>jede weitere Person 10\u20ac<\/td>\n<\/tr>\n<tr>\n<td>Familien-Erlebnisf\u00fchrung (mit Kindern)<\/td>\n<td>120\u20ac<\/td>\n<td>bis 10 Personen<\/td>\n<td>jede weitere Person 10\u20ac<\/td>\n<\/tr>\n<\/tbody>\n<\/table>\n<\/div><\/div><div id=\"faq-2452\" class=\"arconix-faq-wrap\"><div id=\"faq-Kinderferienbetreuung\" class=\"arconix-faq-title faq-closed\">Kinderferienbetreuung<\/div><div class=\"arconix-faq-content faq-closed\"><p><strong>Kosten pro Tag<\/strong><\/p>\n<p>Variante 1 (bis 13:00 Uhr): 18,00\u20ac<br \/>\nVariante 2 (bis 14:00 Uhr inkl. Mittagessen): 28,00\u20ac<br \/>\nVariante 3 (bis 16:00 Uhr inkl. Mittagessen): 35,00\u20ac<\/p>\n<p>zuz\u00fcglich 2,50\u20ac Zooeintritt pro Tag. Tipp: Die Jahreskarte f\u00fcr Kinder kostet 19,00\u20ac!<\/p>\n<p>Hinweis: Die Ferienbetreuung ist ggf. nur als komplette Woche buchbar.<\/p>\n<\/div><\/div><div id=\"faq-2457\" class=\"arconix-faq-wrap\"><div id=\"faq-WeitereVeranstaltungen\" class=\"arconix-faq-title faq-closed\">Weitere Veranstaltungen<\/div><div class=\"arconix-faq-content faq-closed\"><p>Workshop (3h): 15\u20ac pro Person<\/p>\n<p>Veranstaltung f\u00fcr Menschen mit kognitiven Beeintr\u00e4chtigungen: 120\u20ac (max. 8 Personen)<\/p>\n<\/div><\/div>\n\n\n\n<h3 id=\"faq-03_schulen\" class=\"arconix-faq-term-title arconix-faq-term-03_schulen\">Preise f\u00fcr Schulen\/ Kitas<\/h3><div id=\"faq-2459\" class=\"arconix-faq-wrap\"><div id=\"faq-Kindergrten\" class=\"arconix-faq-title faq-closed\">Kinderg\u00e4rten<\/div><div class=\"arconix-faq-content faq-closed\"><p>max. 12 Kinder + 2 Begleitpersonen<\/p>\n<p>60\u20ac \/ 1,5h<\/p>\n<p>90\u20ac \/ 2 &#8211; 2,5h<\/p>\n<\/div><\/div><div id=\"faq-2461\" class=\"arconix-faq-wrap\"><div id=\"faq-Grundschule1-4Klasse\" class=\"arconix-faq-title faq-closed\">Grundschule (1.-4. Klasse)<\/div><div class=\"arconix-faq-content faq-closed\"><p>80\u20ac \/ 1,5 &#8211; 2h<\/p>\n<p>100\u20ac \/ 2,5 &#8211; 3h<\/p>\n<\/div><\/div><div id=\"faq-2463\" class=\"arconix-faq-wrap\"><div id=\"faq-WeiterfhrendeSchule\" class=\"arconix-faq-title faq-closed\">Weiterf\u00fchrende Schule<\/div><div class=\"arconix-faq-content faq-closed\"><p>120\u20ac \/ 1,5 &#8211; 2h<\/p>\n<p>140\u20ac \/ 2,5 &#8211; 3h<\/p>\n<\/div><\/div>\n\n\n\n<h3 id=\"faq-04_eintritt\" class=\"arconix-faq-term-title arconix-faq-term-04_eintritt\">Eintrittspreise Zoo<\/h3><div id=\"faq-2465\" class=\"arconix-faq-wrap\"><div id=\"faq-ErmigteTarifeimRahmendesZooschulbesuchs\" class=\"arconix-faq-title faq-closed\">Erm\u00e4\u00dfigte Tarife im Rahmen des Zooschulbesuchs<\/div><div class=\"arconix-faq-content faq-closed\"><table>\n<tbody>\n<tr>\n<td><strong>Schulklassen (aus Landau)<\/strong><\/td>\n<td>bis 9. Schuljahr\/Kinderg\u00e4rten<\/td>\n<td><strong>1,50 \u20ac<\/strong><\/td>\n<\/tr>\n<tr>\n<td><strong>Schulklassen (aus Landau)<\/strong><\/td>\n<td>10.-13. Schuljahr\/Berufsschulen<\/td>\n<td><strong>2,00 \u20ac<\/strong><\/td>\n<\/tr>\n<tr>\n<td><strong>Schulklassen (au\u00dferhalb Landau)<\/strong><\/td>\n<td>bis 13.Schuljahr\/Kinderg\u00e4rten<\/td>\n<td><strong>2,50 \u20ac<\/strong><\/td>\n<\/tr>\n<tr>\n<td><strong>Beg\u00fcnstigte<\/strong><\/td>\n<td>Jugendliche von 13 bis 17 Jahren, Studierende, Personen im freiwilligen Wehrdienst (FWD),Bundesfreiwilligendienst (BFD), freiwilligen sozialen Jahr (FSJ) und freiwilligen \u00f6kologischen Jahr (F\u00d6J), Schwerbesch\u00e4digte, Menschen mit Behinderungen, Senioren (jeweils mit entsprechendem Nachweis)<\/td>\n<td><strong>6,00 \u20ac<\/strong><\/td>\n<\/tr>\n<tr>\n<td><strong>Erwachsene<\/strong><\/td>\n<td><\/td>\n<td><strong>9,00 \u20ac<\/strong><\/td>\n<\/tr>\n<\/tbody>\n<\/table>\n<\/div><\/div><div id=\"faq-2467\" class=\"arconix-faq-wrap\"><div id=\"faq-RegulreEintrittspreise\" class=\"arconix-faq-title faq-closed\">Regul\u00e4re Eintrittspreise<\/div><div class=\"arconix-faq-content faq-closed\"><p>Die aktuellen Eintrittspreise finden Sie auf der Internetseite des Zoos. <a href=\"https:\/\/zoo-landau.de\/service\/eintrittspreise.html\">Link<\/a><\/p>\n<\/div><\/div>\n\n\n\n<h3 id=\"faq-05_informationen\" class=\"arconix-faq-term-title arconix-faq-term-05_informationen\">Weitere Informationen<\/h3><div id=\"faq-2474\" class=\"arconix-faq-wrap\"><div id=\"faq-LeitungderZooschule\" class=\"arconix-faq-title faq-closed\">Leitung der Zooschule<\/div><div class=\"arconix-faq-content faq-closed\"><p>Dr. Gudrun A. Hollstein<br \/>\nChristina Butz (stellvertretende Leitung)<br \/>\nRPTU Kaiserslautern-Landau, Campus Landau<br \/>\nInstitut f\u00fcr Bildung im Kindes- und Jugendalter<br \/>\nArbeits- und Forschungsstelle f\u00fcr Zoo- und Naturp\u00e4dagogik<br \/>\nAugust-Croissant-Stra\u00dfe 5<br \/>\n76829 Landau in der Pfalz<br \/>\nMail: g.hollstein@rptu.de; Tel.: 06341-280-34142<br \/>\nMail: butz@zooschule-landau.de; Tel.: 06341-280-33251<\/p>\n<\/div><\/div><div id=\"faq-2470\" class=\"arconix-faq-wrap\"><div id=\"faq-Terminabsprachen\" class=\"arconix-faq-title faq-closed\">Terminabsprachen<\/div><div class=\"arconix-faq-content faq-closed\"><p>Montag bis Freitag 8:00 \u2013 13:30 Uhr<br \/>\nTel.: 06341 \u2013 137011 (Frau Elke Rieder)<br \/>\nE-Mail: elke.rieder@landau.de<\/p>\n<\/div><\/div>\n","protected":false},"excerpt":{"rendered":"<p>Bitte beachten Sie die neuen Eintrittspreise f\u00fcr Zooschulbesucher*innen ab dem 1. Januar 2025 Die Kosten f\u00fcr die Zooschule k\u00f6nnen vor Ort nur in Bar bezahlt werden. Zuz\u00fcglich sind die erm\u00e4\u00dfigten Zoo-Eintrittspreise an der Zookasse zu bezahlen (EC-Zahlung m\u00f6glich). F\u00fcr Familien mit geringem Einkommen besteht die M\u00f6glichkeit, die Kosten f\u00fcr einen Schulausflug in den Zoo \u00fcber<\/p>\n","protected":false},"author":1,"featured_media":0,"parent":0,"menu_order":0,"comment_status":"closed","ping_status":"closed","template":"js\/page-fullwidth.php","meta":{"footnotes":""},"class_list":["post-361","page","type-page","status-publish","hentry"],"_links":{"self":[{"href":"https:\/\/zooschule-landau.de\/zooschule\/wp-json\/wp\/v2\/pages\/361","targetHints":{"allow":["GET"]}}],"collection":[{"href":"https:\/\/zooschule-landau.de\/zooschule\/wp-json\/wp\/v2\/pages"}],"about":[{"href":"https:\/\/zooschule-landau.de\/zooschule\/wp-json\/wp\/v2\/types\/page"}],"author":[{"embeddable":true,"href":"https:\/\/zooschule-landau.de\/zooschule\/wp-json\/wp\/v2\/users\/1"}],"replies":[{"embeddable":true,"href":"https:\/\/zooschule-landau.de\/zooschule\/wp-json\/wp\/v2\/comments?post=361"}],"version-history":[{"count":37,"href":"https:\/\/zooschule-landau.de\/zooschule\/wp-json\/wp\/v2\/pages\/361\/revisions"}],"predecessor-version":[{"id":4091,"href":"https:\/\/zooschule-landau.de\/zooschule\/wp-json\/wp\/v2\/pages\/361\/revisions\/4091"}],"wp:attachment":[{"href":"https:\/\/zooschule-landau.de\/zooschule\/wp-json\/wp\/v2\/media?parent=361"}],"curies":[{"name":"wp","href":"https:\/\/api.w.org\/{rel}","templated":true}]}}