{"id":3587,"date":"2022-08-23T11:45:03","date_gmt":"2022-08-23T09:45:03","guid":{"rendered":"https:\/\/zooschule-landau.de\/zooschule\/?page_id=3587"},"modified":"2022-09-09T14:18:21","modified_gmt":"2022-09-09T12:18:21","slug":"bildungspartnerschaft-zooschule-umusambi-village-ruanda","status":"publish","type":"page","link":"https:\/\/zooschule-landau.de\/zooschule\/bildungspartnerschaft-zooschule-umusambi-village-ruanda\/","title":{"rendered":"Bildungspartnerschaft Zooschule \u2013 Umusambi Village\/ Ruanda"},"content":{"rendered":"\n<h2 class=\"wp-block-heading\">Bildungspartnerschaft Zooschule \u2013 Umusambi Village\/ Ruanda<\/h2>\n\n\n\n<h3 class=\"wp-block-heading\">Gemeinsam f\u00fcr den Schutz der Vogelvielfalt: Zooschule Landau und das Umweltbildungszentrum Umusambi Village (Ruanda) gehen eine Bildungspartnerschaft ein &nbsp; <\/h3>\n\n\n\n<div style=\"height:20px\" aria-hidden=\"true\" class=\"wp-block-spacer\"><\/div>\n\n\n\n<div class=\"wp-block-image\"><figure class=\"alignleft is-resized\"><figure><img decoding=\"async\" src=\"https:\/\/zooschule-landau.de\/zooschule\/wp-content\/uploads\/2022\/08\/Bild-7.jpg\" alt=\"\" class=\"wp-image-3585\" width=\"500\" height=\"NaN\"><\/figure><figcaption>Das Landauer Team mit Partnerinnen und Partnern in Ruanda im Schutzgebiet Rugesi<\/figcaption><\/figure><\/div>\n\n\n\n<div class=\"wp-block-image\"><figure class=\"alignright\"><img loading=\"lazy\" decoding=\"async\" width=\"159\" height=\"125\" src=\"https:\/\/zooschule-landau.de\/zooschule\/wp-content\/uploads\/2022\/08\/logo.jpg\" alt=\"\" class=\"wp-image-3606\"\/><\/figure><\/div>\n\n\n\n<p>\u201eNur gemeinsam k\u00f6nnen wir die biologische Vielfalt erhalten!\u201c Diese Grundeinsicht vermittelt die Zooschule ihren Sch\u00fclerinnen und Sch\u00fclern in jedem Unterricht. Nun gehen die Leiterin der Zooschule, Dr. Gudrun Hollstein, und ihr Team neue Wege und bauen eine Partnerschaft mit dem Bildungszentrum Umusambi Village in Ruanda auf. Im Rahmen der internationalen Zusammenarbeit soll es darum gehen, im Austausch mit den Partnern zu lernen und damit die eigene Bildungsarbeit zu optimieren. \u201eDer kulturelle Perspektivenwechsel hilft uns, unsere eigene Arbeit kritisch zu beleuchten und neue Ideen zu entwickeln. In der gemeinsamen Arbeit mit den Partnern in Ruanda k\u00f6nnen zudem Synergieeffekte bez\u00fcglich der Bildungsarbeit erzielt werden\u201c, erkl\u00e4rt Hollstein das Anliegen des Vorhabens. Anfang August brachen acht P\u00e4dagogen und P\u00e4dagoginnen der Zooschule Landau, Studierende der Universit\u00e4t Koblenz-Landau, zu einer Bildungsreise nach Ruanda auf und besuchten auf einer Rundreise durch das Land Naturschutzgebiete, den Nationalpark Akagera, Schulen, Museen und Umweltbildungseinrichtungen. Die Partnerinnen und Partner aus dem Wirkungsbereich des Bildungszentrums Umusambi Village reisen im Gegenzug im September nach Rheinland-Pfalz und werden dann Zoo und Zooschule Landau, aber auch andere kulturelle Einrichtungen in der Region besuchen. Anschlie\u00dfend sollen gemeinsam Bildungsmaterialien zum Thema \u201eVogelvielfalt und Vogelschutz\u201c entwickelt werden. Dabei &nbsp;geht es darum, bei Kindern und Jugendlichen in beiden L\u00e4ndern ein Verst\u00e4ndnis f\u00fcr den so wichtigen Arten- und Naturschutz zu entwickeln. Dabei wird der \u00d6stliche Graue Kronenkranich, der im \u00f6stlichen Afrika beheimatet ist, eine besondere Rolle spielen. Der hochgewachsene attraktive Vogel wird von der Weltnaturschutzunion (IUCN) als gef\u00e4hrdet eingestuft. Seit vielen Jahren engagiert sich deshalb der Zoo Landau mit seinem Direktor, Dr. Jens-Ove Heckel, f\u00fcr den Schutz dieser Vogelart. So werden zum einen Kronenkraniche im Landauer Zoo gez\u00fcchtet, zum anderen setzt sich der Zoo aktiv f\u00fcr die Erhaltung der nat\u00fcrlichen Lebensr\u00e4ume des Vogels in Ruanda ein. Gerade vor diesem f\u00fcr die Projektarbeit g\u00fcnstigen Hintergrund k\u00f6nnte das internationale Bildungsprojekt ein Erfolg werden. Es wurde vom Innenministerium des Landes Rheinland-Pfalz initiiert und wird auch von dieser Seite finanziell unterst\u00fctzt. <\/p>\n\n\n\n<div class=\"wp-block-image\"><figure class=\"aligncenter is-resized\"><img loading=\"lazy\" decoding=\"async\" src=\"https:\/\/zooschule-landau.de\/zooschule\/wp-content\/uploads\/2022\/09\/agenda2030.png\" alt=\"\" class=\"wp-image-3617\" width=\"278\" height=\"61\" srcset=\"https:\/\/zooschule-landau.de\/zooschule\/wp-content\/uploads\/2022\/09\/agenda2030.png 1111w, https:\/\/zooschule-landau.de\/zooschule\/wp-content\/uploads\/2022\/09\/agenda2030-300x65.png 300w, https:\/\/zooschule-landau.de\/zooschule\/wp-content\/uploads\/2022\/09\/agenda2030-768x167.png 768w\" sizes=\"auto, (max-width: 278px) 100vw, 278px\" \/><\/figure><\/div>\n\n\n\n<ul class=\"wp-block-gallery columns-3 is-cropped wp-block-gallery-1 is-layout-flex wp-block-gallery-is-layout-flex\"><li class=\"blocks-gallery-item\"><figure><img loading=\"lazy\" decoding=\"async\" width=\"1400\" height=\"1050\" src=\"https:\/\/zooschule-landau.de\/zooschule\/wp-content\/uploads\/2022\/08\/Bild-1-1400x1050.jpg\" alt=\"\" data-id=\"3591\" data-link=\"https:\/\/zooschule-landau.de\/zooschule\/?attachment_id=3591\" class=\"wp-image-3591\" srcset=\"https:\/\/zooschule-landau.de\/zooschule\/wp-content\/uploads\/2022\/08\/Bild-1-1400x1050.jpg 1400w, https:\/\/zooschule-landau.de\/zooschule\/wp-content\/uploads\/2022\/08\/Bild-1-300x225.jpg 300w, https:\/\/zooschule-landau.de\/zooschule\/wp-content\/uploads\/2022\/08\/Bild-1-768x576.jpg 768w\" sizes=\"auto, (max-width: 1400px) 100vw, 1400px\" \/><figcaption>Team Zooschule mit Partnern in Kigali<\/figcaption><\/figure><\/li><li class=\"blocks-gallery-item\"><figure><img loading=\"lazy\" decoding=\"async\" width=\"1400\" height=\"931\" src=\"https:\/\/zooschule-landau.de\/zooschule\/wp-content\/uploads\/2022\/08\/BIld-2-1400x931.jpg\" alt=\"\" data-id=\"3592\" data-link=\"https:\/\/zooschule-landau.de\/zooschule\/?attachment_id=3592\" class=\"wp-image-3592\" srcset=\"https:\/\/zooschule-landau.de\/zooschule\/wp-content\/uploads\/2022\/08\/BIld-2-1400x931.jpg 1400w, https:\/\/zooschule-landau.de\/zooschule\/wp-content\/uploads\/2022\/08\/BIld-2-300x200.jpg 300w, https:\/\/zooschule-landau.de\/zooschule\/wp-content\/uploads\/2022\/08\/BIld-2-768x511.jpg 768w, https:\/\/zooschule-landau.de\/zooschule\/wp-content\/uploads\/2022\/08\/BIld-2.jpg 1600w\" sizes=\"auto, (max-width: 1400px) 100vw, 1400px\" \/><figcaption>Naturschutzgebiet Rugesi<\/figcaption><\/figure><\/li><li class=\"blocks-gallery-item\"><figure><img loading=\"lazy\" decoding=\"async\" width=\"1020\" height=\"459\" src=\"https:\/\/zooschule-landau.de\/zooschule\/wp-content\/uploads\/2022\/08\/Bild-3.jpg\" alt=\"\" data-id=\"3593\" data-link=\"https:\/\/zooschule-landau.de\/zooschule\/?attachment_id=3593\" class=\"wp-image-3593\" srcset=\"https:\/\/zooschule-landau.de\/zooschule\/wp-content\/uploads\/2022\/08\/Bild-3.jpg 1020w, https:\/\/zooschule-landau.de\/zooschule\/wp-content\/uploads\/2022\/08\/Bild-3-300x135.jpg 300w, https:\/\/zooschule-landau.de\/zooschule\/wp-content\/uploads\/2022\/08\/Bild-3-768x346.jpg 768w\" sizes=\"auto, (max-width: 1020px) 100vw, 1020px\" \/><figcaption>Akagera-Nationalpark<\/figcaption><\/figure><\/li><li class=\"blocks-gallery-item\"><figure><img loading=\"lazy\" decoding=\"async\" width=\"1400\" height=\"1050\" src=\"https:\/\/zooschule-landau.de\/zooschule\/wp-content\/uploads\/2022\/08\/Bild-4-1400x1050.jpg\" alt=\"\" data-id=\"3594\" data-link=\"https:\/\/zooschule-landau.de\/zooschule\/?attachment_id=3594\" class=\"wp-image-3594\" srcset=\"https:\/\/zooschule-landau.de\/zooschule\/wp-content\/uploads\/2022\/08\/Bild-4-1400x1050.jpg 1400w, https:\/\/zooschule-landau.de\/zooschule\/wp-content\/uploads\/2022\/08\/Bild-4-300x225.jpg 300w, https:\/\/zooschule-landau.de\/zooschule\/wp-content\/uploads\/2022\/08\/Bild-4-768x576.jpg 768w\" sizes=\"auto, (max-width: 1400px) 100vw, 1400px\" \/><figcaption>Schule in der N\u00e4he des Naturschutzgebietes Rugesi<\/figcaption><\/figure><\/li><li class=\"blocks-gallery-item\"><figure><img loading=\"lazy\" decoding=\"async\" width=\"1400\" height=\"1050\" src=\"https:\/\/zooschule-landau.de\/zooschule\/wp-content\/uploads\/2022\/08\/Bild-5-1400x1050.jpg\" alt=\"\" data-id=\"3595\" data-link=\"https:\/\/zooschule-landau.de\/zooschule\/?attachment_id=3595\" class=\"wp-image-3595\" srcset=\"https:\/\/zooschule-landau.de\/zooschule\/wp-content\/uploads\/2022\/08\/Bild-5-1400x1050.jpg 1400w, https:\/\/zooschule-landau.de\/zooschule\/wp-content\/uploads\/2022\/08\/Bild-5-300x225.jpg 300w, https:\/\/zooschule-landau.de\/zooschule\/wp-content\/uploads\/2022\/08\/Bild-5-768x576.jpg 768w\" sizes=\"auto, (max-width: 1400px) 100vw, 1400px\" \/><figcaption>Gishwati-Wald<\/figcaption><\/figure><\/li><li class=\"blocks-gallery-item\"><figure><img loading=\"lazy\" decoding=\"async\" width=\"1400\" height=\"1050\" src=\"https:\/\/zooschule-landau.de\/zooschule\/wp-content\/uploads\/2022\/08\/Bild-6-1400x1050.jpg\" alt=\"\" data-id=\"3596\" data-link=\"https:\/\/zooschule-landau.de\/zooschule\/?attachment_id=3596\" class=\"wp-image-3596\" srcset=\"https:\/\/zooschule-landau.de\/zooschule\/wp-content\/uploads\/2022\/08\/Bild-6-1400x1050.jpg 1400w, https:\/\/zooschule-landau.de\/zooschule\/wp-content\/uploads\/2022\/08\/Bild-6-300x225.jpg 300w, https:\/\/zooschule-landau.de\/zooschule\/wp-content\/uploads\/2022\/08\/Bild-6-768x576.jpg 768w\" sizes=\"auto, (max-width: 1400px) 100vw, 1400px\" \/><figcaption>Karongi (Bootsfahrt)<\/figcaption><\/figure><\/li><li class=\"blocks-gallery-item\"><figure><img loading=\"lazy\" decoding=\"async\" width=\"1400\" height=\"1050\" src=\"https:\/\/zooschule-landau.de\/zooschule\/wp-content\/uploads\/2022\/08\/Bild-8-1400x1050.jpg\" alt=\"\" data-id=\"3597\" data-link=\"https:\/\/zooschule-landau.de\/zooschule\/?attachment_id=3597\" class=\"wp-image-3597\" srcset=\"https:\/\/zooschule-landau.de\/zooschule\/wp-content\/uploads\/2022\/08\/Bild-8-1400x1050.jpg 1400w, https:\/\/zooschule-landau.de\/zooschule\/wp-content\/uploads\/2022\/08\/Bild-8-300x225.jpg 300w, https:\/\/zooschule-landau.de\/zooschule\/wp-content\/uploads\/2022\/08\/Bild-8-768x576.jpg 768w\" sizes=\"auto, (max-width: 1400px) 100vw, 1400px\" \/><figcaption>Akagera-Nationalpark<\/figcaption><\/figure><\/li><li class=\"blocks-gallery-item\"><figure><img loading=\"lazy\" decoding=\"async\" width=\"1400\" height=\"1050\" src=\"https:\/\/zooschule-landau.de\/zooschule\/wp-content\/uploads\/2022\/08\/Bild-9-1400x1050.jpg\" alt=\"\" data-id=\"3598\" data-link=\"https:\/\/zooschule-landau.de\/zooschule\/?attachment_id=3598\" class=\"wp-image-3598\" srcset=\"https:\/\/zooschule-landau.de\/zooschule\/wp-content\/uploads\/2022\/08\/Bild-9-1400x1050.jpg 1400w, https:\/\/zooschule-landau.de\/zooschule\/wp-content\/uploads\/2022\/08\/Bild-9-300x225.jpg 300w, https:\/\/zooschule-landau.de\/zooschule\/wp-content\/uploads\/2022\/08\/Bild-9-768x576.jpg 768w\" sizes=\"auto, (max-width: 1400px) 100vw, 1400px\" \/><figcaption>Umusambi Village<\/figcaption><\/figure><\/li><\/ul>\n\n\n\n<p><\/p>\n","protected":false},"excerpt":{"rendered":"<p>Bildungspartnerschaft Zooschule \u2013 Umusambi Village\/ Ruanda Gemeinsam f\u00fcr den Schutz der Vogelvielfalt: Zooschule Landau und das Umweltbildungszentrum Umusambi Village (Ruanda) gehen eine Bildungspartnerschaft ein &nbsp; Das Landauer Team mit Partnerinnen und Partnern in Ruanda im Schutzgebiet Rugesi \u201eNur gemeinsam k\u00f6nnen wir die biologische Vielfalt erhalten!\u201c Diese Grundeinsicht vermittelt die Zooschule ihren Sch\u00fclerinnen und Sch\u00fclern in<\/p>\n","protected":false},"author":1,"featured_media":0,"parent":0,"menu_order":0,"comment_status":"closed","ping_status":"closed","template":"page-fullwidth.php","meta":{"footnotes":""},"class_list":["post-3587","page","type-page","status-publish","hentry"],"_links":{"self":[{"href":"https:\/\/zooschule-landau.de\/zooschule\/wp-json\/wp\/v2\/pages\/3587","targetHints":{"allow":["GET"]}}],"collection":[{"href":"https:\/\/zooschule-landau.de\/zooschule\/wp-json\/wp\/v2\/pages"}],"about":[{"href":"https:\/\/zooschule-landau.de\/zooschule\/wp-json\/wp\/v2\/types\/page"}],"author":[{"embeddable":true,"href":"https:\/\/zooschule-landau.de\/zooschule\/wp-json\/wp\/v2\/users\/1"}],"replies":[{"embeddable":true,"href":"https:\/\/zooschule-landau.de\/zooschule\/wp-json\/wp\/v2\/comments?post=3587"}],"version-history":[{"count":7,"href":"https:\/\/zooschule-landau.de\/zooschule\/wp-json\/wp\/v2\/pages\/3587\/revisions"}],"predecessor-version":[{"id":3621,"href":"https:\/\/zooschule-landau.de\/zooschule\/wp-json\/wp\/v2\/pages\/3587\/revisions\/3621"}],"wp:attachment":[{"href":"https:\/\/zooschule-landau.de\/zooschule\/wp-json\/wp\/v2\/media?parent=3587"}],"curies":[{"name":"wp","href":"https:\/\/api.w.org\/{rel}","templated":true}]}}