{"id":351,"date":"2018-02-23T10:34:18","date_gmt":"2018-02-23T09:34:18","guid":{"rendered":"http:\/\/zooschule.synology.me\/zooschule\/?page_id=351"},"modified":"2023-08-28T15:08:59","modified_gmt":"2023-08-28T13:08:59","slug":"unterrichtsthemen-fuer-weiterfuehrende-schulen","status":"publish","type":"page","link":"https:\/\/zooschule-landau.de\/zooschule\/services\/fuer-schulen-kitas\/unterrichtsthemen-fuer-weiterfuehrende-schulen\/","title":{"rendered":"Unterrichtsthemen f\u00fcr weiterf\u00fchrende Schulen"},"content":{"rendered":"\n<h3 class=\"wp-block-heading\">Sekundarstufe I<\/h3>\n\n\n\n<div style=\"height:30px\" aria-hidden=\"true\" class=\"wp-block-spacer\"><\/div>\n\n\n\n<h4 class=\"wp-block-heading\"> EWL \u2013 f\u00fcr <strong>Landauer<\/strong> Schulen kostenfrei mit Gutschein <\/h4>\n\n\n\n<ul class=\"wp-block-list\">\n<li>\u201eAchtung! Plastikm\u00fcll in unseren Ozeanen und\nMeeren!\u201c (Kl. 5-10)<\/li>\n\n\n\n<li>\u201eW\u00e4lder sch\u00fctzen durch Recyclingpapier\u201c (Kl.\n5-7)<\/li>\n\n\n\n<li>\u201eDie ganze Welt in meinem Handy?\u201c (Kl. 5-7)<\/li>\n\n\n\n<li>Wir erkunden die Wunderwelt \u201eBach\u201c (Kl. 5-6)<\/li>\n\n\n\n<li>Wir erkunden die Wunderwelt \u201eBoden\u201c (Kl. 5-6)<\/li>\n\n\n\n<li>Ohne Wasser \u2013 kein Leben (Kl. 5-6)<\/li>\n<\/ul>\n\n\n\n<hr class=\"wp-block-separator has-css-opacity\"\/>\n\n\n\n<h4 class=\"wp-block-heading\">EWW \u2013 f\u00fcr Schulen des <strong>Landkreises S\u00fcdliche Weinstra\u00dfe<\/strong> kostenfrei mit Gutschein<\/h4>\n\n\n\n<ul class=\"wp-block-list\">\n<li>Achtung! Plastikm\u00fcll in unseren Ozeanen und\nMeeren!\u201c (Kl. 5-6)<\/li>\n\n\n\n<li>\u201eW\u00e4lder sch\u00fctzen durch Recyclingpapier\u201c (Kl.\n5-6)<\/li>\n\n\n\n<li>\u201eDie ganze Welt in meinem Handy?\u201c (Kl. 5-6)<\/li>\n<\/ul>\n\n\n\n<hr class=\"wp-block-separator has-css-opacity\"\/>\n\n\n\n<h4 class=\"wp-block-heading\">andere<\/h4>\n\n\n\n<ul class=\"wp-block-list\">\n<li>Zootiere erleben (Erlebnisrundgang mit\nSchwerpunkten) (Kl. 5-10)<\/li>\n\n\n\n<li>Affe ist nicht gleich Affe (Kl. 5)<\/li>\n\n\n\n<li>Papageien \u2013 geschickt, gesellig und intelligent\n(Kl. 5)<\/li>\n\n\n\n<li>Schlangen, Echsen und Kaimane (Kl. 5) <\/li>\n\n\n\n<li>Den Zoo vermessen \u2013 \u201eZoo-Mathematik\u201c (vom\nFutterportionen auswiegen, Gehege ausmessen und Gr\u00f6\u00dfe berechnen,\nTemperaturmessungen im Terrarium) (Kl. 5-6)<\/li>\n\n\n\n<li>\u201eSchatzsuche\u201c: Artenvielfalt entdecken und\nerleben (Kl. 5-6)<\/li>\n\n\n\n<li>Tiere in ihrem Lebensraum (Erarbeitung von\nAnpassungsstrategien; Tierarten: u.a. Sibirische Tiger, Zwergotter,\nHumboldt-Pinguine, Waldhunde, Dromedare) (Kl. 5-6)<\/li>\n\n\n\n<li>Bionik \u2013 \u201eAlles nur geklaut?\u201c (Kl. 5-6)<\/li>\n\n\n\n<li>Tiere im Winter (Kl. 5-6)<\/li>\n\n\n\n<li>Tierisch \u201esexy\u201c: Fortpflanzungsstrategien, Balz,\nPartnerwahl, Verhaltensbeobachtungen am Tiergehege (Kl. 7-10)<\/li>\n\n\n\n<li>Artenvielfalt: Bedeutung, Bedrohung und\nSchutzma\u00dfnahmen (Kl. 5-10)<\/li>\n\n\n\n<li>Aufgaben und Arbeitsweisen eines modernen Zoos\n(Kl. 5-10)<\/li>\n\n\n\n<li>Artenschutzarbeit des Landauer Zoos (Kl. 5-10)<\/li>\n\n\n\n<li>Tiere im Winter und der Klimawandel (Kl. 5-10)<\/li>\n\n\n\n<li>Klimawandel-Klimaschutz: Wie wirkt sich der\nKlimawandel auf Tierarten aus? (Kl. 5-10)<\/li>\n\n\n\n<li>Zoos zwischen den Fronten \u2013 Diskussion \u00fcber die\nDaseinsberechtigung von Zoologischen G\u00e4rten in der heutigen Zeit (Kl. 9-10)<\/li>\n<\/ul>\n\n\n\n<hr class=\"wp-block-separator has-css-opacity\"\/>\n\n\n\n<h3 class=\"wp-block-heading\">Sekundarstufe II<\/h3>\n\n\n\n<div style=\"height:30px\" aria-hidden=\"true\" class=\"wp-block-spacer\"><\/div>\n\n\n\n<ul class=\"wp-block-list\">\n<li>\u00d6kologie der Tiere: abiotische \u00d6kofaktoren und\nihre Wechselwirkungen im Tierreich<\/li>\n\n\n\n<li>Artenvielfalt: Bedeutung, Bedrohung und\nSchutzma\u00dfnahmen <\/li>\n\n\n\n<li>Aufgaben und Arbeitsweisen eines modernen Zoos <\/li>\n\n\n\n<li>Artenschutzarbeit des Landauer Zoos <\/li>\n\n\n\n<li>Klimawandel-Klimaschutz: Wie wirkt sich der\nKlimawandel auf Tierarten aus?<\/li>\n\n\n\n<li>Aktiver Klimaschutz am Beispiel der\nKatala-Stiftung<\/li>\n\n\n\n<li>Zoos zwischen den Fronten \u2013 Diskussion \u00fcber die\nDaseinsberechtigung von Zoologischen G\u00e4rten in der heutigen Zeit<\/li>\n<\/ul>\n\n\n\n<hr class=\"wp-block-separator has-css-opacity\"\/>\n\n\n\n<div style=\"height:50px\" aria-hidden=\"true\" class=\"wp-block-spacer\"><\/div>\n\n\n\n<p>Das Team der Zooschule ist f\u00fcr Themen aller Art offen \u2013 sprechen Sie uns an oder schreiben Sie uns! <\/p>\n\n\n\n<p><strong>Zooschulleitung:<\/strong> Dr. Gudrun Hollstein <a href=\"mailto:hollstein@uni-landau.de\">hollstein@uni-landau.de<\/a>&nbsp;<br>Tel.: 06341\/ 9308590 <\/p>\n\n\n\n<p> <strong>Leitende<\/strong> <strong>Zoop\u00e4dagogin: <\/strong>Jeannine Sch\u00fctzend\u00fcbe <a href=\"mailto:schuetzenduebe@zooschule-landau.de\">schuetzenduebe@zooschule-landau.d<\/a><strong><a href=\"mailto:schuetzenduebe@zooschule-landau.de\">e<\/a><\/strong><\/p>\n\n\n\n<p><strong>Sprechstunde: <\/strong> montags 15 &#8211; 17 Uhr <\/p>\n\n\n\n<p><strong>Tel.:<\/strong> 06341\/ 137005 (Zooschule)<\/p>\n","protected":false},"excerpt":{"rendered":"<p>Sekundarstufe I EWL \u2013 f\u00fcr Landauer Schulen kostenfrei mit Gutschein EWW \u2013 f\u00fcr Schulen des Landkreises S\u00fcdliche Weinstra\u00dfe kostenfrei mit Gutschein andere Sekundarstufe II Das Team der Zooschule ist f\u00fcr Themen aller Art offen \u2013 sprechen Sie uns an oder schreiben Sie uns! Zooschulleitung: Dr. Gudrun Hollstein hollstein@uni-landau.de&nbsp;Tel.: 06341\/ 9308590 Leitende Zoop\u00e4dagogin: Jeannine Sch\u00fctzend\u00fcbe schuetzenduebe@zooschule-landau.de<\/p>\n","protected":false},"author":1,"featured_media":0,"parent":111,"menu_order":0,"comment_status":"closed","ping_status":"closed","template":"js\/page-fullwidth.php","meta":{"footnotes":""},"class_list":["post-351","page","type-page","status-publish","hentry"],"_links":{"self":[{"href":"https:\/\/zooschule-landau.de\/zooschule\/wp-json\/wp\/v2\/pages\/351","targetHints":{"allow":["GET"]}}],"collection":[{"href":"https:\/\/zooschule-landau.de\/zooschule\/wp-json\/wp\/v2\/pages"}],"about":[{"href":"https:\/\/zooschule-landau.de\/zooschule\/wp-json\/wp\/v2\/types\/page"}],"author":[{"embeddable":true,"href":"https:\/\/zooschule-landau.de\/zooschule\/wp-json\/wp\/v2\/users\/1"}],"replies":[{"embeddable":true,"href":"https:\/\/zooschule-landau.de\/zooschule\/wp-json\/wp\/v2\/comments?post=351"}],"version-history":[{"count":18,"href":"https:\/\/zooschule-landau.de\/zooschule\/wp-json\/wp\/v2\/pages\/351\/revisions"}],"predecessor-version":[{"id":3823,"href":"https:\/\/zooschule-landau.de\/zooschule\/wp-json\/wp\/v2\/pages\/351\/revisions\/3823"}],"up":[{"embeddable":true,"href":"https:\/\/zooschule-landau.de\/zooschule\/wp-json\/wp\/v2\/pages\/111"}],"wp:attachment":[{"href":"https:\/\/zooschule-landau.de\/zooschule\/wp-json\/wp\/v2\/media?parent=351"}],"curies":[{"name":"wp","href":"https:\/\/api.w.org\/{rel}","templated":true}]}}