{"id":3345,"date":"2021-06-22T13:37:26","date_gmt":"2021-06-22T11:37:26","guid":{"rendered":"https:\/\/zooschule-landau.de\/zooschule\/?page_id=3345"},"modified":"2021-06-22T20:33:40","modified_gmt":"2021-06-22T18:33:40","slug":"zoo-natur-activity","status":"publish","type":"page","link":"https:\/\/zooschule-landau.de\/zooschule\/projekte\/zoo-natur-activity\/","title":{"rendered":"Zoo-Natur-Activity"},"content":{"rendered":"\n<h2 class=\"wp-block-heading\">Projektbeschreibung<\/h2>\n\n\n\n<div class=\"wp-block-columns has-3-columns is-layout-flex wp-container-core-columns-is-layout-9d6595d7 wp-block-columns-is-layout-flex\">\n<div class=\"wp-block-column is-layout-flow wp-block-column-is-layout-flow\">\n<figure class=\"wp-block-image\"><img loading=\"lazy\" decoding=\"async\" width=\"2000\" height=\"690\" src=\"https:\/\/zooschule-landau.de\/zooschule\/wp-content\/uploads\/2019\/07\/Rheinland-Pfalz_Logo.svg_.png\" alt=\"\" class=\"wp-image-2188\"\/><\/figure>\n\n\n\n<p><\/p>\n<\/div>\n\n\n\n<div class=\"wp-block-column is-layout-flow wp-block-column-is-layout-flow\">\n<p style=\"text-align:center\">\nDieses Projekt wird unterst\u00fctzt und gef\u00f6rdert durch die <a href=\"https:\/\/aktion-gruen.de\/\">Aktion Gr\u00fcn<\/a> des Landes Rheinland-Pfalz.\n\n<\/p>\n<\/div>\n\n\n\n<div class=\"wp-block-column is-layout-flow wp-block-column-is-layout-flow\">\n<div class=\"wp-block-image\"><figure class=\"alignright is-resized\"><img loading=\"lazy\" decoding=\"async\" src=\"https:\/\/zooschule-landau.de\/zooschule\/wp-content\/uploads\/2019\/02\/Aktion_Gruen-Kopie.png\" alt=\"\" class=\"wp-image-1875\" width=\"203\" height=\"124\" srcset=\"https:\/\/zooschule-landau.de\/zooschule\/wp-content\/uploads\/2019\/02\/Aktion_Gruen-Kopie.png 812w, https:\/\/zooschule-landau.de\/zooschule\/wp-content\/uploads\/2019\/02\/Aktion_Gruen-Kopie-300x183.png 300w, https:\/\/zooschule-landau.de\/zooschule\/wp-content\/uploads\/2019\/02\/Aktion_Gruen-Kopie-768x469.png 768w, https:\/\/zooschule-landau.de\/zooschule\/wp-content\/uploads\/2019\/02\/Aktion_Gruen-Kopie-555x340.png 555w, https:\/\/zooschule-landau.de\/zooschule\/wp-content\/uploads\/2019\/02\/Aktion_Gruen-Kopie-360x220.png 360w, https:\/\/zooschule-landau.de\/zooschule\/wp-content\/uploads\/2019\/02\/Aktion_Gruen-Kopie-260x160.png 260w, https:\/\/zooschule-landau.de\/zooschule\/wp-content\/uploads\/2019\/02\/Aktion_Gruen-Kopie-394x242.png 394w, https:\/\/zooschule-landau.de\/zooschule\/wp-content\/uploads\/2019\/02\/Aktion_Gruen-Kopie-252x155.png 252w, https:\/\/zooschule-landau.de\/zooschule\/wp-content\/uploads\/2019\/02\/Aktion_Gruen-Kopie-750x460.png 750w, https:\/\/zooschule-landau.de\/zooschule\/wp-content\/uploads\/2019\/02\/Aktion_Gruen-Kopie-340x210.png 340w, https:\/\/zooschule-landau.de\/zooschule\/wp-content\/uploads\/2019\/02\/Aktion_Gruen-Kopie-570x350.png 570w\" sizes=\"auto, (max-width: 203px) 100vw, 203px\" \/><\/figure><\/div>\n\n\n\n<p><\/p>\n<\/div>\n<\/div>\n\n\n\n<h3 class=\"wp-block-heading\">Zoo-Natur-Activity: Vielfalt unter uns und in der Tierwelt &#8211; Exklusivprogramm f\u00fcr <strong>5. Klassen<\/strong> <\/h3>\n\n\n\n<p><br><\/p>\n\n\n\n<div style=\"height:10px\" aria-hidden=\"true\" class=\"wp-block-spacer\"><\/div>\n\n\n\n<div class=\"wp-block-image\"><figure class=\"alignright\"><img loading=\"lazy\" decoding=\"async\" width=\"370\" height=\"244\" src=\"https:\/\/zooschule-landau.de\/zooschule\/wp-content\/uploads\/2021\/06\/herbst_ws1.jpg\" alt=\"\" class=\"wp-image-3346\"\/><\/figure><\/div>\n\n\n\n<p>Direkt nach den Sommerferien&nbsp;werden 27 f\u00fcnfte&nbsp;Klassen&nbsp;(rund 810 Kinder und ihre Lehrkr\u00e4fte) aus Landau und der Region zu einem \u201eZoo-Natur-Erlebnistag\u201c (\u201e<strong>Zoo-Natur-Activity<\/strong>\u201c)&nbsp;in den Zoo eingeladen.&nbsp;Hier entdecken die Sch\u00fclerinnen und Sch\u00fcler&nbsp;auf einem Erlebnisrundgang&nbsp;<strong>Tiervielfalt im Zoogel\u00e4nde<\/strong>&nbsp;und erfahren wichtige Aspekte zum&nbsp;Thema&nbsp;\u201e<strong>Bedeutung<\/strong>,&nbsp;<strong>Bedrohung und Schutz der Artenvielfalt<\/strong>\u201c. Mit&nbsp;Spielen und Aktionen&nbsp;(\u201eVom&nbsp;<em>Ich<\/em>&nbsp;zum&nbsp;<em>Du<\/em>&nbsp;zum&nbsp;<em>Wir<\/em>\u201c)&nbsp;werden Teambildung und Kooperation ge\u00fcbt und die Erfahrung vermittelt:&nbsp;\u201e<strong>Wir k\u00f6nnen Vieles&nbsp;zusammen&nbsp;bewirken!<\/strong>\u201c Am Veranstaltungsende erhalten die Klassen eine&nbsp;<strong>Zoo-Natur-Activity-Box<\/strong>&nbsp;mit Aktionskarten (Vorschl\u00e4ge f\u00fcr Aktionen und Projekte), Arbeitsmaterialien (Forscherb\u00f6gen, Dokumentationslisten), Brosch\u00fcren, Poster (Artenvielfalt) und ausgew\u00e4hlten B\u00fcchern. Insgesamt sollen die Medien in der&nbsp;Activity-Box Kinder und Lehrkr\u00e4fte anregen, sich &#8211; wenn m\u00f6glich im Klassenverband &#8211; f\u00fcr Naturschutz einzusetzen und&nbsp;<strong>Artenvielfalt im Umfeld der Schule<\/strong>, in ihrer&nbsp;<strong>Heimatstadt Landau<\/strong>, in ihrem&nbsp;<strong>direkten&nbsp;Wohnumfeld<\/strong>&nbsp;zu f\u00f6rdern. Zur besonderen Motivation wird begleitend ein&nbsp;<strong>Wettbewerb<\/strong>&nbsp;durchgef\u00fchrt. Zudem erhalten alle Klassen einen&nbsp;<strong>Gutschein f\u00fcr einen weiteren Zooschulbesuch<\/strong>&nbsp;<strong>zum Themenkomplex \u201eBiologische Vielfalt\u201c<\/strong>. Das Team der&nbsp;Zooschule&nbsp;unterst\u00fctzt die Schulklassen bei ihren Vorhaben rund um den Schutz der Artenvielfalt.&nbsp;Die besten&nbsp;Aktionen\/&nbsp;Projekte werden pr\u00e4miert und der \u00d6ffentlichkeit vorgestellt, die Siegerklasse&nbsp;wird&nbsp;zu einer besonderen Veranstaltung (Abendf\u00fchrung mit Stockbrot backen)&nbsp;in den Zoo&nbsp;eingeladen.<\/p>\n\n\n\n<div class=\"wp-block-file aligncenter\"><a href=\"https:\/\/zooschule-landau.de\/zooschule\/wp-content\/uploads\/2021\/06\/Einladung-5.-Klassen-Zoo-Natur-Activity-2021.pdf\">Einladung 5. Klassen &#8211; Zoo-Natur-Activity 2021<\/a><a href=\"https:\/\/zooschule-landau.de\/zooschule\/wp-content\/uploads\/2021\/06\/Einladung-5.-Klassen-Zoo-Natur-Activity-2021.pdf\" class=\"wp-block-file__button\" download>Herunterladen<\/a><\/div>\n\n\n\n<div class=\"wp-block-file aligncenter\"><a href=\"https:\/\/zooschule-landau.de\/zooschule\/wp-content\/uploads\/2021\/06\/Informationen-zu-den-Zoo-Natur-Activity-2021-1.pdf\">Informationen zu Zoo-Natur-Activity 2021<\/a><a href=\"https:\/\/zooschule-landau.de\/zooschule\/wp-content\/uploads\/2021\/06\/Informationen-zu-den-Zoo-Natur-Activity-2021-1.pdf\" class=\"wp-block-file__button\" download>Herunterladen<\/a><\/div>\n\n\n\n<div class=\"wp-block-file aligncenter\"><a href=\"https:\/\/zooschule-landau.de\/zooschule\/wp-content\/uploads\/2021\/06\/Anmeldeformular-Zoo-Natur-Activity-2021.pdf\">Anmeldeformular &#8211; Zoo-Natur-Activity 2021<\/a><a href=\"https:\/\/zooschule-landau.de\/zooschule\/wp-content\/uploads\/2021\/06\/Anmeldeformular-Zoo-Natur-Activity-2021.pdf\" class=\"wp-block-file__button\" download>Herunterladen<\/a><\/div>\n","protected":false},"excerpt":{"rendered":"<p>Projektbeschreibung Zoo-Natur-Activity: Vielfalt unter uns und in der Tierwelt &#8211; Exklusivprogramm f\u00fcr 5. Klassen Direkt nach den Sommerferien&nbsp;werden 27 f\u00fcnfte&nbsp;Klassen&nbsp;(rund 810 Kinder und ihre Lehrkr\u00e4fte) aus Landau und der Region zu einem \u201eZoo-Natur-Erlebnistag\u201c (\u201eZoo-Natur-Activity\u201c)&nbsp;in den Zoo eingeladen.&nbsp;Hier entdecken die Sch\u00fclerinnen und Sch\u00fcler&nbsp;auf einem Erlebnisrundgang&nbsp;Tiervielfalt im Zoogel\u00e4nde&nbsp;und erfahren wichtige Aspekte zum&nbsp;Thema&nbsp;\u201eBedeutung,&nbsp;Bedrohung und Schutz der Artenvielfalt\u201c. Mit&nbsp;Spielen<\/p>\n","protected":false},"author":1,"featured_media":0,"parent":3342,"menu_order":0,"comment_status":"closed","ping_status":"closed","template":"page-fullwidth.php","meta":{"footnotes":""},"class_list":["post-3345","page","type-page","status-publish","hentry"],"_links":{"self":[{"href":"https:\/\/zooschule-landau.de\/zooschule\/wp-json\/wp\/v2\/pages\/3345","targetHints":{"allow":["GET"]}}],"collection":[{"href":"https:\/\/zooschule-landau.de\/zooschule\/wp-json\/wp\/v2\/pages"}],"about":[{"href":"https:\/\/zooschule-landau.de\/zooschule\/wp-json\/wp\/v2\/types\/page"}],"author":[{"embeddable":true,"href":"https:\/\/zooschule-landau.de\/zooschule\/wp-json\/wp\/v2\/users\/1"}],"replies":[{"embeddable":true,"href":"https:\/\/zooschule-landau.de\/zooschule\/wp-json\/wp\/v2\/comments?post=3345"}],"version-history":[{"count":4,"href":"https:\/\/zooschule-landau.de\/zooschule\/wp-json\/wp\/v2\/pages\/3345\/revisions"}],"predecessor-version":[{"id":3358,"href":"https:\/\/zooschule-landau.de\/zooschule\/wp-json\/wp\/v2\/pages\/3345\/revisions\/3358"}],"up":[{"embeddable":true,"href":"https:\/\/zooschule-landau.de\/zooschule\/wp-json\/wp\/v2\/pages\/3342"}],"wp:attachment":[{"href":"https:\/\/zooschule-landau.de\/zooschule\/wp-json\/wp\/v2\/media?parent=3345"}],"curies":[{"name":"wp","href":"https:\/\/api.w.org\/{rel}","templated":true}]}}