{"id":3339,"date":"2021-06-22T13:21:06","date_gmt":"2021-06-22T11:21:06","guid":{"rendered":"https:\/\/zooschule-landau.de\/zooschule\/?page_id=3339"},"modified":"2023-01-11T08:28:41","modified_gmt":"2023-01-11T07:28:41","slug":"zoo-natur-erlebnistage","status":"publish","type":"page","link":"https:\/\/zooschule-landau.de\/zooschule\/projekte\/zoo-natur-erlebnistage\/","title":{"rendered":"Zoo-Natur-Erlebnistage"},"content":{"rendered":"\n<h2 class=\"wp-block-heading\">Projektbeschreibung<\/h2>\n\n\n\n<div class=\"wp-block-columns has-3-columns is-layout-flex wp-container-core-columns-is-layout-9d6595d7 wp-block-columns-is-layout-flex\">\n<div class=\"wp-block-column is-layout-flow wp-block-column-is-layout-flow\">\n<figure class=\"wp-block-image\"><img loading=\"lazy\" decoding=\"async\" width=\"2000\" height=\"690\" src=\"https:\/\/zooschule-landau.de\/zooschule\/wp-content\/uploads\/2019\/07\/Rheinland-Pfalz_Logo.svg_.png\" alt=\"\" class=\"wp-image-2188\"\/><\/figure>\n\n\n\n<p><\/p>\n<\/div>\n\n\n\n<div class=\"wp-block-column is-layout-flow wp-block-column-is-layout-flow\">\n<p style=\"text-align:center\">\nDieses Projekt wird unterst\u00fctzt und gef\u00f6rdert durch die <a href=\"https:\/\/aktion-gruen.de\/\">Aktion Gr\u00fcn<\/a> des Landes Rheinland-Pfalz.\n\n<\/p>\n<\/div>\n\n\n\n<div class=\"wp-block-column is-layout-flow wp-block-column-is-layout-flow\">\n<div class=\"wp-block-image\"><figure class=\"alignright is-resized\"><img loading=\"lazy\" decoding=\"async\" src=\"https:\/\/zooschule-landau.de\/zooschule\/wp-content\/uploads\/2019\/02\/Aktion_Gruen-Kopie.png\" alt=\"\" class=\"wp-image-1875\" width=\"203\" height=\"124\" srcset=\"https:\/\/zooschule-landau.de\/zooschule\/wp-content\/uploads\/2019\/02\/Aktion_Gruen-Kopie.png 812w, https:\/\/zooschule-landau.de\/zooschule\/wp-content\/uploads\/2019\/02\/Aktion_Gruen-Kopie-300x183.png 300w, https:\/\/zooschule-landau.de\/zooschule\/wp-content\/uploads\/2019\/02\/Aktion_Gruen-Kopie-768x469.png 768w, https:\/\/zooschule-landau.de\/zooschule\/wp-content\/uploads\/2019\/02\/Aktion_Gruen-Kopie-555x340.png 555w, https:\/\/zooschule-landau.de\/zooschule\/wp-content\/uploads\/2019\/02\/Aktion_Gruen-Kopie-360x220.png 360w, https:\/\/zooschule-landau.de\/zooschule\/wp-content\/uploads\/2019\/02\/Aktion_Gruen-Kopie-260x160.png 260w, https:\/\/zooschule-landau.de\/zooschule\/wp-content\/uploads\/2019\/02\/Aktion_Gruen-Kopie-394x242.png 394w, https:\/\/zooschule-landau.de\/zooschule\/wp-content\/uploads\/2019\/02\/Aktion_Gruen-Kopie-252x155.png 252w, https:\/\/zooschule-landau.de\/zooschule\/wp-content\/uploads\/2019\/02\/Aktion_Gruen-Kopie-750x460.png 750w, https:\/\/zooschule-landau.de\/zooschule\/wp-content\/uploads\/2019\/02\/Aktion_Gruen-Kopie-340x210.png 340w, https:\/\/zooschule-landau.de\/zooschule\/wp-content\/uploads\/2019\/02\/Aktion_Gruen-Kopie-570x350.png 570w\" sizes=\"auto, (max-width: 203px) 100vw, 203px\" \/><\/figure><\/div>\n\n\n\n<p><\/p>\n<\/div>\n<\/div>\n\n\n\n<h3 class=\"wp-block-heading\">Zoo-Natur-Erlebnistage f\u00fcr <strong>Zweitkl\u00e4ssler <\/strong>&#8211; Ein Schuljahr f\u00fcr den Schutz der Vogelvielfalt <\/h3>\n\n\n\n<div style=\"height:10px\" aria-hidden=\"true\" class=\"wp-block-spacer\"><\/div>\n\n\n<div class=\"wp-block-image\">\n<figure class=\"alignright size-large is-resized\"><img loading=\"lazy\" decoding=\"async\" src=\"https:\/\/zooschule-landau.de\/zooschule\/wp-content\/uploads\/2023\/01\/Zooschule-Tiere-schuetzen-1400x972.jpg\" alt=\"\" class=\"wp-image-3691\" width=\"350\" height=\"243\" srcset=\"https:\/\/zooschule-landau.de\/zooschule\/wp-content\/uploads\/2023\/01\/Zooschule-Tiere-schuetzen-1400x972.jpg 1400w, https:\/\/zooschule-landau.de\/zooschule\/wp-content\/uploads\/2023\/01\/Zooschule-Tiere-schuetzen-300x208.jpg 300w, https:\/\/zooschule-landau.de\/zooschule\/wp-content\/uploads\/2023\/01\/Zooschule-Tiere-schuetzen-768x533.jpg 768w, https:\/\/zooschule-landau.de\/zooschule\/wp-content\/uploads\/2023\/01\/Zooschule-Tiere-schuetzen-1536x1066.jpg 1536w, https:\/\/zooschule-landau.de\/zooschule\/wp-content\/uploads\/2023\/01\/Zooschule-Tiere-schuetzen-2048x1422.jpg 2048w\" sizes=\"auto, (max-width: 350px) 100vw, 350px\" \/><\/figure><\/div>\n\n\n<p>Sch\u00fclerinnen und Sch\u00fcler der zweiten Klassen aus Schulen&nbsp;in&nbsp;Landau und der Region&nbsp;(22 Klassen insgesamt) werden mit ihren Klassenlehrern\/ -lehrerinnen&nbsp;am Anfang des Schuljahres 2021\/22 zu einem \u201eZoo-Natur-Erlebnistag\u201c in den Zoo Landau eingeladen. Hier&nbsp;werden&nbsp;sie als Schulklasse auf einem Zoorundgang&nbsp;gemeinsam&nbsp;tier-\/naturbezogene Erfahrungen sammeln. Am Ende der Veranstaltung werden sie motiviert, sich ein Schuljahr lang mit Vogelvielfalt und -schutz im eigenen Lebensumfeld (heimischer Garten, Schulgel\u00e4nde \u2026), aber auch weltweit (mit Bezug zu exotischen Vogelarten im Landauer Zoo) zu befassen. Dazu erhalten sie&nbsp;als Geschenk&nbsp;unterst\u00fctzend eine \u201eForschermappe\u201c und das Kinderbuch \u201eMein erster&nbsp;Tier- und Pflanzenf\u00fchrer\u201c, zwei Printmedien, die prim\u00e4r in der Schule, aber&nbsp;auch&nbsp;zu Hause genutzt werden k\u00f6nnen.&nbsp;&nbsp;<\/p>\n\n\n\n<p>Das Projekt ist so angelegt, dass&nbsp;der Vogelschutzgedanke \u00fcber den Schulunterricht hinausgehend in die Familien der Kinder&nbsp;und in die (Landauer) Bev\u00f6lkerung einflie\u00dfen&nbsp;kann.&nbsp;Das&nbsp;projektbezogene&nbsp;Engagement der Schulklassen wird durch flankierende Ma\u00dfnahmen der Zooschule&nbsp;unterst\u00fctzt.&nbsp;So erhalten die Lehrkr\u00e4fte&nbsp;eine&nbsp;didaktische&nbsp;Begleitmappe&nbsp;sowie im Rahmen einer Informationsveranstaltung im Zoo eine ausf\u00fchrliche Einf\u00fchrung in das Projekt.&nbsp;&nbsp;Jede Schulklasse erh\u00e4lt die M\u00f6glichkeit zu&nbsp;einem&nbsp;weiteren,&nbsp;kostenfreien&nbsp;Besuch der Zooschule.&nbsp;Ein Ferienprogramm sowie digitale Angebote f\u00fcr Lehrkr\u00e4fte und Kinder runden das Projekt ab.&nbsp;Bildungseinrichtungen im Netzwerk Umweltbildung S\u00fcdpfalz mit einem vogelschutzbezogenen Veranstaltungsprogramm werden in das Projekt einbezogen. Das Projekt wurde in \u00e4hnlicher Form im Schuljahr 2018\/19 mit Erstkl\u00e4sslern durchgef\u00fchrt und 2019 im Rahmen der UN-Dekade \u201eBiologische Vielfalt\u201c ausgezeichnet.&nbsp;<\/p>\n\n\n\n<div class=\"wp-block-file aligncenter\"><a id=\"wp-block-file--media-17252e85-3e24-4748-b42a-97ca8e44b4eb\" href=\"https:\/\/zooschule-landau.de\/zooschule\/wp-content\/uploads\/2021\/06\/Einladung-Schulen-Zoo-Natur-Erlebnistage-1.pdf\">Einladung Schulen Zoo-Natur-Erlebnistage<\/a><a href=\"https:\/\/zooschule-landau.de\/zooschule\/wp-content\/uploads\/2021\/06\/Einladung-Schulen-Zoo-Natur-Erlebnistage-1.pdf\" class=\"wp-block-file__button wp-element-button\" download aria-describedby=\"wp-block-file--media-17252e85-3e24-4748-b42a-97ca8e44b4eb\">Herunterladen<\/a><\/div>\n\n\n\n<div class=\"wp-block-file aligncenter\"><a id=\"wp-block-file--media-dd17ca47-5833-4c5b-b06f-e6a3c97b174e\" href=\"https:\/\/zooschule-landau.de\/zooschule\/wp-content\/uploads\/2021\/06\/Informationen-zu-den-Zoo-Natur-Erlebnistagen-1.pdf\">Informationen zu den Zoo-Natur-Erlebnistagen<\/a><a href=\"https:\/\/zooschule-landau.de\/zooschule\/wp-content\/uploads\/2021\/06\/Informationen-zu-den-Zoo-Natur-Erlebnistagen-1.pdf\" class=\"wp-block-file__button wp-element-button\" download aria-describedby=\"wp-block-file--media-dd17ca47-5833-4c5b-b06f-e6a3c97b174e\">Herunterladen<\/a><\/div>\n\n\n\n<div class=\"wp-block-file aligncenter\"><a id=\"wp-block-file--media-d3954776-d855-4038-bbcb-30f07b2bb292\" href=\"https:\/\/zooschule-landau.de\/zooschule\/wp-content\/uploads\/2021\/06\/Anmeldeformular-Zoo-Natur-Erlebnistage-1.pdf\">Anmeldeformular Zoo-Natur-Erlebnistage<\/a><a href=\"https:\/\/zooschule-landau.de\/zooschule\/wp-content\/uploads\/2021\/06\/Anmeldeformular-Zoo-Natur-Erlebnistage-1.pdf\" class=\"wp-block-file__button wp-element-button\" download aria-describedby=\"wp-block-file--media-d3954776-d855-4038-bbcb-30f07b2bb292\">Herunterladen<\/a><\/div>\n\n\n<div class=\"wp-block-image\">\n<figure class=\"aligncenter\"><img loading=\"lazy\" decoding=\"async\" width=\"864\" height=\"598\" src=\"https:\/\/zooschule-landau.de\/zooschule\/wp-content\/uploads\/2019\/02\/projektuebersicht.png\" alt=\"\" class=\"wp-image-1840\" srcset=\"https:\/\/zooschule-landau.de\/zooschule\/wp-content\/uploads\/2019\/02\/projektuebersicht.png 864w, https:\/\/zooschule-landau.de\/zooschule\/wp-content\/uploads\/2019\/02\/projektuebersicht-300x208.png 300w, https:\/\/zooschule-landau.de\/zooschule\/wp-content\/uploads\/2019\/02\/projektuebersicht-768x532.png 768w\" sizes=\"auto, (max-width: 864px) 100vw, 864px\" \/><figcaption class=\"wp-element-caption\">\u00dcbersicht \u00fcber das Projekt <\/figcaption><\/figure><\/div>","protected":false},"excerpt":{"rendered":"<p>Projektbeschreibung Zoo-Natur-Erlebnistage f\u00fcr Zweitkl\u00e4ssler &#8211; Ein Schuljahr f\u00fcr den Schutz der Vogelvielfalt Sch\u00fclerinnen und Sch\u00fcler der zweiten Klassen aus Schulen&nbsp;in&nbsp;Landau und der Region&nbsp;(22 Klassen insgesamt) werden mit ihren Klassenlehrern\/ -lehrerinnen&nbsp;am Anfang des Schuljahres 2021\/22 zu einem \u201eZoo-Natur-Erlebnistag\u201c in den Zoo Landau eingeladen. Hier&nbsp;werden&nbsp;sie als Schulklasse auf einem Zoorundgang&nbsp;gemeinsam&nbsp;tier-\/naturbezogene Erfahrungen sammeln. Am Ende der Veranstaltung werden<\/p>\n","protected":false},"author":1,"featured_media":0,"parent":3342,"menu_order":0,"comment_status":"closed","ping_status":"closed","template":"page-fullwidth.php","meta":{"footnotes":""},"class_list":["post-3339","page","type-page","status-publish","hentry"],"_links":{"self":[{"href":"https:\/\/zooschule-landau.de\/zooschule\/wp-json\/wp\/v2\/pages\/3339","targetHints":{"allow":["GET"]}}],"collection":[{"href":"https:\/\/zooschule-landau.de\/zooschule\/wp-json\/wp\/v2\/pages"}],"about":[{"href":"https:\/\/zooschule-landau.de\/zooschule\/wp-json\/wp\/v2\/types\/page"}],"author":[{"embeddable":true,"href":"https:\/\/zooschule-landau.de\/zooschule\/wp-json\/wp\/v2\/users\/1"}],"replies":[{"embeddable":true,"href":"https:\/\/zooschule-landau.de\/zooschule\/wp-json\/wp\/v2\/comments?post=3339"}],"version-history":[{"count":5,"href":"https:\/\/zooschule-landau.de\/zooschule\/wp-json\/wp\/v2\/pages\/3339\/revisions"}],"predecessor-version":[{"id":3692,"href":"https:\/\/zooschule-landau.de\/zooschule\/wp-json\/wp\/v2\/pages\/3339\/revisions\/3692"}],"up":[{"embeddable":true,"href":"https:\/\/zooschule-landau.de\/zooschule\/wp-json\/wp\/v2\/pages\/3342"}],"wp:attachment":[{"href":"https:\/\/zooschule-landau.de\/zooschule\/wp-json\/wp\/v2\/media?parent=3339"}],"curies":[{"name":"wp","href":"https:\/\/api.w.org\/{rel}","templated":true}]}}