{"id":3272,"date":"2021-04-21T12:21:34","date_gmt":"2021-04-21T10:21:34","guid":{"rendered":"http:\/\/zooschule-landau.de\/zooschule\/?page_id=3272"},"modified":"2025-03-03T08:35:30","modified_gmt":"2025-03-03T07:35:30","slug":"mitarbeit-im-studium","status":"publish","type":"page","link":"https:\/\/zooschule-landau.de\/zooschule\/ueber-uns\/mitarbeit-im-studium\/","title":{"rendered":"Mitarbeit im Studium"},"content":{"rendered":"\n<h2 class=\"wp-block-heading\">Mitarbeit im Studium<\/h2>\n\n\n\n<div style=\"height:20px\" aria-hidden=\"true\" class=\"wp-block-spacer\"><\/div>\n\n\n\n<div class=\"wp-block-file aligncenter\"><a id=\"wp-block-file--media-86eaffe4-a236-4e99-9968-d5b07622469f\" href=\"https:\/\/zooschule-landau.de\/zooschule\/wp-content\/uploads\/2025\/03\/Flyer-Verstaerkung-gesucht.pdf\"><strong>Info Flyer<\/strong><\/a><a href=\"https:\/\/zooschule-landau.de\/zooschule\/wp-content\/uploads\/2025\/03\/Flyer-Verstaerkung-gesucht.pdf\" class=\"wp-block-file__button wp-element-button\" download aria-describedby=\"wp-block-file--media-86eaffe4-a236-4e99-9968-d5b07622469f\"><strong>Herunterladen<\/strong><\/a><\/div>\n\n\n\n<div style=\"height:20px\" aria-hidden=\"true\" class=\"wp-block-spacer\"><\/div>\n\n\n<div class=\"wp-block-image\">\n<figure class=\"alignleft is-resized\"><img loading=\"lazy\" decoding=\"async\" src=\"https:\/\/zooschule-landau.de\/zooschule\/wp-content\/uploads\/2021\/04\/1-1400x1062.jpg\" alt=\"\" class=\"wp-image-3274\" width=\"350\" height=\"266\" srcset=\"https:\/\/zooschule-landau.de\/zooschule\/wp-content\/uploads\/2021\/04\/1-1400x1062.jpg 1400w, https:\/\/zooschule-landau.de\/zooschule\/wp-content\/uploads\/2021\/04\/1-300x228.jpg 300w, https:\/\/zooschule-landau.de\/zooschule\/wp-content\/uploads\/2021\/04\/1-768x583.jpg 768w\" sizes=\"auto, (max-width: 350px) 100vw, 350px\" \/><\/figure><\/div>\n\n\n<p>Studierende, die ein Lehramt anstreben, ben\u00f6tigen bereits in\nder ersten Ausbildungsphase Erfahrungsfelder, in denen Theorie und Praxis\nverkn\u00fcpft und das in den Seminaren erworbene theoretische Wissen praktisch\nangewendet werden kann. Die Zooschule wurde als ein solches <strong>Beobachtungs-,\nErfahrungs- und Experimentalfeld f\u00fcr Studierende<\/strong> eingerichtet. <\/p>\n\n\n<div class=\"wp-block-image\">\n<figure class=\"alignright is-resized\"><img loading=\"lazy\" decoding=\"async\" src=\"https:\/\/zooschule-landau.de\/zooschule\/wp-content\/uploads\/2021\/04\/4a-1400x966.jpg\" alt=\"\" class=\"wp-image-3273\" width=\"350\" height=\"242\" srcset=\"https:\/\/zooschule-landau.de\/zooschule\/wp-content\/uploads\/2021\/04\/4a-1400x966.jpg 1400w, https:\/\/zooschule-landau.de\/zooschule\/wp-content\/uploads\/2021\/04\/4a-300x207.jpg 300w, https:\/\/zooschule-landau.de\/zooschule\/wp-content\/uploads\/2021\/04\/4a-768x530.jpg 768w\" sizes=\"auto, (max-width: 350px) 100vw, 350px\" \/><\/figure><\/div>\n\n\n<p>W\u00e4hrend ihrer Mitarbeit lernen angehende Lehrerinnen\/ Lehrer\nund Studierende anderer Studieng\u00e4nge (P\u00e4dagogik, Psychlogie,\nUmwelwissenschaften) die Zooschule als eine Einrichtung f\u00fcr Bildung f\u00fcr\nnachhaltige Entwicklung kennen und k\u00f6nnen sie selbst mitgestalten. Sie k\u00f6nnen\nbildungsbezogene Ideen einbringen und erhalten die M\u00f6glichkeit, diese\numzusetzen. Sie sammeln wichtige Erfahrungen vor allem im unterrichtlichen Umgang\nmit Kindern. Sie lernen, Unterricht im Rahmen eines breiten Themenspektrums zu\nplanen, durchzuf\u00fchren und auszuwerten, sich flexibel auf immer neue\nBesuchergruppen und damit auf unterschiedliche Lernvoraussetzungen\neinzustellen. Durch ihre T\u00e4tigkeit als \u201eZoop\u00e4dagoginnen\u201c \/ \u201e-p\u00e4dagogen\u201c\nerwerben sie wichtige <strong>Kompetenzen und Qualifikationen f\u00fcr ihren zuk\u00fcnftigen\nBeruf.<\/strong> Zudem ist durch den Umgang mit allen Altersgruppen schon fr\u00fch eine Pr\u00fcfung\nder Berufswahl (Lehramt) m\u00f6glich. <\/p>\n\n\n\n<hr class=\"wp-block-separator has-css-opacity\"\/>\n\n\n\n<p>F\u00fcr Studierende ergeben sich folgende M\u00f6glichkeiten der\nMitarbeit:<\/p>\n\n\n\n<ul class=\"wp-block-list\">\n<li>eine <strong>dauerhafte\nMitarbeit<\/strong> \u00fcber mehrere Semester, idealerweise sogar w\u00e4hrend des gesamten\nStudiums. Hier ist die Studentin\/ der Student Mitglied des Zooschulteams und\nwird damit in alle Entwicklungen der Bildungseinrichtung eingebunden. Er\/ Sie darf\nnach einer Einarbeitungsphase eigenverantwortlich in der Zooschule unterrichten\nund Veranstaltungen leiten; damit kann sie\/ er auch ein Taschengeld verdienen. Bei\neiner dauerhaften Mitarbeit gelingt es besonders gut, soziale, personale und\nberufsbezogene Kompetenzen zu erwerben und auszubauen. Zum Abschluss erh\u00e4lt\nsie\/ er ein aussagekr\u00e4ftiges Zeugnis. Selbstverst\u00e4ndlich k\u00f6nnen auch sogenannte\n\u201eWorkloadpunkte\u201c erworben werden.&nbsp; <\/li>\n<\/ul>\n\n\n\n<ul class=\"wp-block-list\">\n<li>eine <strong>punktuelle\nMitarbeit<\/strong> im Rahmen von einzelnen Veranstaltungen (Workshops,\nKinderbetreuung, Aktionstagen \u2026) f\u00fcr sogenannte \u201eWorkloadpunkte\u201c.\nEigenverantwortliches Unterrichten ist nicht m\u00f6glich.<\/li>\n<\/ul>\n\n\n\n<ul class=\"wp-block-list\">\n<li>das Absolvieren eines <strong>Praktikums<\/strong>. W\u00e4hrend des Praktikums k\u00f6nnen Studierende im Rahmen\nihrer M\u00f6glichkeiten aktiv mitarbeiten. Eine Bezahlung ist jedoch nicht\nm\u00f6glich.&nbsp; &nbsp;&nbsp;&nbsp;&nbsp;&nbsp;&nbsp;<\/li>\n<\/ul>\n\n\n\n<hr class=\"wp-block-separator has-css-opacity\"\/>\n\n\n\n<p>Dar\u00fcber hinaus besteht die M\u00f6glichkeit, eine <strong>Pr\u00fcfungsarbeit (eine Bachelor-\/ oder\nMasterarbeit)<\/strong> im Umfeld der Zooschule zu verfassen. Dies ist vor allem f\u00fcr\ndie Studierenden eine sehr gute M\u00f6glichkeit, die dauerhaft mitarbeiten und mit\nden zoop\u00e4dagogischen Aktivit\u00e4ten vertraut sind.<\/p>\n\n\n\n<p>Weitere Informationen zur Mitarbeit erhalten interessierte Studierende von der Leiterin der Zooschule, Dr. Gudrun Hollstein: <a href=\"mailto:g.hollstein@rptu.de\">g.hollstein@rptu.de<\/a> . Es besteht auch die M\u00f6glichkeit, sich im Rahmen der zoop\u00e4dagogischen Sprechstunde beraten zu lassen: dienstags: 13.30 Uhr bis 15.00 Uhr, Tel.: 06341 \/ 137005. &nbsp;&nbsp;&nbsp;<\/p>\n","protected":false},"excerpt":{"rendered":"<p>Mitarbeit im Studium Studierende, die ein Lehramt anstreben, ben\u00f6tigen bereits in der ersten Ausbildungsphase Erfahrungsfelder, in denen Theorie und Praxis verkn\u00fcpft und das in den Seminaren erworbene theoretische Wissen praktisch angewendet werden kann. Die Zooschule wurde als ein solches Beobachtungs-, Erfahrungs- und Experimentalfeld f\u00fcr Studierende eingerichtet. W\u00e4hrend ihrer Mitarbeit lernen angehende Lehrerinnen\/ Lehrer und Studierende<\/p>\n","protected":false},"author":1,"featured_media":0,"parent":1236,"menu_order":0,"comment_status":"closed","ping_status":"closed","template":"page-fullwidth.php","meta":{"footnotes":""},"class_list":["post-3272","page","type-page","status-publish","hentry"],"_links":{"self":[{"href":"https:\/\/zooschule-landau.de\/zooschule\/wp-json\/wp\/v2\/pages\/3272","targetHints":{"allow":["GET"]}}],"collection":[{"href":"https:\/\/zooschule-landau.de\/zooschule\/wp-json\/wp\/v2\/pages"}],"about":[{"href":"https:\/\/zooschule-landau.de\/zooschule\/wp-json\/wp\/v2\/types\/page"}],"author":[{"embeddable":true,"href":"https:\/\/zooschule-landau.de\/zooschule\/wp-json\/wp\/v2\/users\/1"}],"replies":[{"embeddable":true,"href":"https:\/\/zooschule-landau.de\/zooschule\/wp-json\/wp\/v2\/comments?post=3272"}],"version-history":[{"count":5,"href":"https:\/\/zooschule-landau.de\/zooschule\/wp-json\/wp\/v2\/pages\/3272\/revisions"}],"predecessor-version":[{"id":4147,"href":"https:\/\/zooschule-landau.de\/zooschule\/wp-json\/wp\/v2\/pages\/3272\/revisions\/4147"}],"up":[{"embeddable":true,"href":"https:\/\/zooschule-landau.de\/zooschule\/wp-json\/wp\/v2\/pages\/1236"}],"wp:attachment":[{"href":"https:\/\/zooschule-landau.de\/zooschule\/wp-json\/wp\/v2\/media?parent=3272"}],"curies":[{"name":"wp","href":"https:\/\/api.w.org\/{rel}","templated":true}]}}