{"id":3094,"date":"2021-03-05T15:56:17","date_gmt":"2021-03-05T14:56:17","guid":{"rendered":"http:\/\/zooschule-landau.de\/zooschule\/?page_id=3094"},"modified":"2023-03-11T20:35:05","modified_gmt":"2023-03-11T19:35:05","slug":"vor-und-nachbereitung","status":"publish","type":"page","link":"https:\/\/zooschule-landau.de\/zooschule\/services\/vor-und-nachbereitung\/","title":{"rendered":"Vor- und Nachbereitung"},"content":{"rendered":"\n<h3 class=\"wp-block-heading\"><strong>Angebote zur Vor- und Nachbereitung<\/strong><\/h3>\n\n\n\n<p><a href=\"https:\/\/zooschule-landau.de\/zooschule\/services\/sprechstunde\/\">Telefonische Sprechstunde<\/a><\/p>\n\n\n\n<p>Zu diesen\nUnterrichtsthemen erhalten Lehrkr\u00e4fte, Erzieher und Erzieherinnen kostenfrei\neinen&nbsp; <strong>Ordner mit Materialien, Fragestellungen und Impulsen<\/strong> zur\nvertiefenden Auseinandersetzung mit den Inhalten:<\/p>\n\n\n\n<ul class=\"wp-block-list\">\n<li>Achtung!\nPlastikm\u00fcll in unseren Ozeanen und Meeren<\/li>\n\n\n\n<li>Rund\nums Papier: \u201eWir tun was f\u00fcr W\u00e4lder!\u201c<\/li>\n\n\n\n<li>W\u00e4lder\nsch\u00fctzen durch Recycling-Papier!<\/li>\n\n\n\n<li>\u201eDie\nganze Welt in meinem Handy?\u201c Was Handys mit Artenschutz und sozialer\nGerechtigkeit zu tun haben.<\/li>\n\n\n\n<li>Ohne\nWasser \u2013 kein Leben<\/li>\n\n\n\n<li>Ein\nKindergeburtstag ohne M\u00fcll<\/li>\n\n\n\n<li>M\u00fcll\nin der Schultasche und im Klassenzimmer<\/li>\n\n\n\n<li>Aus\nalten Dinge neue machen \u2013 Mach mit in unserer Kreativwerkstatt<\/li>\n\n\n\n<li>Wir\nerkunden die Wunderwelt Boden<\/li>\n<\/ul>\n\n\n\n<p><strong>Diese Materialien k\u00f6nnen wir Ihnen f\u00fcr\nden Unterricht ausleihen:<\/strong><\/p>\n\n\n\n<ul class=\"wp-block-list\">\n<li><a href=\"http:\/\/www.kinderagenda.de\/ka1.htm#\">\u201eFit f\u00fcr die Zukunft\u201c \u2013 Kinder-Agenda Pfalz<\/a> (Band I): ein Mitmachbuch f\u00fcr Grundschulkinder <\/li>\n\n\n\n<li><a href=\"http:\/\/www.kinderagenda.de\/ka2.htm\">\u201eFit f\u00fcr die Zukunft\u201c \u2013 Kinder-Agenda Pfalz <\/a>(Band II): ein Mitmachbuch f\u00fcr Grundschulkinder<\/li>\n\n\n\n<li><a href=\"http:\/\/zooschule-landau.de\/zooschule\/wp-content\/uploads\/2021\/03\/entdeckerheft_gibbon.pdf\">\u201eEntdeckerheft \u201eGibbon<\/a>\u201c (Was k\u00f6nnen wir selbst zum Schutz des Gibbons tun? \u2013 f\u00fcr Klassen 3 und 4)<\/li>\n\n\n\n<li><a href=\"#nachhaltigkeitsspiel\">Das gro\u00dfe Nachhaltigkeitsw\u00fcrfelspiel<\/a> (4&#215;8 Meter)<\/li>\n\n\n\n<li><a href=\"#artenschutzkoffer\">WWF-Koffer zum Thema \u201eArtenvielfalt und Artenschutz<\/a>\u201c<\/li>\n\n\n\n<li>Forschermappe \u201eV\u00f6gel hier und anderswo\u201c (f\u00fcr Kinder der Klassen 1 und 2)<\/li>\n\n\n\n<li>Tu was f\u00fcr die V\u00f6gel! Jede Familie kann mitmachen! (Begleitmaterial zum Projekt \u201eZoo-Natur-Erlebnistage f\u00fcr Erstkl\u00e4ssler \u2013 ein Schuljahr f\u00fcr den Schutz der Vogelvielfalt<\/li>\n\n\n\n<li>Filme \u00fcber den Humboldt-Pinguin (Lebensweise, Bedrohung und Schutz)<\/li>\n\n\n\n<li>25 Gehegeschilder in englischer Sprache<\/li>\n\n\n\n<li>Zoof\u00fchrer in leichter Sprache<\/li>\n<\/ul>\n\n\n\n<p>Bitte wenden\nSie sich bei Bedarf an das Team der Zooschule: <a href=\"mailto:info@zooschule-landau.de\">info@zooschule-landau.de<\/a><\/p>\n\n\n\n<hr class=\"wp-block-separator has-css-opacity\"\/>\n\n\n\n<div style=\"height:50px\" aria-hidden=\"true\" class=\"wp-block-spacer\"><\/div>\n\n\n\n<h4 class=\"wp-block-heading\" id=\"nachhaltigkeitsspiel\">Verleih des gro\u00dfen W\u00fcrfelspiels zur Nachhaltigkeit f\u00fcr Gro\u00df und Klein  <\/h4>\n\n\n<div class=\"wp-block-image\">\n<figure class=\"alignright\"><img loading=\"lazy\" decoding=\"async\" width=\"370\" height=\"278\" src=\"https:\/\/zooschule-landau.de\/zooschule\/wp-content\/uploads\/2021\/03\/12_09_1.jpg\" alt=\"\" class=\"wp-image-3222\" srcset=\"https:\/\/zooschule-landau.de\/zooschule\/wp-content\/uploads\/2021\/03\/12_09_1.jpg 370w, https:\/\/zooschule-landau.de\/zooschule\/wp-content\/uploads\/2021\/03\/12_09_1-300x225.jpg 300w\" sizes=\"auto, (max-width: 370px) 100vw, 370px\" \/><\/figure><\/div>\n\n\n<p class=\"has-text-align-center\">Langweilige Schultests?<br>\u00d6de Arbeitsbl\u00e4tter?<br>Keine Idee f\u00fcr ein Schulfest?<\/p>\n\n\n\n<p>Hier kommt die L\u00f6sung! Ein spannendes 4x8m gro\u00dfes Spiel zum Testen und Erweitern des Wissens \u00fcber das Thema &#8222;Nachhaltig leben&#8220;.<\/p>\n\n\n\n<ul class=\"wp-block-list\">\n<li>Wie kann man Strom sparen?<\/li>\n\n\n\n<li>Was bedeutet das Siegel \u201eBlauer Engel\u201c?<\/li>\n\n\n\n<li>Wie viel Wasser wird f\u00fcr die Herstellung einer Jeans ben\u00f6tigt?<\/li>\n<\/ul>\n\n\n\n<p>Im Laufe des Spiels werden den Spielern Wissens- und Sch\u00e4tzfragen gestellt, die es zu l\u00f6sen gilt. Zudem erh\u00f6hen verschiedene Bonusfelder Spannung und Spa\u00df. Durch die drei verschiedenen            Schwierigkeitsgrade ist das Spiel geeignet f\u00fcr Spieler zwischen 6 und 99 Jahren.  Das Spiel kann von einer Person allein durchlaufen werden, es k\u00f6nnen aber auch Teams von je 2 bis 3 Spielern gegeneinander antreten. Die Spieler selbst sind dabei die Spielfiguren. <\/p>\n\n\n\n<p>Aufgrund der Nachfrage kann das Spiel, das sich schon am Tag zur Nachhaltigkeit 2012 in der Landauer Innenstadt gro\u00dfer Beliebtheit erfreute, jetzt auch ausgeliehen werden. In dem Spielpaket &#8222;Bist du fit f\u00fcr die Zukunft?&#8220; sind das 4x8m gro\u00dfe Spielfeld,  2 Spielkartens\u00e4tze, auf denen teilweise auch Erl\u00e4ute- rungen zu den Fragen stehen, sowie zwei gro\u00dfe Schaumstoffw\u00fcrfel enthalten. Bei Bedarf kann ein Zoo- p\u00e4dagoge zur                  Verf\u00fcgung gestellt werden, der als Spiel- leiter interessantes Hintergrundwissen vermitteln kann.                 <\/p>\n\n\n\n<p>Das Spiel kann unter <a href=\"mailto:info@zooschule-landau.de\">info@zooschule-landau.de<\/a> ausgeliehen werden. \u00dcber eine kleine Spende w\u00fcrden wir uns freien.<\/p>\n","protected":false},"excerpt":{"rendered":"<p>Angebote zur Vor- und Nachbereitung Telefonische Sprechstunde Zu diesen Unterrichtsthemen erhalten Lehrkr\u00e4fte, Erzieher und Erzieherinnen kostenfrei einen&nbsp; Ordner mit Materialien, Fragestellungen und Impulsen zur vertiefenden Auseinandersetzung mit den Inhalten: Diese Materialien k\u00f6nnen wir Ihnen f\u00fcr den Unterricht ausleihen: Bitte wenden Sie sich bei Bedarf an das Team der Zooschule: info@zooschule-landau.de Verleih des gro\u00dfen W\u00fcrfelspiels zur<\/p>\n","protected":false},"author":1,"featured_media":0,"parent":374,"menu_order":0,"comment_status":"closed","ping_status":"closed","template":"page-fullwidth.php","meta":{"footnotes":""},"class_list":["post-3094","page","type-page","status-publish","hentry"],"_links":{"self":[{"href":"https:\/\/zooschule-landau.de\/zooschule\/wp-json\/wp\/v2\/pages\/3094","targetHints":{"allow":["GET"]}}],"collection":[{"href":"https:\/\/zooschule-landau.de\/zooschule\/wp-json\/wp\/v2\/pages"}],"about":[{"href":"https:\/\/zooschule-landau.de\/zooschule\/wp-json\/wp\/v2\/types\/page"}],"author":[{"embeddable":true,"href":"https:\/\/zooschule-landau.de\/zooschule\/wp-json\/wp\/v2\/users\/1"}],"replies":[{"embeddable":true,"href":"https:\/\/zooschule-landau.de\/zooschule\/wp-json\/wp\/v2\/comments?post=3094"}],"version-history":[{"count":8,"href":"https:\/\/zooschule-landau.de\/zooschule\/wp-json\/wp\/v2\/pages\/3094\/revisions"}],"predecessor-version":[{"id":3749,"href":"https:\/\/zooschule-landau.de\/zooschule\/wp-json\/wp\/v2\/pages\/3094\/revisions\/3749"}],"up":[{"embeddable":true,"href":"https:\/\/zooschule-landau.de\/zooschule\/wp-json\/wp\/v2\/pages\/374"}],"wp:attachment":[{"href":"https:\/\/zooschule-landau.de\/zooschule\/wp-json\/wp\/v2\/media?parent=3094"}],"curies":[{"name":"wp","href":"https:\/\/api.w.org\/{rel}","templated":true}]}}