{"id":3083,"date":"2021-02-28T14:26:23","date_gmt":"2021-02-28T13:26:23","guid":{"rendered":"http:\/\/zooschule-landau.de\/zooschule\/?page_id=3083"},"modified":"2024-08-16T11:59:56","modified_gmt":"2024-08-16T09:59:56","slug":"bne-partnerschaft","status":"publish","type":"page","link":"https:\/\/zooschule-landau.de\/zooschule\/bne-partnerschaft\/","title":{"rendered":"BNE-Partnerschaft"},"content":{"rendered":"\n<h3 class=\"has-text-align-left wp-block-heading\"><strong>BNE-Partnerschaft<\/strong><\/h3>\n\n\n\n<p><strong>Netzwerk Bildung f\u00fcr nachhaltige Entwicklung Rheinland-Pfalz<\/strong><\/p>\n\n\n\n<p>Das <strong>Netzwerk BNE-Schulen in Rheinland-Pfalz<\/strong> l\u00f6ste 2010 das Netzwerk\n\u00f6kologisch profilierter Schulen (<strong>N\u00f6koSch<\/strong>) ab. <strong>Das Netzwerk der\nBNE-Schulen<\/strong>&nbsp;ist das gr\u00f6\u00dfte und \u00e4lteste Netzwerk in\nRheinland-Pfalz.&nbsp;Es umfasst derzeit mehr als 80 Schulen. Weitere\nInformationen finden Sie hier: <a href=\"https:\/\/nachhaltigkeit.bildung-rp.de\/schulische-netzwerke\/bne-schulen.html\">https:\/\/nachhaltigkeit.bildung-rp.de\/schulische-netzwerke\/bne-schulen.html<\/a><\/p>\n\n\n\n<p><strong>Zertifizierung zur BNE-Schule<\/strong><\/p>\n\n\n\n<p>Schulen, welche im Bereich Bildung f\u00fcr nachhaltige\nEntwicklung t\u00e4tig sind, k\u00f6nnen sich nach einem Kriterienkatalog zertifizieren\nlassen. Ab Schuljahr 2019\/20 werden Zertifizierungen f\u00fcr Schulen&nbsp;nach\neinem mehrstufigen Modell vorgenommen. Eine fortlaufende\nRezertifizierung&nbsp;ist in einem Zeitraum von vier Jahren vorgesehen! <\/p>\n\n\n\n<p><strong>Zooschule Landau als Kooperationspartner<\/strong> <\/p>\n\n\n\n<p>Wenn sich Ihre Schule als BNE-Schule zertifizieren lassen m\u00f6chte, ben\u00f6tigen Sie mindesten einen au\u00dferschulischen Partner. Die Zooschule Landau bietet sich Ihnen als Partner an. Wir beraten Sie gerne, helfen Ihnen bei der Durchf\u00fchrung Ihrer BNE-Projekten und gestalten auch zusammen mit Ihnen Aktionen und Veranstaltungen. Rufen Sie uns an (s. Sprechstunde) oder schreiben Sie uns: <a href=\"mailto:info@zooschule-landau.de\">info@zooschule-landau.de<\/a>. Wir freuen uns auf die Zusammenarbeit mit Ihnen!  <\/p>\n\n\n\n<p><strong>Kooperationspartner der Zooschule Landau <\/strong><\/p>\n\n\n\n<p>G\u00e4uschule in B\u00f6bingen (BNE-Partnerschaft seit 2022)<br>Eduard-Spranger-Gymnasium (Bildungspartnerschaft seit 2016)<\/p>\n","protected":false},"excerpt":{"rendered":"<p>BNE-Partnerschaft Netzwerk Bildung f\u00fcr nachhaltige Entwicklung Rheinland-Pfalz Das Netzwerk BNE-Schulen in Rheinland-Pfalz l\u00f6ste 2010 das Netzwerk \u00f6kologisch profilierter Schulen (N\u00f6koSch) ab. Das Netzwerk der BNE-Schulen&nbsp;ist das gr\u00f6\u00dfte und \u00e4lteste Netzwerk in Rheinland-Pfalz.&nbsp;Es umfasst derzeit mehr als 80 Schulen. Weitere Informationen finden Sie hier: https:\/\/nachhaltigkeit.bildung-rp.de\/schulische-netzwerke\/bne-schulen.html Zertifizierung zur BNE-Schule Schulen, welche im Bereich Bildung f\u00fcr nachhaltige Entwicklung<\/p>\n","protected":false},"author":1,"featured_media":0,"parent":0,"menu_order":0,"comment_status":"closed","ping_status":"closed","template":"page-fullwidth.php","meta":{"footnotes":""},"class_list":["post-3083","page","type-page","status-publish","hentry"],"_links":{"self":[{"href":"https:\/\/zooschule-landau.de\/zooschule\/wp-json\/wp\/v2\/pages\/3083","targetHints":{"allow":["GET"]}}],"collection":[{"href":"https:\/\/zooschule-landau.de\/zooschule\/wp-json\/wp\/v2\/pages"}],"about":[{"href":"https:\/\/zooschule-landau.de\/zooschule\/wp-json\/wp\/v2\/types\/page"}],"author":[{"embeddable":true,"href":"https:\/\/zooschule-landau.de\/zooschule\/wp-json\/wp\/v2\/users\/1"}],"replies":[{"embeddable":true,"href":"https:\/\/zooschule-landau.de\/zooschule\/wp-json\/wp\/v2\/comments?post=3083"}],"version-history":[{"count":2,"href":"https:\/\/zooschule-landau.de\/zooschule\/wp-json\/wp\/v2\/pages\/3083\/revisions"}],"predecessor-version":[{"id":4015,"href":"https:\/\/zooschule-landau.de\/zooschule\/wp-json\/wp\/v2\/pages\/3083\/revisions\/4015"}],"wp:attachment":[{"href":"https:\/\/zooschule-landau.de\/zooschule\/wp-json\/wp\/v2\/media?parent=3083"}],"curies":[{"name":"wp","href":"https:\/\/api.w.org\/{rel}","templated":true}]}}