{"id":3063,"date":"2021-02-28T14:05:01","date_gmt":"2021-02-28T13:05:01","guid":{"rendered":"http:\/\/zooschule-landau.de\/zooschule\/?page_id=3063"},"modified":"2024-03-07T21:23:48","modified_gmt":"2024-03-07T20:23:48","slug":"leitbild","status":"publish","type":"page","link":"https:\/\/zooschule-landau.de\/zooschule\/leitbild\/","title":{"rendered":"Leitbild"},"content":{"rendered":"<div class=\"wp-block-image\">\n<figure class=\"aligncenter size-full is-resized\"><img decoding=\"async\" src=\"https:\/\/zooschule-landau.de\/zooschule\/wp-content\/uploads\/2024\/03\/Logo_mit_Schrift_farbig.png\" alt=\"Logo Zooschule\" class=\"wp-image-3931\" width=\"400\"\/><\/figure><\/div>\n\n\n<h3 class=\"has-text-align-center wp-block-heading\"><strong>Leitbild der Zooschule Landau<\/strong><\/h3>\n\n\n\n<div class=\"wp-block-file\"><a id=\"wp-block-file--media-0e1e1812-7406-414c-8dcb-ad2d02bf883e\" href=\"https:\/\/zooschule-landau.de\/zooschule\/wp-content\/uploads\/2021\/02\/Leitbild-der-Zooschule-Landau-2020.pdf\">Unser Leitbild als PDF<\/a><a href=\"https:\/\/zooschule-landau.de\/zooschule\/wp-content\/uploads\/2021\/02\/Leitbild-der-Zooschule-Landau-2020.pdf\" class=\"wp-block-file__button wp-element-button\" download aria-describedby=\"wp-block-file--media-0e1e1812-7406-414c-8dcb-ad2d02bf883e\">Herunterladen<\/a><\/div>\n\n\n\n<h4 class=\"wp-block-heading\">Pr\u00e4ambel:<\/h4>\n\n\n\n<p>Die Zooschule Landau versteht sich als eine Einrichtung f\u00fcr Bildung f\u00fcr nachhaltige Entwicklung \u2013 nicht nur in ihrer Funktion als Lernort f\u00fcr Kinder, Jugendliche und Erwachsene, sondern auch in ihrer Funktion als Praxisfeld f\u00fcr die Lehramtsstudierenden der Universit\u00e4t Koblenz-Landau.<\/p>\n\n\n\n<p class=\"has-text-align-center\"><strong>Unser Leitbild f\u00fcr die Zooschule<br> in ihrer Funktion als Lernort f\u00fcr Kinder, Jugendliche und Erwachsene:<\/strong><\/p>\n\n\n\n<p><em>Unsere Leits\u00e4tze:<\/em><\/p>\n\n\n\n<ul class=\"wp-block-list\">\n<li>Wir unterst\u00fctzen aktiv die Bildung f\u00fcr nachhaltige Entwicklung.<\/li>\n\n\n\n<li>Wir legen den Schwerpunkt unserer Arbeit auf die Erziehung und Bildung zum Natur-, Umwelt-, Arten- und Tierschutz.<\/li>\n\n\n\n<li>Wir gestalten ein breites Bildungsangebot, das sich in inklusiver Weise an Menschen aus allen Kulturkreisen und Bildungsschichten richtet.<\/li>\n\n\n\n<li>Wir orientieren uns bei der Konzeption des Zooschulunterrichts an aktuellen Lehr- und Lernkonzepten f\u00fcr die vorschulische und schulische Bildung.<\/li>\n\n\n\n<li>Wir \u00f6ffnen unsere Einrichtung f\u00fcr Kooperation und Vernetzung.<\/li>\n<\/ul>\n\n\n\n<p><em>Unser Leitbild im Einzelnen:<\/em><\/p>\n\n\n\n<p><strong>Wir unterst\u00fctzen aktiv die Bildung f\u00fcr nachhaltige Entwicklung.<\/strong><\/p>\n\n\n\n<p>Wir orientieren uns am Leitbild der nachhaltigen Entwicklung.<\/p>\n\n\n\n<p>Wir unterst\u00fctzen Lernprozesse, die Menschen dazu bef\u00e4higen, gemeinsam mit anderen Menschen Entwicklungsprozesse nachhaltig (d.h. gegenwarts- und zukunftsorientiert) und verantwortlich zu gestalten.<\/p>\n\n\n\n<p>Wir vermitteln Wissen \u00fcber die Schl\u00fcsselprobleme \u201eVerlust der Artenvielfalt\u201c, \u201eZerst\u00f6rung der \u00d6kosysteme\u201c und \u201evom Menschen verursachter Klimawandel\u201c und zeigen, darauf bezogen, globale Zusammenh\u00e4nge auf.<\/p>\n\n\n\n<p>Wir erm\u00f6glichen eine mehrperspektivische (\u00f6kologische, soziale, \u00f6konomische und politische) Betrachtung globaler Probleme.<\/p>\n\n\n\n<p>Wir f\u00f6rdern die Entwicklung von Kompetenzen, die notwendig sind, um den Heraus-forderungen des 21. Jahrhunderts gewachsen zu sein.<\/p>\n\n\n\n<p>Wir betonen in unseren Bildungsveranstaltungen die Werte \u201eGerechtigkeit\u201c und \u201eVerantwortung\u201c. Die \u201eErd-Charta\u201c ist f\u00fcr uns eine wichtige Leitlinie. Sie ist Bestandteil des ethischen Rahmens unserer Bildungsarbeit.<\/p>\n\n\n\n<p>Wir regen die Teilnehmerinnen und Teilnehmer unserer Veranstaltungen an, sich gegenw\u00e4rtig und zuk\u00fcnftig f\u00fcr die Erhaltung von \u00d6kosystemen und f\u00fcr soziale Gerechtigkeit auf der ganzen Welt zu engagieren.<\/p>\n\n\n\n<p>Wir f\u00fchren \u201egr\u00fcne\u201c Umweltbildung und entwicklungspolitische Bildung zusammen und erm\u00f6glichen globales Lernen.<\/p>\n\n\n\n<p>Wir f\u00f6rdern eine offene Grundhaltung, Empathief\u00e4higkeit und Respekt allen Menschen und Kulturen gegen\u00fcber.<\/p>\n\n\n\n<p>Wir machen Kinder und Jugendliche mit fremden Kulturen vertraut und f\u00f6rdern damit das interkulturelle und globale Lernen.<\/p>\n\n\n\n<p>Wir nutzen die Grenzn\u00e4he zu Frankreich und f\u00fchren in speziellen Veranstaltungen Kinder aus Deutschland und Frankreich zum gemeinsamen Lernen \u00fcber weltweite \u201eSchl\u00fcsselprobleme\u201c zusammen.<\/p>\n\n\n\n<p>Wir sind uns unserer Vorbildfunktion bewusst und gestalten deshalb den Alltag in unserer Einrichtung umweltgerecht und nachhaltig.<\/p>\n\n\n\n<p><strong>Wir legen den Schwerpunkt unserer Arbeit auf die Erziehung und Bildung zum Natur-, Umwelt-, Arten- und Tierschutz.<\/strong><\/p>\n\n\n\n<p>Wir sch\u00e4rfen den Blick f\u00fcr die weltweite Artenvielfalt und wecken damit Freude und Interesse an der Vielfalt von Lebewesen und Lebensr\u00e4umen \u2013 auch im eigenen Lebensumfeld.<\/p>\n\n\n\n<p>Wir vermitteln Menschen den hohen Wert der Artenvielfalt und der Vielfalt von \u00d6kosystemen und machen deutlich, dass Biodiversit\u00e4t unsere Lebensgrundlage darstellt.<\/p>\n\n\n\n<p>Wir zeigen, dass diese Vielfalt durch menschliches Handeln bedroht ist, und schaffen Verst\u00e4ndnis f\u00fcr die Wichtigkeit des Umwelt-, Arten- und Naturschutzes.<\/p>\n\n\n\n<p>Wir zeigen die besondere Rolle der Zoologischen G\u00e4rten im weltweiten Artenschutz auf und verdeutlichen dies exemplarisch an den Artenschutzma\u00dfnahmen des Landauer Zoos.<\/p>\n\n\n\n<p>Wir f\u00f6rdern einen verantwortungsvollen Umgang mit Tieren und orientieren uns dabei an der Ethik Albert Schweitzers \u201eEhrfurcht vor dem Leben\u201c.<\/p>\n\n\n\n<p>Wir zeigen, wie jeder Mensch durch seine Lebensf\u00fchrung einen Beitrag zur Erhaltung der Biodiversit\u00e4t leisten kann.<\/p>\n\n\n\n<p>Wir sch\u00e4rfen die visuelle Wahrnehmung und f\u00fchren in grundlegende naturwissenschaftliche Arbeitsweisen ein.<\/p>\n\n\n\n<p><strong>Wir gestalten ein Bildungsangebot, das sich in inklusiver Weise an Menschen aus allen Kulturkreisen und Bildungsschichten richtet.<\/strong><\/p>\n\n\n\n<p>Wir realisieren eine inklusive, gerechte und hochwertige Bildung und M\u00f6glichkeiten lebenslangen Lernens f\u00fcr alle. Richtungsweisend ist f\u00fcr uns die Agenda 2030 (Ziel 4).<\/p>\n\n\n\n<p>Wir verstehen unsere Bildungsangebote als inklusive Angebote. Das hei\u00dft, sie stehen allen Menschen, unabh\u00e4ngig von ihrem kulturellen Hintergrund und unabh\u00e4ngig von k\u00f6rperlichen und geistigen Beeintr\u00e4chtigungen, offen.<\/p>\n\n\n\n<p>Wir realisieren Bildungsveranstaltungen f\u00fcr unterschiedliche Zielgruppen und legen den Schwerpunkt unserer Bildungsarbeit auf die Zielgruppe \u201eKinder und Jugendliche\u201c.<\/p>\n\n\n\n<p><strong>Wir orientieren uns bei der Konzeption von Bildungsprogrammen an aktuellen Lehr- und Lernkonzepten f\u00fcr die vorschulische und schulische Bildung.<\/strong><\/p>\n\n\n\n<p>Wir orientieren uns bei der Gestaltung von Zooschulunterricht an konstruktivistischen Lerntheorien und f\u00f6rdern selbstst\u00e4ndiges\/ selbstt\u00e4tiges und handlungsorientiertes Lernen.<\/p>\n\n\n\n<p>Wir f\u00f6rdern forschendes und entdeckendes Lernen.<\/p>\n\n\n\n<p>Wir verbinden im Unterricht das Erleben von Tieren, die Wissensvermittlung, die Sensibilisierung f\u00fcr Werte und die F\u00f6rderung von Kompetenzen miteinander.<\/p>\n\n\n\n<p>Wir denken mit Sch\u00fclerinnen und Sch\u00fclern \u00fcber zentrale Lebensfragen und Werte kritisch nach; das Philosophieren mit Kindern geh\u00f6rt zu unserem Bildungsprogramm.<\/p>\n\n\n\n<p><strong>Wir \u00f6ffnen unsere Einrichtung f\u00fcr Kooperation und Vernetzung.<\/strong><\/p>\n\n\n\n<p>Wir kooperieren mit Instituten der Universit\u00e4t Koblenz-Landau, um Expertenwissen f\u00fcr die Weiterentwicklung und Evaluation der Bildungsprogramme zu nutzen.<\/p>\n\n\n\n<p>Wir stimmen unsere Bildungsziele und unser Bildungsprogramm mit den Zielsetzungen und Projekten des Landauer Zoos ab.<\/p>\n\n\n\n<p>Wir kooperieren prim\u00e4r mit Studienseminaren der zweiten Lehrerbildungsphase, aber auch mit Schulen und Kinderg\u00e4rten, um unsere Bildungsprogramme im Hinblick auf die aktuellen Lehrpl\u00e4ne anschlussf\u00e4hig zu gestalten.<\/p>\n\n\n\n<p>Wir vernetzen uns mit anderen Umweltbildungseinrichtungen in der Region, um Synergien zu nutzen.<\/p>\n\n\n\n<p>Wir kooperieren mit st\u00e4dtischen Einrichtungen der Stadt Landau und dem Landkreis S\u00fcdliche Weinstra\u00dfe, um Bildungspartnerschaften einzugehen.<\/p>\n\n\n\n<p class=\"has-text-align-center\"><strong>Unser Leitbild f\u00fcr die Zooschule<br>in ihrer Funktion als Praxisfeld f\u00fcr Lehramtsstudierende:<\/strong><\/p>\n\n\n\n<p><em>Unsere Leits\u00e4tze:<\/em><\/p>\n\n\n\n<ul class=\"wp-block-list\">\n<li>Wir gestalten die Zooschule als ein Beobachtungs-, Erfahrungs- und Experimentalfeld f\u00fcr Lehramtsstudierende aus.<\/li>\n\n\n\n<li>Wir sorgen f\u00fcr eine gr\u00fcndliche Ausbildung der Studierenden als Grundlage f\u00fcr die p\u00e4dagogische Arbeit in unserer Einrichtung.<\/li>\n\n\n\n<li>Wir unterst\u00fctzen die Lehramtsstudierenden bei der Entwicklung ihrer personalen, sozialen und berufsbezogenen Kompetenzen.<\/li>\n\n\n\n<li>Wir legen gro\u00dfen Wert auf die Partizipation der Studierenden.<\/li>\n\n\n\n<li>Wir \u00f6ffnen unsere Einrichtung in ihrer Funktion als Praxisfeld f\u00fcr Lehramtsstudierende f\u00fcr Kooperationen.<\/li>\n<\/ul>\n\n\n\n<p><em>Unser Leitbild im Einzelnen:<\/em><\/p>\n\n\n\n<p><strong>Wir gestalten die Zooschule als ein Beobachtungs-, Erfahrungs- und Experimentalfeld f\u00fcr Lehramtsstudierende aus.<\/strong><\/p>\n\n\n\n<p>Wir bieten Studierenden die M\u00f6glichkeit, nach einer Ausbildungsphase eigenverantwortlich Kinder und Jugendliche im Rahmen unseres Bildungsprogramms zu unterrichten.<\/p>\n\n\n\n<p>Wir bieten Studierenden die M\u00f6glichkeit, bei Bildungsveranstaltungen zu hospitieren und unterst\u00fctzend mitzuwirken, ein Praktikum in der Zooschule zu absolvieren und in Projekten aktiv mitzuarbeiten.<\/p>\n\n\n\n<p>Wir bieten Studierenden im Rahmen von (universit\u00e4ren) Lehrveranstaltungen die M\u00f6glichkeit, die Zooschule zu besuchen, um die Bildungseinrichtung mit ihren Zielsetzungen und Arbeitsweisen und\/oder ausgew\u00e4hlte Unterrichtseinheiten im Sinne einer Unterrichtsmitschau kennenzulernen.<\/p>\n\n\n\n<p>Wir ermutigen Studierende zur Entwicklung neuer Unterrichtkonzepte (insbesondere bei der Verkn\u00fcpfung von Theorie und Praxis) und unterst\u00fctzen sie bei der Planung und Erprobung von Unterrichtseinheiten in unserer Einrichtung.<\/p>\n\n\n\n<p><strong>Wir sorgen f\u00fcr eine gr\u00fcndliche Ausbildung der Studierenden als Grundlage f\u00fcr die p\u00e4dagogische Arbeit in unserer Einrichtung.<\/strong><\/p>\n\n\n\n<p>Wir realisieren die Aus- und Fortbildung der Studierenden in enger Kooperation mit der Universit\u00e4t Koblenz-Landau (Institut f\u00fcr Bildung im Kindes- und Jugendalter).<\/p>\n\n\n\n<p>Wir bieten den Studierenden f\u00fcr ihre Mitarbeit in der Zooschule einen systematischen Aufbau ihrer Aus- und Fortbildung einschlie\u00dflich Begleitseminare zur zoop\u00e4dagogischen Arbeit in der universit\u00e4ren Vorlesungszeit und Praktika in der Tierpflege des Landauer Zoos.<\/p>\n\n\n\n<p>Wir vermitteln Studierenden Wissen \u00fcber \u00d6kologie und Zoologie, \u00fcber Nachhaltigkeit und Umweltbildung\/ Bildung f\u00fcr nachhaltige Entwicklung.<\/p>\n\n\n\n<p><strong>Wir unterst\u00fctzen die Lehramtsstudierenden bei der Entwicklung ihrer personalen, sozialen und berufsbezogenen Kompetenzen.<\/strong><\/p>\n\n\n\n<p>Wir erm\u00f6glichen den Studierenden zur Entwicklung sozialer Kompetenzen, Bildungsveranstaltungen gemeinsam mit einem Partner\/ einer Partnerin oder in der Gruppe zu planen und im \u201eTeamteaching\u201c umzusetzen.<\/p>\n\n\n\n<p>Wir begleiten die Studierenden bei der Planung und Durchf\u00fchrung von Zooschulunterricht und \u201ecoachen\u201c sie beim Ausbau ihrer berufsbezogenen Kompetenzen.<\/p>\n\n\n\n<p>Wir st\u00e4rken die personalen Kompetenzen der Studierenden, indem wir ihnen schrittweise gr\u00f6\u00dfere Verantwortung f\u00fcr die Durchf\u00fchrung von zunehmend anspruchsvolleren Bildungsveranstaltungen geben.<\/p>\n\n\n\n<p>Wir evaluieren alle von Studierenden durchgef\u00fchrten Lehrveranstaltungen, um weiteres Entwicklungspotenzial im Bereich der personalen, sozialen und berufsbezogenen Kompetenzen zu identifizieren.<\/p>\n\n\n\n<p><strong>Wir legen gro\u00dfen Wert auf die Partizipation der Studierenden.<\/strong><\/p>\n\n\n\n<p>Wir gestalten im Team das Jahresprogramm der Zooschule.<\/p>\n\n\n\n<p>Wir entscheiden gemeinsam \u00fcber Ver\u00e4nderungen im Bildungsprogramm.<\/p>\n\n\n\n<p>Wir beziehen die Studierenden in alle institutionellen Entwicklungsprozesse ein.<\/p>\n\n\n\n<p><strong>Wir \u00f6ffnen unsere Einrichtung in ihrer Funktion als Praxisfeld f\u00fcr Lehramtsstudierende f\u00fcr Kooperationen.<\/strong><\/p>\n\n\n\n<p>Wir kooperieren mit der Universit\u00e4t-Koblenz-Landau, Campus Landau, um die dortige Forschung und Lehrerbildung zur Ausgestaltung der Zooschule als Praxisfeld zu nutzen.<\/p>\n\n\n\n<p>Wir kooperieren mit Experten und Expertinnen (u.a. aus dem Umfeld Zoologischer G\u00e4rten, Umweltbildungseinrichtungen, Forst\u00e4mtern und sozialen Einrichtungen) zur Optimierung unserer Einrichtung als Praxisfeld f\u00fcr Lehramtsstudierende.<\/p>\n","protected":false},"excerpt":{"rendered":"<p>Leitbild der Zooschule Landau Pr\u00e4ambel: Die Zooschule Landau versteht sich als eine Einrichtung f\u00fcr Bildung f\u00fcr nachhaltige Entwicklung \u2013 nicht nur in ihrer Funktion als Lernort f\u00fcr Kinder, Jugendliche und Erwachsene, sondern auch in ihrer Funktion als Praxisfeld f\u00fcr die Lehramtsstudierenden der Universit\u00e4t Koblenz-Landau. Unser Leitbild f\u00fcr die Zooschule in ihrer Funktion als Lernort f\u00fcr<\/p>\n","protected":false},"author":1,"featured_media":0,"parent":0,"menu_order":0,"comment_status":"closed","ping_status":"closed","template":"page-fullwidth.php","meta":{"footnotes":""},"class_list":["post-3063","page","type-page","status-publish","hentry"],"_links":{"self":[{"href":"https:\/\/zooschule-landau.de\/zooschule\/wp-json\/wp\/v2\/pages\/3063","targetHints":{"allow":["GET"]}}],"collection":[{"href":"https:\/\/zooschule-landau.de\/zooschule\/wp-json\/wp\/v2\/pages"}],"about":[{"href":"https:\/\/zooschule-landau.de\/zooschule\/wp-json\/wp\/v2\/types\/page"}],"author":[{"embeddable":true,"href":"https:\/\/zooschule-landau.de\/zooschule\/wp-json\/wp\/v2\/users\/1"}],"replies":[{"embeddable":true,"href":"https:\/\/zooschule-landau.de\/zooschule\/wp-json\/wp\/v2\/comments?post=3063"}],"version-history":[{"count":12,"href":"https:\/\/zooschule-landau.de\/zooschule\/wp-json\/wp\/v2\/pages\/3063\/revisions"}],"predecessor-version":[{"id":3941,"href":"https:\/\/zooschule-landau.de\/zooschule\/wp-json\/wp\/v2\/pages\/3063\/revisions\/3941"}],"wp:attachment":[{"href":"https:\/\/zooschule-landau.de\/zooschule\/wp-json\/wp\/v2\/media?parent=3063"}],"curies":[{"name":"wp","href":"https:\/\/api.w.org\/{rel}","templated":true}]}}