{"id":3054,"date":"2021-02-26T12:04:38","date_gmt":"2021-02-26T11:04:38","guid":{"rendered":"http:\/\/zooschule-landau.de\/zooschule\/?page_id=3054"},"modified":"2021-02-26T12:10:41","modified_gmt":"2021-02-26T11:10:41","slug":"anreise","status":"publish","type":"page","link":"https:\/\/zooschule-landau.de\/zooschule\/anreise\/","title":{"rendered":"Anreise"},"content":{"rendered":"\n<h1 class=\"wp-block-heading\">Anreise mit den \u00f6ffentlichen Verkehrsmitteln<\/h1>\n\n\n\n<p><strong>Helfen Sie CO<sub>2<\/sub>-Aussto\u00df zu vermeiden!<\/strong> Nutzen Sie \u00f6ffentliche Verkehrsmittel! Mit dem <strong>Verkehrsverbund Rhein-Neckar GmbH, VRN<\/strong>\n gelangt man st\u00fcndlich vom Hauptbahnhof Landau bis zu den zoonahen \nHaltestellen &#8222;Zoo&#8220; oder &#8222;Alter Messplatz&#8220; und zur\u00fcck. Vom Westbahnhof \nLandau ist der Zoo \u00fcber &#8222;An 44&#8220; und &#8222;Am Kronwerk&#8220; in ca. 10 bis 15 min. \nzu Fu\u00df erreichbar.<\/p>\n\n\n\n<ul class=\"wp-block-list\"><li><a href=\"http:\/\/reiseauskunft.bahn.de\/bin\/query.exe\/dn?advancedProductMode=1&amp;journeyProducts=504&amp;Z=Landau%20%28Pfalz%29%20Hbf&amp;\" target=\"_blank\" rel=\"noreferrer noopener\">Online-Auskunft f\u00fcr Ihre Bahnverbindung<\/a><\/li><li><a href=\"https:\/\/www.vrn.de\/mng\/#\/XSLT_TRIP_REQUEST2@init\">Informationen f\u00fcr Ihre Anreise mit \u00f6ffentlichen Verkehrsmitteln<\/a><\/li><li><a href=\"https:\/\/de.omio.com\/reisen\/landau-in-der-pfalz\">Informationen f\u00fcr Ihre Anreise \u00fcber die Plattform &#8218;omio&#8216;<\/a><\/li><\/ul>\n\n\n\n<h1 class=\"wp-block-heading\">&nbsp;Anfahrt mit dem PKW<\/h1>\n\n\n\n<div class=\"wp-block-image\"><figure class=\"alignright is-resized\"><img loading=\"lazy\" decoding=\"async\" src=\"http:\/\/zooschule-landau.de\/zooschule\/wp-content\/uploads\/2021\/02\/anreise.png\" alt=\"\" class=\"wp-image-3055\" width=\"400\" height=\"400\" srcset=\"https:\/\/zooschule-landau.de\/zooschule\/wp-content\/uploads\/2021\/02\/anreise.png 800w, https:\/\/zooschule-landau.de\/zooschule\/wp-content\/uploads\/2021\/02\/anreise-150x150.png 150w, https:\/\/zooschule-landau.de\/zooschule\/wp-content\/uploads\/2021\/02\/anreise-300x300.png 300w, https:\/\/zooschule-landau.de\/zooschule\/wp-content\/uploads\/2021\/02\/anreise-768x768.png 768w, https:\/\/zooschule-landau.de\/zooschule\/wp-content\/uploads\/2021\/02\/anreise-90x90.png 90w, https:\/\/zooschule-landau.de\/zooschule\/wp-content\/uploads\/2021\/02\/anreise-360x360.png 360w, https:\/\/zooschule-landau.de\/zooschule\/wp-content\/uploads\/2021\/02\/anreise-64x64.png 64w\" sizes=\"auto, (max-width: 400px) 100vw, 400px\" \/><figcaption>\u00a9 openstreetmap.org<\/figcaption><\/figure><\/div>\n\n\n\n<ul class=\"wp-block-list\"><li>von Karlsruhe, Neustadt\/W. und Ludwigshafen \u2192 A 65 (AB Abf. LD-Nord)<\/li><li>von Saarbr\u00fccken\/Pirmasens \u2192 B 10 (Abf. Klinik, Universit\u00e4t, Zoo)<\/li><li>von Speyer \u2192 B 9 &#8211; B 272 (Abf. Landau)<\/li><li>von Kaiserslautern \u2192 B 39 &#8211; A 65 (AB Abf. LD-Nord)<\/li><\/ul>\n\n\n\n<p>Von Autobahnabfahrt (A 65) \nLandau-Nord, Richtung Landau, am Kreisel geradeaus auf die &#8222;Neust\u00e4dter \nStra\u00dfe&#8220;, weiter auf die &#8222;Godramsteiner Stra\u00dfe&#8220;, dann an der \nAmpelkreuzung links in die &#8222;Hindenburgstra\u00dfe&#8220;. Von den sonstigen \nZufahrtsstra\u00dfen und vom Innenstadtring ist der Anfahrtsweg zum Zoo mit \ndem Dromedar-Piktogramm und\/oder &#8222;Zoo&#8220; ausgeschildert. Beachten Sie \nansonsten Hinweise Richtung &#8222;Universit\u00e4t&#8220; und Parkplatz &#8222;Alter \nMessplatz&#8220;.<\/p>\n\n\n\n<h1 class=\"wp-block-heading\">&nbsp;Parkm\u00f6glichkeiten<\/h1>\n\n\n\n<p>Gegen\u00fcber dem Zoohaupteingang und \nentlang der Hindenburgstr. finden Autofahrer an Werktagen \ngeb\u00fchrenpflichtige Parkpl\u00e4tze (u.a. empfehlen wir ein&nbsp;<strong>Tagesticket = gelbe T1-Taste<\/strong>).\n Hier und direkt vor dem Nebeneingang finden sich auch gekennzeichnete \nParkpl\u00e4tze f\u00fcr Menschen mit Behinderungen. Weitere geb\u00fchrenpflichtige \nParkm\u00f6glichkeiten befinden sich auf dem Parkplatz &#8222;Alter Messplatz&#8220; ca. \n250 m vom Haupteingang entfernt.<\/p>\n\n\n\n<h1 class=\"wp-block-heading\">&nbsp;Hinweis f\u00fcr Schul- und Reisebusse<\/h1>\n\n\n\n<p>Direkt am neuen Haupteingang des Zoos \n(Hindenburgstr. 14) finden Sie eine gro\u00dfz\u00fcgige Haltebucht zum sicheren \nAus- und Einsteigen der Fahrg\u00e4ste. Geb\u00fchrenpflichtige Busparkpl\u00e4tze \nfinden sich auf dem Parkplatz &#8222;Alter Messplatz&#8220; ca. 250 m vom \nHaupteingang entfernt.<\/p>\n","protected":false},"excerpt":{"rendered":"<p>Anreise mit den \u00f6ffentlichen Verkehrsmitteln Helfen Sie CO2-Aussto\u00df zu vermeiden! Nutzen Sie \u00f6ffentliche Verkehrsmittel! Mit dem Verkehrsverbund Rhein-Neckar GmbH, VRN gelangt man st\u00fcndlich vom Hauptbahnhof Landau bis zu den zoonahen Haltestellen &#8222;Zoo&#8220; oder &#8222;Alter Messplatz&#8220; und zur\u00fcck. Vom Westbahnhof Landau ist der Zoo \u00fcber &#8222;An 44&#8220; und &#8222;Am Kronwerk&#8220; in ca. 10 bis 15 min.<\/p>\n","protected":false},"author":1,"featured_media":0,"parent":0,"menu_order":0,"comment_status":"closed","ping_status":"closed","template":"page-fullwidth.php","meta":{"footnotes":""},"class_list":["post-3054","page","type-page","status-publish","hentry"],"_links":{"self":[{"href":"https:\/\/zooschule-landau.de\/zooschule\/wp-json\/wp\/v2\/pages\/3054","targetHints":{"allow":["GET"]}}],"collection":[{"href":"https:\/\/zooschule-landau.de\/zooschule\/wp-json\/wp\/v2\/pages"}],"about":[{"href":"https:\/\/zooschule-landau.de\/zooschule\/wp-json\/wp\/v2\/types\/page"}],"author":[{"embeddable":true,"href":"https:\/\/zooschule-landau.de\/zooschule\/wp-json\/wp\/v2\/users\/1"}],"replies":[{"embeddable":true,"href":"https:\/\/zooschule-landau.de\/zooschule\/wp-json\/wp\/v2\/comments?post=3054"}],"version-history":[{"count":4,"href":"https:\/\/zooschule-landau.de\/zooschule\/wp-json\/wp\/v2\/pages\/3054\/revisions"}],"predecessor-version":[{"id":3062,"href":"https:\/\/zooschule-landau.de\/zooschule\/wp-json\/wp\/v2\/pages\/3054\/revisions\/3062"}],"wp:attachment":[{"href":"https:\/\/zooschule-landau.de\/zooschule\/wp-json\/wp\/v2\/media?parent=3054"}],"curies":[{"name":"wp","href":"https:\/\/api.w.org\/{rel}","templated":true}]}}