{"id":2949,"date":"2020-10-18T15:47:03","date_gmt":"2020-10-18T13:47:03","guid":{"rendered":"http:\/\/zooschule-landau.de\/zooschule\/?page_id=2949"},"modified":"2020-10-18T15:47:05","modified_gmt":"2020-10-18T13:47:05","slug":"corona","status":"publish","type":"page","link":"https:\/\/zooschule-landau.de\/zooschule\/services\/geburtstage\/corona\/","title":{"rendered":"Corona"},"content":{"rendered":"\n<h2 class=\"wp-block-heading\">Infos f\u00fcr die Ausrichtung eines Kindergeburtstages w\u00e4hrend der Corona-Krise <\/h2>\n\n\n\n<h4 class=\"wp-block-heading\"><strong>(Stand: 13. Oktober 2020)<\/strong><\/h4>\n\n\n\n<p>Bei einem Kindergeburtstag f\u00fcr Vierj\u00e4hrige\nk\u00f6nnen max. 4 Kinder (inkl. Geburtstagskind) mit einer jeweiligen Begleitperson\naus dem gleichen Haushalt teil\u00adnehmen. Der Kindergeburtstag dauert 2 Stunden\nund kostet 60 Euro plus Zoo\u00adeintritt 2,50 Euro pro Kind (ab 4 Jahre) und\n6&nbsp;Euro f\u00fcr jeden Erwachsene.<\/p>\n\n\n\n<p>Bei Geburtstagen f\u00fcr Kinder ab 5 Jahre (70\nEuro) k\u00f6nnen max. 9 Kids (inkl. Geburtstagskind) + 2 Begleitpersonen (Eltern\ndes Geburtstagskindes) teilnehmen.<\/p>\n\n\n\n<p>Die Geburtstagsschar wird zur vereinbarten\nZeit am Haupteingang vom Zoop\u00e4\u00addagogen\/ von der Zoop\u00e4dagogin abgeholt und\nstartet zu einem Erlebnisrundgang. Ein Lieblingstier kann bei der Anmeldung genannt\nwerden.<\/p>\n\n\n\n<p>Ein hautnaher Tierkontakt ist wegen der\nHygieneregelungen nicht m\u00f6glich.<\/p>\n\n\n\n<p>Die Kinder k\u00f6nnen mit der vorgeschriebenen Abstandswahrung in den R\u00e4um\u00adlichkeiten der Zooschule mitgebrachtes Essen und Trinken zu sich nehmen. Ent\u00adsprechend ben\u00f6tigtes <em>Mehrweggeschirr<\/em> muss mitgebracht und wieder mitge\u00adnommen werden.<\/p>\n\n\n\n<p>Kinder ab 6 Jahre m\u00fcssen im Geb\u00e4ude der\nZooschule einen Mund-Nasen-Schutz tragen, wenn sie das Geb\u00e4ude betreten. Am\nPlatz d\u00fcrfen sie ihn abnehmen, beim Gang zur Toilette muss er wieder aufgesetzt\nwerden.\n\nDer Zoo Landau ist w\u00e4hrend\nCorona gehalten, jeden Besucher schriftlich zu er\u00adfassen. Es besteht die\nM\u00f6glichkeit, den Erfassungsbogen \u00fcber die Homepage des Zoos <a href=\"http:\/\/www.zoo-landau.de\">www.zoo-landau.de<\/a>\nauf der 1. Seite (hinter der Kachel des Erdm\u00e4nnchens) herunterzuladen und\nbereits zu Hause pro Haushalt (Eltern des Geburtstagskin\u00addes) auszuf\u00fcllen.\nSollte ein vorzeitiges Ausf\u00fcllen nicht m\u00f6glich sein, besteht dazu die\nM\u00f6glichkeit an der Zookasse. Dort ist der ausgef\u00fcllte Erfassungsbogen auch ab\u00adzugeben.\n\n\n\n<\/p>\n\n\n\n<table class=\"wp-block-table\"><tbody><tr><td> <strong>Die Zoop\u00e4dagogin\/ der Zoop\u00e4dagoge sorgt daf\u00fcr, dass die Hygieneregeln im Rahmen der Veranstaltung konsequent eingehalten werden. Der aktuelle Hygieneplan f\u00fcr Bildungsveranstaltungen in der Zooschule Landau ist im Zooschulgeb\u00e4ude einsehbar.<\/strong> <\/td><\/tr><\/tbody><\/table>\n\n\n\n<div class=\"wp-block-columns has-2-columns is-layout-flex wp-container-core-columns-is-layout-9d6595d7 wp-block-columns-is-layout-flex\"><\/div>\n","protected":false},"excerpt":{"rendered":"<p>Infos f\u00fcr die Ausrichtung eines Kindergeburtstages w\u00e4hrend der Corona-Krise (Stand: 13. Oktober 2020) Bei einem Kindergeburtstag f\u00fcr Vierj\u00e4hrige k\u00f6nnen max. 4 Kinder (inkl. Geburtstagskind) mit einer jeweiligen Begleitperson aus dem gleichen Haushalt teil\u00adnehmen. Der Kindergeburtstag dauert 2 Stunden und kostet 60 Euro plus Zoo\u00adeintritt 2,50 Euro pro Kind (ab 4 Jahre) und 6&nbsp;Euro f\u00fcr jeden<\/p>\n","protected":false},"author":1,"featured_media":0,"parent":378,"menu_order":1,"comment_status":"closed","ping_status":"closed","template":"page-fullwidth.php","meta":{"footnotes":""},"class_list":["post-2949","page","type-page","status-publish","hentry"],"_links":{"self":[{"href":"https:\/\/zooschule-landau.de\/zooschule\/wp-json\/wp\/v2\/pages\/2949","targetHints":{"allow":["GET"]}}],"collection":[{"href":"https:\/\/zooschule-landau.de\/zooschule\/wp-json\/wp\/v2\/pages"}],"about":[{"href":"https:\/\/zooschule-landau.de\/zooschule\/wp-json\/wp\/v2\/types\/page"}],"author":[{"embeddable":true,"href":"https:\/\/zooschule-landau.de\/zooschule\/wp-json\/wp\/v2\/users\/1"}],"replies":[{"embeddable":true,"href":"https:\/\/zooschule-landau.de\/zooschule\/wp-json\/wp\/v2\/comments?post=2949"}],"version-history":[{"count":4,"href":"https:\/\/zooschule-landau.de\/zooschule\/wp-json\/wp\/v2\/pages\/2949\/revisions"}],"predecessor-version":[{"id":2953,"href":"https:\/\/zooschule-landau.de\/zooschule\/wp-json\/wp\/v2\/pages\/2949\/revisions\/2953"}],"up":[{"embeddable":true,"href":"https:\/\/zooschule-landau.de\/zooschule\/wp-json\/wp\/v2\/pages\/378"}],"wp:attachment":[{"href":"https:\/\/zooschule-landau.de\/zooschule\/wp-json\/wp\/v2\/media?parent=2949"}],"curies":[{"name":"wp","href":"https:\/\/api.w.org\/{rel}","templated":true}]}}