{"id":2867,"date":"2020-04-19T00:01:12","date_gmt":"2020-04-18T22:01:12","guid":{"rendered":"http:\/\/zooschule-landau.de\/zooschule\/?page_id=2867"},"modified":"2020-04-17T12:36:02","modified_gmt":"2020-04-17T10:36:02","slug":"19-04","status":"publish","type":"page","link":"https:\/\/zooschule-landau.de\/zooschule\/19-04\/","title":{"rendered":"19.04."},"content":{"rendered":"\n<h2 class=\"wp-block-heading\">19. April 2020<\/h2>\n\n\n\n<div class=\"wp-block-button aligncenter\"><a class=\"wp-block-button__link has-text-color has-very-dark-gray-color has-background\" href=\"https:\/\/zooschule-landau.de\/zooschule\/online-ferienprogramm\/\" style=\"background-color:#b5d17d\">Zur\u00fcck zur Tages-\u00dcbersicht<br><\/a><\/div>\n\n\n\n<h3 class=\"wp-block-heading\"><strong>Hallo Kinder, heute endet unser Programm.<\/strong><\/h3>\n\n\n\n<div class=\"wp-block-image\"><figure class=\"alignleft is-resized\"><img loading=\"lazy\" decoding=\"async\" src=\"http:\/\/zooschule-landau.de\/zooschule\/wp-content\/uploads\/2020\/04\/storchdromi-1400x1201.jpg\" alt=\"\" class=\"wp-image-2882\" width=\"350\" height=\"300\" srcset=\"https:\/\/zooschule-landau.de\/zooschule\/wp-content\/uploads\/2020\/04\/storchdromi-1400x1201.jpg 1400w, https:\/\/zooschule-landau.de\/zooschule\/wp-content\/uploads\/2020\/04\/storchdromi-300x257.jpg 300w, https:\/\/zooschule-landau.de\/zooschule\/wp-content\/uploads\/2020\/04\/storchdromi-768x659.jpg 768w, https:\/\/zooschule-landau.de\/zooschule\/wp-content\/uploads\/2020\/04\/storchdromi.jpg 1428w\" sizes=\"auto, (max-width: 350px) 100vw, 350px\" \/><figcaption> Bild: Julia Haubs <\/figcaption><\/figure><\/div>\n\n\n\n<p><strong>Wir hoffen, dass es euch\ngefallen hat! <\/strong><strong>Bis bald mal wieder im Zoo\nLandau! <\/strong><\/p>\n\n\n\n<p><strong>Euer Zooschulteam!<\/strong><\/p>\n\n\n\n<br style=\"clear:both\" ;=\"\">\n<br>\n\n\n\n<hr class=\"wp-block-separator\"\/>\n\n\n\n<h3 class=\"wp-block-heading\"><strong>Komm, mach mit! Wir retten unseren Planeten! <\/strong><\/h3>\n\n\n\n<div class=\"wp-block-image\"><figure class=\"alignleft is-resized\"><img loading=\"lazy\" decoding=\"async\" src=\"http:\/\/zooschule-landau.de\/zooschule\/wp-content\/uploads\/2020\/04\/dorfdromi19.jpg\" alt=\"\" class=\"wp-image-2868\" width=\"381\" height=\"237\"\/><figcaption> Bild: Julia Haubs<\/figcaption><\/figure><\/div>\n\n\n\n<p>Hier gibt es viele kleine und gro\u00dfe Ideen, wie wir sorgsam mit unserer Erde umgehen k\u00f6nnen. Lies jeden Tag die Seiten aus der Kinder-Agenda Pfalz und mach mit! Bist du mit dabei?<\/p>\n\n\n\n<div class=\"wp-block-file\"><a href=\"http:\/\/zooschule-landau.de\/zooschule\/wp-content\/uploads\/2020\/04\/Bilde-dir-eine-eigene-Meinung-\u00fcber-Windkraft-Anlagen.pdf\">Bilde dir eine eigene Meinung \u00fcber Windkraft-Anlagen!<\/a><a href=\"http:\/\/zooschule-landau.de\/zooschule\/wp-content\/uploads\/2020\/04\/Bilde-dir-eine-eigene-Meinung-\u00fcber-Windkraft-Anlagen.pdf\" class=\"wp-block-file__button\" download>Herunterladen<\/a><\/div>\n\n\n\n<br style=\"clear:both\" ;=\"\">\n<br>\n\n\n\n<div class=\"wp-block-image\"><figure class=\"aligncenter is-resized\"><img loading=\"lazy\" decoding=\"async\" src=\"http:\/\/zooschule-landau.de\/zooschule\/wp-content\/uploads\/2020\/04\/Prinz-Alfred-Hirsch-Ausmalblatt-ZGAP.png\" alt=\"\" class=\"wp-image-2870\" width=\"422\" height=\"298\"\/><\/figure><\/div>\n\n\n\n<div class=\"wp-block-file aligncenter\"><a href=\"http:\/\/zooschule-landau.de\/zooschule\/wp-content\/uploads\/2020\/04\/Prinz-Alfred-Hirsch-Ausmalblatt-ZGAP.pdf\">Prinz-Alfred-Hirsch Ausmalblatt ZGAP<\/a><a href=\"http:\/\/zooschule-landau.de\/zooschule\/wp-content\/uploads\/2020\/04\/Prinz-Alfred-Hirsch-Ausmalblatt-ZGAP.pdf\" class=\"wp-block-file__button\" download>Herunterladen<\/a><\/div>\n\n\n\n<hr class=\"wp-block-separator\"\/>\n\n\n\n<h3 class=\"wp-block-heading\"><strong>Allerlei: Basteln, Spielen, Werken, R\u00e4tsel <\/strong><\/h3>\n\n\n\n<p>M\u00f6chtest du dein Zimmer etwas versch\u00f6nern oder hast Spa\u00df daran, neue Spiele auszuprobieren? <strong>Hier findest du t\u00e4glich dazu tolle Ideen. <\/strong>Nat\u00fcrlich wollen wir dabei die Umwelt schonen: <strong>wenig M\u00fcll produzieren und sparsam mit Materialien umgehen<\/strong>. Deshalb findest du fast alles, was du f\u00fcr das Basteln ben\u00f6tigst, in der Abfalltonne, im Haushalt oder auf einem Spaziergang. Du wirst \u00fcberrascht sein, was sich aus Abf\u00e4llen und Naturmaterialien alles zaubern l\u00e4sst!  Viel Spa\u00df beim Basteln und Ausprobieren! Gerne kannst du uns Fotos von deinen Ergebnissen schicken. Wir freuen uns schon darauf!<\/p>\n\n\n\n<div class=\"wp-block-image\"><figure class=\"aligncenter is-resized\"><img loading=\"lazy\" decoding=\"async\" src=\"http:\/\/zooschule-landau.de\/zooschule\/wp-content\/uploads\/2020\/04\/20200403_143544-e1587118103353-1400x1050.jpg\" alt=\"\" class=\"wp-image-2872\" width=\"350\" height=\"263\"\/><\/figure><\/div>\n\n\n\n<div class=\"wp-block-file aligncenter\"><a href=\"http:\/\/zooschule-landau.de\/zooschule\/wp-content\/uploads\/2020\/04\/Bastelanleitung-Brettspiel.pdf\">Bastelanleitung Brettspiel<\/a><a href=\"http:\/\/zooschule-landau.de\/zooschule\/wp-content\/uploads\/2020\/04\/Bastelanleitung-Brettspiel.pdf\" class=\"wp-block-file__button\" download>Herunterladen<\/a><\/div>\n\n\n\n<br style=\"clear:both\" ;=\"\">\n<br>\n\n\n\n<div class=\"wp-block-image\"><figure class=\"aligncenter is-resized\"><img loading=\"lazy\" decoding=\"async\" src=\"http:\/\/zooschule-landau.de\/zooschule\/wp-content\/uploads\/2020\/04\/Mobile-1400x1065.jpg\" alt=\"\" class=\"wp-image-2876\" width=\"350\" height=\"266\"\/><\/figure><\/div>\n\n\n\n<div class=\"wp-block-file aligncenter\"><a href=\"http:\/\/zooschule-landau.de\/zooschule\/wp-content\/uploads\/2020\/04\/Bastelanleitung-Lebensraum-Mobile.pdf\">Bastelanleitung Lebensraum &#8211; Mobile<\/a><a href=\"http:\/\/zooschule-landau.de\/zooschule\/wp-content\/uploads\/2020\/04\/Bastelanleitung-Lebensraum-Mobile.pdf\" class=\"wp-block-file__button\" download>Herunterladen<\/a><\/div>\n\n\n\n<div class=\"wp-block-file aligncenter\"><a href=\"http:\/\/zooschule-landau.de\/zooschule\/wp-content\/uploads\/2020\/04\/Malvorlagen.pdf\">Malvorlagen Lebensraum &#8211; Mobile<\/a><a href=\"http:\/\/zooschule-landau.de\/zooschule\/wp-content\/uploads\/2020\/04\/Malvorlagen.pdf\" class=\"wp-block-file__button\" download>Herunterladen<\/a><\/div>\n\n\n\n<br style=\"clear:both\" ;=\"\">\n<br>\n\n\n\n<div class=\"wp-block-image\"><figure class=\"aligncenter is-resized\"><img loading=\"lazy\" decoding=\"async\" src=\"http:\/\/zooschule-landau.de\/zooschule\/wp-content\/uploads\/2020\/04\/ausmalbild_windkraft5-964x1400.jpg\" alt=\"\" class=\"wp-image-2879\" width=\"350\" height=\"508\"\/><\/figure><\/div>\n\n\n\n<div class=\"wp-block-file aligncenter\"><a href=\"http:\/\/zooschule-landau.de\/zooschule\/wp-content\/uploads\/2020\/04\/ausmalbild_windkraft5-1.jpg\">Ausmalbild Windkraft<\/a><a href=\"http:\/\/zooschule-landau.de\/zooschule\/wp-content\/uploads\/2020\/04\/ausmalbild_windkraft5-1.jpg\" class=\"wp-block-file__button\" download>Herunterladen<\/a><\/div>\n\n\n\n<hr class=\"wp-block-separator\"\/>\n\n\n\n<h3 class=\"wp-block-heading\"><strong>Zum Schluss noch ein paar Bastelideen ohne Anleitung<\/strong><\/h3>\n\n\n\n<div class=\"wp-block-image\"><figure class=\"aligncenter is-resized\"><img loading=\"lazy\" decoding=\"async\" src=\"http:\/\/zooschule-landau.de\/zooschule\/wp-content\/uploads\/2020\/04\/Maus-aus-Heu-1400x931.jpg\" alt=\"\" class=\"wp-image-2883\" width=\"350\" height=\"233\" srcset=\"https:\/\/zooschule-landau.de\/zooschule\/wp-content\/uploads\/2020\/04\/Maus-aus-Heu-1400x931.jpg 1400w, https:\/\/zooschule-landau.de\/zooschule\/wp-content\/uploads\/2020\/04\/Maus-aus-Heu-300x200.jpg 300w, https:\/\/zooschule-landau.de\/zooschule\/wp-content\/uploads\/2020\/04\/Maus-aus-Heu-768x511.jpg 768w\" sizes=\"auto, (max-width: 350px) 100vw, 350px\" \/><figcaption>Maus aus Heu<\/figcaption><\/figure><\/div>\n\n\n\n<div class=\"wp-block-image\"><figure class=\"aligncenter is-resized\"><img loading=\"lazy\" decoding=\"async\" src=\"http:\/\/zooschule-landau.de\/zooschule\/wp-content\/uploads\/2020\/04\/Maske-Papiert\u00fcte-1400x931.jpg\" alt=\"\" class=\"wp-image-2884\" width=\"350\" height=\"233\"\/><figcaption>Maske aus einer Papiert\u00fcte<\/figcaption><\/figure><\/div>\n\n\n\n<div class=\"wp-block-image\"><figure class=\"aligncenter is-resized\"><img loading=\"lazy\" decoding=\"async\" src=\"http:\/\/zooschule-landau.de\/zooschule\/wp-content\/uploads\/2020\/04\/M\u00e4nnlein-1031x1400.jpg\" alt=\"\" class=\"wp-image-2885\" width=\"258\" height=\"350\" srcset=\"https:\/\/zooschule-landau.de\/zooschule\/wp-content\/uploads\/2020\/04\/M\u00e4nnlein-1031x1400.jpg 1031w, https:\/\/zooschule-landau.de\/zooschule\/wp-content\/uploads\/2020\/04\/M\u00e4nnlein-221x300.jpg 221w, https:\/\/zooschule-landau.de\/zooschule\/wp-content\/uploads\/2020\/04\/M\u00e4nnlein-768x1043.jpg 768w, https:\/\/zooschule-landau.de\/zooschule\/wp-content\/uploads\/2020\/04\/M\u00e4nnlein.jpg 1481w\" sizes=\"auto, (max-width: 258px) 100vw, 258px\" \/><figcaption>M\u00e4nnlein aus Konservendosen<\/figcaption><\/figure><\/div>\n\n\n\n<br style=\"clear:both\" ;=\"\">\n<br>\n\n\n\n<hr class=\"wp-block-separator\"\/>\n\n\n\n<h3 class=\"wp-block-heading\"><strong>Hast du&#8217;s gewusst?<\/strong><\/h3>\n\n\n\n<h4 class=\"wp-block-heading\">Zootier des Tages vom 18. April<\/h4>\n\n\n\n<div class=\"wp-block-image\"><figure class=\"aligncenter\"><img loading=\"lazy\" decoding=\"async\" width=\"3415\" height=\"2421\" src=\"http:\/\/zooschule-landau.de\/zooschule\/wp-content\/uploads\/2020\/04\/Waldhund.jpg\" alt=\"\" class=\"wp-image-2887\"\/><figcaption>Der Waldhund<\/figcaption><\/figure><\/div>\n\n\n\n<h4 class=\"wp-block-heading\">Wer kennt diesen Vogel vom 18. April<\/h4>\n\n\n\n<figure class=\"wp-block-image\"><img loading=\"lazy\" decoding=\"async\" width=\"2280\" height=\"2017\" src=\"http:\/\/zooschule-landau.de\/zooschule\/wp-content\/uploads\/2020\/04\/V-18-04.jpg\" alt=\"\" class=\"wp-image-2863\"\/><figcaption>Die Graugans  \u00a9Hardy Holte<\/figcaption><\/figure>\n","protected":false},"excerpt":{"rendered":"<p>19. April 2020 Hallo Kinder, heute endet unser Programm. Wir hoffen, dass es euch gefallen hat! Bis bald mal wieder im Zoo Landau! Euer Zooschulteam! Komm, mach mit! Wir retten unseren Planeten! Hier gibt es viele kleine und gro\u00dfe Ideen, wie wir sorgsam mit unserer Erde umgehen k\u00f6nnen. Lies jeden Tag die Seiten aus der<\/p>\n","protected":false},"author":1,"featured_media":0,"parent":0,"menu_order":0,"comment_status":"closed","ping_status":"closed","template":"page-fullwidth.php","meta":{"footnotes":""},"class_list":["post-2867","page","type-page","status-publish","hentry"],"_links":{"self":[{"href":"https:\/\/zooschule-landau.de\/zooschule\/wp-json\/wp\/v2\/pages\/2867","targetHints":{"allow":["GET"]}}],"collection":[{"href":"https:\/\/zooschule-landau.de\/zooschule\/wp-json\/wp\/v2\/pages"}],"about":[{"href":"https:\/\/zooschule-landau.de\/zooschule\/wp-json\/wp\/v2\/types\/page"}],"author":[{"embeddable":true,"href":"https:\/\/zooschule-landau.de\/zooschule\/wp-json\/wp\/v2\/users\/1"}],"replies":[{"embeddable":true,"href":"https:\/\/zooschule-landau.de\/zooschule\/wp-json\/wp\/v2\/comments?post=2867"}],"version-history":[{"count":13,"href":"https:\/\/zooschule-landau.de\/zooschule\/wp-json\/wp\/v2\/pages\/2867\/revisions"}],"predecessor-version":[{"id":2897,"href":"https:\/\/zooschule-landau.de\/zooschule\/wp-json\/wp\/v2\/pages\/2867\/revisions\/2897"}],"wp:attachment":[{"href":"https:\/\/zooschule-landau.de\/zooschule\/wp-json\/wp\/v2\/media?parent=2867"}],"curies":[{"name":"wp","href":"https:\/\/api.w.org\/{rel}","templated":true}]}}