{"id":2832,"date":"2020-04-17T00:01:51","date_gmt":"2020-04-16T22:01:51","guid":{"rendered":"http:\/\/zooschule-landau.de\/zooschule\/?page_id=2832"},"modified":"2020-04-17T14:13:27","modified_gmt":"2020-04-17T12:13:27","slug":"17-04","status":"publish","type":"page","link":"https:\/\/zooschule-landau.de\/zooschule\/17-04\/","title":{"rendered":"17.04."},"content":{"rendered":"\n<h2 class=\"wp-block-heading\">17. April 2020<\/h2>\n\n\n\n<div class=\"wp-block-button aligncenter\"><a class=\"wp-block-button__link has-text-color has-very-dark-gray-color has-background\" href=\"https:\/\/zooschule-landau.de\/zooschule\/online-ferienprogramm\/\" style=\"background-color:#b5d17d\">Zur\u00fcck zur Tages-\u00dcbersicht<br><\/a><\/div>\n\n\n\n<h3 class=\"wp-block-heading\"><strong>Wer bin ich? Zootier des\nTages<\/strong><\/h3>\n\n\n\n<p>Wie gut kennt ihr die Tiere im Landauer Zoo? Das k\u00f6nnt ihr jetzt jeden Tag selbst testen! Seht euch das K\u00f6rperteil an und \u00fcberlegt, zu welchem Tier es geh\u00f6rt. Morgen gibt es die L\u00f6sung dazu! <\/p>\n\n\n\n<div class=\"wp-block-image\"><figure class=\"aligncenter\"><img loading=\"lazy\" decoding=\"async\" width=\"127\" height=\"153\" src=\"http:\/\/zooschule-landau.de\/zooschule\/wp-content\/uploads\/2020\/04\/ZT-17-04.jpg\" alt=\"\" class=\"wp-image-2833\"\/><\/figure><\/div>\n\n\n\n<hr class=\"wp-block-separator\"\/>\n\n\n\n<h3 class=\"wp-block-heading\"><strong>Komm, mach mit! Wir retten unseren Planeten! <\/strong><\/h3>\n\n\n\n<div class=\"wp-block-image\"><figure class=\"alignleft is-resized\"><img loading=\"lazy\" decoding=\"async\" src=\"http:\/\/zooschule-landau.de\/zooschule\/wp-content\/uploads\/2020\/04\/froschdromi2.jpg\" alt=\"\" class=\"wp-image-2834\" width=\"300\" height=\"200\"\/><figcaption>Bild: Julia Haubs<\/figcaption><\/figure><\/div>\n\n\n\n<p>Hier gibt es viele kleine und gro\u00dfe Ideen, wie wir sorgsam mit unserer Erde umgehen k\u00f6nnen. Lies jeden Tag die Seiten aus der Kinder-Agenda Pfalz und mach mit! Bist du mit dabei?<\/p>\n\n\n\n<div class=\"wp-block-file\"><a href=\"http:\/\/zooschule-landau.de\/zooschule\/wp-content\/uploads\/2020\/04\/Mach-mit-bei-der-Aktion-\u201eWeniger-M\u00fcll\u201c.pdf\">Mach mit bei der Aktion \u201eWeniger M\u00fcll\u201c<\/a><a href=\"http:\/\/zooschule-landau.de\/zooschule\/wp-content\/uploads\/2020\/04\/Mach-mit-bei-der-Aktion-\u201eWeniger-M\u00fcll\u201c.pdf\" class=\"wp-block-file__button\" download>Herunterladen<\/a><\/div>\n\n\n\n<br style=\"clear:both\" ;=\"\">\n<br>\n\n\n\n<div class=\"wp-block-image\"><figure class=\"alignleft is-resized\"><img loading=\"lazy\" decoding=\"async\" src=\"http:\/\/zooschule-landau.de\/zooschule\/wp-content\/uploads\/2020\/04\/dromipingus2-1400x754.jpg\" alt=\"\" class=\"wp-image-2836\" width=\"350\" height=\"189\" srcset=\"https:\/\/zooschule-landau.de\/zooschule\/wp-content\/uploads\/2020\/04\/dromipingus2-1400x754.jpg 1400w, https:\/\/zooschule-landau.de\/zooschule\/wp-content\/uploads\/2020\/04\/dromipingus2-300x161.jpg 300w, https:\/\/zooschule-landau.de\/zooschule\/wp-content\/uploads\/2020\/04\/dromipingus2-768x413.jpg 768w\" sizes=\"auto, (max-width: 350px) 100vw, 350px\" \/><figcaption>Bild: Julia Haubs<\/figcaption><\/figure><\/div>\n\n\n\n<p><strong>M\u00f6chtet Ihr interessante und sch\u00f6ne Filme \u00fcber Humboldt-Pinguine sehen? Hier ist f\u00fcr Euch eine LINK-Liste dazu!<\/strong><\/p>\n\n\n\n<div class=\"wp-block-file\"><a href=\"http:\/\/zooschule-landau.de\/zooschule\/wp-content\/uploads\/2020\/04\/Links-Sphenisco-e.pdf\">Link-Liste Sphenisco<\/a><a href=\"http:\/\/zooschule-landau.de\/zooschule\/wp-content\/uploads\/2020\/04\/Links-Sphenisco-e.pdf\" class=\"wp-block-file__button\" download>Herunterladen<\/a><\/div>\n\n\n\n<br style=\"clear:both\" ;=\"\">\n<br>\n\n\n\n<div class=\"wp-block-image\"><figure class=\"aligncenter is-resized\"><img loading=\"lazy\" decoding=\"async\" src=\"http:\/\/zooschule-landau.de\/zooschule\/wp-content\/uploads\/2020\/04\/Beo-Ausmalblatt-ZGAP.png\" alt=\"\" class=\"wp-image-2838\" width=\"298\" height=\"422\" srcset=\"https:\/\/zooschule-landau.de\/zooschule\/wp-content\/uploads\/2020\/04\/Beo-Ausmalblatt-ZGAP.png 596w, https:\/\/zooschule-landau.de\/zooschule\/wp-content\/uploads\/2020\/04\/Beo-Ausmalblatt-ZGAP-212x300.png 212w\" sizes=\"auto, (max-width: 298px) 100vw, 298px\" \/><\/figure><\/div>\n\n\n\n<div class=\"wp-block-file aligncenter\"><a href=\"http:\/\/zooschule-landau.de\/zooschule\/wp-content\/uploads\/2020\/04\/Beo-Ausmalblatt-ZGAP.pdf\">Beo Ausmalblatt ZGAP<\/a><a href=\"http:\/\/zooschule-landau.de\/zooschule\/wp-content\/uploads\/2020\/04\/Beo-Ausmalblatt-ZGAP.pdf\" class=\"wp-block-file__button\" download>Herunterladen<\/a><\/div>\n\n\n\n<hr class=\"wp-block-separator\"\/>\n\n\n\n<h3 class=\"wp-block-heading\"> <strong>Allerlei: Basteln, Spielen, Werken, R\u00e4tsel <\/strong><\/h3>\n\n\n\n<div class=\"wp-block-image\"><figure class=\"alignleft is-resized\"><img loading=\"lazy\" decoding=\"async\" src=\"http:\/\/zooschule-landau.de\/zooschule\/wp-content\/uploads\/2020\/04\/20200409_144429.jpg\" alt=\"\" class=\"wp-image-2840\" width=\"250\" height=\"333\"\/><figcaption>Vorschlag\/ Umsetzung: Jana Grundel<\/figcaption><\/figure><\/div>\n\n\n\n<p>M\u00f6chtest du dein Zimmer etwas versch\u00f6nern oder hast Spa\u00df daran, neue Spiele auszuprobieren? <strong>Hier findest du t\u00e4glich dazu tolle Ideen. <\/strong>Nat\u00fcrlich wollen wir dabei die Umwelt schonen: <strong>wenig M\u00fcll produzieren und sparsam mit Materialien umgehen<\/strong>. Deshalb findest du fast alles, was du f\u00fcr das Basteln ben\u00f6tigst, in der Abfalltonne, im Haushalt oder auf einem Spaziergang. Du wirst \u00fcberrascht sein, was sich aus Abf\u00e4llen und Naturmaterialien alles zaubern l\u00e4sst!  Viel Spa\u00df beim Basteln und Ausprobieren! Gerne kannst du uns Fotos von deinen Ergebnissen schicken. Wir freuen uns schon darauf!<\/p>\n\n\n\n<br style=\"clear:both\" ;=\"\">\n<br>\n\n\n\n<div class=\"wp-block-file aligncenter\"><a href=\"http:\/\/zooschule-landau.de\/zooschule\/wp-content\/uploads\/2020\/04\/Blumenstrau\u00df-aus-Eierkarton.pdf\">Bastelanleitung: Blumenstrau\u00df aus Eierkarton<\/a><a href=\"http:\/\/zooschule-landau.de\/zooschule\/wp-content\/uploads\/2020\/04\/Blumenstrau\u00df-aus-Eierkarton.pdf\" class=\"wp-block-file__button\" download>Herunterladen<\/a><\/div>\n\n\n\n<hr class=\"wp-block-separator\"\/>\n\n\n\n<h3 class=\"wp-block-heading\"><strong>Heimische und exotische V\u00f6gel entdecken<\/strong><\/h3>\n\n\n\n<p>Kennt ihr die V\u00f6gel unserer Heimat? Das k\u00f6nnt ihr in den n\u00e4chsten Tagen auf diesen Seiten testen! Jeden Tag zeigen wir euch ein <strong>besonderes Foto von einem Vogel<\/strong>, den man hier in der Region sehr gut beobachten kann. K\u00f6nnt ihr seinen Namen sagen? Die Fotos hat der <strong>Naturfotograf Hardy Holte<\/strong> gemacht und uns zur Verf\u00fcgung gestellt. <\/p>\n\n\n\n<div class=\"wp-block-image\"><figure class=\"alignleft is-resized\"><img loading=\"lazy\" decoding=\"async\" src=\"http:\/\/zooschule-landau.de\/zooschule\/wp-content\/uploads\/2020\/04\/V-17-04.jpg\" alt=\"\" class=\"wp-image-2842\" width=\"300\" height=\"280\"\/><figcaption> Foto: Hardy Holte <\/figcaption><\/figure><\/div>\n\n\n\n<p><strong>Wer kennt diesen Vogel?   <\/strong><\/p>\n\n\n\n<p>Er ist in G\u00e4rten und Parks mit B\u00e4umen und Str\u00e4uchern zu Hause. Er ist ein echter Fr\u00fchaufsteher. Schon fr\u00fch am Morgen ist er zu h\u00f6ren. Er h\u00e4lt sich gerne am Boden in der N\u00e4he von B\u00fcschen auf. In der Brutzeit frisst er Larven, Spinnen, W\u00fcrmer und Schnecken. Im Sommer und Herbst frisst er auch Beeren und andere Fr\u00fcchte. M\u00e4nnchen und Weibchen haben das gleiche Aussehen.  <br><\/p>\n\n\n\n<br style=\"clear:both\" ;=\"\">\n<br>\n\n\n\n<p><strong>Macht mit! <\/strong><\/p>\n\n\n\n<p>Ihr m\u00f6chtet mehr \u00fcber V\u00f6gel lernen? Hier haben wir f\u00fcr euch Forscherb\u00f6gen zum <strong>Turmfalke<\/strong> zusammengestellt!<\/p>\n\n\n\n<div class=\"wp-block-file\"><a href=\"http:\/\/zooschule-landau.de\/zooschule\/wp-content\/uploads\/2020\/04\/Turmfalke.pdf\">Turmfalke<\/a><a href=\"http:\/\/zooschule-landau.de\/zooschule\/wp-content\/uploads\/2020\/04\/Turmfalke.pdf\" class=\"wp-block-file__button\" download>Herunterladen<\/a><\/div>\n\n\n\n<p>So k\u00f6nnt ihr ein eigenes Forscherbuch \u00fcber V\u00f6gel basteln! <\/p>\n\n\n\n<div class=\"wp-block-file\"><a href=\"http:\/\/zooschule-landau.de\/zooschule\/wp-content\/uploads\/2020\/04\/Forscherbuch-f\u00fcr-V\u00f6gel-1.pdf\">Forscherbuch \u00fcber V\u00f6gel &#8211; Anleitung<\/a><a href=\"http:\/\/zooschule-landau.de\/zooschule\/wp-content\/uploads\/2020\/04\/Forscherbuch-f\u00fcr-V\u00f6gel-1.pdf\" class=\"wp-block-file__button\" download>Herunterladen<\/a><\/div>\n\n\n\n<hr class=\"wp-block-separator\"\/>\n\n\n\n<h3 class=\"wp-block-heading\"><strong>Hast du&#8217;s gewusst?<\/strong><\/h3>\n\n\n\n<h4 class=\"wp-block-heading\">Zootier des Tages vom 16. April<\/h4>\n\n\n\n<div class=\"wp-block-image\"><figure class=\"aligncenter\"><img loading=\"lazy\" decoding=\"async\" width=\"1772\" height=\"1181\" src=\"http:\/\/zooschule-landau.de\/zooschule\/wp-content\/uploads\/2020\/04\/Ziegen-2.jpg\" alt=\"\" class=\"wp-image-2844\"\/><figcaption>Die Zwergziege<\/figcaption><\/figure><\/div>\n\n\n\n<h4 class=\"wp-block-heading\">Wer kennt diesen Vogel vom 16. April<\/h4>\n\n\n\n<figure class=\"wp-block-image\"><img loading=\"lazy\" decoding=\"async\" width=\"2538\" height=\"1989\" src=\"http:\/\/zooschule-landau.de\/zooschule\/wp-content\/uploads\/2020\/04\/V-16-04.jpg\" alt=\"\" class=\"wp-image-2828\"\/><figcaption>Die Kohlmeise  \u00a9Hardy Holte <\/figcaption><\/figure>\n","protected":false},"excerpt":{"rendered":"<p>17. April 2020 Wer bin ich? Zootier des Tages Wie gut kennt ihr die Tiere im Landauer Zoo? Das k\u00f6nnt ihr jetzt jeden Tag selbst testen! Seht euch das K\u00f6rperteil an und \u00fcberlegt, zu welchem Tier es geh\u00f6rt. Morgen gibt es die L\u00f6sung dazu! Komm, mach mit! Wir retten unseren Planeten! Hier gibt es viele<\/p>\n","protected":false},"author":1,"featured_media":0,"parent":0,"menu_order":0,"comment_status":"closed","ping_status":"closed","template":"page-fullwidth.php","meta":{"footnotes":""},"class_list":["post-2832","page","type-page","status-publish","hentry"],"_links":{"self":[{"href":"https:\/\/zooschule-landau.de\/zooschule\/wp-json\/wp\/v2\/pages\/2832","targetHints":{"allow":["GET"]}}],"collection":[{"href":"https:\/\/zooschule-landau.de\/zooschule\/wp-json\/wp\/v2\/pages"}],"about":[{"href":"https:\/\/zooschule-landau.de\/zooschule\/wp-json\/wp\/v2\/types\/page"}],"author":[{"embeddable":true,"href":"https:\/\/zooschule-landau.de\/zooschule\/wp-json\/wp\/v2\/users\/1"}],"replies":[{"embeddable":true,"href":"https:\/\/zooschule-landau.de\/zooschule\/wp-json\/wp\/v2\/comments?post=2832"}],"version-history":[{"count":2,"href":"https:\/\/zooschule-landau.de\/zooschule\/wp-json\/wp\/v2\/pages\/2832\/revisions"}],"predecessor-version":[{"id":2898,"href":"https:\/\/zooschule-landau.de\/zooschule\/wp-json\/wp\/v2\/pages\/2832\/revisions\/2898"}],"wp:attachment":[{"href":"https:\/\/zooschule-landau.de\/zooschule\/wp-json\/wp\/v2\/media?parent=2832"}],"curies":[{"name":"wp","href":"https:\/\/api.w.org\/{rel}","templated":true}]}}