{"id":2777,"date":"2020-04-14T00:01:22","date_gmt":"2020-04-13T22:01:22","guid":{"rendered":"http:\/\/zooschule-landau.de\/zooschule\/?page_id=2777"},"modified":"2020-04-12T11:04:02","modified_gmt":"2020-04-12T09:04:02","slug":"14-04","status":"publish","type":"page","link":"https:\/\/zooschule-landau.de\/zooschule\/14-04\/","title":{"rendered":"14.04."},"content":{"rendered":"\n<h2 class=\"wp-block-heading\">14. April 2020<\/h2>\n\n\n\n<div class=\"wp-block-button aligncenter\"><a class=\"wp-block-button__link has-text-color has-very-dark-gray-color has-background\" href=\"https:\/\/zooschule-landau.de\/zooschule\/online-ferienprogramm\/\" style=\"background-color:#b5d17d\">Zur\u00fcck zur Tages-\u00dcbersicht<br><\/a><\/div>\n\n\n\n<h3 class=\"wp-block-heading\"><strong>Wer bin ich? Zootier des\nTages<\/strong><\/h3>\n\n\n\n<p>Wie gut kennt ihr die Tiere im Landauer Zoo? Das k\u00f6nnt ihr jetzt jeden Tag selbst testen! Seht euch das K\u00f6rperteil an und \u00fcberlegt, zu welchem Tier es geh\u00f6rt. Morgen gibt es die L\u00f6sung dazu! <\/p>\n\n\n\n<div class=\"wp-block-image\"><figure class=\"aligncenter is-resized\"><img loading=\"lazy\" decoding=\"async\" src=\"http:\/\/zooschule-landau.de\/zooschule\/wp-content\/uploads\/2020\/04\/ZT-14-04.jpg\" alt=\"\" class=\"wp-image-2778\" width=\"149\" height=\"203\"\/><\/figure><\/div>\n\n\n\n<hr class=\"wp-block-separator\"\/>\n\n\n\n<h3 class=\"wp-block-heading\"><strong>Komm, mach mit! Wir retten unseren Planeten! <\/strong><\/h3>\n\n\n\n<div class=\"wp-block-image\"><figure class=\"alignleft is-resized\"><img loading=\"lazy\" decoding=\"async\" src=\"http:\/\/zooschule-landau.de\/zooschule\/wp-content\/uploads\/2020\/04\/dromi_weltkugel2.jpg\" alt=\"\" class=\"wp-image-2779\" width=\"220\" height=\"200\"\/><figcaption>Dromibild: Julia Haubs<\/figcaption><\/figure><\/div>\n\n\n\n<p>Hier gibt es viele kleine und gro\u00dfe Ideen, wie wir sorgsam mit unserer Erde umgehen k\u00f6nnen. Lies jeden Tag die Seiten aus der Kinder-Agenda Pfalz und mach mit! Bist du mit dabei?<\/p>\n\n\n\n<div class=\"wp-block-file\"><a href=\"https:\/\/zooschule-landau.de\/zooschule\/wp-content\/uploads\/2020\/04\/Kick-f\u00fcr-eine-gerechtere-Welt.pdf\">Kick f\u00fcr eine gerechtere Welt!<\/a><a href=\"https:\/\/zooschule-landau.de\/zooschule\/wp-content\/uploads\/2020\/04\/Kick-f\u00fcr-eine-gerechtere-Welt.pdf\" class=\"wp-block-file__button\" download>Herunterladen<\/a><\/div>\n\n\n\n<br style=\"clear:both\" ;=\"\">\n<br>\n\n\n\n<hr class=\"wp-block-separator\"\/>\n\n\n\n<h3 class=\"wp-block-heading\"> <strong>Allerlei: Basteln, Spielen, Werken, R\u00e4tsel <\/strong><\/h3>\n\n\n\n<div class=\"wp-block-image\"><figure class=\"alignleft is-resized\"><img loading=\"lazy\" decoding=\"async\" src=\"http:\/\/zooschule-landau.de\/zooschule\/wp-content\/uploads\/2020\/04\/Schildkr\u00f6tenfamilie.jpg\" alt=\"\" class=\"wp-image-2781\" width=\"300\" height=\"250\"\/><\/figure><\/div>\n\n\n\n<p>M\u00f6chtest du dein Zimmer etwas versch\u00f6nern oder hast Spa\u00df daran, neue Spiele auszuprobieren? <strong>Hier findest du t\u00e4glich dazu tolle Ideen. <\/strong>Nat\u00fcrlich wollen wir dabei die Umwelt schonen: <strong>wenig M\u00fcll produzieren und sparsam mit Materialien umgehen<\/strong>. Deshalb findest du fast alles, was du f\u00fcr das Basteln ben\u00f6tigst, in der Abfalltonne, im Haushalt oder auf einem Spaziergang. Du wirst \u00fcberrascht sein, was sich aus Abf\u00e4llen und Naturmaterialien alles zaubern l\u00e4sst!  Viel Spa\u00df beim Basteln und Ausprobieren! Gerne kannst du uns Fotos von deinen Ergebnissen schicken. Wir freuen uns schon darauf!<\/p>\n\n\n\n<div class=\"wp-block-file\"><a href=\"https:\/\/zooschule-landau.de\/zooschule\/wp-content\/uploads\/2020\/04\/Bastelanleitung-Schildkr\u00f6tenfamilie.pdf\">Bastelanleitung Schildkr\u00f6tenfamilie<\/a><a href=\"https:\/\/zooschule-landau.de\/zooschule\/wp-content\/uploads\/2020\/04\/Bastelanleitung-Schildkr\u00f6tenfamilie.pdf\" class=\"wp-block-file__button\" download>Herunterladen<\/a><\/div>\n\n\n\n<div class=\"wp-block-file\"><a href=\"https:\/\/zooschule-landau.de\/zooschule\/wp-content\/uploads\/2020\/04\/Vorlagen-Schildkr\u00f6ten.pdf\">Vorlagen Schildkr\u00f6ten<\/a><a href=\"https:\/\/zooschule-landau.de\/zooschule\/wp-content\/uploads\/2020\/04\/Vorlagen-Schildkr\u00f6ten.pdf\" class=\"wp-block-file__button\" download>Herunterladen<\/a><\/div>\n\n\n\n<br style=\"clear:both\" ;=\"\">\n<br>\n\n\n\n<div class=\"wp-block-image\"><figure class=\"aligncenter is-resized\"><img loading=\"lazy\" decoding=\"async\" src=\"http:\/\/zooschule-landau.de\/zooschule\/wp-content\/uploads\/2020\/04\/ausmalbild_fu\u00dfball2.jpg\" alt=\"\" class=\"wp-image-2784\" width=\"300\" height=\"400\"\/><figcaption>Ausmalbild: Julia Haubs<\/figcaption><\/figure><\/div>\n\n\n\n<div class=\"wp-block-file aligncenter\"><a href=\"https:\/\/zooschule-landau.de\/zooschule\/wp-content\/uploads\/2020\/04\/ausmalbild_fu\u00dfball2-1.jpg\">Ausmalbild Fu\u00dfball<\/a><a href=\"https:\/\/zooschule-landau.de\/zooschule\/wp-content\/uploads\/2020\/04\/ausmalbild_fu\u00dfball2-1.jpg\" class=\"wp-block-file__button\" download>Herunterladen<\/a><\/div>\n\n\n\n<hr class=\"wp-block-separator\"\/>\n\n\n\n<h3 class=\"wp-block-heading\"><strong>Heimische und exotische V\u00f6gel entdecken<\/strong><\/h3>\n\n\n\n<p>Kennt ihr die V\u00f6gel unserer Heimat? Das k\u00f6nnt ihr in den n\u00e4chsten Tagen auf diesen Seiten testen! Jeden Tag zeigen wir euch ein <strong>besonderes Foto von einem Vogel<\/strong>, den man hier in der Region sehr gut beobachten kann. K\u00f6nnt ihr seinen Namen sagen? Die Fotos hat der <strong>Naturfotograf Hardy Holte<\/strong> gemacht und uns zur Verf\u00fcgung gestellt. <\/p>\n\n\n\n<div class=\"wp-block-image\"><figure class=\"alignleft is-resized\"><img loading=\"lazy\" decoding=\"async\" src=\"http:\/\/zooschule-landau.de\/zooschule\/wp-content\/uploads\/2020\/04\/V-14-04.jpg\" alt=\"\" class=\"wp-image-2786\" width=\"300\" height=\"233\"\/><figcaption>Foto: Hardy Holte<\/figcaption><\/figure><\/div>\n\n\n\n<p><strong> Wer kennt diesen Vogel?   <\/strong><\/p>\n\n\n\n<p>Er lebt in W\u00e4ldern, Parks und gro\u00dfen G\u00e4rten. Der Vogel ist so gro\u00df wie eine Amsel. M\u00e4nnchen und Weibchen kann man gut unterscheiden. Das M\u00e4nnchen hat einen roten Nackenfleck. Der Vogel br\u00fctet in einer Baumh\u00f6hle. M\u00e4nnchen und Weibachen zimmern sich jedes Jahr eine neue Bruth\u00f6hle. <br><\/p>\n\n\n\n<br style=\"clear:both\" ;=\"\">\n<br>\n\n\n\n<p><strong>Macht mit! <\/strong><\/p>\n\n\n\n<p>Ihr m\u00f6chtet mehr \u00fcber V\u00f6gel lernen?  Hier haben wir f\u00fcr euch Forscherb\u00f6gen zum <strong>Ara <\/strong>zusammengestellt! <\/p>\n\n\n\n<div class=\"wp-block-file\"><a href=\"https:\/\/zooschule-landau.de\/zooschule\/wp-content\/uploads\/2020\/04\/Ara.pdf\">Ara<\/a><a href=\"https:\/\/zooschule-landau.de\/zooschule\/wp-content\/uploads\/2020\/04\/Ara.pdf\" class=\"wp-block-file__button\" download>Herunterladen<\/a><\/div>\n\n\n\n<p>So k\u00f6nnt ihr ein eigenes Forscherbuch \u00fcber V\u00f6gel basteln! <\/p>\n\n\n\n<div class=\"wp-block-file\"><a href=\"http:\/\/zooschule-landau.de\/zooschule\/wp-content\/uploads\/2020\/04\/Forscherbuch-f\u00fcr-V\u00f6gel-1.pdf\">Forscherbuch \u00fcber V\u00f6gel &#8211; Anleitung<\/a><a href=\"http:\/\/zooschule-landau.de\/zooschule\/wp-content\/uploads\/2020\/04\/Forscherbuch-f\u00fcr-V\u00f6gel-1.pdf\" class=\"wp-block-file__button\" download>Herunterladen<\/a><\/div>\n\n\n\n<hr class=\"wp-block-separator\"\/>\n\n\n\n<h3 class=\"wp-block-heading\"><strong>Hast du&#8217;s gewusst?<\/strong><\/h3>\n\n\n\n<h4 class=\"wp-block-heading\">Zootier des Tages vom 13. April<\/h4>\n\n\n\n<div class=\"wp-block-image\"><figure class=\"aligncenter\"><img loading=\"lazy\" decoding=\"async\" width=\"730\" height=\"1001\" src=\"https:\/\/zooschule-landau.de\/zooschule\/wp-content\/uploads\/2020\/04\/Bennett-K\u00e4nguru-2b-1.jpg\" alt=\"\" class=\"wp-image-2789\" srcset=\"https:\/\/zooschule-landau.de\/zooschule\/wp-content\/uploads\/2020\/04\/Bennett-K\u00e4nguru-2b-1.jpg 730w, https:\/\/zooschule-landau.de\/zooschule\/wp-content\/uploads\/2020\/04\/Bennett-K\u00e4nguru-2b-1-219x300.jpg 219w\" sizes=\"auto, (max-width: 730px) 100vw, 730px\" \/><figcaption>Das Bennett-Kanguru<\/figcaption><\/figure><\/div>\n\n\n\n<h4 class=\"wp-block-heading\">Wer kennt diesen Vogel vom 13. April<\/h4>\n\n\n\n<p style=\"font-size:-1px\">(Sonderausgabe: Welcher Vogel f\u00fcttert hier seine Jungen?)<\/p>\n\n\n\n<figure class=\"wp-block-image\"><img loading=\"lazy\" decoding=\"async\" width=\"1400\" height=\"937\" src=\"https:\/\/zooschule-landau.de\/zooschule\/wp-content\/uploads\/2020\/04\/Star3-1400x937.jpg\" alt=\"\" class=\"wp-image-2790\" srcset=\"https:\/\/zooschule-landau.de\/zooschule\/wp-content\/uploads\/2020\/04\/Star3-1400x937.jpg 1400w, https:\/\/zooschule-landau.de\/zooschule\/wp-content\/uploads\/2020\/04\/Star3-300x201.jpg 300w, https:\/\/zooschule-landau.de\/zooschule\/wp-content\/uploads\/2020\/04\/Star3-768x514.jpg 768w\" sizes=\"auto, (max-width: 1400px) 100vw, 1400px\" \/><figcaption>Der Star  \u00a9Hardy Holte<\/figcaption><\/figure>\n","protected":false},"excerpt":{"rendered":"<p>14. April 2020 Wer bin ich? Zootier des Tages Wie gut kennt ihr die Tiere im Landauer Zoo? Das k\u00f6nnt ihr jetzt jeden Tag selbst testen! Seht euch das K\u00f6rperteil an und \u00fcberlegt, zu welchem Tier es geh\u00f6rt. Morgen gibt es die L\u00f6sung dazu! Komm, mach mit! Wir retten unseren Planeten! Hier gibt es viele<\/p>\n","protected":false},"author":1,"featured_media":0,"parent":0,"menu_order":0,"comment_status":"closed","ping_status":"closed","template":"page-fullwidth.php","meta":{"footnotes":""},"class_list":["post-2777","page","type-page","status-publish","hentry"],"_links":{"self":[{"href":"https:\/\/zooschule-landau.de\/zooschule\/wp-json\/wp\/v2\/pages\/2777","targetHints":{"allow":["GET"]}}],"collection":[{"href":"https:\/\/zooschule-landau.de\/zooschule\/wp-json\/wp\/v2\/pages"}],"about":[{"href":"https:\/\/zooschule-landau.de\/zooschule\/wp-json\/wp\/v2\/types\/page"}],"author":[{"embeddable":true,"href":"https:\/\/zooschule-landau.de\/zooschule\/wp-json\/wp\/v2\/users\/1"}],"replies":[{"embeddable":true,"href":"https:\/\/zooschule-landau.de\/zooschule\/wp-json\/wp\/v2\/comments?post=2777"}],"version-history":[{"count":3,"href":"https:\/\/zooschule-landau.de\/zooschule\/wp-json\/wp\/v2\/pages\/2777\/revisions"}],"predecessor-version":[{"id":2793,"href":"https:\/\/zooschule-landau.de\/zooschule\/wp-json\/wp\/v2\/pages\/2777\/revisions\/2793"}],"wp:attachment":[{"href":"https:\/\/zooschule-landau.de\/zooschule\/wp-json\/wp\/v2\/media?parent=2777"}],"curies":[{"name":"wp","href":"https:\/\/api.w.org\/{rel}","templated":true}]}}