{"id":2761,"date":"2020-04-13T00:01:00","date_gmt":"2020-04-12T22:01:00","guid":{"rendered":"http:\/\/zooschule-landau.de\/zooschule\/?page_id=2761"},"modified":"2020-04-13T11:01:16","modified_gmt":"2020-04-13T09:01:16","slug":"13-04","status":"publish","type":"page","link":"https:\/\/zooschule-landau.de\/zooschule\/13-04\/","title":{"rendered":"13.04."},"content":{"rendered":"\n<h2 class=\"wp-block-heading\">13. April 2020<\/h2>\n\n\n\n<div class=\"wp-block-button aligncenter\"><a class=\"wp-block-button__link has-text-color has-very-dark-gray-color has-background\" href=\"https:\/\/zooschule-landau.de\/zooschule\/online-ferienprogramm\/\" style=\"background-color:#b5d17d\">Zur\u00fcck zur Tages-\u00dcbersicht<br><\/a><\/div>\n\n\n\n<h3 class=\"wp-block-heading\"><strong>Wer bin ich? Zootier des\nTages<\/strong><\/h3>\n\n\n\n<p>Wie gut kennt ihr die Tiere im Landauer Zoo? Das k\u00f6nnt ihr jetzt jeden Tag selbst testen! Seht euch das K\u00f6rperteil an und \u00fcberlegt, zu welchem Tier es geh\u00f6rt. Morgen gibt es die L\u00f6sung dazu! <\/p>\n\n\n\n<div class=\"wp-block-image\"><figure class=\"aligncenter is-resized\"><img loading=\"lazy\" decoding=\"async\" src=\"http:\/\/zooschule-landau.de\/zooschule\/wp-content\/uploads\/2020\/04\/ZT-13-04.jpg\" alt=\"\" class=\"wp-image-2762\" width=\"165\" height=\"163\"\/><\/figure><\/div>\n\n\n\n<hr class=\"wp-block-separator\"\/>\n\n\n\n<h3 class=\"wp-block-heading\"><strong>Komm, mach mit! Wir retten unseren Planeten! <\/strong><\/h3>\n\n\n\n<div class=\"wp-block-image\"><figure class=\"alignleft is-resized\"><img loading=\"lazy\" decoding=\"async\" src=\"http:\/\/zooschule-landau.de\/zooschule\/wp-content\/uploads\/2020\/04\/aktivdromi50.jpg\" alt=\"\" class=\"wp-image-2763\" width=\"250\" height=\"250\"\/><figcaption>Dromibild: Julia Haubs<\/figcaption><\/figure><\/div>\n\n\n\n<p>Hier gibt es viele kleine und gro\u00dfe Ideen, wie wir sorgsam mit unserer Erde umgehen k\u00f6nnen. Lies jeden Tag die Seiten aus der Kinder-Agenda Pfalz und mach mit! Bist du mit dabei?<\/p>\n\n\n\n<div class=\"wp-block-file\"><a href=\"https:\/\/zooschule-landau.de\/zooschule\/wp-content\/uploads\/2020\/04\/Probier-mal-Bio.pdf\">Probier mal Bio!<\/a><a href=\"https:\/\/zooschule-landau.de\/zooschule\/wp-content\/uploads\/2020\/04\/Probier-mal-Bio.pdf\" class=\"wp-block-file__button\" download>Herunterladen<\/a><\/div>\n\n\n\n<br style=\"clear:both\" ;=\"\">\n<br>\n\n\n\n<hr class=\"wp-block-separator\"\/>\n\n\n\n<h3 class=\"wp-block-heading\"> <strong>Allerlei: Basteln, Spielen, Werken, R\u00e4tsel <\/strong><\/h3>\n\n\n\n<div class=\"wp-block-image\"><figure class=\"alignleft is-resized\"><img loading=\"lazy\" decoding=\"async\" src=\"http:\/\/zooschule-landau.de\/zooschule\/wp-content\/uploads\/2020\/04\/F\u00fctter-die-Tiere-Bild.jpg\" alt=\"\" class=\"wp-image-2765\" width=\"300\" height=\"165\"\/><\/figure><\/div>\n\n\n\n<p>M\u00f6chtest du dein Zimmer etwas versch\u00f6nern oder hast Spa\u00df daran, neue Spiele auszuprobieren? <strong>Hier findest du t\u00e4glich dazu tolle Ideen. <\/strong>Nat\u00fcrlich wollen wir dabei die Umwelt schonen: <strong>wenig M\u00fcll produzieren und sparsam mit Materialien umgehen<\/strong>. Deshalb findest du fast alles, was du f\u00fcr das Basteln ben\u00f6tigst, in der Abfalltonne, im Haushalt oder auf einem Spaziergang. Du wirst \u00fcberrascht sein, was sich aus Abf\u00e4llen und Naturmaterialien alles zaubern l\u00e4sst!&nbsp; Viel Spa\u00df beim Basteln und Ausprobieren! Gerne kannst du uns Fotos von deinen Ergebnissen schicken. Wir freuen uns schon darauf!<\/p>\n\n\n\n<div class=\"wp-block-file\"><a href=\"https:\/\/zooschule-landau.de\/zooschule\/wp-content\/uploads\/2020\/04\/F\u00fctter-die-Tiere.pdf\">F\u00fctter die Tiere<\/a><a href=\"https:\/\/zooschule-landau.de\/zooschule\/wp-content\/uploads\/2020\/04\/F\u00fctter-die-Tiere.pdf\" class=\"wp-block-file__button\" download>Herunterladen<\/a><\/div>\n\n\n\n<br style=\"clear:both\" ;=\"\">\n<br>\n\n\n\n<div class=\"wp-block-file\"><a href=\"https:\/\/zooschule-landau.de\/zooschule\/wp-content\/uploads\/2020\/04\/W\u00fcrfelspiel-Ostern.pdf\">W\u00fcrfelspiel Ostern<\/a><a href=\"https:\/\/zooschule-landau.de\/zooschule\/wp-content\/uploads\/2020\/04\/W\u00fcrfelspiel-Ostern.pdf\" class=\"wp-block-file__button\" download>Herunterladen<\/a><\/div>\n\n\n\n<p>Spielidee und -umsetzung: Nadine Nasshan<\/p>\n\n\n\n<br style=\"clear:both\" ;=\"\">\n<br>\n\n\n\n<div class=\"wp-block-image\"><figure class=\"aligncenter is-resized\"><img loading=\"lazy\" decoding=\"async\" src=\"http:\/\/zooschule-landau.de\/zooschule\/wp-content\/uploads\/2020\/04\/ausmalbild_bauernhof2.jpg\" alt=\"\" class=\"wp-image-2768\" width=\"250\" height=\"350\"\/><\/figure><\/div>\n\n\n\n<div class=\"wp-block-file aligncenter\"><a href=\"https:\/\/zooschule-landau.de\/zooschule\/wp-content\/uploads\/2020\/04\/ausmalbild_bauernhof2-1.jpg\">Ausmalbild Bauernhof<\/a><a href=\"https:\/\/zooschule-landau.de\/zooschule\/wp-content\/uploads\/2020\/04\/ausmalbild_bauernhof2-1.jpg\" class=\"wp-block-file__button\" download>Herunterladen<\/a><\/div>\n\n\n\n<hr class=\"wp-block-separator\"\/>\n\n\n\n<h3 class=\"wp-block-heading\"><strong>Heimische und exotische V\u00f6gel entdecken<\/strong><\/h3>\n\n\n\n<p>Kennt ihr die V\u00f6gel unserer Heimat? Das k\u00f6nnt ihr in den n\u00e4chsten Tagen auf diesen Seiten testen! Jeden Tag zeigen wir euch ein <strong>besonderes Foto von einem Vogel<\/strong>, den man hier in der Region sehr gut beobachten kann. K\u00f6nnt ihr seinen Namen sagen? Die Fotos hat der <strong>Naturfotograf Hardy Holte<\/strong> gemacht und uns zur Verf\u00fcgung gestellt. <\/p>\n\n\n\n<div class=\"wp-block-image\"><figure class=\"alignleft\"><img loading=\"lazy\" decoding=\"async\" width=\"264\" height=\"176\" src=\"http:\/\/zooschule-landau.de\/zooschule\/wp-content\/uploads\/2020\/04\/V-13-04.jpg\" alt=\"\" class=\"wp-image-2770\"\/><figcaption>Foto: Hardy Holte<\/figcaption><\/figure><\/div>\n\n\n\n<p><strong>Welcher Vogel f\u00fcttert hier seine Jungen? <\/strong><\/p>\n\n\n\n<p> Dieser Vogel ist fast \u00fcberall auf der Welt zu Hause. Er br\u00fctet in Baumh\u00f6hlen oder Nistk\u00e4sten. Der Vogel kann andere V\u00f6gel perfekt nachahmen. Er ist ein Zugvogel, aber einige V\u00f6gel \u00fcberwintern bei uns in den St\u00e4dten und D\u00f6rfern. Der Vogel h\u00e4lt sich gerne in unseren G\u00e4rten auf und frisst Beeren und \u00c4pfel; oft stochert er im Rasen auch nach W\u00fcrmern. &nbsp;&nbsp; <br><\/p>\n\n\n\n<br style=\"clear:both\" ;=\"\">\n<br>\n\n\n\n<p><strong>Macht mit! <\/strong><\/p>\n\n\n\n<p>Ihr m\u00f6chtet mehr \u00fcber V\u00f6gel lernen?  Hier haben wir f\u00fcr euch Forscherb\u00f6gen zum <strong>Pfau <\/strong>zusammengestellt! <\/p>\n\n\n\n<div class=\"wp-block-file\"><a href=\"https:\/\/zooschule-landau.de\/zooschule\/wp-content\/uploads\/2020\/04\/Pfau.pdf\">Pfau<\/a><a href=\"https:\/\/zooschule-landau.de\/zooschule\/wp-content\/uploads\/2020\/04\/Pfau.pdf\" class=\"wp-block-file__button\" download>Herunterladen<\/a><\/div>\n\n\n\n<p>So k\u00f6nnt ihr ein eigenes Forscherbuch \u00fcber V\u00f6gel basteln! <\/p>\n\n\n\n<div class=\"wp-block-file\"><a href=\"http:\/\/zooschule-landau.de\/zooschule\/wp-content\/uploads\/2020\/04\/Forscherbuch-f\u00fcr-V\u00f6gel-1.pdf\">Forscherbuch \u00fcber V\u00f6gel &#8211; Anleitung<\/a><a href=\"http:\/\/zooschule-landau.de\/zooschule\/wp-content\/uploads\/2020\/04\/Forscherbuch-f\u00fcr-V\u00f6gel-1.pdf\" class=\"wp-block-file__button\" download>Herunterladen<\/a><\/div>\n\n\n\n<hr class=\"wp-block-separator\"\/>\n\n\n\n<h3 class=\"wp-block-heading\"><strong>Hast du&#8217;s gewusst?<\/strong><\/h3>\n\n\n\n<h4 class=\"wp-block-heading\">Zootier des Tages vom 12. April<\/h4>\n\n\n\n<figure class=\"wp-block-image\"><img loading=\"lazy\" decoding=\"async\" width=\"1400\" height=\"930\" src=\"https:\/\/zooschule-landau.de\/zooschule\/wp-content\/uploads\/2020\/04\/Pinselohrschwein-2_Jen\u00dfen-1-1400x930.jpg\" alt=\"\" class=\"wp-image-2773\" srcset=\"https:\/\/zooschule-landau.de\/zooschule\/wp-content\/uploads\/2020\/04\/Pinselohrschwein-2_Jen\u00dfen-1-1400x930.jpg 1400w, https:\/\/zooschule-landau.de\/zooschule\/wp-content\/uploads\/2020\/04\/Pinselohrschwein-2_Jen\u00dfen-1-300x199.jpg 300w, https:\/\/zooschule-landau.de\/zooschule\/wp-content\/uploads\/2020\/04\/Pinselohrschwein-2_Jen\u00dfen-1-768x510.jpg 768w\" sizes=\"auto, (max-width: 1400px) 100vw, 1400px\" \/><\/figure>\n\n\n\n<h4 class=\"wp-block-heading\">Wer kennt diesen Vogel vom 12. April<\/h4>\n\n\n\n<div class=\"wp-block-image\"><figure class=\"aligncenter\"><img loading=\"lazy\" decoding=\"async\" width=\"2774\" height=\"1829\" src=\"http:\/\/zooschule-landau.de\/zooschule\/wp-content\/uploads\/2020\/04\/V-12-04.jpg\" alt=\"\" class=\"wp-image-2753\"\/><figcaption> Das Bl\u00e4sshuhn \u00a9Hardy Holte <\/figcaption><\/figure><\/div>\n","protected":false},"excerpt":{"rendered":"<p>13. April 2020 Wer bin ich? Zootier des Tages Wie gut kennt ihr die Tiere im Landauer Zoo? Das k\u00f6nnt ihr jetzt jeden Tag selbst testen! Seht euch das K\u00f6rperteil an und \u00fcberlegt, zu welchem Tier es geh\u00f6rt. Morgen gibt es die L\u00f6sung dazu! Komm, mach mit! Wir retten unseren Planeten! Hier gibt es viele<\/p>\n","protected":false},"author":1,"featured_media":0,"parent":0,"menu_order":0,"comment_status":"closed","ping_status":"closed","template":"page-fullwidth.php","meta":{"footnotes":""},"class_list":["post-2761","page","type-page","status-publish","hentry"],"_links":{"self":[{"href":"https:\/\/zooschule-landau.de\/zooschule\/wp-json\/wp\/v2\/pages\/2761","targetHints":{"allow":["GET"]}}],"collection":[{"href":"https:\/\/zooschule-landau.de\/zooschule\/wp-json\/wp\/v2\/pages"}],"about":[{"href":"https:\/\/zooschule-landau.de\/zooschule\/wp-json\/wp\/v2\/types\/page"}],"author":[{"embeddable":true,"href":"https:\/\/zooschule-landau.de\/zooschule\/wp-json\/wp\/v2\/users\/1"}],"replies":[{"embeddable":true,"href":"https:\/\/zooschule-landau.de\/zooschule\/wp-json\/wp\/v2\/comments?post=2761"}],"version-history":[{"count":4,"href":"https:\/\/zooschule-landau.de\/zooschule\/wp-json\/wp\/v2\/pages\/2761\/revisions"}],"predecessor-version":[{"id":2797,"href":"https:\/\/zooschule-landau.de\/zooschule\/wp-json\/wp\/v2\/pages\/2761\/revisions\/2797"}],"wp:attachment":[{"href":"https:\/\/zooschule-landau.de\/zooschule\/wp-json\/wp\/v2\/media?parent=2761"}],"curies":[{"name":"wp","href":"https:\/\/api.w.org\/{rel}","templated":true}]}}