{"id":2725,"date":"2020-04-11T00:01:08","date_gmt":"2020-04-10T22:01:08","guid":{"rendered":"http:\/\/zooschule-landau.de\/zooschule\/?page_id=2725"},"modified":"2020-04-13T11:00:25","modified_gmt":"2020-04-13T09:00:25","slug":"11-04","status":"publish","type":"page","link":"https:\/\/zooschule-landau.de\/zooschule\/11-04\/","title":{"rendered":"11.04."},"content":{"rendered":"\n<h2 class=\"wp-block-heading\">11. April 2020<\/h2>\n\n\n\n<div class=\"wp-block-button aligncenter\"><a class=\"wp-block-button__link has-text-color has-very-dark-gray-color has-background\" href=\"https:\/\/zooschule-landau.de\/zooschule\/online-ferienprogramm\/\" style=\"background-color:#b5d17d\">Zur\u00fcck zur Tages-\u00dcbersicht<br><\/a><\/div>\n\n\n\n<h3 class=\"wp-block-heading\"><strong>Wer bin ich? Zootier des\nTages<\/strong><\/h3>\n\n\n\n<p>Wie gut kennt ihr die Tiere im Landauer Zoo? Das k\u00f6nnt ihr jetzt jeden Tag selbst testen! Seht euch das K\u00f6rperteil an und \u00fcberlegt, zu welchem Tier es geh\u00f6rt. Morgen gibt es die L\u00f6sung dazu! <\/p>\n\n\n\n<div class=\"wp-block-image\"><figure class=\"aligncenter is-resized\"><img loading=\"lazy\" decoding=\"async\" src=\"http:\/\/zooschule-landau.de\/zooschule\/wp-content\/uploads\/2020\/04\/ZT-11-04.jpg\" alt=\"\" class=\"wp-image-2726\" width=\"243\" height=\"132\"\/><\/figure><\/div>\n\n\n\n<hr class=\"wp-block-separator\"\/>\n\n\n\n<h3 class=\"wp-block-heading\"><strong>Komm, mach mit! Wir retten unseren Planeten! <\/strong><\/h3>\n\n\n\n<div class=\"wp-block-image\"><figure class=\"alignleft is-resized\"><img loading=\"lazy\" decoding=\"async\" src=\"http:\/\/zooschule-landau.de\/zooschule\/wp-content\/uploads\/2020\/04\/badewannendromi2.jpg\" alt=\"\" class=\"wp-image-2727\" width=\"300\" height=\"218\"\/><\/figure><\/div>\n\n\n\n<p>Hier gibt es viele kleine und gro\u00dfe Ideen, wie wir sorgsam mit unserer Erde umgehen k\u00f6nnen. Lies jeden Tag die Seiten aus der Kinder-Agenda Pfalz und mach mit! Bist du mit dabei?<\/p>\n\n\n\n<p> Geh mit Wasser sorgf\u00e4ltig um! <\/p>\n\n\n\n<div class=\"wp-block-file\"><a href=\"https:\/\/zooschule-landau.de\/zooschule\/wp-content\/uploads\/2020\/04\/Sieh-in-die-Ferne.pdf\">Sieh in die Ferne<\/a><a href=\"https:\/\/zooschule-landau.de\/zooschule\/wp-content\/uploads\/2020\/04\/Sieh-in-die-Ferne.pdf\" class=\"wp-block-file__button\" download>Herunterladen<\/a><\/div>\n\n\n\n<br style=\"clear:both\" ;=\"\">\n<br>\n\n\n\n<hr class=\"wp-block-separator\"\/>\n\n\n\n<h3 class=\"wp-block-heading\"> <strong>Allerlei: Basteln, Spielen, Werken, R\u00e4tsel <\/strong><\/h3>\n\n\n\n<div class=\"wp-block-image\"><figure class=\"alignleft is-resized\"><img loading=\"lazy\" decoding=\"async\" src=\"http:\/\/zooschule-landau.de\/zooschule\/wp-content\/uploads\/2020\/04\/20200405_181159.jpg\" alt=\"\" class=\"wp-image-2729\" width=\"190\" height=\"250\"\/><\/figure><\/div>\n\n\n\n<p>Hast du schon kleine\nOstergeschenke f\u00fcr deine Familie? M\u00f6chtest du dein Zimmer etwas versch\u00f6nern\noder hast Spa\u00df daran, neue Spiele auszuprobieren? <strong>Hier findest du t\u00e4glich\ndazu tolle Ideen. <\/strong>Nat\u00fcrlich wollen wir dabei die Umwelt schonen: <strong>wenig\nM\u00fcll produzieren und sparsam mit Materialien umgehen<\/strong>. Deshalb findest du\nfast alles, was du f\u00fcr das Basteln ben\u00f6tigst, in der Abfalltonne, im Haushalt\noder auf einem Spaziergang. Du wirst \u00fcberrascht sein, was sich aus Abf\u00e4llen und\nNaturmaterialien alles zaubern l\u00e4sst!&nbsp; Viel Spa\u00df beim Basteln und\nAusprobieren! Gerne kannst du uns Fotos von deinen Ergebnissen schicken. Wir\nfreuen uns schon darauf!<\/p>\n\n\n\n<div class=\"wp-block-file\"><a href=\"https:\/\/zooschule-landau.de\/zooschule\/wp-content\/uploads\/2020\/04\/Bastelanleitung-Schlangen-Duo.pdf\">Bastelanleitung Schlangen-Duo<\/a><a href=\"https:\/\/zooschule-landau.de\/zooschule\/wp-content\/uploads\/2020\/04\/Bastelanleitung-Schlangen-Duo.pdf\" class=\"wp-block-file__button\" download>Herunterladen<\/a><\/div>\n\n\n\n<br style=\"clear:both\" ;=\"\">\n<br>\n\n\n\n<p><strong>Hier ein kleines R\u00e4tsel \u00fcber Tierkinder!<\/strong><\/p>\n\n\n\n<div class=\"wp-block-image\"><figure class=\"aligncenter is-resized\"><img loading=\"lazy\" decoding=\"async\" src=\"http:\/\/zooschule-landau.de\/zooschule\/wp-content\/uploads\/2020\/04\/V-11-04.jpg\" alt=\"\" class=\"wp-image-2731\" width=\"325\" height=\"216\"\/><\/figure><\/div>\n\n\n\n<div class=\"wp-block-file\"><a href=\"https:\/\/zooschule-landau.de\/zooschule\/wp-content\/uploads\/2020\/04\/R\u00e4tsel-Tierkinder.pdf\">R\u00e4tsel Tierkinder<\/a><a href=\"https:\/\/zooschule-landau.de\/zooschule\/wp-content\/uploads\/2020\/04\/R\u00e4tsel-Tierkinder.pdf\" class=\"wp-block-file__button\" download>Herunterladen<\/a><\/div>\n\n\n\n<hr class=\"wp-block-separator\"\/>\n\n\n\n<h3 class=\"wp-block-heading\"><strong>Heimische und exotische V\u00f6gel entdecken<\/strong><\/h3>\n\n\n\n<p>Kennt ihr die V\u00f6gel unserer Heimat? Das k\u00f6nnt ihr in den n\u00e4chsten Tagen auf diesen Seiten testen! Jeden Tag zeigen wir euch ein <strong>besonderes Foto von einem Vogel<\/strong>, den man hier in der Region sehr gut beobachten kann. K\u00f6nnt ihr seinen Namen sagen? Die Fotos hat der <strong>Naturfotograf Hardy Holte<\/strong> gemacht und uns zur Verf\u00fcgung gestellt. <\/p>\n\n\n\n<div class=\"wp-block-image\"><figure class=\"alignleft is-resized\"><img loading=\"lazy\" decoding=\"async\" src=\"http:\/\/zooschule-landau.de\/zooschule\/wp-content\/uploads\/2020\/04\/HFH_7089_2.jpg\" alt=\"\" class=\"wp-image-2733\" width=\"300\" height=\"200\"\/><figcaption> Foto: Hardy Holte  <\/figcaption><\/figure><\/div>\n\n\n\n<p><strong>Wer kennt diesen Vogel?\n&nbsp;<\/strong><\/p>\n\n\n\n<p>Er lebt in gr\u00f6\u00dferen G\u00e4rten, Parks, Friedh\u00f6fen und Gr\u00fcnanlagen. Er br\u00fctet gerne auf Nadelb\u00e4umen. Das M\u00e4nnchen schafft Zweige herbei und das Weibchen baut das Nest. Beim Br\u00fcten wechseln sich die Partner ab. Er frisst gerne Getreide, Mais und frisches Blattgr\u00fcn. W\u00fcrmer und Insekten stehen nur selten auf dem Speiseplan. <\/p>\n\n\n\n<br style=\"clear:both\" ;=\"\">\n<br>\n\n\n\n<p><strong>Macht mit! <\/strong><\/p>\n\n\n\n<p>Ihr m\u00f6chtet mehr \u00fcber V\u00f6gel lernen?  Hier haben wir f\u00fcr euch Forscherb\u00f6gen zum <strong>Kakadu<\/strong>zusammengestellt! <\/p>\n\n\n\n<div class=\"wp-block-file\"><a href=\"https:\/\/zooschule-landau.de\/zooschule\/wp-content\/uploads\/2020\/04\/Kakadu.pdf\">Kakadu<\/a><a href=\"https:\/\/zooschule-landau.de\/zooschule\/wp-content\/uploads\/2020\/04\/Kakadu.pdf\" class=\"wp-block-file__button\" download>Herunterladen<\/a><\/div>\n\n\n\n<p>So k\u00f6nnt ihr ein eigenes Forscherbuch \u00fcber V\u00f6gel basteln! <\/p>\n\n\n\n<div class=\"wp-block-file\"><a href=\"http:\/\/zooschule-landau.de\/zooschule\/wp-content\/uploads\/2020\/04\/Forscherbuch-f\u00fcr-V\u00f6gel-1.pdf\">Forscherbuch \u00fcber V\u00f6gel &#8211; Anleitung<\/a><a href=\"http:\/\/zooschule-landau.de\/zooschule\/wp-content\/uploads\/2020\/04\/Forscherbuch-f\u00fcr-V\u00f6gel-1.pdf\" class=\"wp-block-file__button\" download>Herunterladen<\/a><\/div>\n\n\n\n<hr class=\"wp-block-separator\"\/>\n\n\n\n<h3 class=\"wp-block-heading\"><strong>Hast du&#8217;s gewusst?<\/strong><\/h3>\n\n\n\n<h4 class=\"wp-block-heading\">Zootier des Tages vom 10. April<\/h4>\n\n\n\n<div class=\"wp-block-image\"><figure class=\"aligncenter\"><img loading=\"lazy\" decoding=\"async\" width=\"3435\" height=\"2981\" src=\"http:\/\/zooschule-landau.de\/zooschule\/wp-content\/uploads\/2020\/04\/Wei\u00dfhandgibbon-1.jpg\" alt=\"\" class=\"wp-image-2736\"\/><figcaption>Der Wei\u00dfhandgibbon<\/figcaption><\/figure><\/div>\n\n\n\n<h4 class=\"wp-block-heading\">Wer kennt diesen Vogel vom 10. April<\/h4>\n\n\n\n<div class=\"wp-block-image\"><figure class=\"aligncenter\"><img loading=\"lazy\" decoding=\"async\" width=\"2673\" height=\"1918\" src=\"http:\/\/zooschule-landau.de\/zooschule\/wp-content\/uploads\/2020\/04\/V-04-10.jpg\" alt=\"\" class=\"wp-image-2714\"\/><figcaption>Die Amsel  \u00a9Hardy Holte <\/figcaption><\/figure><\/div>\n","protected":false},"excerpt":{"rendered":"<p>11. April 2020 Wer bin ich? Zootier des Tages Wie gut kennt ihr die Tiere im Landauer Zoo? Das k\u00f6nnt ihr jetzt jeden Tag selbst testen! Seht euch das K\u00f6rperteil an und \u00fcberlegt, zu welchem Tier es geh\u00f6rt. Morgen gibt es die L\u00f6sung dazu! Komm, mach mit! Wir retten unseren Planeten! Hier gibt es viele<\/p>\n","protected":false},"author":1,"featured_media":0,"parent":0,"menu_order":0,"comment_status":"closed","ping_status":"closed","template":"page-fullwidth.php","meta":{"footnotes":""},"class_list":["post-2725","page","type-page","status-publish","hentry"],"_links":{"self":[{"href":"https:\/\/zooschule-landau.de\/zooschule\/wp-json\/wp\/v2\/pages\/2725","targetHints":{"allow":["GET"]}}],"collection":[{"href":"https:\/\/zooschule-landau.de\/zooschule\/wp-json\/wp\/v2\/pages"}],"about":[{"href":"https:\/\/zooschule-landau.de\/zooschule\/wp-json\/wp\/v2\/types\/page"}],"author":[{"embeddable":true,"href":"https:\/\/zooschule-landau.de\/zooschule\/wp-json\/wp\/v2\/users\/1"}],"replies":[{"embeddable":true,"href":"https:\/\/zooschule-landau.de\/zooschule\/wp-json\/wp\/v2\/comments?post=2725"}],"version-history":[{"count":3,"href":"https:\/\/zooschule-landau.de\/zooschule\/wp-json\/wp\/v2\/pages\/2725\/revisions"}],"predecessor-version":[{"id":2740,"href":"https:\/\/zooschule-landau.de\/zooschule\/wp-json\/wp\/v2\/pages\/2725\/revisions\/2740"}],"wp:attachment":[{"href":"https:\/\/zooschule-landau.de\/zooschule\/wp-json\/wp\/v2\/media?parent=2725"}],"curies":[{"name":"wp","href":"https:\/\/api.w.org\/{rel}","templated":true}]}}