{"id":2642,"date":"2020-04-07T00:01:56","date_gmt":"2020-04-06T22:01:56","guid":{"rendered":"http:\/\/zooschule-landau.de\/zooschule\/?page_id=2642"},"modified":"2020-04-08T10:46:14","modified_gmt":"2020-04-08T08:46:14","slug":"07-04","status":"publish","type":"page","link":"https:\/\/zooschule-landau.de\/zooschule\/07-04\/","title":{"rendered":"07.04."},"content":{"rendered":"\n<h2 class=\"wp-block-heading\">07. April 2020<\/h2>\n\n\n\n<div class=\"wp-block-button aligncenter\"><a class=\"wp-block-button__link has-text-color has-very-dark-gray-color has-background\" href=\"https:\/\/zooschule-landau.de\/zooschule\/online-ferienprogramm\/\" style=\"background-color:#b5d17d\">Zur\u00fcck zur Tages-\u00dcbersicht<br><\/a><\/div>\n\n\n\n<h3 class=\"wp-block-heading\"><strong>Wer bin ich? Zootier des\nTages<\/strong><\/h3>\n\n\n\n<p>Wie gut kennt ihr die Tiere im Landauer Zoo? Das k\u00f6nnt ihr jetzt jeden Tag selbst testen! Seht euch das K\u00f6rperteil an und \u00fcberlegt, zu welchem Tier es geh\u00f6rt. Morgen gibt es die L\u00f6sung dazu! <\/p>\n\n\n\n<div class=\"wp-block-image\"><figure class=\"aligncenter is-resized\"><img loading=\"lazy\" decoding=\"async\" src=\"http:\/\/zooschule-landau.de\/zooschule\/wp-content\/uploads\/2020\/04\/ZT-04-07.jpg\" alt=\"\" class=\"wp-image-2644\" width=\"145\" height=\"159\"\/><\/figure><\/div>\n\n\n\n<hr class=\"wp-block-separator\"\/>\n\n\n\n<h3 class=\"wp-block-heading\"><strong>Komm, mach mit! Wir retten unseren Planeten! <\/strong><\/h3>\n\n\n\n<div class=\"wp-block-image\"><figure class=\"alignleft is-resized\"><img loading=\"lazy\" decoding=\"async\" src=\"http:\/\/zooschule-landau.de\/zooschule\/wp-content\/uploads\/2020\/04\/Dromi-Sofa.png\" alt=\"\" class=\"wp-image-2645\" width=\"250\" height=\"211\"\/><\/figure><\/div>\n\n\n\n<p>Hier gibt es viele kleine und gro\u00dfe Ideen, wie wir sorgsam mit unserer Erde umgehen k\u00f6nnen. Lies jeden Tag die Seiten aus der Kinder-Agenda Pfalz und mach mit! Bist du mit dabei?<\/p>\n\n\n\n<p>Warum ist es wichtig, Recycling-Papier zu verwenden? Das erf\u00e4hrst du hier! <\/p>\n\n\n\n<div class=\"wp-block-file\"><a href=\"https:\/\/zooschule-landau.de\/zooschule\/wp-content\/uploads\/2020\/04\/Mach-mit-Zuhause-Recycling-Papier.pdf\">Mach mit Zuhause &#8211; Recycling-Papier<\/a><a href=\"https:\/\/zooschule-landau.de\/zooschule\/wp-content\/uploads\/2020\/04\/Mach-mit-Zuhause-Recycling-Papier.pdf\" class=\"wp-block-file__button\" download>Herunterladen<\/a><\/div>\n\n\n\n<br style=\"clear:both\" ;=\"\">\n<br>\n\n\n\n<hr class=\"wp-block-separator\"\/>\n\n\n\n<h3 class=\"wp-block-heading\"> <strong>Allerlei: Basteln, Spielen, Werken, R\u00e4tsel <\/strong><\/h3>\n\n\n\n<div class=\"wp-block-image\"><figure class=\"alignleft is-resized\"><img loading=\"lazy\" decoding=\"async\" src=\"http:\/\/zooschule-landau.de\/zooschule\/wp-content\/uploads\/2020\/04\/Stiftehalter.jpg\" alt=\"\" class=\"wp-image-2647\" width=\"225\" height=\"300\"\/><figcaption>Heute: Stiftehalter<\/figcaption><\/figure><\/div>\n\n\n\n<p>Hast du schon kleine\nOstergeschenke f\u00fcr deine Familie? M\u00f6chtest du dein Zimmer etwas versch\u00f6nern\noder hast Spa\u00df daran, neue Spiele auszuprobieren? <strong>Hier findest du t\u00e4glich\ndazu tolle Ideen. <\/strong>Nat\u00fcrlich wollen wir dabei die Umwelt schonen: <strong>wenig\nM\u00fcll produzieren und sparsam mit Materialien umgehen<\/strong>. Deshalb findest du\nfast alles, was du f\u00fcr das Basteln ben\u00f6tigst, in der Abfalltonne, im Haushalt\noder auf einem Spaziergang. Du wirst \u00fcberrascht sein, was sich aus Abf\u00e4llen und\nNaturmaterialien alles zaubern l\u00e4sst!&nbsp; Viel Spa\u00df beim Basteln und\nAusprobieren! Gerne kannst du uns Fotos von deinen Ergebnissen schicken. Wir\nfreuen uns schon darauf!<\/p>\n\n\n\n<div class=\"wp-block-file\"><a href=\"https:\/\/zooschule-landau.de\/zooschule\/wp-content\/uploads\/2020\/04\/Bastelanleitung-Stiftehalter.pdf\">Bastelanleitung Stiftehalter<\/a><a href=\"https:\/\/zooschule-landau.de\/zooschule\/wp-content\/uploads\/2020\/04\/Bastelanleitung-Stiftehalter.pdf\" class=\"wp-block-file__button\" download>Herunterladen<\/a><\/div>\n\n\n\n<br style=\"clear:both\" ;=\"\">\n<br>\n\n\n\n<hr class=\"wp-block-separator\"\/>\n\n\n\n<h3 class=\"wp-block-heading\"><strong>Heimische und exotische V\u00f6gel entdecken<\/strong><\/h3>\n\n\n\n<p>Kennt ihr die V\u00f6gel unserer Heimat? Das k\u00f6nnt ihr in den n\u00e4chsten Tagen auf diesen Seiten testen! Jeden Tag zeigen wir euch ein <strong>besonderes Foto von einem Vogel<\/strong>, den man hier in der Region sehr gut beobachten kann. K\u00f6nnt ihr seinen Namen sagen? Die Fotos hat der <strong>Naturfotograf Hardy Holte<\/strong> gemacht und uns zur Verf\u00fcgung gestellt. <\/p>\n\n\n\n<div class=\"wp-block-image\"><figure class=\"alignleft is-resized\"><img loading=\"lazy\" decoding=\"async\" src=\"http:\/\/zooschule-landau.de\/zooschule\/wp-content\/uploads\/2020\/04\/V-04-07.jpg\" alt=\"\" class=\"wp-image-2649\" width=\"350\" height=\"253\"\/><figcaption>Foto: Hardy Holte <\/figcaption><\/figure><\/div>\n\n\n\n<p><strong>Wer kennt diesen Vogel?\n&nbsp;<\/strong><\/p>\n\n\n\n<p>Im Fr\u00fchling und im Sommer sieht man diesen Vogel in gro\u00dfen G\u00e4rten, in Parks und auf Wiesen mit Obstb\u00e4umen. Er frisst S\u00e4mereien von Gr\u00e4sern, Kr\u00e4utern und B\u00e4umen und aus verschiedenen Distelarten. Seine Jungen f\u00fcttert er mit Insekten und Blattl\u00e4usen. M\u00e4nnchen und Weibchen unterscheiden sich kaum. Das M\u00e4nnchen ist etwas gr\u00f6\u00dfer und Farben im Gefieder intensiver. Er br\u00fctet in B\u00e4umen und in Str\u00e4uchern. <\/p>\n\n\n\n<br style=\"clear:both\" ;=\"\">\n<br>\n\n\n\n<p><strong>Macht mit! <\/strong><\/p>\n\n\n\n<p>Ihr m\u00f6chtet mehr \u00fcber V\u00f6gel lernen?  Hier haben wir f\u00fcr euch Forscherb\u00f6gen zum <strong>Wei\u00dfstorch<\/strong> zusammengestellt! <\/p>\n\n\n\n<div class=\"wp-block-file\"><a href=\"http:\/\/zooschule-landau.de\/zooschule\/wp-content\/uploads\/2020\/04\/Storch.pdf\">Wei\u00dfstorch<\/a><a href=\"http:\/\/zooschule-landau.de\/zooschule\/wp-content\/uploads\/2020\/04\/Storch.pdf\" class=\"wp-block-file__button\" download>Herunterladen<\/a><\/div>\n\n\n\n<p>\n\n\n\n\n\n\n\n\n\n\n\n\n\n\n\n\nSo k\u00f6nnt ihr ein eigenes\nForscherbuch f\u00fcr V\u00f6gel basteln!\n\n\n\n<\/p>\n\n\n\n<div class=\"wp-block-file\"><a href=\"http:\/\/zooschule-landau.de\/zooschule\/wp-content\/uploads\/2020\/04\/Forscherbuch-f\u00fcr-V\u00f6gel-1.pdf\">Forscherbuch f\u00fcr V\u00f6gel &#8211; Anleitung<\/a><a href=\"http:\/\/zooschule-landau.de\/zooschule\/wp-content\/uploads\/2020\/04\/Forscherbuch-f\u00fcr-V\u00f6gel-1.pdf\" class=\"wp-block-file__button\" download>Herunterladen<\/a><\/div>\n\n\n\n<hr class=\"wp-block-separator\"\/>\n\n\n\n<h3 class=\"wp-block-heading\"><strong>Hast du&#8217;s gewusst?<\/strong><\/h3>\n\n\n\n<h4 class=\"wp-block-heading\">Zootier des Tages vom 6. April<\/h4>\n\n\n\n<div class=\"wp-block-image\"><figure class=\"aligncenter is-resized\"><img loading=\"lazy\" decoding=\"async\" src=\"https:\/\/zooschule-landau.de\/zooschule\/wp-content\/uploads\/2020\/04\/Tiger-1400x899.jpg\" alt=\"\" class=\"wp-image-2652\" width=\"700\" height=\"450\" srcset=\"https:\/\/zooschule-landau.de\/zooschule\/wp-content\/uploads\/2020\/04\/Tiger-1400x899.jpg 1400w, https:\/\/zooschule-landau.de\/zooschule\/wp-content\/uploads\/2020\/04\/Tiger-300x193.jpg 300w, https:\/\/zooschule-landau.de\/zooschule\/wp-content\/uploads\/2020\/04\/Tiger-768x493.jpg 768w, https:\/\/zooschule-landau.de\/zooschule\/wp-content\/uploads\/2020\/04\/Tiger.jpg 1662w\" sizes=\"auto, (max-width: 700px) 100vw, 700px\" \/><figcaption><strong>Der Sibirische Tiger<\/strong><\/figcaption><\/figure><\/div>\n\n\n\n<h4 class=\"wp-block-heading\">Wer kennt diesen Vogel vom 6. April<\/h4>\n\n\n\n<div class=\"wp-block-image\"><figure class=\"aligncenter is-resized\"><img loading=\"lazy\" decoding=\"async\" src=\"https:\/\/zooschule-landau.de\/zooschule\/wp-content\/uploads\/2020\/04\/V-04-06-1-1400x1036.jpg\" alt=\"\" class=\"wp-image-2653\" width=\"700\" height=\"518\" srcset=\"https:\/\/zooschule-landau.de\/zooschule\/wp-content\/uploads\/2020\/04\/V-04-06-1-1400x1036.jpg 1400w, https:\/\/zooschule-landau.de\/zooschule\/wp-content\/uploads\/2020\/04\/V-04-06-1-300x222.jpg 300w, https:\/\/zooschule-landau.de\/zooschule\/wp-content\/uploads\/2020\/04\/V-04-06-1-768x568.jpg 768w, https:\/\/zooschule-landau.de\/zooschule\/wp-content\/uploads\/2020\/04\/V-04-06-1.jpg 1800w\" sizes=\"auto, (max-width: 700px) 100vw, 700px\" \/><figcaption><strong>Die Blaumeise<\/strong> \u00a9Hardy Holte <\/figcaption><\/figure><\/div>\n","protected":false},"excerpt":{"rendered":"<p>07. April 2020 Wer bin ich? Zootier des Tages Wie gut kennt ihr die Tiere im Landauer Zoo? Das k\u00f6nnt ihr jetzt jeden Tag selbst testen! Seht euch das K\u00f6rperteil an und \u00fcberlegt, zu welchem Tier es geh\u00f6rt. Morgen gibt es die L\u00f6sung dazu! Komm, mach mit! Wir retten unseren Planeten! Hier gibt es viele<\/p>\n","protected":false},"author":1,"featured_media":0,"parent":0,"menu_order":0,"comment_status":"closed","ping_status":"closed","template":"page-fullwidth.php","meta":{"footnotes":""},"class_list":["post-2642","page","type-page","status-publish","hentry"],"_links":{"self":[{"href":"https:\/\/zooschule-landau.de\/zooschule\/wp-json\/wp\/v2\/pages\/2642","targetHints":{"allow":["GET"]}}],"collection":[{"href":"https:\/\/zooschule-landau.de\/zooschule\/wp-json\/wp\/v2\/pages"}],"about":[{"href":"https:\/\/zooschule-landau.de\/zooschule\/wp-json\/wp\/v2\/types\/page"}],"author":[{"embeddable":true,"href":"https:\/\/zooschule-landau.de\/zooschule\/wp-json\/wp\/v2\/users\/1"}],"replies":[{"embeddable":true,"href":"https:\/\/zooschule-landau.de\/zooschule\/wp-json\/wp\/v2\/comments?post=2642"}],"version-history":[{"count":5,"href":"https:\/\/zooschule-landau.de\/zooschule\/wp-json\/wp\/v2\/pages\/2642\/revisions"}],"predecessor-version":[{"id":2698,"href":"https:\/\/zooschule-landau.de\/zooschule\/wp-json\/wp\/v2\/pages\/2642\/revisions\/2698"}],"wp:attachment":[{"href":"https:\/\/zooschule-landau.de\/zooschule\/wp-json\/wp\/v2\/media?parent=2642"}],"curies":[{"name":"wp","href":"https:\/\/api.w.org\/{rel}","templated":true}]}}