{"id":2586,"date":"2020-04-04T14:52:32","date_gmt":"2020-04-04T12:52:32","guid":{"rendered":"http:\/\/zooschule-landau.de\/zooschule\/?page_id=2586"},"modified":"2020-04-08T10:47:19","modified_gmt":"2020-04-08T08:47:19","slug":"06-04","status":"publish","type":"page","link":"https:\/\/zooschule-landau.de\/zooschule\/06-04\/","title":{"rendered":"06.04."},"content":{"rendered":"\n<h2 class=\"wp-block-heading\">06. April 2020<\/h2>\n\n\n\n<div class=\"wp-block-button aligncenter\"><a class=\"wp-block-button__link has-text-color has-very-dark-gray-color has-background\" href=\"https:\/\/zooschule-landau.de\/zooschule\/online-ferienprogramm\/\" style=\"background-color:#b5d17d\">Zur\u00fcck zur Tages-\u00dcbersicht<br><\/a><\/div>\n\n\n\n<h3 class=\"wp-block-heading\"><strong>Wer bin ich? Zootier des\nTages<\/strong><\/h3>\n\n\n\n<p>Wie gut kennt ihr die Tiere im Landauer Zoo? Das k\u00f6nnt ihr jetzt jeden Tag selbst testen! Seht euch das K\u00f6rperteil an und \u00fcberlegt, zu welchem Tier es geh\u00f6rt. Morgen gibt es die L\u00f6sung dazu! <\/p>\n\n\n\n<div class=\"wp-block-image\"><figure class=\"aligncenter\"><img loading=\"lazy\" decoding=\"async\" width=\"148\" height=\"165\" src=\"https:\/\/zooschule-landau.de\/zooschule\/wp-content\/uploads\/2020\/04\/ZT-04-06.jpg\" alt=\"\" class=\"wp-image-2587\"\/><\/figure><\/div>\n\n\n\n<hr class=\"wp-block-separator\"\/>\n\n\n\n<h3 class=\"wp-block-heading\"><strong>Komm, mach mit! Wir retten unseren Planeten! <\/strong><\/h3>\n\n\n\n<div class=\"wp-block-image\"><figure class=\"alignleft is-resized\"><img loading=\"lazy\" decoding=\"async\" src=\"https:\/\/zooschule-landau.de\/zooschule\/wp-content\/uploads\/2020\/04\/weltumarmen_neu.\u00fcberarb-1400x1110.jpg\" alt=\"\" class=\"wp-image-2621\" width=\"252\" height=\"199\" srcset=\"https:\/\/zooschule-landau.de\/zooschule\/wp-content\/uploads\/2020\/04\/weltumarmen_neu.\u00fcberarb-1400x1110.jpg 1400w, https:\/\/zooschule-landau.de\/zooschule\/wp-content\/uploads\/2020\/04\/weltumarmen_neu.\u00fcberarb-300x238.jpg 300w, https:\/\/zooschule-landau.de\/zooschule\/wp-content\/uploads\/2020\/04\/weltumarmen_neu.\u00fcberarb-768x609.jpg 768w\" sizes=\"auto, (max-width: 252px) 100vw, 252px\" \/><\/figure><\/div>\n\n\n\n<p>Hier gibt es viele kleine und gro\u00dfe Ideen, wie wir sorgsam mit unserer Erde umgehen k\u00f6nnen. Lies jeden Tag die Seiten aus der Kinder-Agenda Pfalz und mach mit! Bist du mit dabei?<\/p>\n\n\n\n<p>Heute kannst du zum Energie-Sparfuchs werden! <\/p>\n\n\n\n<div class=\"wp-block-file\"><a href=\"https:\/\/zooschule-landau.de\/zooschule\/wp-content\/uploads\/2020\/04\/Mach-Mit-zu-HauseZW.pdf\">Macht mit zu Hause!<\/a><a href=\"https:\/\/zooschule-landau.de\/zooschule\/wp-content\/uploads\/2020\/04\/Mach-Mit-zu-HauseZW.pdf\" class=\"wp-block-file__button\" download>Herunterladen<\/a><\/div>\n\n\n\n<br style=\"clear:both\" ;=\"\">\n<br>\n\n\n\n<p>Seiten zum Lesen:<\/p>\n\n\n\n<div class=\"wp-block-file\"><a href=\"https:\/\/zooschule-landau.de\/zooschule\/wp-content\/uploads\/2020\/04\/Die-Zukunft-unserer-Erde.pdf\">Die Zukunft unserer Erde<\/a><a href=\"https:\/\/zooschule-landau.de\/zooschule\/wp-content\/uploads\/2020\/04\/Die-Zukunft-unserer-Erde.pdf\" class=\"wp-block-file__button\" download>Herunterladen<\/a><\/div>\n\n\n\n<hr class=\"wp-block-separator\"\/>\n\n\n\n<h3 class=\"wp-block-heading\"> <strong>Allerlei: Basteln, Spielen, Werken, R\u00e4tsel <\/strong><\/h3>\n\n\n\n<div class=\"wp-block-image\"><figure class=\"alignleft is-resized\"><img loading=\"lazy\" decoding=\"async\" src=\"https:\/\/zooschule-landau.de\/zooschule\/wp-content\/uploads\/2020\/04\/Sockenosterhasen-2-1371x1400.jpg\" alt=\"\" class=\"wp-image-2591\" width=\"343\" height=\"350\" srcset=\"https:\/\/zooschule-landau.de\/zooschule\/wp-content\/uploads\/2020\/04\/Sockenosterhasen-2-1371x1400.jpg 1371w, https:\/\/zooschule-landau.de\/zooschule\/wp-content\/uploads\/2020\/04\/Sockenosterhasen-2-294x300.jpg 294w, https:\/\/zooschule-landau.de\/zooschule\/wp-content\/uploads\/2020\/04\/Sockenosterhasen-2-768x784.jpg 768w, https:\/\/zooschule-landau.de\/zooschule\/wp-content\/uploads\/2020\/04\/Sockenosterhasen-2-64x64.jpg 64w\" sizes=\"auto, (max-width: 343px) 100vw, 343px\" \/><figcaption>Bald ist Ostern! Wir basteln lustige Sockenhasen!<\/figcaption><\/figure><\/div>\n\n\n\n<p>Hast du schon kleine\nOstergeschenke f\u00fcr deine Familie? M\u00f6chtest du dein Zimmer etwas versch\u00f6nern\noder hast Spa\u00df daran, neue Spiele auszuprobieren? <strong>Hier findest du t\u00e4glich\ndazu tolle Ideen. <\/strong>Nat\u00fcrlich wollen wir dabei die Umwelt schonen: <strong>wenig\nM\u00fcll produzieren und sparsam mit Materialien umgehen<\/strong>. Deshalb findest du\nfast alles, was du f\u00fcr das Basteln ben\u00f6tigst, in der Abfalltonne, im Haushalt\noder auf einem Spaziergang. Du wirst \u00fcberrascht sein, was sich aus Abf\u00e4llen und\nNaturmaterialien alles zaubern l\u00e4sst!&nbsp; Viel Spa\u00df beim Basteln und\nAusprobieren! Gerne kannst du uns Fotos von deinen Ergebnissen schicken. Wir\nfreuen uns schon darauf!<\/p>\n\n\n\n<div class=\"wp-block-file\"><a href=\"https:\/\/zooschule-landau.de\/zooschule\/wp-content\/uploads\/2020\/04\/Bastelanleitung-Socken-Osterhase.pdf\">Bastelanleitung Socken-Osterhase<\/a><a href=\"https:\/\/zooschule-landau.de\/zooschule\/wp-content\/uploads\/2020\/04\/Bastelanleitung-Socken-Osterhase.pdf\" class=\"wp-block-file__button\" download>Herunterladen<\/a><\/div>\n\n\n\n<br style=\"clear:both\" ;=\"\">\n<br>\n\n\n\n<hr class=\"wp-block-separator\"\/>\n\n\n\n<h3 class=\"wp-block-heading\"><strong>Heimische und exotische V\u00f6gel entdecken<\/strong><\/h3>\n\n\n\n<p>Kennt ihr die V\u00f6gel unserer Heimat? Das k\u00f6nnt ihr in den n\u00e4chsten Tagen auf diesen Seiten testen! Jeden Tag zeigen wir euch ein <strong>besonderes Foto von einem Vogel<\/strong>, den man hier in der Region sehr gut beobachten kann. K\u00f6nnt ihr seinen Namen sagen? Die Fotos hat der <strong>Naturfotograf Hardy Holte<\/strong> gemacht und uns zur Verf\u00fcgung gestellt. <\/p>\n\n\n\n<div class=\"wp-block-image\"><figure class=\"alignleft is-resized\"><img loading=\"lazy\" decoding=\"async\" src=\"https:\/\/zooschule-landau.de\/zooschule\/wp-content\/uploads\/2020\/04\/V-04-06-1400x1036.jpg\" alt=\"\" class=\"wp-image-2593\" width=\"350\" height=\"259\" srcset=\"https:\/\/zooschule-landau.de\/zooschule\/wp-content\/uploads\/2020\/04\/V-04-06-1400x1036.jpg 1400w, https:\/\/zooschule-landau.de\/zooschule\/wp-content\/uploads\/2020\/04\/V-04-06-300x222.jpg 300w, https:\/\/zooschule-landau.de\/zooschule\/wp-content\/uploads\/2020\/04\/V-04-06-768x568.jpg 768w, https:\/\/zooschule-landau.de\/zooschule\/wp-content\/uploads\/2020\/04\/V-04-06.jpg 1800w\" sizes=\"auto, (max-width: 350px) 100vw, 350px\" \/><figcaption>  Foto: Hardy Holte<\/figcaption><\/figure><\/div>\n\n\n\n<p><strong>Wer kennt diesen Vogel?\n&nbsp;<\/strong><\/p>\n\n\n\n<p>Er ist in G\u00e4rten und Parks zu\nHause. Er frisst besonders gerne Insekten und Spinnen. Im Fr\u00fchling br\u00fctet er in\nBaumh\u00f6hlen und Nistk\u00e4sten. Er ist sehr lebhaft und st\u00e4ndig in Bewegung. Sein Gesang\nist sehr abwechslungsreich. Meist beginnt er mit einem hohen \u201etii-tii\u201c und\nendet dann mit einem h\u00fcbschen Triller. Morgen erfahrt ihr die L\u00f6sung!<\/p>\n\n\n\n<br style=\"clear:both\" ;=\"\">\n<br>\n\n\n\n<p><strong>Macht mit! <\/strong><\/p>\n\n\n\n<p>Ihr m\u00f6chtet mehr \u00fcber V\u00f6gel\nlernen? \n\nHier haben wir f\u00fcr euch Forscherb\u00f6gen zum <strong>Zaunk\u00f6nig<\/strong>\nzusammengestellt!\n\n\n\n<\/p>\n\n\n\n<div class=\"wp-block-file\"><a href=\"https:\/\/zooschule-landau.de\/zooschule\/wp-content\/uploads\/2020\/04\/Zaunk\u00f6nig.pdf\">Zaunk\u00f6nig<\/a><a href=\"https:\/\/zooschule-landau.de\/zooschule\/wp-content\/uploads\/2020\/04\/Zaunk\u00f6nig.pdf\" class=\"wp-block-file__button\" download>Herunterladen<\/a><\/div>\n\n\n\n<p>\n\n\n\n\n\n\n\n\n\n\n\n\n\n\n\n\nSo k\u00f6nnt ihr ein eigenes\nForscherbuch f\u00fcr V\u00f6gel basteln!\n\n\n\n<\/p>\n\n\n\n<div class=\"wp-block-file\"><a href=\"http:\/\/zooschule-landau.de\/zooschule\/wp-content\/uploads\/2020\/04\/Forscherbuch-f\u00fcr-V\u00f6gel-1.pdf\">Forscherbuch f\u00fcr V\u00f6gel &#8211; Anleitung<\/a><a href=\"http:\/\/zooschule-landau.de\/zooschule\/wp-content\/uploads\/2020\/04\/Forscherbuch-f\u00fcr-V\u00f6gel-1.pdf\" class=\"wp-block-file__button\" download>Herunterladen<\/a><\/div>\n","protected":false},"excerpt":{"rendered":"<p>06. April 2020 Wer bin ich? Zootier des Tages Wie gut kennt ihr die Tiere im Landauer Zoo? Das k\u00f6nnt ihr jetzt jeden Tag selbst testen! Seht euch das K\u00f6rperteil an und \u00fcberlegt, zu welchem Tier es geh\u00f6rt. Morgen gibt es die L\u00f6sung dazu! Komm, mach mit! Wir retten unseren Planeten! Hier gibt es viele<\/p>\n","protected":false},"author":1,"featured_media":0,"parent":0,"menu_order":0,"comment_status":"closed","ping_status":"closed","template":"page-fullwidth.php","meta":{"footnotes":""},"class_list":["post-2586","page","type-page","status-publish","hentry"],"_links":{"self":[{"href":"https:\/\/zooschule-landau.de\/zooschule\/wp-json\/wp\/v2\/pages\/2586","targetHints":{"allow":["GET"]}}],"collection":[{"href":"https:\/\/zooschule-landau.de\/zooschule\/wp-json\/wp\/v2\/pages"}],"about":[{"href":"https:\/\/zooschule-landau.de\/zooschule\/wp-json\/wp\/v2\/types\/page"}],"author":[{"embeddable":true,"href":"https:\/\/zooschule-landau.de\/zooschule\/wp-json\/wp\/v2\/users\/1"}],"replies":[{"embeddable":true,"href":"https:\/\/zooschule-landau.de\/zooschule\/wp-json\/wp\/v2\/comments?post=2586"}],"version-history":[{"count":20,"href":"https:\/\/zooschule-landau.de\/zooschule\/wp-json\/wp\/v2\/pages\/2586\/revisions"}],"predecessor-version":[{"id":2700,"href":"https:\/\/zooschule-landau.de\/zooschule\/wp-json\/wp\/v2\/pages\/2586\/revisions\/2700"}],"wp:attachment":[{"href":"https:\/\/zooschule-landau.de\/zooschule\/wp-json\/wp\/v2\/media?parent=2586"}],"curies":[{"name":"wp","href":"https:\/\/api.w.org\/{rel}","templated":true}]}}