{"id":2209,"date":"2019-07-05T11:48:30","date_gmt":"2019-07-05T09:48:30","guid":{"rendered":"http:\/\/zooschule-landau.de\/zooschule\/?page_id=2209"},"modified":"2024-08-16T11:44:32","modified_gmt":"2024-08-16T09:44:32","slug":"lernort-nachhaltigkeit","status":"publish","type":"page","link":"https:\/\/zooschule-landau.de\/zooschule\/ueber-uns\/lernort-nachhaltigkeit\/","title":{"rendered":"Zooschule als LernOrt Nachhaltigkeit"},"content":{"rendered":"\n<h2 class=\"wp-block-heading\"> Zooschule zertifiziert als &#8222;<em>LernOrt Nachhaltigkeit<\/em>&#8220; <\/h2>\n\n\n\n<div style=\"height:20px\" aria-hidden=\"true\" class=\"wp-block-spacer\"><\/div>\n\n\n\n<h4 class=\"wp-block-heading\">\n\n\n\n\n\n\n\n\n\n\n\n\n\n\n\n\nDie\nZooschule Landau geh\u00f6rt zum landesweiten Netzwerk \u201eLernOrt Nachhaltigkeit\u201c Rheinland-Pfalz\u201c.\n\n\n\n<\/h4>\n\n\n<div class=\"wp-block-image\">\n<figure class=\"alignright\"><img loading=\"lazy\" decoding=\"async\" width=\"355\" height=\"355\" src=\"https:\/\/zooschule-landau.de\/zooschule\/wp-content\/uploads\/2019\/07\/2225_Logo\u00d4\u00c7\u00f4LernOrt-Nachhkeit-4c-S-Prod-1.jpg\" alt=\"\" class=\"wp-image-2216\" srcset=\"https:\/\/zooschule-landau.de\/zooschule\/wp-content\/uploads\/2019\/07\/2225_Logo\u00d4\u00c7\u00f4LernOrt-Nachhkeit-4c-S-Prod-1.jpg 355w, https:\/\/zooschule-landau.de\/zooschule\/wp-content\/uploads\/2019\/07\/2225_Logo\u00d4\u00c7\u00f4LernOrt-Nachhkeit-4c-S-Prod-1-150x150.jpg 150w, https:\/\/zooschule-landau.de\/zooschule\/wp-content\/uploads\/2019\/07\/2225_Logo\u00d4\u00c7\u00f4LernOrt-Nachhkeit-4c-S-Prod-1-300x300.jpg 300w, https:\/\/zooschule-landau.de\/zooschule\/wp-content\/uploads\/2019\/07\/2225_Logo\u00d4\u00c7\u00f4LernOrt-Nachhkeit-4c-S-Prod-1-90x90.jpg 90w, https:\/\/zooschule-landau.de\/zooschule\/wp-content\/uploads\/2019\/07\/2225_Logo\u00d4\u00c7\u00f4LernOrt-Nachhkeit-4c-S-Prod-1-64x64.jpg 64w\" sizes=\"auto, (max-width: 355px) 100vw, 355px\" \/><\/figure><\/div>\n\n\n<blockquote class=\"wp-block-quote is-layout-flow wp-block-quote-is-layout-flow\">\n<p><strong>Ein \u201eLernOrt Nachhaltigkeit\u201c <\/strong>bietet ma\u00dfgeschneiderte  Bildungsangebote mit Anschlussf\u00e4higkeit an die Entwicklungs- und  Rahmenpl\u00e4ne. Kinder und Jugendliche k\u00f6nnen aktiv werden und haben die  Chance, in der Natur, vor Ort und mitten im Leben zu lernen. <\/p>\n<\/blockquote>\n\n\n\n<blockquote class=\"wp-block-quote\"><p> <strong>Ziele der Sch\u00fcleraktivit\u00e4ten an den LernOrten Nachhaltigkeit sind:<\/strong> <\/p><ul><li> sinnhafte Prim\u00e4rerfahrung in der Natur zu erm\u00f6glichen, um \u00fcber den  Aufbau einer emotionalen Beziehung zur Natur Sensibilit\u00e4t im Umgang mit  der Natur zu wecken, <\/li>\n<li>durch Lernen in der Natur bzw. Umwelt Kenntnisse und Fertigkeiten zu vermitteln,<\/li>\n<li>durch vielf\u00e4ltige sch\u00fclerorientierte Aktivit\u00e4ten und Projekte gen\u00fcgend Freiraum f\u00fcr selbst\u00e4ndigen Erkenntnisgewinn zu lassen,<\/li>\n<li>Verst\u00e4ndnis f\u00fcr \u00f6kologische Zusammenh\u00e4nge zu schaffen und auf die komplexen Folgen von Eingriffen in die Natur aufmerksam zu machen,<\/li>\n<li>Methoden der Umweltanalytik und des Umweltschutzes bzw. Landschaftspflege vorzustellen und durchzuf\u00fchren,<\/li>\n<li>Handlungsbereitschaften bei den Sch\u00fclerinnen und Sch\u00fclern durch die au\u00dferschulische Arbeit in Zusammenarbeit mit Schule zu f\u00f6rdern und Handlungskompetenzen zu vermitteln,<\/li>\n<li>au\u00dferschulische Ankn\u00fcpfungspunkte f\u00fcr Fragen und Themen einer Bildung f\u00fcr eine nachhaltige und zukunftsf\u00e4hige Entwicklung anzubieten und \u00fcber den Einblick in lokale Agendaprozesse, an denen die Stationen beteiligt sein k\u00f6nnen, zur schulischen Mitarbeit anzuregen bzw. diese Ans\u00e4tze in die Schulen zu tragen.<\/li><\/ul><p>Um diese Ziele zu erreichen ist die originale, altersgem\u00e4\u00dfe Natur- und Kulturraumbegegnung und -untersuchung \u00fcbergeordnetes umweltp\u00e4dagogisches Prinzip. Diese Aktivit\u00e4ten reichen vom Erlebniswandertag bis hin zu mehrt\u00e4gigen Umweltprojekten.<\/p><cite><em>https:\/\/nachhaltigkeit.bildung-rp.de\/schur.html<\/em><\/cite><\/blockquote>\n\n\n\n<blockquote class=\"wp-block-quote is-layout-flow wp-block-quote-is-layout-flow\">\n<p>Im Juli 2022 erhielt die Zooschule im Rahmen der Qualit\u00e4tsentwicklung und Zertifizierung BNE in Rheinland-Pfalz und im Saarland das BNE-Qualit\u00e4tssiegel. <strong>\u00a0<\/strong><\/p>\n\n\n<div class=\"wp-block-image\">\n<figure class=\"aligncenter size-full is-resized\"><img loading=\"lazy\" decoding=\"async\" src=\"https:\/\/zooschule-landau.de\/zooschule\/wp-content\/uploads\/2024\/03\/BNE-Logo.jpg\" alt=\"\" class=\"wp-image-3970\" width=\"443\" height=\"174\"\/><\/figure><\/div><\/blockquote>\n\n\n<div class=\"wp-block-image\">\n<figure class=\"aligncenter\"><a href=\"http:\/\/zooschule-landau.de\/zooschule\/wp-content\/uploads\/2019\/07\/Flyer_LernOrt_Nachhaltigkeit_RLP_2019.pdf\" target=\"_blank\" rel=\"noreferrer noopener\"><img loading=\"lazy\" decoding=\"async\" width=\"428\" height=\"856\" src=\"http:\/\/zooschule-landau.de\/zooschule\/wp-content\/uploads\/2019\/07\/Titebild_Flyer_Lernort_Nachhaltigkeit_RLP.jpg\" alt=\"\" class=\"wp-image-2219\" srcset=\"https:\/\/zooschule-landau.de\/zooschule\/wp-content\/uploads\/2019\/07\/Titebild_Flyer_Lernort_Nachhaltigkeit_RLP.jpg 428w, https:\/\/zooschule-landau.de\/zooschule\/wp-content\/uploads\/2019\/07\/Titebild_Flyer_Lernort_Nachhaltigkeit_RLP-150x300.jpg 150w\" sizes=\"auto, (max-width: 428px) 100vw, 428px\" \/><\/a><figcaption class=\"wp-element-caption\">Flyer des Netzwerks &#8222;LernOrt Nachhaltigkeit Rheinland-Pfalz&#8220;<\/figcaption><\/figure><\/div>\n\n\n<p>Weitere Informationen erhalten Sie unter <strong><a href=\"http:\/\/www.lernort-nachhaltigkeit.bildung-rp.de\" target=\"_blank\" rel=\"noreferrer noopener\" aria-label=\" (\u00f6ffnet in neuem Tab)\">www.lernort-nachhaltigkeit.bildung-rp.de<\/a><\/strong><\/p>\n","protected":false},"excerpt":{"rendered":"<p>Zooschule zertifiziert als &#8222;LernOrt Nachhaltigkeit&#8220; Die Zooschule Landau geh\u00f6rt zum landesweiten Netzwerk \u201eLernOrt Nachhaltigkeit\u201c Rheinland-Pfalz\u201c. Ein \u201eLernOrt Nachhaltigkeit\u201c bietet ma\u00dfgeschneiderte Bildungsangebote mit Anschlussf\u00e4higkeit an die Entwicklungs- und Rahmenpl\u00e4ne. Kinder und Jugendliche k\u00f6nnen aktiv werden und haben die Chance, in der Natur, vor Ort und mitten im Leben zu lernen. Ziele der Sch\u00fcleraktivit\u00e4ten an den LernOrten<\/p>\n","protected":false},"author":1,"featured_media":0,"parent":1236,"menu_order":0,"comment_status":"closed","ping_status":"closed","template":"page-fullwidth.php","meta":{"footnotes":""},"class_list":["post-2209","page","type-page","status-publish","hentry"],"_links":{"self":[{"href":"https:\/\/zooschule-landau.de\/zooschule\/wp-json\/wp\/v2\/pages\/2209","targetHints":{"allow":["GET"]}}],"collection":[{"href":"https:\/\/zooschule-landau.de\/zooschule\/wp-json\/wp\/v2\/pages"}],"about":[{"href":"https:\/\/zooschule-landau.de\/zooschule\/wp-json\/wp\/v2\/types\/page"}],"author":[{"embeddable":true,"href":"https:\/\/zooschule-landau.de\/zooschule\/wp-json\/wp\/v2\/users\/1"}],"replies":[{"embeddable":true,"href":"https:\/\/zooschule-landau.de\/zooschule\/wp-json\/wp\/v2\/comments?post=2209"}],"version-history":[{"count":15,"href":"https:\/\/zooschule-landau.de\/zooschule\/wp-json\/wp\/v2\/pages\/2209\/revisions"}],"predecessor-version":[{"id":4013,"href":"https:\/\/zooschule-landau.de\/zooschule\/wp-json\/wp\/v2\/pages\/2209\/revisions\/4013"}],"up":[{"embeddable":true,"href":"https:\/\/zooschule-landau.de\/zooschule\/wp-json\/wp\/v2\/pages\/1236"}],"wp:attachment":[{"href":"https:\/\/zooschule-landau.de\/zooschule\/wp-json\/wp\/v2\/media?parent=2209"}],"curies":[{"name":"wp","href":"https:\/\/api.w.org\/{rel}","templated":true}]}}