{"id":200,"date":"2018-02-22T22:23:43","date_gmt":"2018-02-22T21:23:43","guid":{"rendered":"http:\/\/zooschule.synology.me\/zooschule\/?page_id=200"},"modified":"2019-02-20T18:47:37","modified_gmt":"2019-02-20T17:47:37","slug":"unterricht-in-der-zooschule","status":"publish","type":"page","link":"https:\/\/zooschule-landau.de\/zooschule\/services\/fuer-schulen-kitas\/unterricht-in-der-zooschule\/","title":{"rendered":"Unterricht in der Zooschule"},"content":{"rendered":"<h1>Unterricht in der Zooschule<\/h1>\n<hr \/>\n<h2>R\u00e4umlichkeiten<\/h2>\n<p>Die Zooschule erm\u00f6glicht Kindern, Jugendlichen und Erwachsenen im Rahmen eines umfassenden p\u00e4dagogischen Angebots das pers\u00f6nliche Erleben von heimischen und exotischen Wildtieren. Der Zoo Landau mit seinem artenreichen Tierbestand (circa 600 Tiere in rund 125 \u00fcberwiegend exotischen Arten) und einer Vielfalt an botanisch interessanten Pflanzenarten ist daf\u00fcr ein geeigneter Erlebnis- und Lernraum. Das in Holzbauweise erstellte Geb\u00e4ude der Zooschule befindet sich im Zoogel\u00e4nde. Das Zooschulgeb\u00e4ude bietet die M\u00f6glichkeit, das Gelernte \u2013 unabh\u00e4ngig vom Wetter \u2013 zu vertiefen.<\/p>\n<div id=\"attachment_201\" style=\"width: 340px\" class=\"wp-caption alignleft\"><img loading=\"lazy\" decoding=\"async\" aria-describedby=\"caption-attachment-201\" class=\"wp-image-201\" title=\"Erlebnisraum\" src=\"https:\/\/zooschule-landau.de\/zooschule\/wp-content\/uploads\/2018\/02\/Erlebnisraum.1.jpg\" alt=\"\" width=\"330\" height=\"191\" \/><p id=\"caption-attachment-201\" class=\"wp-caption-text\">Der &#8222;Erlebnisraum&#8220; ist mit zahlreichen Pflanzen und Tierpr\u00e4paraten sehr naturnah gestaltet.<\/p><\/div>\n<div id=\"attachment_202\" style=\"width: 343px\" class=\"wp-caption alignleft\"><img loading=\"lazy\" decoding=\"async\" aria-describedby=\"caption-attachment-202\" class=\"wp-image-202\" title=\"Seminarraum\" src=\"https:\/\/zooschule-landau.de\/zooschule\/wp-content\/uploads\/2018\/02\/Seminarraum.jpg\" alt=\"\" width=\"333\" height=\"221\" \/><p id=\"caption-attachment-202\" class=\"wp-caption-text\">Ein &#8222;Seminarraum&#8220; mit einer modernen Medienausstattung bietet bis zu 60 Personen Platz.<\/p><\/div>\n<div id=\"attachment_203\" style=\"width: 343px\" class=\"wp-caption alignleft\"><img loading=\"lazy\" decoding=\"async\" aria-describedby=\"caption-attachment-203\" class=\"wp-image-203\" title=\"Freiluft-Klassenzimmer\" src=\"https:\/\/zooschule-landau.de\/zooschule\/wp-content\/uploads\/2018\/02\/Freiluft-Klassenzimmer.jpg\" alt=\"\" width=\"333\" height=\"221\" \/><p id=\"caption-attachment-203\" class=\"wp-caption-text\">An sonnigen Tagen findet der Unterricht auch im &#8222;Freiluft-Klassenzimmer&#8220; vor dem Geb\u00e4ude der Zooschule statt.<\/p><\/div>\n<div style=\"clear: both;\"><\/div>\n<hr \/>\n<p>Unterrichtsangebot<\/p>\n<p>Schulen und Kindertagesst\u00e4tten k\u00f6nnen aus mehr als 25 verschiedenen Unterrichtseinheiten zum Tier-, Arten- und Naturschutz ausw\u00e4hlen, darunter auch Themen, die sich dem Lernbereich \u201eGlobale Entwicklung\u201c im Rahmen einer Bildung f\u00fcr nachhaltige Entwicklung zuordnen lassen.<\/p>\n<p>Hier geht es zu den Unterrichtseinheiten f\u00fcr <a href=\"https:\/\/zooschule-landau.de\/zooschule\/programm\/fuer-schulen-kitas\/unterrichtsthemen-fuer-kitas\/\">Kindertagesst\u00e4tten<\/a>, <a href=\"https:\/\/zooschule-landau.de\/zooschule\/programm\/fuer-schulen-kitas\/unterrichtsangebote-fuer-grundschulen\/\">Grundschulen<\/a> und <a href=\"https:\/\/zooschule-landau.de\/zooschule\/programm\/fuer-schulen-kitas\/unterrichtsthemen-fuer-weiterfuehrende-schulen\/\">weiterf\u00fchrende Schulen<\/a>.<\/p>\n","protected":false},"excerpt":{"rendered":"<p>Unterricht in der Zooschule R\u00e4umlichkeiten Die Zooschule erm\u00f6glicht Kindern, Jugendlichen und Erwachsenen im Rahmen eines umfassenden p\u00e4dagogischen Angebots das pers\u00f6nliche Erleben von heimischen und exotischen Wildtieren. Der Zoo Landau mit seinem artenreichen Tierbestand (circa 600 Tiere in rund 125 \u00fcberwiegend exotischen Arten) und einer Vielfalt an botanisch interessanten Pflanzenarten ist daf\u00fcr ein geeigneter Erlebnis- und<\/p>\n","protected":false},"author":1,"featured_media":0,"parent":111,"menu_order":0,"comment_status":"closed","ping_status":"closed","template":"js\/page-fullwidth.php","meta":{"footnotes":""},"class_list":["post-200","page","type-page","status-publish","hentry"],"_links":{"self":[{"href":"https:\/\/zooschule-landau.de\/zooschule\/wp-json\/wp\/v2\/pages\/200","targetHints":{"allow":["GET"]}}],"collection":[{"href":"https:\/\/zooschule-landau.de\/zooschule\/wp-json\/wp\/v2\/pages"}],"about":[{"href":"https:\/\/zooschule-landau.de\/zooschule\/wp-json\/wp\/v2\/types\/page"}],"author":[{"embeddable":true,"href":"https:\/\/zooschule-landau.de\/zooschule\/wp-json\/wp\/v2\/users\/1"}],"replies":[{"embeddable":true,"href":"https:\/\/zooschule-landau.de\/zooschule\/wp-json\/wp\/v2\/comments?post=200"}],"version-history":[{"count":12,"href":"https:\/\/zooschule-landau.de\/zooschule\/wp-json\/wp\/v2\/pages\/200\/revisions"}],"predecessor-version":[{"id":2058,"href":"https:\/\/zooschule-landau.de\/zooschule\/wp-json\/wp\/v2\/pages\/200\/revisions\/2058"}],"up":[{"embeddable":true,"href":"https:\/\/zooschule-landau.de\/zooschule\/wp-json\/wp\/v2\/pages\/111"}],"wp:attachment":[{"href":"https:\/\/zooschule-landau.de\/zooschule\/wp-json\/wp\/v2\/media?parent=200"}],"curies":[{"name":"wp","href":"https:\/\/api.w.org\/{rel}","templated":true}]}}