{"id":1849,"date":"2019-02-18T20:25:41","date_gmt":"2019-02-18T19:25:41","guid":{"rendered":"http:\/\/zooschule-landau.de\/zooschule\/?page_id=1849"},"modified":"2021-06-22T13:27:37","modified_gmt":"2021-06-22T11:27:37","slug":"einbettung-in-die-aktion-gruen-gemeinsam-arten-schuetzen","status":"publish","type":"page","link":"https:\/\/zooschule-landau.de\/zooschule\/projekte\/zoo-natur-erlebnistage\/einbettung-in-die-aktion-gruen-gemeinsam-arten-schuetzen\/","title":{"rendered":"Einbettung in die \u201eAKTION GR\u00dcN \u2013 Gemeinsam Arten sch\u00fctzen\u201c"},"content":{"rendered":"\n<div class=\"wp-block-image\"><figure class=\"alignright is-resized\"><img loading=\"lazy\" decoding=\"async\" src=\"https:\/\/zooschule-landau.de\/zooschule\/wp-content\/uploads\/2019\/02\/Aktion_Gruen-Kopie.png\" alt=\"\" class=\"wp-image-1875\" width=\"252\" height=\"154\" srcset=\"https:\/\/zooschule-landau.de\/zooschule\/wp-content\/uploads\/2019\/02\/Aktion_Gruen-Kopie.png 812w, https:\/\/zooschule-landau.de\/zooschule\/wp-content\/uploads\/2019\/02\/Aktion_Gruen-Kopie-300x183.png 300w, https:\/\/zooschule-landau.de\/zooschule\/wp-content\/uploads\/2019\/02\/Aktion_Gruen-Kopie-768x469.png 768w, https:\/\/zooschule-landau.de\/zooschule\/wp-content\/uploads\/2019\/02\/Aktion_Gruen-Kopie-555x340.png 555w, https:\/\/zooschule-landau.de\/zooschule\/wp-content\/uploads\/2019\/02\/Aktion_Gruen-Kopie-360x220.png 360w, https:\/\/zooschule-landau.de\/zooschule\/wp-content\/uploads\/2019\/02\/Aktion_Gruen-Kopie-260x160.png 260w, https:\/\/zooschule-landau.de\/zooschule\/wp-content\/uploads\/2019\/02\/Aktion_Gruen-Kopie-394x242.png 394w, https:\/\/zooschule-landau.de\/zooschule\/wp-content\/uploads\/2019\/02\/Aktion_Gruen-Kopie-252x155.png 252w, https:\/\/zooschule-landau.de\/zooschule\/wp-content\/uploads\/2019\/02\/Aktion_Gruen-Kopie-750x460.png 750w, https:\/\/zooschule-landau.de\/zooschule\/wp-content\/uploads\/2019\/02\/Aktion_Gruen-Kopie-570x350.png 570w\" sizes=\"auto, (max-width: 252px) 100vw, 252px\" \/><\/figure><\/div>\n\n\n\n<h2>Einbettung in die \u201eAKTION GR\u00dcN \u2013 Gemeinsam Arten sch\u00fctzen\u201c<\/h2>\n\n\n\n<p>Schutz und Erhalt der Artenvielfalt ist ein wichtiges\nAnliegen des Landes Rheinland-Pfalz. Deshalb hat im November 2015 der\nMinisterrat die <strong>Biodiversit\u00e4tsstrategie<\/strong>\ndes Landes beschlossen. Die Kernziele bestehen darin, die Lebensr\u00e4ume zu\nerhalten und zu verbinden sowie das Artensterben zu stoppen. Zur Umsetzung der\nBiodiversit\u00e4tsstrategie wurde die <strong>Aktion\nGr\u00fcn <\/strong>entwickelt, ein vielf\u00e4ltiges Ma\u00dfnahmenprogramm, in das alle relevanten\nAkteure einbezogen werden sollen (<a href=\"http:\/\/www.biodiversitaet.rlp.de\/\">http:\/\/www.biodiversitaet.rlp.de\/<\/a>).\nDas Projekt \u201eZoo-Natur-Erlebnistag f\u00fcr Erstkl\u00e4ssler \u2013 ein Schuljahr f\u00fcr den\nSchutz der Vogelvielfalt\u201c l\u00e4sst sich in die \u201eAktion Gr\u00fcn \u2013 Gemeinsam Arten\nsch\u00fctzen\u201c sehr gut einbetten. Die \u201eAktion Gr\u00fcn\u201c b\u00fcndelt verschiedene\nSchwerpunkte des Artenschutzes und Naturschutzes des Landes Rheinland-Pfalz;\ndas Projekt l\u00e4sst einen Bezug zu mehreren Schwerpunkten zu:<\/p>\n\n\n\n<h3>Natur erleben<\/h3>\n\n\n\n<p>Ein Ziel der Aktion Gr\u00fcn ist es, Naturschutz und\nNaturerlebnis in naturvertr\u00e4glicher Weise \n\nzu verbinden. Besonders geeignet sind hier die\nNaturparke in Rheinland-Pfalz. Aber auch Zoologische G\u00e4rten sind geeignet,\ndurch die Haltung von Wildtieren in naturnah gestalteten Gehegen ihren\nBesucherinnen und Besuchern naturbezogene Erlebnisse zu erm\u00f6glichen. <strong>Zoos<\/strong> stellen <strong>\u201eBr\u00fccken\u201c zur Natur<\/strong> dar. Hier l\u00e4sst sich die Vielfalt des Lebens\nbewusst wahrnehmen, hier kann sie n\u00e4her erkundet werden und hier kann man auch\nlernen, sie zu verantworten. <strong>In der\nBegegnung mit den Zootieren weitet sich der Blick und die Zoobesucher erfahren,\ndass die Welt viel reicher an Lebensformen ist, als sie dies in ihrer\nheimischen Umgebung entdecken k\u00f6nnen.<\/strong> Artenvielfalt kann im Zoo eindrucksvoll\nerlebt werden; zudem engagieren sich Zoos vielf\u00e4ltig im Artenschutz. So ist es\nnaheliegend, den Fokus zoop\u00e4dagogischer Bildungsarbeit auf\nBiodiversit\u00e4tsbildung zu legen und diesbez\u00fcglich den <strong>Teilaspekt \u201eArtenvielfalt \u2013 Bedeutung, Bedrohung und Schutz\u201c <\/strong>&nbsp;als Schwerpunkt auszuw\u00e4hlen. Hier setzt das\nProjekt \u201eZoo-Natur-Erlebnistag \u2026\u201c an: Es hat das Ziel, Kindern Vogelvielfalt\nn\u00e4her zu bringen und sie in die Lage zu versetzen, einen Beitrag zum Schutz der\nVielfalt zu leisten. Die Vogelvielfalt, die im Zoo erlebbar ist, stellt hier\neinen sehr guten Ausgangspunkt dar.\n\n\n\n<\/p>\n\n\n\n<h3>Natur verstehen<\/h3>\n\n\n\n<p>Bei der F\u00f6rderung der biologischen Vielfalt spielt Umweltbildung ein wichtige Rolle. \u201eVor allem junge Menschen sind unsere Zielgruppe. Ihnen wollen wir die Zusammenh\u00e4nge in der Natur n\u00e4herbringen. (\u2026) Wir (\u2026) f\u00f6rdern Biodiversit\u00e4tsbildung an den Zooschulen\u201c (<a href=\"http:\/\/www.biodiversitaet.rlp.de\/)\">http:\/\/www.biodiversitaet.rlp.de\/)<\/a>. Seit einigen Jahren baut die Zooschule Landau mit finanzieller Unterst\u00fctzung des Landes Rheinland-Pfalz ihr Unterrichts- und Aktionsprogramm zur Biodiversit\u00e4tsbildung Schritt f\u00fcr Schritt aus. Dazu wurden neue Unterrichtsprogramme wie beispielsweise \u201eWir erkunden die Wunderwelt Bach\u201c entwickelt. F\u00fcr die Konzeption und Durchf\u00fchrung der Zoo-Jugendspiele mit dem thematischen Schwerpunkt \u201eBedeutung, Bedrohung und Schutz der Artenvielfalt\u201c erhielt die Zooschule den Umweltpreis des Landes Rheinland-Pfalz. Das Projekt \u201eZoo-Natur-Erlebnistag f\u00fcr Erstkl\u00e4ssler &#8211; ein Schuljahr f\u00fcr den Schutz der Vogelvielfalt\u201c ist auf Grundschulkinder ausgerichtet und m\u00f6chte die Zielgruppe durch verschiedene Ma\u00dfnahmen f\u00fcr Vogelvielfalt sensibilisieren, die darauf bezogenen Artenkenntnisse erweitern und sie in die Lage versetzen, sich am Erhalt der Vogelvielfalt aktiv zu beteiligen.  <\/p>\n\n\n\n<h3>Mitmachen<\/h3>\n\n\n\n<p>\u201eEs reicht nicht aus, wenn der Naturschutz alleine agiert: Alle gesellschaftlichen Gruppen (\u2026) m\u00fcssen hier Hand in Hand zusammenarbeiten, um den Schutz und die nachhaltige Erhaltung unserer Arten zu sichern\u201c (H\u00f6fken 2018, S.4). Jede B\u00fcrgerin und jeder B\u00fcrger, jeder Erwachsene und jedes Kind kann einen Beitrag zum Schutz der Artenvielfalt leisten. Dieser Grundsatz pr\u00e4gt auch das hier vorgestellte Projekt.&nbsp; Es ist so angelegt, dass die Kinder angeregt werden, gemeinsam mit der <strong>Familie<\/strong> und in der <strong>Schule<\/strong> mit den Mitsch\u00fclerinnen und -sch\u00fclern einen Beitrag zum Schutz der Vogelvielfalt zu leisten. Dabei geht es vor allem darum, in den heimischen G\u00e4rten, im Umfeld der Schule und im Stadtgebiet Landau Nahrungs- und Bruthabitate f\u00fcr V\u00f6gel zu schaffen. <\/p>\n\n\n\n<h3>Artenreich, vielf\u00e4ltig und bunt <\/h3>\n\n\n\n<p>Bez\u00fcglich des Artenschutzes stellt das Leitarten-Konzept in Rheinland-Pfalz einen wichtigen Baustein dar. Es beinhaltet spezielle Ma\u00dfnahmen zum Schutz ausgew\u00e4hlter Arten. Zu den Leitarten, die jeweils einen heimischen Lebensraum repr\u00e4sentieren, geh\u00f6rt auch das Braunkehlchen f\u00fcr das Gr\u00fcnland (<a href=\"http:\/\/www.biodiversitaet.rlp.de\/)\">http:\/\/www.biodiversitaet.rlp.de\/)<\/a>. Dieser Vogel wird in das Projekt einbezogen: Er wird in der \u201eForschermappe\u201c der Kinder vorgestellt und geh\u00f6rt damit zu den Vogelarten, mit denen sich die Kinder im Laufe des Schuljahres intensiv befassen werden. <\/p>\n\n\n\n<div class=\"wp-block-image\"><figure class=\"aligncenter\"><img loading=\"lazy\" decoding=\"async\" width=\"890\" height=\"789\" src=\"https:\/\/zooschule-landau.de\/zooschule\/wp-content\/uploads\/2019\/02\/aktion_grun.png\" alt=\"\" class=\"wp-image-1852\" srcset=\"https:\/\/zooschule-landau.de\/zooschule\/wp-content\/uploads\/2019\/02\/aktion_grun.png 890w, https:\/\/zooschule-landau.de\/zooschule\/wp-content\/uploads\/2019\/02\/aktion_grun-300x266.png 300w, https:\/\/zooschule-landau.de\/zooschule\/wp-content\/uploads\/2019\/02\/aktion_grun-768x681.png 768w\" sizes=\"auto, (max-width: 890px) 100vw, 890px\" \/><figcaption>Bezug des Projektes zur Aktion GR\u00dcN<\/figcaption><\/figure><\/div>\n","protected":false},"excerpt":{"rendered":"<p>Einbettung in die \u201eAKTION GR\u00dcN \u2013 Gemeinsam Arten sch\u00fctzen\u201c Schutz und Erhalt der Artenvielfalt ist ein wichtiges Anliegen des Landes Rheinland-Pfalz. Deshalb hat im November 2015 der Ministerrat die Biodiversit\u00e4tsstrategie des Landes beschlossen. Die Kernziele bestehen darin, die Lebensr\u00e4ume zu erhalten und zu verbinden sowie das Artensterben zu stoppen. Zur Umsetzung der Biodiversit\u00e4tsstrategie wurde die<\/p>\n","protected":false},"author":1,"featured_media":0,"parent":3339,"menu_order":3,"comment_status":"closed","ping_status":"closed","template":"page-fullwidth.php","meta":{"footnotes":""},"class_list":["post-1849","page","type-page","status-publish","hentry"],"_links":{"self":[{"href":"https:\/\/zooschule-landau.de\/zooschule\/wp-json\/wp\/v2\/pages\/1849","targetHints":{"allow":["GET"]}}],"collection":[{"href":"https:\/\/zooschule-landau.de\/zooschule\/wp-json\/wp\/v2\/pages"}],"about":[{"href":"https:\/\/zooschule-landau.de\/zooschule\/wp-json\/wp\/v2\/types\/page"}],"author":[{"embeddable":true,"href":"https:\/\/zooschule-landau.de\/zooschule\/wp-json\/wp\/v2\/users\/1"}],"replies":[{"embeddable":true,"href":"https:\/\/zooschule-landau.de\/zooschule\/wp-json\/wp\/v2\/comments?post=1849"}],"version-history":[{"count":4,"href":"https:\/\/zooschule-landau.de\/zooschule\/wp-json\/wp\/v2\/pages\/1849\/revisions"}],"predecessor-version":[{"id":1894,"href":"https:\/\/zooschule-landau.de\/zooschule\/wp-json\/wp\/v2\/pages\/1849\/revisions\/1894"}],"up":[{"embeddable":true,"href":"https:\/\/zooschule-landau.de\/zooschule\/wp-json\/wp\/v2\/pages\/3339"}],"wp:attachment":[{"href":"https:\/\/zooschule-landau.de\/zooschule\/wp-json\/wp\/v2\/media?parent=1849"}],"curies":[{"name":"wp","href":"https:\/\/api.w.org\/{rel}","templated":true}]}}