{"id":1845,"date":"2019-02-18T20:18:41","date_gmt":"2019-02-18T19:18:41","guid":{"rendered":"http:\/\/zooschule-landau.de\/zooschule\/?page_id=1845"},"modified":"2021-06-22T13:27:09","modified_gmt":"2021-06-22T11:27:09","slug":"begruendungen-und-allgemeine-zielsetzungen","status":"publish","type":"page","link":"https:\/\/zooschule-landau.de\/zooschule\/projekte\/zoo-natur-erlebnistage\/begruendungen-und-allgemeine-zielsetzungen\/","title":{"rendered":"Begr\u00fcndungen und allgemeine Zielsetzungen"},"content":{"rendered":"\n<p><h2>Begr\u00fcndungen und allgemeine Zielsetzungen<\/h2><\/p>\n\n\n\n<p>\n\n\n\n\n\n\n\n\n\n\n\n\n\n\n\n\n\nMit\nder Einf\u00fchrung der Zoo-Natur-Erlebnistage f\u00fcr Schulanf\u00e4nger und mit der sie\nbegleitenden Aktion \u201eWir sch\u00fctzen V\u00f6gel\u201c wollen wir mehrere Anliegen verbinden:\n\n\n\n\n<\/p>\n\n\n\n<h3>Erweiterung der Artenkenntnisse<\/h3>\n\n\n\n<p>Bildungsbezogene Erfahrungen mit Kindern, Jugendlichen und Erwachsenen sowie empirische Studien zeigen seit Jahren, dass die Artenkenntnisse in der Bev\u00f6lkerung immer mehr zur\u00fcckgehen. Wir m\u00f6chten deshalb einen Jahrgang (hier: die ersten Klassen)motivieren, ihre vogelbezogenen Artenkenntnisse \u00fcber einen l\u00e4ngeren Zeitraum zu erweitern. Denn nur was man kennt und sch\u00e4tzt, das ist man auch bereit zu sch\u00fctzen. <\/p>\n\n\n\n<h3>Beitrag zum Vogelschutz<\/h3>\n\n\n\n<p>Die Zahl der V\u00f6gel in Deutschland und in Europa sinkt drastisch &#8211; darauf weisen NABU, BUND und Ornithologen anderer Umweltverb\u00e4nde hin. Zum Vogelschutz kann jedoch jeder einen Beitrag leisten. Das Team der Zooschule m\u00f6chte Kinder und ihre Lehrkr\u00e4fte anregen, sich f\u00fcr den Vogelschutz einzusetzen. Aktionsbegleitend werden deshalb M\u00f6glichkeiten vorgestellt, wie das Schulgel\u00e4nde und der heimische Garten \u201evogelfreundlich\u201c gestaltet werden k\u00f6nnen. Es ist vorgesehen, die Eltern, Gro\u00dfeltern und die Geschwister der Erstkl\u00e4ssler in die Aktion miteinzubeziehen.<\/p>\n\n\n\n<h3>Unterst\u00fctzung der UN-Dekade f\u00fcr die Biologische Vielfalt<\/h3>\n\n\n\n<p>\u201eBedrohung und Verlust der Biologischen Vielfalt\u201c z\u00e4hlt zu den weltweiten \u201eSchl\u00fcsselproblemen\u201c. Die Vereinten Nationen haben deshalb die Jahre 2011 bis 2020 zur <strong>UN-Dekade f\u00fcr die biologische Vielfalt<\/strong> erkl\u00e4rt. Die Staatengemeinschaft ruft damit die Welt\u00f6ffentlichkeit auf, sich f\u00fcr die biologische Vielfalt einzusetzen. Auch das Land Rheinland-Pfalz m\u00f6chte hier einen Beitrag leisten. 2015 wurde die <strong>erste Biodiversit\u00e4tsstrategie f\u00fcr Rheinland-Pfalz<\/strong> auf den Weg gebracht. In dieser Strategie wird der Umweltbildung eine besondere Rolle zugewiesen. Mit dem \u201eZoo-Natur-Erlebnistag f\u00fcr Schulanf\u00e4nger\u201c m\u00f6chte die Zooschule Landau die UN-Dekade f\u00fcr die Biologische Vielfalt sowie Bem\u00fchungen des Landes Rheinland-Pfalz zum Biodiversit\u00e4tsschutz unterst\u00fctzen und ihre bisherigen Aktivit\u00e4ten zur Umweltbildung und Biodiversit\u00e4tsbildung weiter ausbauen. <\/p>\n\n\n\n<h3>Unterst\u00fctzung der EAZA-Kampagne 2018\/19<\/h3>\n\n\n\n<p>Der europ\u00e4ische Zoo- und Aquarienverband EAZA f\u00fchrt seit dem Jahr 2000 regelm\u00e4\u00dfige Kampagnen durch, um gezielt besondere Artenschutzprojekte zu unterst\u00fctzen. Wie alle Zoos, die Mitglied der EAZA sind, nimmt auch der Zoo Landau mit eigenen Aktionen an den Kampagnen teil. In der Kampagne 2018\/2019 \u201eSilent Forest\u201c geht es um den Schutz der Asiatischen Singv\u00f6gel. Das Ziel besteht darin, die Aufmerksamkeit auf die bedrohten asiatischen Singv\u00f6gel zu lenken und so den Bestand nachhaltig zu sch\u00fctzen. Der Zoo Landau lenkt zudem den Blick auf die Bedrohung einheimischer Singv\u00f6gel. So lautet das Motto des Landauer Zoos in diesem Jahr:<strong> \u201eF\u00fcr den Schutz der Vogelvielfalt \u2013 hier und anderswo\u201c.<\/strong> Der Zoo-Natur-Erlebnistag mit der begleitenden Vogelschutz-Aktion wird gezielt in diesen Rahmen eingef\u00fcgt. <\/p>\n\n\n\n<h3>Verankerung des Vogelschutzgedankens bei den Landauer B\u00fcrgern<\/h3>\n\n\n\n<p>Mit der Durchf\u00fchrung der Veranstaltung und der Berichterstattung dar\u00fcber soll die Thematik \u201eBedrohung und Schutz der Vogelvielfalt\u201c in der \u00d6ffentlichkeit verst\u00e4rkt wahrgenommen und diskutiert werden. <\/p>\n\n\n\n<h3>W\u00fcrdigung Zoologischer G\u00e4rten bez\u00fcglich des weltweiten Artenschutzes<\/h3>\n\n\n\n<p>Mit der Austragung der Zoo-Natur-Erlebnistage f\u00fcr Erstkl\u00e4ssler sowie mit der sie begleitenden Aktion \u201eF\u00fcr den Schutz der Vogelvielfalt\u201c wollen wir auf die besondere Rolle wissenschaftlich gef\u00fchrter Zoologischer G\u00e4rten im weltweiten Artenschutz aufmerksam machen (Erhalt bedrohter Arten, gezielte Nachzucht im Rahmen von koordinierten Erhaltungszuchtprogrammen, Aufbau von sogenannten \u201eBack-up-Populationen\u201c, Umweltbildung\/ Bildung f\u00fcr eine nachhaltige Entwicklung u.v.a.). <\/p>\n","protected":false},"excerpt":{"rendered":"<p>Begr\u00fcndungen und allgemeine Zielsetzungen Mit der Einf\u00fchrung der Zoo-Natur-Erlebnistage f\u00fcr Schulanf\u00e4nger und mit der sie begleitenden Aktion \u201eWir sch\u00fctzen V\u00f6gel\u201c wollen wir mehrere Anliegen verbinden: Erweiterung der Artenkenntnisse Bildungsbezogene Erfahrungen mit Kindern, Jugendlichen und Erwachsenen sowie empirische Studien zeigen seit Jahren, dass die Artenkenntnisse in der Bev\u00f6lkerung immer mehr zur\u00fcckgehen. Wir m\u00f6chten deshalb einen Jahrgang<\/p>\n","protected":false},"author":1,"featured_media":0,"parent":3339,"menu_order":2,"comment_status":"closed","ping_status":"closed","template":"page-fullwidth.php","meta":{"footnotes":""},"class_list":["post-1845","page","type-page","status-publish","hentry"],"_links":{"self":[{"href":"https:\/\/zooschule-landau.de\/zooschule\/wp-json\/wp\/v2\/pages\/1845","targetHints":{"allow":["GET"]}}],"collection":[{"href":"https:\/\/zooschule-landau.de\/zooschule\/wp-json\/wp\/v2\/pages"}],"about":[{"href":"https:\/\/zooschule-landau.de\/zooschule\/wp-json\/wp\/v2\/types\/page"}],"author":[{"embeddable":true,"href":"https:\/\/zooschule-landau.de\/zooschule\/wp-json\/wp\/v2\/users\/1"}],"replies":[{"embeddable":true,"href":"https:\/\/zooschule-landau.de\/zooschule\/wp-json\/wp\/v2\/comments?post=1845"}],"version-history":[{"count":3,"href":"https:\/\/zooschule-landau.de\/zooschule\/wp-json\/wp\/v2\/pages\/1845\/revisions"}],"predecessor-version":[{"id":1848,"href":"https:\/\/zooschule-landau.de\/zooschule\/wp-json\/wp\/v2\/pages\/1845\/revisions\/1848"}],"up":[{"embeddable":true,"href":"https:\/\/zooschule-landau.de\/zooschule\/wp-json\/wp\/v2\/pages\/3339"}],"wp:attachment":[{"href":"https:\/\/zooschule-landau.de\/zooschule\/wp-json\/wp\/v2\/media?parent=1845"}],"curies":[{"name":"wp","href":"https:\/\/api.w.org\/{rel}","templated":true}]}}