{"id":1799,"date":"2019-02-17T22:46:57","date_gmt":"2019-02-17T21:46:57","guid":{"rendered":"http:\/\/zooschule-landau.de\/zooschule\/?page_id=1799"},"modified":"2023-02-07T17:54:16","modified_gmt":"2023-02-07T16:54:16","slug":"eww-kooperation","status":"publish","type":"page","link":"https:\/\/zooschule-landau.de\/zooschule\/services\/fuer-schulen-kitas\/eww-kooperation\/","title":{"rendered":"EWW &#8211; Kooperation"},"content":{"rendered":"<div class=\"wp-block-image\">\n<figure class=\"alignright\"><img loading=\"lazy\" decoding=\"async\" width=\"296\" height=\"100\" src=\"https:\/\/zooschule-landau.de\/zooschule\/wp-content\/uploads\/2019\/02\/eww-logo.jpg\" alt=\"\" class=\"wp-image-1807\"\/><\/figure><\/div>\n\n\n<p>Die Zooschule Landau und der Eigenbetrieb WertstoffWirtschaft\ndes Landkreises S\u00fcdliche Weinstra\u00dfe bieten Schulen und Kindertagesst\u00e4tten im\nLandkreis S\u00dcW im Rahmen einer Kooperation zu ausgew\u00e4hlten Themen kostenfreien\nZooschulunterricht an. Wir w\u00fcrden uns freuen, wenn Sie das neue Angebot nutzen\nw\u00fcrden! Wenn Sie an mehreren Themen interessiert sind, k\u00f6nnen Sie gerne mehrere\nGutscheine anfordern.<\/p>\n\n\n\n<p><strong>In\nzwei Schritten zum kostenfreien Zooschulunterricht&nbsp;<\/strong><strong>aus\ndem Themenfeld \u201eAbfallvermeidung, Umgang mit Abfall, Recycling\/ Upcycling\u201c<\/strong><\/p>\n\n\n\n<p><strong>Schritt 1: Gutscheinanforderung f\u00fcr kostenfreien Zooschulunterricht<\/strong><\/p>\n\n\n\n<p>Gutscheine erhalten Lehrkr\u00e4fte aller Schulen und Kinderg\u00e4rten des\nLandkreises S\u00dcW beim Eigenbetrieb WertstoffWirtschaft:<\/p>\n\n\n\n<p>(An der Kreuzm\u00fchle 2, 76829 Landau in der Pfalz)<\/p>\n\n\n\n<p><strong>Tel.: 06341 \/ 940-420, Frau Andrea Stolz<\/strong><\/p>\n\n\n\n<p><a href=\"mailto:andrea.stolz@suedliche-weinstrasse.de\">andrea.stolz@suedliche-weinstrasse.de<\/a><\/p>\n\n\n\n<p><strong>Schritt 2: Terminvereinbarung f\u00fcr den Zooschulunterricht<\/strong><strong>&nbsp;&nbsp;&nbsp;&nbsp;\n&nbsp;&nbsp;&nbsp;&nbsp;&nbsp;&nbsp;&nbsp;&nbsp;&nbsp;&nbsp;&nbsp;&nbsp;&nbsp;&nbsp;&nbsp;&nbsp;&nbsp;&nbsp;&nbsp;&nbsp;&nbsp;&nbsp;&nbsp;&nbsp;&nbsp;&nbsp;<\/strong><\/p>\n\n\n\n<p>Zoo Landau\/ Zooschule Landau (Zooverwaltung)<\/p>\n\n\n\n<p><strong>Tel.: 06341 \/ 137011, Mo-FR 9-13 Uhr, Frau Elke Rieder&nbsp; <\/strong><\/p>\n\n\n\n<p><strong><a href=\"mailto:Elke.Rieder@landau.de\">Elke.Rieder@landau.de<\/a><\/strong><\/p>\n\n\n\n<figure class=\"wp-block-table alignleft text-align: left; is-style-stripes\"><table><tbody><tr><td><strong>Themen<\/strong>   <strong>&nbsp;<\/strong>   <\/td><td>\n  <strong>Klassenstufen<\/strong>\n  <\/td><\/tr><tr><td><strong>\u201eAchtung!   Plastikm\u00fcll in unseren Ozeanen und Meeren!\u201c<\/strong><br>Sch\u00fclerinnen und Sch\u00fcler erfahren, warum   gro\u00dfe Mengen von Plastikm\u00fcll in unseren Seen, Fl\u00fcssen, Meeren schwimmen, und   finden heraus, warum das f\u00fcr Tiere im und am Meer (u.a. <strong>Robben<\/strong>, <strong>Pinguine<\/strong>) und   f\u00fcr Menschen sehr gef\u00e4hrlich ist. Sie \u00fcberlegen zusammen, wie sie selbst den   Plastikm\u00fcll reduzieren k\u00f6nnen.    <\/td><td>2-6   <\/td><\/tr><tr><td><strong>\u201eKnut Gernedoff braucht eure Hilfe!\u201c &#8211; Spielerisch lernen Abf\u00e4lle zu trennen.<\/strong><br>Mit den Handpuppen Knut Gernedoff (Kioskbesitzer), Marie (Schulkind) und Elvin (Eule) lernen Kinder spielerisch Abf\u00e4lle zu trennen. (Mit Tierkontakt und Zoorundgang)   <\/td><td>KITA\/   &nbsp;   Klassen   1-2<\/td><\/tr><tr><td><strong>Ein Kindergeburtstag ohne M\u00fcll<\/strong><br>Die Kinder erarbeiten gemeinsam mit der Zoop\u00e4dagogin an einem konkreten Beispiel (ein aufgebauter Geburtstagstisch), wie man ein sch\u00f6nes Fest mit wenig Abfall feiern kann. Zudem erfahren sie, warum&nbsp; Abfallvermeidung und Abfalltrennung f\u00fcr Mensch und Tier wichtig sind. Ein abfallbezogener Zoorundgang sowie ein direkter Tierkontakt&nbsp; runden das Angebot ab. <\/td><td>2-3<\/td><\/tr><tr><td><strong>\u201eEin   Handy f\u00fcr den Gorilla!\u201c Was   haben Handys mit Artenschutz zu tun?<\/strong><br>Die Sch\u00fclerinnen\/ Sch\u00fcler erfahren, dass Menschenaffen   und viele andere Tierarten von der Ausrottung bedroht sind. In ihren   Lebensr\u00e4umen wird das Erz Coltan abgebaut, das f\u00fcr die Handy-Produktion   genutzt wird. Durch das Recyceln von Handys werden weniger Rohstoffe   verbraucht und damit weniger neues Coltan abgebaut. <strong>Handy-Sammelaktion des Landauer Zoo!<\/strong>   <\/td><td>5-6   <\/td><\/tr><tr><td><strong>\u201eW\u00e4lder   sch\u00fctzen durch Recyclingpapier!\u201c Zooschulunterricht rund um das Papier<\/strong><br>Die Sch\u00fclerinnen und Sch\u00fcler lernen Wichtiges \u00fcber   die Papierherstellung, \u00fcber den Papierverbrauch und den sorgsamen Umgang mit   Papier. Dabei erfahren sie auch, dass die Verwendung von Recyclingpapier einen   wichtigen Beitrag darstellt, W\u00e4lder, die Lebensr\u00e4ume zahlreicher Tiere und   Pflanzen, zu erhalten. Bei einem Zoorundgang befassen sich die Kinder   erg\u00e4nzend mit ausgew\u00e4hlten, exotischen Waldbewohnern.   <\/td><td>3-6   <\/td><\/tr><tr><td><strong>\u201eAus   alten Dingen neue machen! Mach   mit in unserer Kreativwerkstatt!\u201c<\/strong><br>Aus alten Haushaltsgegenst\u00e4nden sowie Abfallmaterialien   (Flaschen, Kleidung u.a.) fertigen die Kinder mit viel Fantasie&nbsp; neue Gebrauchsgegenst\u00e4nde. Die sch\u00f6nsten   und originellsten Ideen stellen sie aus.   <\/td><td>1-4   <\/td><\/tr><tr><td><strong>M\u00fcll   in der Schultasche und im Klassenzimmer?<\/strong><br>Sch\u00fclerinnen und Sch\u00fcler untersuchen den M\u00fcll im   Klassenzimmer und im Schulrucksack und erkennen: Der \u201ebeste M\u00fcll\u201c ist der,   der gar nicht erst anf\u00e4llt. Sie erfahren, wie M\u00fcll vermieden, korrekt   entsorgt und ggf. wieder-verwendet wird. Sie erfahren zudem: Manche   Materialien (Radiergummi, Filzstifte, Klebstoff) k\u00f6nnen Schadstoffe   enthalten. Und: Schon beim Einkauf der Schulmaterialien k\u00f6nnen wir die Natur   schonen.   <\/td><td>2-4   <\/td><\/tr><\/tbody><\/table><\/figure>\n\n\n\n<p><\/p>\n\n\n\n<p>&nbsp;<strong>Haben Sie Fragen zu diesem oder anderen Angeboten der Zooschule? <\/strong><\/p>\n\n\n\n<p>Nutzen Sie bitte unsere telefonische Sprechstunde der Zooschule montags 15:15 Uhr bis 16:45 Uhr. Tel.: 06341 \/ 137005.<\/p>\n","protected":false},"excerpt":{"rendered":"<p>Die Zooschule Landau und der Eigenbetrieb WertstoffWirtschaft des Landkreises S\u00fcdliche Weinstra\u00dfe bieten Schulen und Kindertagesst\u00e4tten im Landkreis S\u00dcW im Rahmen einer Kooperation zu ausgew\u00e4hlten Themen kostenfreien Zooschulunterricht an. Wir w\u00fcrden uns freuen, wenn Sie das neue Angebot nutzen w\u00fcrden! Wenn Sie an mehreren Themen interessiert sind, k\u00f6nnen Sie gerne mehrere Gutscheine anfordern. In zwei Schritten<\/p>\n","protected":false},"author":1,"featured_media":0,"parent":111,"menu_order":0,"comment_status":"closed","ping_status":"closed","template":"page-fullwidth.php","meta":{"footnotes":""},"class_list":["post-1799","page","type-page","status-publish","hentry"],"_links":{"self":[{"href":"https:\/\/zooschule-landau.de\/zooschule\/wp-json\/wp\/v2\/pages\/1799","targetHints":{"allow":["GET"]}}],"collection":[{"href":"https:\/\/zooschule-landau.de\/zooschule\/wp-json\/wp\/v2\/pages"}],"about":[{"href":"https:\/\/zooschule-landau.de\/zooschule\/wp-json\/wp\/v2\/types\/page"}],"author":[{"embeddable":true,"href":"https:\/\/zooschule-landau.de\/zooschule\/wp-json\/wp\/v2\/users\/1"}],"replies":[{"embeddable":true,"href":"https:\/\/zooschule-landau.de\/zooschule\/wp-json\/wp\/v2\/comments?post=1799"}],"version-history":[{"count":11,"href":"https:\/\/zooschule-landau.de\/zooschule\/wp-json\/wp\/v2\/pages\/1799\/revisions"}],"predecessor-version":[{"id":3722,"href":"https:\/\/zooschule-landau.de\/zooschule\/wp-json\/wp\/v2\/pages\/1799\/revisions\/3722"}],"up":[{"embeddable":true,"href":"https:\/\/zooschule-landau.de\/zooschule\/wp-json\/wp\/v2\/pages\/111"}],"wp:attachment":[{"href":"https:\/\/zooschule-landau.de\/zooschule\/wp-json\/wp\/v2\/media?parent=1799"}],"curies":[{"name":"wp","href":"https:\/\/api.w.org\/{rel}","templated":true}]}}