{"id":1751,"date":"2019-02-03T17:56:52","date_gmt":"2019-02-03T16:56:52","guid":{"rendered":"http:\/\/zooschule-landau.de\/zooschule\/?page_id=1751"},"modified":"2021-06-22T13:26:36","modified_gmt":"2021-06-22T11:26:36","slug":"kunstprojekt-des-eduard-spranger-gymnasiums","status":"publish","type":"page","link":"https:\/\/zooschule-landau.de\/zooschule\/projekte\/kunstprojekt-des-eduard-spranger-gymnasiums\/","title":{"rendered":"Kunstprojekt des Eduard-Spranger-Gymnasiums"},"content":{"rendered":"\n<h2>Ein neues Logo f\u00fcr die Zooschule Landau<\/h2>\n\n\n<p><\/p>\n\n\n<div class=\"wp-block-image\"><figure class=\"alignleft\"><img decoding=\"async\" src=\"http:\/\/zooschule-landau.de\/zooschule\/wp-content\/uploads\/2019\/01\/2-e1549212186168.jpg\" alt=\"\" class=\"wp-image-1711\" height=\"200\"><\/figure><\/div>\n\n\n\n<p>\nSch\u00fclerinnen und Sch\u00fcler aus mehreren Klassen des \nEduard-Spranger-Gymnasiums befassten sich mit ihrem Lehrer Matthias \nBurghardt im Rahmen eines Projektes im Fach Kunst mit dem Logo der \nZooschule Landau. Die Aufgabe bestand darin, ein neues, attraktives Logo\n zu entwickeln oder das bestehende Logo der Zooschule so zu ver\u00e4ndern, \ndass die besondere Rolle dieser Bildungseinrichtung f\u00fcr Kinder und \nJugendliche auf den ersten Blick deutlich wird.\n\n<\/p>\n\n\n\n<div style=\"clear:both;\"><\/div>\n\n\n\n<hr class=\"wp-block-separator\"\/>\n\n\n\n<h4 class=\"wp-block-heading\">Eine Auswahl der Kunswerke:<\/h4>\n\n\n\n<div class=\"wp-block-envira-envira-gallery\"><div id=\"envira-gallery-wrap-1739\" class=\"envira-gallery-wrap envira-gallery-theme-base envira-lightbox-theme-base\" itemscope itemtype=\"https:\/\/schema.org\/ImageGallery\"><div data-row-height=\"150\" data-gallery-theme=\"normal\" id=\"envira-gallery-1739\" class=\"envira-gallery-public envira-gallery-justified-public envira-gallery-0-columns envira-clear enviratope envira-gallery-css-animations\" data-envira-columns=\"0\"><div id=\"envira-gallery-item-1740\" class=\"envira-gallery-item enviratope-item envira-gallery-item-1 envira-lazy-load\" style=\"padding-left: 3px; padding-bottom: 5px; padding-right: 3px;\"  itemscope itemtype=\"https:\/\/schema.org\/ImageObject\"><div class=\"envira-gallery-item-inner\"><div class=\"envira-gallery-position-overlay  envira-gallery-top-left\"><\/div><div class=\"envira-gallery-position-overlay  envira-gallery-top-right\"><\/div><div class=\"envira-gallery-position-overlay  envira-gallery-bottom-left\"><\/div><div class=\"envira-gallery-position-overlay  envira-gallery-bottom-right\"><\/div><a href=\"http:\/\/zooschule-landau.de\/zooschule\/wp-content\/uploads\/2019\/02\/IMG_2860.jpg\" class=\"envira-gallery-1739 envira-gallery-link\" rel=\"enviragallery1739\" title=\"IMG_2860\" data-envira-caption=\"IMG_2860\" data-envira-retina=\"\" data-thumbnail=\"\"  itemprop=\"contentUrl\"><img decoding=\"async\" id=\"envira-gallery-image-1740\" class=\"envira-gallery-image envira-gallery-image-1 envira-normal envira-lazy\" data-envira-index=\"1\" src=\"https:\/\/zooschule-landau.de\/zooschule\/wp-content\/uploads\/2019\/02\/IMG_2860-1400x933-640x480.jpg\" data-envira-src=\"https:\/\/zooschule-landau.de\/zooschule\/wp-content\/uploads\/2019\/02\/IMG_2860-1400x933-640x480.jpg\" data-envira-gallery-id=\"1739\" data-envira-item-id=\"1740\" data-envira-caption=\"IMG_2860\" alt=\"\" title=\"IMG_2860\"  itemprop=\"thumbnailUrl\" data-envira-srcset=\"https:\/\/zooschule-landau.de\/zooschule\/wp-content\/uploads\/2019\/02\/IMG_2860-1400x933-640x480.jpg 400w,https:\/\/zooschule-landau.de\/zooschule\/wp-content\/uploads\/2019\/02\/IMG_2860-1400x933-640x480.jpg 2x\" data-envira-width=\"300\" data-envira-height=\"200\" srcset=\"data:image\/gif;base64,R0lGODlhAQABAIAAAP\/\/\/\/\/\/\/yH5BAEKAAEALAAAAAABAAEAAAICTAEAOw==\" data-safe-src=\"data:image\/gif;base64,R0lGODlhAQABAIAAAP\/\/\/\/\/\/\/yH5BAEKAAEALAAAAAABAAEAAAICTAEAOw==\" \/><\/a><\/div><\/div><div id=\"envira-gallery-item-1741\" class=\"envira-gallery-item enviratope-item envira-gallery-item-2 envira-lazy-load\" style=\"padding-left: 3px; padding-bottom: 5px; padding-right: 3px;\"  itemscope itemtype=\"https:\/\/schema.org\/ImageObject\"><div class=\"envira-gallery-item-inner\"><div class=\"envira-gallery-position-overlay  envira-gallery-top-left\"><\/div><div class=\"envira-gallery-position-overlay  envira-gallery-top-right\"><\/div><div class=\"envira-gallery-position-overlay  envira-gallery-bottom-left\"><\/div><div class=\"envira-gallery-position-overlay  envira-gallery-bottom-right\"><\/div><a href=\"http:\/\/zooschule-landau.de\/zooschule\/wp-content\/uploads\/2019\/02\/IMG_2861.jpg\" class=\"envira-gallery-1739 envira-gallery-link\" rel=\"enviragallery1739\" title=\"IMG_2861\" data-envira-caption=\"IMG_2861\" data-envira-retina=\"\" data-thumbnail=\"\"  itemprop=\"contentUrl\"><img decoding=\"async\" id=\"envira-gallery-image-1741\" class=\"envira-gallery-image envira-gallery-image-2 envira-normal envira-lazy\" data-envira-index=\"2\" src=\"https:\/\/zooschule-landau.de\/zooschule\/wp-content\/uploads\/2019\/02\/IMG_2861-1400x933-640x480.jpg\" data-envira-src=\"https:\/\/zooschule-landau.de\/zooschule\/wp-content\/uploads\/2019\/02\/IMG_2861-1400x933-640x480.jpg\" data-envira-gallery-id=\"1739\" data-envira-item-id=\"1741\" data-envira-caption=\"IMG_2861\" alt=\"\" title=\"IMG_2861\"  itemprop=\"thumbnailUrl\" data-envira-srcset=\"https:\/\/zooschule-landau.de\/zooschule\/wp-content\/uploads\/2019\/02\/IMG_2861-1400x933-640x480.jpg 400w,https:\/\/zooschule-landau.de\/zooschule\/wp-content\/uploads\/2019\/02\/IMG_2861-1400x933-640x480.jpg 2x\" data-envira-width=\"300\" data-envira-height=\"200\" srcset=\"data:image\/gif;base64,R0lGODlhAQABAIAAAP\/\/\/\/\/\/\/yH5BAEKAAEALAAAAAABAAEAAAICTAEAOw==\" data-safe-src=\"data:image\/gif;base64,R0lGODlhAQABAIAAAP\/\/\/\/\/\/\/yH5BAEKAAEALAAAAAABAAEAAAICTAEAOw==\" \/><\/a><\/div><\/div><div id=\"envira-gallery-item-1742\" class=\"envira-gallery-item enviratope-item envira-gallery-item-3 envira-lazy-load\" style=\"padding-left: 3px; padding-bottom: 5px; padding-right: 3px;\"  itemscope itemtype=\"https:\/\/schema.org\/ImageObject\"><div class=\"envira-gallery-item-inner\"><div class=\"envira-gallery-position-overlay  envira-gallery-top-left\"><\/div><div class=\"envira-gallery-position-overlay  envira-gallery-top-right\"><\/div><div class=\"envira-gallery-position-overlay  envira-gallery-bottom-left\"><\/div><div class=\"envira-gallery-position-overlay  envira-gallery-bottom-right\"><\/div><a href=\"http:\/\/zooschule-landau.de\/zooschule\/wp-content\/uploads\/2019\/02\/IMG_2864.jpg\" class=\"envira-gallery-1739 envira-gallery-link\" rel=\"enviragallery1739\" title=\"IMG_2864\" data-envira-caption=\"IMG_2864\" data-envira-retina=\"\" data-thumbnail=\"\"  itemprop=\"contentUrl\"><img decoding=\"async\" id=\"envira-gallery-image-1742\" class=\"envira-gallery-image envira-gallery-image-3 envira-normal envira-lazy\" data-envira-index=\"3\" src=\"https:\/\/zooschule-landau.de\/zooschule\/wp-content\/uploads\/2019\/02\/IMG_2864-1400x933-640x480.jpg\" data-envira-src=\"https:\/\/zooschule-landau.de\/zooschule\/wp-content\/uploads\/2019\/02\/IMG_2864-1400x933-640x480.jpg\" data-envira-gallery-id=\"1739\" data-envira-item-id=\"1742\" data-envira-caption=\"IMG_2864\" alt=\"\" title=\"IMG_2864\"  itemprop=\"thumbnailUrl\" data-envira-srcset=\"https:\/\/zooschule-landau.de\/zooschule\/wp-content\/uploads\/2019\/02\/IMG_2864-1400x933-640x480.jpg 400w,https:\/\/zooschule-landau.de\/zooschule\/wp-content\/uploads\/2019\/02\/IMG_2864-1400x933-640x480.jpg 2x\" data-envira-width=\"300\" data-envira-height=\"200\" srcset=\"data:image\/gif;base64,R0lGODlhAQABAIAAAP\/\/\/\/\/\/\/yH5BAEKAAEALAAAAAABAAEAAAICTAEAOw==\" data-safe-src=\"data:image\/gif;base64,R0lGODlhAQABAIAAAP\/\/\/\/\/\/\/yH5BAEKAAEALAAAAAABAAEAAAICTAEAOw==\" \/><\/a><\/div><\/div><div id=\"envira-gallery-item-1743\" class=\"envira-gallery-item enviratope-item envira-gallery-item-4 envira-lazy-load\" style=\"padding-left: 3px; padding-bottom: 5px; padding-right: 3px;\"  itemscope itemtype=\"https:\/\/schema.org\/ImageObject\"><div class=\"envira-gallery-item-inner\"><div class=\"envira-gallery-position-overlay  envira-gallery-top-left\"><\/div><div class=\"envira-gallery-position-overlay  envira-gallery-top-right\"><\/div><div class=\"envira-gallery-position-overlay  envira-gallery-bottom-left\"><\/div><div class=\"envira-gallery-position-overlay  envira-gallery-bottom-right\"><\/div><a href=\"http:\/\/zooschule-landau.de\/zooschule\/wp-content\/uploads\/2019\/02\/IMG_2866.jpg\" class=\"envira-gallery-1739 envira-gallery-link\" rel=\"enviragallery1739\" title=\"IMG_2866\" data-envira-caption=\"IMG_2866\" data-envira-retina=\"\" data-thumbnail=\"\"  itemprop=\"contentUrl\"><img decoding=\"async\" id=\"envira-gallery-image-1743\" class=\"envira-gallery-image envira-gallery-image-4 envira-normal envira-lazy\" data-envira-index=\"4\" src=\"https:\/\/zooschule-landau.de\/zooschule\/wp-content\/uploads\/2019\/02\/IMG_2866-1400x933-640x480.jpg\" data-envira-src=\"https:\/\/zooschule-landau.de\/zooschule\/wp-content\/uploads\/2019\/02\/IMG_2866-1400x933-640x480.jpg\" data-envira-gallery-id=\"1739\" data-envira-item-id=\"1743\" data-envira-caption=\"IMG_2866\" alt=\"\" title=\"IMG_2866\"  itemprop=\"thumbnailUrl\" data-envira-srcset=\"https:\/\/zooschule-landau.de\/zooschule\/wp-content\/uploads\/2019\/02\/IMG_2866-1400x933-640x480.jpg 400w,https:\/\/zooschule-landau.de\/zooschule\/wp-content\/uploads\/2019\/02\/IMG_2866-1400x933-640x480.jpg 2x\" data-envira-width=\"300\" data-envira-height=\"200\" srcset=\"data:image\/gif;base64,R0lGODlhAQABAIAAAP\/\/\/\/\/\/\/yH5BAEKAAEALAAAAAABAAEAAAICTAEAOw==\" data-safe-src=\"data:image\/gif;base64,R0lGODlhAQABAIAAAP\/\/\/\/\/\/\/yH5BAEKAAEALAAAAAABAAEAAAICTAEAOw==\" \/><\/a><\/div><\/div><div id=\"envira-gallery-item-1744\" class=\"envira-gallery-item enviratope-item envira-gallery-item-5 envira-lazy-load\" style=\"padding-left: 3px; padding-bottom: 5px; padding-right: 3px;\"  itemscope itemtype=\"https:\/\/schema.org\/ImageObject\"><div class=\"envira-gallery-item-inner\"><div class=\"envira-gallery-position-overlay  envira-gallery-top-left\"><\/div><div class=\"envira-gallery-position-overlay  envira-gallery-top-right\"><\/div><div class=\"envira-gallery-position-overlay  envira-gallery-bottom-left\"><\/div><div class=\"envira-gallery-position-overlay  envira-gallery-bottom-right\"><\/div><a href=\"http:\/\/zooschule-landau.de\/zooschule\/wp-content\/uploads\/2019\/02\/IMG_3135.jpg\" class=\"envira-gallery-1739 envira-gallery-link\" rel=\"enviragallery1739\" title=\"IMG_3135\" data-envira-caption=\"IMG_3135\" data-envira-retina=\"\" data-thumbnail=\"\"  itemprop=\"contentUrl\"><img decoding=\"async\" id=\"envira-gallery-image-1744\" class=\"envira-gallery-image envira-gallery-image-5 envira-normal envira-lazy\" data-envira-index=\"5\" src=\"https:\/\/zooschule-landau.de\/zooschule\/wp-content\/uploads\/2019\/02\/IMG_3135-1400x933-640x480.jpg\" data-envira-src=\"https:\/\/zooschule-landau.de\/zooschule\/wp-content\/uploads\/2019\/02\/IMG_3135-1400x933-640x480.jpg\" data-envira-gallery-id=\"1739\" data-envira-item-id=\"1744\" data-envira-caption=\"IMG_3135\" alt=\"\" title=\"IMG_3135\"  itemprop=\"thumbnailUrl\" data-envira-srcset=\"https:\/\/zooschule-landau.de\/zooschule\/wp-content\/uploads\/2019\/02\/IMG_3135-1400x933-640x480.jpg 400w,https:\/\/zooschule-landau.de\/zooschule\/wp-content\/uploads\/2019\/02\/IMG_3135-1400x933-640x480.jpg 2x\" data-envira-width=\"300\" data-envira-height=\"200\" srcset=\"data:image\/gif;base64,R0lGODlhAQABAIAAAP\/\/\/\/\/\/\/yH5BAEKAAEALAAAAAABAAEAAAICTAEAOw==\" data-safe-src=\"data:image\/gif;base64,R0lGODlhAQABAIAAAP\/\/\/\/\/\/\/yH5BAEKAAEALAAAAAABAAEAAAICTAEAOw==\" \/><\/a><\/div><\/div><div id=\"envira-gallery-item-1745\" class=\"envira-gallery-item enviratope-item envira-gallery-item-6 envira-lazy-load\" style=\"padding-left: 3px; padding-bottom: 5px; padding-right: 3px;\"  itemscope itemtype=\"https:\/\/schema.org\/ImageObject\"><div class=\"envira-gallery-item-inner\"><div class=\"envira-gallery-position-overlay  envira-gallery-top-left\"><\/div><div class=\"envira-gallery-position-overlay  envira-gallery-top-right\"><\/div><div class=\"envira-gallery-position-overlay  envira-gallery-bottom-left\"><\/div><div class=\"envira-gallery-position-overlay  envira-gallery-bottom-right\"><\/div><a href=\"http:\/\/zooschule-landau.de\/zooschule\/wp-content\/uploads\/2019\/02\/P1000462.jpg\" class=\"envira-gallery-1739 envira-gallery-link\" rel=\"enviragallery1739\" title=\"P1000462\" data-envira-caption=\"P1000462\" data-envira-retina=\"\" data-thumbnail=\"\"  itemprop=\"contentUrl\"><img decoding=\"async\" id=\"envira-gallery-image-1745\" class=\"envira-gallery-image envira-gallery-image-6 envira-normal envira-lazy\" data-envira-index=\"6\" src=\"https:\/\/zooschule-landau.de\/zooschule\/wp-content\/uploads\/2019\/02\/P1000462-1400x933-640x480.jpg\" data-envira-src=\"https:\/\/zooschule-landau.de\/zooschule\/wp-content\/uploads\/2019\/02\/P1000462-1400x933-640x480.jpg\" data-envira-gallery-id=\"1739\" data-envira-item-id=\"1745\" data-envira-caption=\"P1000462\" alt=\"\" title=\"P1000462\"  itemprop=\"thumbnailUrl\" data-envira-srcset=\"https:\/\/zooschule-landau.de\/zooschule\/wp-content\/uploads\/2019\/02\/P1000462-1400x933-640x480.jpg 400w,https:\/\/zooschule-landau.de\/zooschule\/wp-content\/uploads\/2019\/02\/P1000462-1400x933-640x480.jpg 2x\" data-envira-width=\"300\" data-envira-height=\"200\" srcset=\"data:image\/gif;base64,R0lGODlhAQABAIAAAP\/\/\/\/\/\/\/yH5BAEKAAEALAAAAAABAAEAAAICTAEAOw==\" data-safe-src=\"data:image\/gif;base64,R0lGODlhAQABAIAAAP\/\/\/\/\/\/\/yH5BAEKAAEALAAAAAABAAEAAAICTAEAOw==\" \/><\/a><\/div><\/div><div id=\"envira-gallery-item-1746\" class=\"envira-gallery-item enviratope-item envira-gallery-item-7 envira-lazy-load\" style=\"padding-left: 3px; padding-bottom: 5px; padding-right: 3px;\"  itemscope itemtype=\"https:\/\/schema.org\/ImageObject\"><div class=\"envira-gallery-item-inner\"><div class=\"envira-gallery-position-overlay  envira-gallery-top-left\"><\/div><div class=\"envira-gallery-position-overlay  envira-gallery-top-right\"><\/div><div class=\"envira-gallery-position-overlay  envira-gallery-bottom-left\"><\/div><div class=\"envira-gallery-position-overlay  envira-gallery-bottom-right\"><\/div><a href=\"http:\/\/zooschule-landau.de\/zooschule\/wp-content\/uploads\/2019\/02\/P1000463dfdf.jpg\" class=\"envira-gallery-1739 envira-gallery-link\" rel=\"enviragallery1739\" title=\"P1000463dfdf\" data-envira-caption=\"P1000463dfdf\" data-envira-retina=\"\" data-thumbnail=\"\"  itemprop=\"contentUrl\"><img decoding=\"async\" id=\"envira-gallery-image-1746\" class=\"envira-gallery-image envira-gallery-image-7 envira-normal envira-lazy\" data-envira-index=\"7\" src=\"https:\/\/zooschule-landau.de\/zooschule\/wp-content\/uploads\/2019\/02\/P1000463dfdf-1400x1028-640x480.jpg\" data-envira-src=\"https:\/\/zooschule-landau.de\/zooschule\/wp-content\/uploads\/2019\/02\/P1000463dfdf-1400x1028-640x480.jpg\" data-envira-gallery-id=\"1739\" data-envira-item-id=\"1746\" data-envira-caption=\"P1000463dfdf\" alt=\"\" title=\"P1000463dfdf\"  itemprop=\"thumbnailUrl\" data-envira-srcset=\"https:\/\/zooschule-landau.de\/zooschule\/wp-content\/uploads\/2019\/02\/P1000463dfdf-1400x1028-640x480.jpg 400w,https:\/\/zooschule-landau.de\/zooschule\/wp-content\/uploads\/2019\/02\/P1000463dfdf-1400x1028-640x480.jpg 2x\" data-envira-width=\"300\" data-envira-height=\"220\" srcset=\"data:image\/gif;base64,R0lGODlhAQABAIAAAP\/\/\/\/\/\/\/yH5BAEKAAEALAAAAAABAAEAAAICTAEAOw==\" data-safe-src=\"data:image\/gif;base64,R0lGODlhAQABAIAAAP\/\/\/\/\/\/\/yH5BAEKAAEALAAAAAABAAEAAAICTAEAOw==\" \/><\/a><\/div><\/div><div id=\"envira-gallery-item-1747\" class=\"envira-gallery-item enviratope-item envira-gallery-item-8 envira-lazy-load\" style=\"padding-left: 3px; padding-bottom: 5px; padding-right: 3px;\"  itemscope itemtype=\"https:\/\/schema.org\/ImageObject\"><div class=\"envira-gallery-item-inner\"><div class=\"envira-gallery-position-overlay  envira-gallery-top-left\"><\/div><div class=\"envira-gallery-position-overlay  envira-gallery-top-right\"><\/div><div class=\"envira-gallery-position-overlay  envira-gallery-bottom-left\"><\/div><div class=\"envira-gallery-position-overlay  envira-gallery-bottom-right\"><\/div><a href=\"http:\/\/zooschule-landau.de\/zooschule\/wp-content\/uploads\/2019\/02\/P1000464ggg.jpg\" class=\"envira-gallery-1739 envira-gallery-link\" rel=\"enviragallery1739\" title=\"P1000464ggg\" data-envira-caption=\"P1000464ggg\" data-envira-retina=\"\" data-thumbnail=\"\"  itemprop=\"contentUrl\"><img decoding=\"async\" id=\"envira-gallery-image-1747\" class=\"envira-gallery-image envira-gallery-image-8 envira-normal envira-lazy\" data-envira-index=\"8\" src=\"https:\/\/zooschule-landau.de\/zooschule\/wp-content\/uploads\/2019\/02\/P1000464ggg-1400x1000-640x480.jpg\" data-envira-src=\"https:\/\/zooschule-landau.de\/zooschule\/wp-content\/uploads\/2019\/02\/P1000464ggg-1400x1000-640x480.jpg\" data-envira-gallery-id=\"1739\" data-envira-item-id=\"1747\" data-envira-caption=\"P1000464ggg\" alt=\"\" title=\"P1000464ggg\"  itemprop=\"thumbnailUrl\" data-envira-srcset=\"https:\/\/zooschule-landau.de\/zooschule\/wp-content\/uploads\/2019\/02\/P1000464ggg-1400x1000-640x480.jpg 400w,https:\/\/zooschule-landau.de\/zooschule\/wp-content\/uploads\/2019\/02\/P1000464ggg-1400x1000-640x480.jpg 2x\" data-envira-width=\"300\" data-envira-height=\"214\" srcset=\"data:image\/gif;base64,R0lGODlhAQABAIAAAP\/\/\/\/\/\/\/yH5BAEKAAEALAAAAAABAAEAAAICTAEAOw==\" data-safe-src=\"data:image\/gif;base64,R0lGODlhAQABAIAAAP\/\/\/\/\/\/\/yH5BAEKAAEALAAAAAABAAEAAAICTAEAOw==\" \/><\/a><\/div><\/div><div id=\"envira-gallery-item-1748\" class=\"envira-gallery-item enviratope-item envira-gallery-item-9 envira-lazy-load\" style=\"padding-left: 3px; padding-bottom: 5px; padding-right: 3px;\"  itemscope itemtype=\"https:\/\/schema.org\/ImageObject\"><div class=\"envira-gallery-item-inner\"><div class=\"envira-gallery-position-overlay  envira-gallery-top-left\"><\/div><div class=\"envira-gallery-position-overlay  envira-gallery-top-right\"><\/div><div class=\"envira-gallery-position-overlay  envira-gallery-bottom-left\"><\/div><div class=\"envira-gallery-position-overlay  envira-gallery-bottom-right\"><\/div><a href=\"http:\/\/zooschule-landau.de\/zooschule\/wp-content\/uploads\/2019\/02\/P1000465.jpg\" class=\"envira-gallery-1739 envira-gallery-link\" rel=\"enviragallery1739\" title=\"P1000465\" data-envira-caption=\"P1000465\" data-envira-retina=\"\" data-thumbnail=\"\"  itemprop=\"contentUrl\"><img decoding=\"async\" id=\"envira-gallery-image-1748\" class=\"envira-gallery-image envira-gallery-image-9 envira-normal envira-lazy\" data-envira-index=\"9\" src=\"https:\/\/zooschule-landau.de\/zooschule\/wp-content\/uploads\/2019\/02\/P1000465-1400x933-640x480.jpg\" data-envira-src=\"https:\/\/zooschule-landau.de\/zooschule\/wp-content\/uploads\/2019\/02\/P1000465-1400x933-640x480.jpg\" data-envira-gallery-id=\"1739\" data-envira-item-id=\"1748\" data-envira-caption=\"P1000465\" alt=\"\" title=\"P1000465\"  itemprop=\"thumbnailUrl\" data-envira-srcset=\"https:\/\/zooschule-landau.de\/zooschule\/wp-content\/uploads\/2019\/02\/P1000465-1400x933-640x480.jpg 400w,https:\/\/zooschule-landau.de\/zooschule\/wp-content\/uploads\/2019\/02\/P1000465-1400x933-640x480.jpg 2x\" data-envira-width=\"300\" data-envira-height=\"200\" srcset=\"data:image\/gif;base64,R0lGODlhAQABAIAAAP\/\/\/\/\/\/\/yH5BAEKAAEALAAAAAABAAEAAAICTAEAOw==\" data-safe-src=\"data:image\/gif;base64,R0lGODlhAQABAIAAAP\/\/\/\/\/\/\/yH5BAEKAAEALAAAAAABAAEAAAICTAEAOw==\" \/><\/a><\/div><\/div><div id=\"envira-gallery-item-1749\" class=\"envira-gallery-item enviratope-item envira-gallery-item-10 envira-lazy-load\" style=\"padding-left: 3px; padding-bottom: 5px; padding-right: 3px;\"  itemscope itemtype=\"https:\/\/schema.org\/ImageObject\"><div class=\"envira-gallery-item-inner\"><div class=\"envira-gallery-position-overlay  envira-gallery-top-left\"><\/div><div class=\"envira-gallery-position-overlay  envira-gallery-top-right\"><\/div><div class=\"envira-gallery-position-overlay  envira-gallery-bottom-left\"><\/div><div class=\"envira-gallery-position-overlay  envira-gallery-bottom-right\"><\/div><a href=\"http:\/\/zooschule-landau.de\/zooschule\/wp-content\/uploads\/2019\/02\/P1000467.jpg\" class=\"envira-gallery-1739 envira-gallery-link\" rel=\"enviragallery1739\" title=\"P1000467\" data-envira-caption=\"P1000467\" data-envira-retina=\"\" data-thumbnail=\"\"  itemprop=\"contentUrl\"><img decoding=\"async\" id=\"envira-gallery-image-1749\" class=\"envira-gallery-image envira-gallery-image-10 envira-normal envira-lazy\" data-envira-index=\"10\" src=\"https:\/\/zooschule-landau.de\/zooschule\/wp-content\/uploads\/2019\/02\/P1000467-1400x933-640x480.jpg\" data-envira-src=\"https:\/\/zooschule-landau.de\/zooschule\/wp-content\/uploads\/2019\/02\/P1000467-1400x933-640x480.jpg\" data-envira-gallery-id=\"1739\" data-envira-item-id=\"1749\" data-envira-caption=\"P1000467\" alt=\"\" title=\"P1000467\"  itemprop=\"thumbnailUrl\" data-envira-srcset=\"https:\/\/zooschule-landau.de\/zooschule\/wp-content\/uploads\/2019\/02\/P1000467-1400x933-640x480.jpg 400w,https:\/\/zooschule-landau.de\/zooschule\/wp-content\/uploads\/2019\/02\/P1000467-1400x933-640x480.jpg 2x\" data-envira-width=\"300\" data-envira-height=\"200\" srcset=\"data:image\/gif;base64,R0lGODlhAQABAIAAAP\/\/\/\/\/\/\/yH5BAEKAAEALAAAAAABAAEAAAICTAEAOw==\" data-safe-src=\"data:image\/gif;base64,R0lGODlhAQABAIAAAP\/\/\/\/\/\/\/yH5BAEKAAEALAAAAAABAAEAAAICTAEAOw==\" \/><\/a><\/div><\/div><div id=\"envira-gallery-item-1750\" class=\"envira-gallery-item enviratope-item envira-gallery-item-11 envira-lazy-load\" style=\"padding-left: 3px; padding-bottom: 5px; padding-right: 3px;\"  itemscope itemtype=\"https:\/\/schema.org\/ImageObject\"><div class=\"envira-gallery-item-inner\"><div class=\"envira-gallery-position-overlay  envira-gallery-top-left\"><\/div><div class=\"envira-gallery-position-overlay  envira-gallery-top-right\"><\/div><div class=\"envira-gallery-position-overlay  envira-gallery-bottom-left\"><\/div><div class=\"envira-gallery-position-overlay  envira-gallery-bottom-right\"><\/div><a href=\"http:\/\/zooschule-landau.de\/zooschule\/wp-content\/uploads\/2019\/02\/P1000471.jpg\" class=\"envira-gallery-1739 envira-gallery-link\" rel=\"enviragallery1739\" title=\"P1000471\" data-envira-caption=\"P1000471\" data-envira-retina=\"\" data-thumbnail=\"\"  itemprop=\"contentUrl\"><img decoding=\"async\" id=\"envira-gallery-image-1750\" class=\"envira-gallery-image envira-gallery-image-11 envira-normal envira-lazy\" data-envira-index=\"11\" src=\"https:\/\/zooschule-landau.de\/zooschule\/wp-content\/uploads\/2019\/02\/P1000471-1400x933-640x480.jpg\" data-envira-src=\"https:\/\/zooschule-landau.de\/zooschule\/wp-content\/uploads\/2019\/02\/P1000471-1400x933-640x480.jpg\" data-envira-gallery-id=\"1739\" data-envira-item-id=\"1750\" data-envira-caption=\"P1000471\" alt=\"\" title=\"P1000471\"  itemprop=\"thumbnailUrl\" data-envira-srcset=\"https:\/\/zooschule-landau.de\/zooschule\/wp-content\/uploads\/2019\/02\/P1000471-1400x933-640x480.jpg 400w,https:\/\/zooschule-landau.de\/zooschule\/wp-content\/uploads\/2019\/02\/P1000471-1400x933-640x480.jpg 2x\" data-envira-width=\"300\" data-envira-height=\"200\" srcset=\"data:image\/gif;base64,R0lGODlhAQABAIAAAP\/\/\/\/\/\/\/yH5BAEKAAEALAAAAAABAAEAAAICTAEAOw==\" data-safe-src=\"data:image\/gif;base64,R0lGODlhAQABAIAAAP\/\/\/\/\/\/\/yH5BAEKAAEALAAAAAABAAEAAAICTAEAOw==\" \/><\/a><\/div><\/div><\/div><\/div><noscript><img decoding=\"async\" src=\"https:\/\/zooschule-landau.de\/zooschule\/wp-content\/uploads\/2019\/02\/IMG_2860.jpg\" alt=\"\" \/><img decoding=\"async\" src=\"https:\/\/zooschule-landau.de\/zooschule\/wp-content\/uploads\/2019\/02\/IMG_2861.jpg\" alt=\"\" \/><img decoding=\"async\" src=\"https:\/\/zooschule-landau.de\/zooschule\/wp-content\/uploads\/2019\/02\/IMG_2864.jpg\" alt=\"\" \/><img decoding=\"async\" src=\"https:\/\/zooschule-landau.de\/zooschule\/wp-content\/uploads\/2019\/02\/IMG_2866.jpg\" alt=\"\" \/><img decoding=\"async\" src=\"https:\/\/zooschule-landau.de\/zooschule\/wp-content\/uploads\/2019\/02\/IMG_3135.jpg\" alt=\"\" \/><img decoding=\"async\" src=\"https:\/\/zooschule-landau.de\/zooschule\/wp-content\/uploads\/2019\/02\/P1000462.jpg\" alt=\"\" \/><img decoding=\"async\" src=\"https:\/\/zooschule-landau.de\/zooschule\/wp-content\/uploads\/2019\/02\/P1000463dfdf.jpg\" alt=\"\" \/><img decoding=\"async\" src=\"https:\/\/zooschule-landau.de\/zooschule\/wp-content\/uploads\/2019\/02\/P1000464ggg.jpg\" alt=\"\" \/><img decoding=\"async\" src=\"https:\/\/zooschule-landau.de\/zooschule\/wp-content\/uploads\/2019\/02\/P1000465.jpg\" alt=\"\" \/><img decoding=\"async\" src=\"https:\/\/zooschule-landau.de\/zooschule\/wp-content\/uploads\/2019\/02\/P1000467.jpg\" alt=\"\" \/><img decoding=\"async\" src=\"https:\/\/zooschule-landau.de\/zooschule\/wp-content\/uploads\/2019\/02\/P1000471.jpg\" alt=\"\" \/><\/noscript><\/div>\n","protected":false},"excerpt":{"rendered":"<p>Ein neues Logo f\u00fcr die Zooschule Landau Sch\u00fclerinnen und Sch\u00fcler aus mehreren Klassen des Eduard-Spranger-Gymnasiums befassten sich mit ihrem Lehrer Matthias Burghardt im Rahmen eines Projektes im Fach Kunst mit dem Logo der Zooschule Landau. Die Aufgabe bestand darin, ein neues, attraktives Logo zu entwickeln oder das bestehende Logo der Zooschule so zu ver\u00e4ndern, dass<\/p>\n","protected":false},"author":1,"featured_media":0,"parent":3342,"menu_order":99,"comment_status":"closed","ping_status":"closed","template":"page-fullwidth.php","meta":{"footnotes":""},"class_list":["post-1751","page","type-page","status-publish","hentry"],"_links":{"self":[{"href":"https:\/\/zooschule-landau.de\/zooschule\/wp-json\/wp\/v2\/pages\/1751","targetHints":{"allow":["GET"]}}],"collection":[{"href":"https:\/\/zooschule-landau.de\/zooschule\/wp-json\/wp\/v2\/pages"}],"about":[{"href":"https:\/\/zooschule-landau.de\/zooschule\/wp-json\/wp\/v2\/types\/page"}],"author":[{"embeddable":true,"href":"https:\/\/zooschule-landau.de\/zooschule\/wp-json\/wp\/v2\/users\/1"}],"replies":[{"embeddable":true,"href":"https:\/\/zooschule-landau.de\/zooschule\/wp-json\/wp\/v2\/comments?post=1751"}],"version-history":[{"count":11,"href":"https:\/\/zooschule-landau.de\/zooschule\/wp-json\/wp\/v2\/pages\/1751\/revisions"}],"predecessor-version":[{"id":1762,"href":"https:\/\/zooschule-landau.de\/zooschule\/wp-json\/wp\/v2\/pages\/1751\/revisions\/1762"}],"up":[{"embeddable":true,"href":"https:\/\/zooschule-landau.de\/zooschule\/wp-json\/wp\/v2\/pages\/3342"}],"wp:attachment":[{"href":"https:\/\/zooschule-landau.de\/zooschule\/wp-json\/wp\/v2\/media?parent=1751"}],"curies":[{"name":"wp","href":"https:\/\/api.w.org\/{rel}","templated":true}]}}