{"id":1716,"date":"2019-01-17T17:38:11","date_gmt":"2019-01-17T16:38:11","guid":{"rendered":"http:\/\/zooschule-landau.de\/zooschule\/?page_id=1716"},"modified":"2026-02-03T12:56:41","modified_gmt":"2026-02-03T11:56:41","slug":"ferienprogramm","status":"publish","type":"page","link":"https:\/\/zooschule-landau.de\/zooschule\/services\/ferienprogramm\/ferienprogramm\/","title":{"rendered":"Kinderferienbetreuung 2026"},"content":{"rendered":"\n<h2 class=\"wp-block-heading\"><strong>FERIENPROGRAMM \u201eFit f\u00fcr die Zukunft\u201c im Jahr 2026<\/strong><\/h2>\n\n\n\n<p>An jedem Tag steht ein anderes spannendes Thema auf dem Programm! Tiger, Pinguine, Erdm\u00e4nnchen und andere Zoobewohner werden beobachtet, andere kann man teilweise auch hautnah erleben. Dabei erfahren die Kinder in der Zooschule nicht nur Interessantes \u00fcber die gro\u00dfen und kleinen Zoobewohner, sondern auch, was sie selbst zum Schutz der Tiere und der Natur beitragen k\u00f6nnen. Exklusiv ist es m\u00f6glich, mal einen Blick hinter die Kulissen des Zoos zu werfen! Zum Programm geh\u00f6ren au\u00dferdem Aktivit\u00e4ten wie Mikroskopieren, Modellieren mit Ton, Spielen und Basteln.<\/p>\n\n\n\n<div class=\"wp-block-file\"><a id=\"wp-block-file--media-a895a489-db07-48de-8f6e-6492d0943122\" href=\"https:\/\/zooschule-landau.de\/zooschule\/wp-content\/uploads\/2023\/02\/Einverstaendniserklaerung_Fotos_Filme_Zooschule.pdf\">Einverst\u00e4ndniserkl\u00e4rung Fotos \/ Filme<\/a><a href=\"https:\/\/zooschule-landau.de\/zooschule\/wp-content\/uploads\/2023\/02\/Einverstaendniserklaerung_Fotos_Filme_Zooschule.pdf\" class=\"wp-block-file__button wp-element-button\" download aria-describedby=\"wp-block-file--media-a895a489-db07-48de-8f6e-6492d0943122\">Herunterladen<\/a><\/div>\n\n\n\n<div class=\"wp-block-file\"><a id=\"wp-block-file--media-d382f4e1-8f5d-49d5-9cf4-ded0b7da875b\" href=\"https:\/\/zooschule-landau.de\/zooschule\/wp-content\/uploads\/2026\/02\/Anmeldung-und-Info-Ferien-2026-bb.pdf\">Anmeldung und Info Ferien 2026<\/a><a href=\"https:\/\/zooschule-landau.de\/zooschule\/wp-content\/uploads\/2026\/02\/Anmeldung-und-Info-Ferien-2026-bb.pdf\" class=\"wp-block-file__button wp-element-button\" download aria-describedby=\"wp-block-file--media-d382f4e1-8f5d-49d5-9cf4-ded0b7da875b\">Herunterladen<\/a><\/div>\n\n\n\n<p class=\"has-black-color has-luminous-vivid-amber-background-color has-text-color has-background has-link-color wp-elements-cd15d041047d59fa48807f2562dadadc\">Das Anmeldeformular kann digital ausgef\u00fcllt werden.<\/p>\n\n\n\n<hr class=\"wp-block-separator has-alpha-channel-opacity\"\/>\n\n\n\n<p><strong>Termine 2026<\/strong><\/p>\n\n\n\n<figure class=\"wp-block-table\"><table><tbody><tr><td>&nbsp;<\/td><td><strong>von \u2026 bis<\/strong><\/td><td><strong>Anzahl Tage<\/strong><\/td><\/tr><tr><td><strong>Osterferien I<\/strong> (nur noch Wartepl\u00e4tze!)<\/td><td>30. M\u00e4rz bis 02. April<\/td><td>4<\/td><\/tr><tr><td><strong>Osterferien II<\/strong> (nur noch Wartepl\u00e4tze!)<\/td><td>07. bis 10. April<\/td><td>4<\/td><\/tr><tr><td><strong>Br\u00fcckentag I<\/strong> (noch 13 Pl\u00e4tze frei)<\/td><td>15. Mai<\/td><td>1<\/td><\/tr><tr><td><strong>Br\u00fcckentag II<\/strong> (noch 11 Pl\u00e4tze frei)<\/td><td>05. Juni<\/td><td>1<\/td><\/tr><tr><td><strong>Sommerferien I<\/strong> (ausgebucht!)<br><strong>Sommerferien II<\/strong> (ausgebucht!)<br><strong>Sommerferien III<\/strong> (nur noch Wartepl\u00e4tze!)<br><strong>Sommerferien IV<\/strong> (nur noch Wartepl\u00e4tze!)<\/td><td>29. Juni bis 03. Juli <br>06. bis 10. Juli <br>13. bis 17. Juli <br>20. bis 24. Juli<\/td><td>5 <br>5 <br>5 <br>5<\/td><\/tr><tr><td><strong>Herbstferien I<\/strong> (nur noch Wartepl\u00e4tze!)<br><strong>Herbstferien II<\/strong> (noch 3 Pl\u00e4tze frei)<\/td><td>05. bis 09. Oktober <br>12. bis 16. Oktober<\/td><td>5 <br>5<\/td><\/tr><\/tbody><\/table><\/figure>\n\n\n\n<div style=\"height:50px\" aria-hidden=\"true\" class=\"wp-block-spacer\"><\/div>\n\n\n\n<p>Kosten<\/p>\n\n\n\n<figure class=\"wp-block-table\"><table><tbody><tr><td class=\"has-text-align-center\" data-align=\"center\">&nbsp;<\/td><td class=\"has-text-align-center\" data-align=\"center\"><strong>Ferienangebot 1<\/strong><strong><\/strong><\/td><td class=\"has-text-align-center\" data-align=\"center\"><strong>Ferienangebot 2<\/strong><strong><\/strong><\/td><td class=\"has-text-align-center\" data-align=\"center\"><strong>Ferienangebot 3<\/strong><strong><\/strong><\/td><\/tr><tr><td class=\"has-text-align-center\" data-align=\"center\"><strong>offener Anfang<\/strong> Bringen des Kindes zwischen 08:00 und 09:00 Uhr<\/td><td class=\"has-text-align-center\" data-align=\"center\">&nbsp; X<\/td><td class=\"has-text-align-center\" data-align=\"center\">&nbsp; X<\/td><td class=\"has-text-align-center\" data-align=\"center\">&nbsp; X<\/td><\/tr><tr><td class=\"has-text-align-center\" data-align=\"center\"><strong>&nbsp;<\/strong> <strong>Programm bis 13:00 Uhr<\/strong><\/td><td class=\"has-text-align-center\" data-align=\"center\">&nbsp; X<\/td><td class=\"has-text-align-center\" data-align=\"center\">&nbsp; X<\/td><td class=\"has-text-align-center\" data-align=\"center\">&nbsp; X<\/td><\/tr><tr><td class=\"has-text-align-center\" data-align=\"center\">&nbsp; <strong>Programm bis 14:00 Uhr<\/strong> inklusive Mittagessen<\/td><td class=\"has-text-align-center\" data-align=\"center\">&nbsp;<\/td><td class=\"has-text-align-center\" data-align=\"center\">&nbsp; X<\/td><td class=\"has-text-align-center\" data-align=\"center\">&nbsp; X<\/td><\/tr><tr><td class=\"has-text-align-center\" data-align=\"center\">&nbsp; <strong>Programm bis 16:00 Uhr<\/strong> inklusive Mittagessen<\/td><td class=\"has-text-align-center\" data-align=\"center\">&nbsp; &nbsp;<\/td><td class=\"has-text-align-center\" data-align=\"center\">&nbsp; &nbsp;<\/td><td class=\"has-text-align-center\" data-align=\"center\">&nbsp; X<\/td><\/tr><tr><td class=\"has-text-align-center\" data-align=\"center\" rowspan=\"2\">&nbsp; <strong>Preis pro Tag<\/strong><\/td><td class=\"has-text-align-center\" data-align=\"center\">&nbsp; 18,00 \u20ac<\/td><td class=\"has-text-align-center\" data-align=\"center\">&nbsp; 28,50 \u20ac<\/td><td class=\"has-text-align-center\" data-align=\"center\">&nbsp; 35,50 \u20ac<\/td><\/tr><tr><td class=\"has-text-align-center\" data-align=\"center\" colspan=\"3\">&nbsp; <strong>zuz\u00fcglich 2,50 \u20ac Zooeintritt pro Tag<\/strong> <strong>oder 19,00\u20ac f\u00fcr eine Jahreskarte<\/strong> <strong>Bitte zahlen Sie den Zooeintritt <u>am 1. Tag bei Abholung <\/u>des Kindes an der Zookasse.<\/strong><\/td><\/tr><\/tbody><\/table><\/figure>\n","protected":false},"excerpt":{"rendered":"<p>FERIENPROGRAMM \u201eFit f\u00fcr die Zukunft\u201c im Jahr 2026 An jedem Tag steht ein anderes spannendes Thema auf dem Programm! Tiger, Pinguine, Erdm\u00e4nnchen und andere Zoobewohner werden beobachtet, andere kann man teilweise auch hautnah erleben. Dabei erfahren die Kinder in der Zooschule nicht nur Interessantes \u00fcber die gro\u00dfen und kleinen Zoobewohner, sondern auch, was sie selbst<\/p>\n","protected":false},"author":1,"featured_media":0,"parent":1405,"menu_order":0,"comment_status":"closed","ping_status":"closed","template":"js\/page-fullwidth.php","meta":{"footnotes":""},"class_list":["post-1716","page","type-page","status-publish","hentry"],"_links":{"self":[{"href":"https:\/\/zooschule-landau.de\/zooschule\/wp-json\/wp\/v2\/pages\/1716","targetHints":{"allow":["GET"]}}],"collection":[{"href":"https:\/\/zooschule-landau.de\/zooschule\/wp-json\/wp\/v2\/pages"}],"about":[{"href":"https:\/\/zooschule-landau.de\/zooschule\/wp-json\/wp\/v2\/types\/page"}],"author":[{"embeddable":true,"href":"https:\/\/zooschule-landau.de\/zooschule\/wp-json\/wp\/v2\/users\/1"}],"replies":[{"embeddable":true,"href":"https:\/\/zooschule-landau.de\/zooschule\/wp-json\/wp\/v2\/comments?post=1716"}],"version-history":[{"count":111,"href":"https:\/\/zooschule-landau.de\/zooschule\/wp-json\/wp\/v2\/pages\/1716\/revisions"}],"predecessor-version":[{"id":4375,"href":"https:\/\/zooschule-landau.de\/zooschule\/wp-json\/wp\/v2\/pages\/1716\/revisions\/4375"}],"up":[{"embeddable":true,"href":"https:\/\/zooschule-landau.de\/zooschule\/wp-json\/wp\/v2\/pages\/1405"}],"wp:attachment":[{"href":"https:\/\/zooschule-landau.de\/zooschule\/wp-json\/wp\/v2\/media?parent=1716"}],"curies":[{"name":"wp","href":"https:\/\/api.w.org\/{rel}","templated":true}]}}