{"id":1405,"date":"2018-03-11T20:26:55","date_gmt":"2018-03-11T19:26:55","guid":{"rendered":"http:\/\/zooschule.synology.me\/zooschule\/?page_id=1405"},"modified":"2018-07-17T14:07:38","modified_gmt":"2018-07-17T12:07:38","slug":"ferienprogramm","status":"publish","type":"page","link":"https:\/\/zooschule-landau.de\/zooschule\/services\/ferienprogramm\/","title":{"rendered":"Ferienprogramm"},"content":{"rendered":"<h2>Ferien in der Zooschule!<\/h2>\n<p><img loading=\"lazy\" decoding=\"async\" class=\"alignright wp-image-1473\" src=\"https:\/\/zooschule-landau.de\/zooschule\/wp-content\/uploads\/2018\/06\/holidays-2191785_1920.jpg\" alt=\"\" width=\"300\" height=\"162\" \/>Spiel, Spa\u00df und Spannung f\u00fcr Kinder von 7 bis 12 Jahren in den rheinland-pf\u00e4lzischen Schulferien.<\/p>\n<p>Vormittags bietet die Zooschule mit der <a href=\"https:\/\/zooschule-landau.de\/zooschule\/ferien-events\/kinderbetreuung\/\">Kinderferienbetreuung<\/a> ein buntes Programm jeweils montags bis freitags von 8:00 bis 13:00 Uhr.<\/p>\n<p>Nachmittags finden an unterschiedlichen Tagen spannende <a href=\"https:\/\/zooschule-landau.de\/zooschule\/programm\/ferienprogramm\/workshops\/\">Workshops<\/a> statt!<\/p>\n","protected":false},"excerpt":{"rendered":"<p>Ferien in der Zooschule! Spiel, Spa\u00df und Spannung f\u00fcr Kinder von 7 bis 12 Jahren in den rheinland-pf\u00e4lzischen Schulferien. Vormittags bietet die Zooschule mit der Kinderferienbetreuung ein buntes Programm jeweils montags bis freitags von 8:00 bis 13:00 Uhr. Nachmittags finden an unterschiedlichen Tagen spannende Workshops statt!<\/p>\n","protected":false},"author":1,"featured_media":0,"parent":374,"menu_order":0,"comment_status":"closed","ping_status":"closed","template":"js\/page-fullwidth.php","meta":{"footnotes":""},"class_list":["post-1405","page","type-page","status-publish","hentry"],"_links":{"self":[{"href":"https:\/\/zooschule-landau.de\/zooschule\/wp-json\/wp\/v2\/pages\/1405","targetHints":{"allow":["GET"]}}],"collection":[{"href":"https:\/\/zooschule-landau.de\/zooschule\/wp-json\/wp\/v2\/pages"}],"about":[{"href":"https:\/\/zooschule-landau.de\/zooschule\/wp-json\/wp\/v2\/types\/page"}],"author":[{"embeddable":true,"href":"https:\/\/zooschule-landau.de\/zooschule\/wp-json\/wp\/v2\/users\/1"}],"replies":[{"embeddable":true,"href":"https:\/\/zooschule-landau.de\/zooschule\/wp-json\/wp\/v2\/comments?post=1405"}],"version-history":[{"count":8,"href":"https:\/\/zooschule-landau.de\/zooschule\/wp-json\/wp\/v2\/pages\/1405\/revisions"}],"predecessor-version":[{"id":1565,"href":"https:\/\/zooschule-landau.de\/zooschule\/wp-json\/wp\/v2\/pages\/1405\/revisions\/1565"}],"up":[{"embeddable":true,"href":"https:\/\/zooschule-landau.de\/zooschule\/wp-json\/wp\/v2\/pages\/374"}],"wp:attachment":[{"href":"https:\/\/zooschule-landau.de\/zooschule\/wp-json\/wp\/v2\/media?parent=1405"}],"curies":[{"name":"wp","href":"https:\/\/api.w.org\/{rel}","templated":true}]}}