{"id":1356,"date":"2018-02-25T09:48:27","date_gmt":"2018-02-25T08:48:27","guid":{"rendered":"http:\/\/zooschule.synology.me\/zooschule\/?page_id=1356"},"modified":"2018-02-25T09:48:27","modified_gmt":"2018-02-25T08:48:27","slug":"a-bis-z","status":"publish","type":"page","link":"https:\/\/zooschule-landau.de\/zooschule\/a-bis-z\/","title":{"rendered":"A bis Z"},"content":{"rendered":"<style>\n\n<\/style><div id=\"letters\">\n\t<div class=\"az-letters\">\n\t\t<ul class=\"az-links\"><li class=\"first odd has-posts\"><a href=\"#a-z-listing-letter-A-1\"><span>A<\/span><\/a><\/li><li class=\"even has-posts\"><a href=\"#a-z-listing-letter-B-1\"><span>B<\/span><\/a><\/li><li class=\"odd has-posts\"><a href=\"#a-z-listing-letter-C-1\"><span>C<\/span><\/a><\/li><li class=\"even has-posts\"><a href=\"#a-z-listing-letter-D-1\"><span>D<\/span><\/a><\/li><li class=\"odd has-posts\"><a href=\"#a-z-listing-letter-E-1\"><span>E<\/span><\/a><\/li><li class=\"even has-posts\"><a href=\"#a-z-listing-letter-F-1\"><span>F<\/span><\/a><\/li><li class=\"odd has-posts\"><a href=\"#a-z-listing-letter-G-1\"><span>G<\/span><\/a><\/li><li class=\"even no-posts\"><span>H<\/span><\/li><li class=\"odd has-posts\"><a href=\"#a-z-listing-letter-I-1\"><span>I<\/span><\/a><\/li><li class=\"even has-posts\"><a href=\"#a-z-listing-letter-J-1\"><span>J<\/span><\/a><\/li><li class=\"odd has-posts\"><a href=\"#a-z-listing-letter-K-1\"><span>K<\/span><\/a><\/li><li class=\"even has-posts\"><a href=\"#a-z-listing-letter-L-1\"><span>L<\/span><\/a><\/li><li class=\"odd has-posts\"><a href=\"#a-z-listing-letter-M-1\"><span>M<\/span><\/a><\/li><li class=\"even no-posts\"><span>N<\/span><\/li><li class=\"odd has-posts\"><a href=\"#a-z-listing-letter-O-1\"><span>O<\/span><\/a><\/li><li class=\"even has-posts\"><a href=\"#a-z-listing-letter-P-1\"><span>P<\/span><\/a><\/li><li class=\"odd no-posts\"><span>Q<\/span><\/li><li class=\"even no-posts\"><span>R<\/span><\/li><li class=\"odd has-posts\"><a href=\"#a-z-listing-letter-S-1\"><span>S<\/span><\/a><\/li><li class=\"even no-posts\"><span>T<\/span><\/li><li class=\"odd has-posts\"><a href=\"#a-z-listing-letter-U-1\"><span>U<\/span><\/a><\/li><li class=\"even has-posts\"><a href=\"#a-z-listing-letter-V-1\"><span>V<\/span><\/a><\/li><li class=\"odd has-posts\"><a href=\"#a-z-listing-letter-W-1\"><span>W<\/span><\/a><\/li><li class=\"even no-posts\"><span>X<\/span><\/li><li class=\"odd no-posts\"><span>Y<\/span><\/li><li class=\"even has-posts\"><a href=\"#a-z-listing-letter-Z-1\"><span>Z<\/span><\/a><\/li><li class=\"last odd has-posts\"><a href=\"#a-z-listing-letter-_-1\"><span>#<\/span><\/a><\/li><\/ul><div class=\"clear empty\"><\/div>\n\t<\/div>\n<\/div>\n<div id=\"az-slider\">\n\t<div id=\"inner-slider\">\n\t\t\t\t\t\t\t\t\t<div class=\"letter-section\" id=\"a-z-listing-letter-A-1\">\n\t\t\t\t\t<h2>\n\t\t\t\t\t\t<span>A<\/span>\n\t\t\t\t\t<\/h2>\n\t\t\t\t\t<div><ul>\n\t\t\t\t\t\t\t\t\t\t\t\t\t<li>\n\t\t\t\t\t\t\t\t<a href=\"https:\/\/zooschule-landau.de\/zooschule\/aktuelles\/\">Aktuelles<\/a>\n\t\t\t\t\t\t\t<\/li>\n\t\t\t\t\t\t\t\t\t\t\t\t\t<li>\n\t\t\t\t\t\t\t\t<a href=\"https:\/\/zooschule-landau.de\/zooschule\/anreise\/\">Anreise<\/a>\n\t\t\t\t\t\t\t<\/li>\n\t\t\t\t\t\t\t\t\t\t\t\t\t<li>\n\t\t\t\t\t\t\t\t<a href=\"https:\/\/zooschule-landau.de\/zooschule\/auszeichnungen\/\">Auszeichnungen<\/a>\n\t\t\t\t\t\t\t<\/li>\n\t\t\t\t\t\t\t\t\t\t\t\t\t<li>\n\t\t\t\t\t\t\t\t<a href=\"https:\/\/zooschule-landau.de\/zooschule\/a-bis-z\/\">A bis Z<\/a>\n\t\t\t\t\t\t\t<\/li>\n\t\t\t\t\t\t\t\t\t\t\t<\/ul><\/div>\n\t\t\t\t\t<div class=\"back-to-top\" style=\"width: 200px\"><a href=\"#letters\">nach oben<\/a><\/div>\n\t\t\t\t<\/div>\n\t\t\t\t\t\t\t\t\t\t\t\t<div class=\"letter-section\" id=\"a-z-listing-letter-B-1\">\n\t\t\t\t\t<h2>\n\t\t\t\t\t\t<span>B<\/span>\n\t\t\t\t\t<\/h2>\n\t\t\t\t\t<div><ul>\n\t\t\t\t\t\t\t\t\t\t\t\t\t<li>\n\t\t\t\t\t\t\t\t<a href=\"https:\/\/zooschule-landau.de\/zooschule\/projekte\/zoo-natur-erlebnistage\/begruendungen-und-allgemeine-zielsetzungen\/\">Begr\u00fcndungen und allgemeine Zielsetzungen<\/a>\n\t\t\t\t\t\t\t<\/li>\n\t\t\t\t\t\t\t\t\t\t\t\t\t<li>\n\t\t\t\t\t\t\t\t<a href=\"https:\/\/zooschule-landau.de\/zooschule\/ueber-uns\/bildergalerien\/\">Bildergalerien<\/a>\n\t\t\t\t\t\t\t<\/li>\n\t\t\t\t\t\t\t\t\t\t\t\t\t<li>\n\t\t\t\t\t\t\t\t<a href=\"https:\/\/zooschule-landau.de\/zooschule\/bildungspartnerschaft-zooschule-umusambi-village-ruanda\/\">Bildungspartnerschaft Zooschule \u2013 Umusambi Village\/ Ruanda<\/a>\n\t\t\t\t\t\t\t<\/li>\n\t\t\t\t\t\t\t\t\t\t\t\t\t<li>\n\t\t\t\t\t\t\t\t<a href=\"https:\/\/zooschule-landau.de\/zooschule\/konzeption\/bildung-fuer-nachhaltige-entwicklung\/\">Bildung f\u00fcr nachhaltige Entwicklung<\/a>\n\t\t\t\t\t\t\t<\/li>\n\t\t\t\t\t\t\t\t\t\t\t\t\t<li>\n\t\t\t\t\t\t\t\t<a href=\"https:\/\/zooschule-landau.de\/zooschule\/bne-partnerschaft\/\">BNE-Partnerschaft<\/a>\n\t\t\t\t\t\t\t<\/li>\n\t\t\t\t\t\t\t\t\t\t\t\t\t<li>\n\t\t\t\t\t\t\t\t<a href=\"https:\/\/zooschule-landau.de\/zooschule\/services\/fuer-schulen-kitas\/bne-lernbereich-globale-entwicklung\/\">BNE\/ Lernbereich Globale Entwicklung<\/a>\n\t\t\t\t\t\t\t<\/li>\n\t\t\t\t\t\t\t\t\t\t\t\t\t<li>\n\t\t\t\t\t\t\t\t<a href=\"https:\/\/zooschule-landau.de\/zooschule\/buchungsanfrage\/\">Buchungsanfrage<\/a>\n\t\t\t\t\t\t\t<\/li>\n\t\t\t\t\t\t\t\t\t\t\t<\/ul><\/div>\n\t\t\t\t\t<div class=\"back-to-top\" style=\"width: 200px\"><a href=\"#letters\">nach oben<\/a><\/div>\n\t\t\t\t<\/div>\n\t\t\t\t\t\t\t\t\t\t\t\t<div class=\"letter-section\" id=\"a-z-listing-letter-C-1\">\n\t\t\t\t\t<h2>\n\t\t\t\t\t\t<span>C<\/span>\n\t\t\t\t\t<\/h2>\n\t\t\t\t\t<div><ul>\n\t\t\t\t\t\t\t\t\t\t\t\t\t<li>\n\t\t\t\t\t\t\t\t<a href=\"https:\/\/zooschule-landau.de\/zooschule\/services\/geburtstage\/corona\/\">Corona<\/a>\n\t\t\t\t\t\t\t<\/li>\n\t\t\t\t\t\t\t\t\t\t\t<\/ul><\/div>\n\t\t\t\t\t<div class=\"back-to-top\" style=\"width: 200px\"><a href=\"#letters\">nach oben<\/a><\/div>\n\t\t\t\t<\/div>\n\t\t\t\t\t\t\t\t\t\t\t\t<div class=\"letter-section\" id=\"a-z-listing-letter-D-1\">\n\t\t\t\t\t<h2>\n\t\t\t\t\t\t<span>D<\/span>\n\t\t\t\t\t<\/h2>\n\t\t\t\t\t<div><ul>\n\t\t\t\t\t\t\t\t\t\t\t\t\t<li>\n\t\t\t\t\t\t\t\t<a href=\"https:\/\/zooschule-landau.de\/zooschule\/datenschutz\/\">Datenschutz<\/a>\n\t\t\t\t\t\t\t<\/li>\n\t\t\t\t\t\t\t\t\t\t\t\t\t<li>\n\t\t\t\t\t\t\t\t<a href=\"https:\/\/zooschule-landau.de\/zooschule\/projekte\/zoo-natur-erlebnistage\/didaktische-materialien\/\">Didaktische Materialien<\/a>\n\t\t\t\t\t\t\t<\/li>\n\t\t\t\t\t\t\t\t\t\t\t\t\t<li>\n\t\t\t\t\t\t\t\t<a href=\"https:\/\/zooschule-landau.de\/zooschule\/downloads\/\">Downloads<\/a>\n\t\t\t\t\t\t\t<\/li>\n\t\t\t\t\t\t\t\t\t\t\t<\/ul><\/div>\n\t\t\t\t\t<div class=\"back-to-top\" style=\"width: 200px\"><a href=\"#letters\">nach oben<\/a><\/div>\n\t\t\t\t<\/div>\n\t\t\t\t\t\t\t\t\t\t\t\t<div class=\"letter-section\" id=\"a-z-listing-letter-E-1\">\n\t\t\t\t\t<h2>\n\t\t\t\t\t\t<span>E<\/span>\n\t\t\t\t\t<\/h2>\n\t\t\t\t\t<div><ul>\n\t\t\t\t\t\t\t\t\t\t\t\t\t<li>\n\t\t\t\t\t\t\t\t<a href=\"https:\/\/zooschule-landau.de\/zooschule\/projekte\/zoo-natur-erlebnistage\/einbettung-in-die-aktion-gruen-gemeinsam-arten-schuetzen\/\">Einbettung in die \u201eAKTION GR\u00dcN \u2013 Gemeinsam Arten sch\u00fctzen\u201c<\/a>\n\t\t\t\t\t\t\t<\/li>\n\t\t\t\t\t\t\t\t\t\t\t\t\t<li>\n\t\t\t\t\t\t\t\t<a href=\"https:\/\/zooschule-landau.de\/zooschule\/ewl-eww\/\">EWL-EWW<\/a>\n\t\t\t\t\t\t\t<\/li>\n\t\t\t\t\t\t\t\t\t\t\t\t\t<li>\n\t\t\t\t\t\t\t\t<a href=\"https:\/\/zooschule-landau.de\/zooschule\/services\/fuer-schulen-kitas\/ewl-kooperation\/\">EWL-Kooperation<\/a>\n\t\t\t\t\t\t\t<\/li>\n\t\t\t\t\t\t\t\t\t\t\t\t\t<li>\n\t\t\t\t\t\t\t\t<a href=\"https:\/\/zooschule-landau.de\/zooschule\/services\/fuer-schulen-kitas\/eww-kooperation\/\">EWW &#8211; Kooperation<\/a>\n\t\t\t\t\t\t\t<\/li>\n\t\t\t\t\t\t\t\t\t\t\t<\/ul><\/div>\n\t\t\t\t\t<div class=\"back-to-top\" style=\"width: 200px\"><a href=\"#letters\">nach oben<\/a><\/div>\n\t\t\t\t<\/div>\n\t\t\t\t\t\t\t\t\t\t\t\t<div class=\"letter-section\" id=\"a-z-listing-letter-F-1\">\n\t\t\t\t\t<h2>\n\t\t\t\t\t\t<span>F<\/span>\n\t\t\t\t\t<\/h2>\n\t\t\t\t\t<div><ul>\n\t\t\t\t\t\t\t\t\t\t\t\t\t<li>\n\t\t\t\t\t\t\t\t<a href=\"https:\/\/zooschule-landau.de\/zooschule\/services\/ferienprogramm\/\">Ferienprogramm<\/a>\n\t\t\t\t\t\t\t<\/li>\n\t\t\t\t\t\t\t\t\t\t\t\t\t<li>\n\t\t\t\t\t\t\t\t<a href=\"https:\/\/zooschule-landau.de\/zooschule\/ueber-uns\/flyer\/\">Flyer<\/a>\n\t\t\t\t\t\t\t<\/li>\n\t\t\t\t\t\t\t\t\t\t\t\t\t<li>\n\t\t\t\t\t\t\t\t<a href=\"https:\/\/zooschule-landau.de\/zooschule\/foerderverein\/\">F\u00f6rderverein<\/a>\n\t\t\t\t\t\t\t<\/li>\n\t\t\t\t\t\t\t\t\t\t\t\t\t<li>\n\t\t\t\t\t\t\t\t<a href=\"https:\/\/zooschule-landau.de\/zooschule\/services\/fuer-schulen-kitas\/\">f\u00fcr Schulen &#038; Kitas<\/a>\n\t\t\t\t\t\t\t<\/li>\n\t\t\t\t\t\t\t\t\t\t\t<\/ul><\/div>\n\t\t\t\t\t<div class=\"back-to-top\" style=\"width: 200px\"><a href=\"#letters\">nach oben<\/a><\/div>\n\t\t\t\t<\/div>\n\t\t\t\t\t\t\t\t\t\t\t\t<div class=\"letter-section\" id=\"a-z-listing-letter-G-1\">\n\t\t\t\t\t<h2>\n\t\t\t\t\t\t<span>G<\/span>\n\t\t\t\t\t<\/h2>\n\t\t\t\t\t<div><ul>\n\t\t\t\t\t\t\t\t\t\t\t\t\t<li>\n\t\t\t\t\t\t\t\t<a href=\"https:\/\/zooschule-landau.de\/zooschule\/services\/geburtstage\/\">Geburtstage<\/a>\n\t\t\t\t\t\t\t<\/li>\n\t\t\t\t\t\t\t\t\t\t\t\t\t<li>\n\t\t\t\t\t\t\t\t<a href=\"https:\/\/zooschule-landau.de\/zooschule\/gutscheine\/\">Gutscheine<\/a>\n\t\t\t\t\t\t\t<\/li>\n\t\t\t\t\t\t\t\t\t\t\t<\/ul><\/div>\n\t\t\t\t\t<div class=\"back-to-top\" style=\"width: 200px\"><a href=\"#letters\">nach oben<\/a><\/div>\n\t\t\t\t<\/div>\n\t\t\t\t\t\t\t\t\t\t\t\t\t\t\t\t\t<div class=\"letter-section\" id=\"a-z-listing-letter-I-1\">\n\t\t\t\t\t<h2>\n\t\t\t\t\t\t<span>I<\/span>\n\t\t\t\t\t<\/h2>\n\t\t\t\t\t<div><ul>\n\t\t\t\t\t\t\t\t\t\t\t\t\t<li>\n\t\t\t\t\t\t\t\t<a href=\"https:\/\/zooschule-landau.de\/zooschule\/impressum\/\">Impressum<\/a>\n\t\t\t\t\t\t\t<\/li>\n\t\t\t\t\t\t\t\t\t\t\t<\/ul><\/div>\n\t\t\t\t\t<div class=\"back-to-top\" style=\"width: 200px\"><a href=\"#letters\">nach oben<\/a><\/div>\n\t\t\t\t<\/div>\n\t\t\t\t\t\t\t\t\t\t\t\t<div class=\"letter-section\" id=\"a-z-listing-letter-J-1\">\n\t\t\t\t\t<h2>\n\t\t\t\t\t\t<span>J<\/span>\n\t\t\t\t\t<\/h2>\n\t\t\t\t\t<div><ul>\n\t\t\t\t\t\t\t\t\t\t\t\t\t<li>\n\t\t\t\t\t\t\t\t<a href=\"https:\/\/zooschule-landau.de\/zooschule\/aktuelles\/termine\/\">Jahresprogramm \/ Termine<\/a>\n\t\t\t\t\t\t\t<\/li>\n\t\t\t\t\t\t\t\t\t\t\t<\/ul><\/div>\n\t\t\t\t\t<div class=\"back-to-top\" style=\"width: 200px\"><a href=\"#letters\">nach oben<\/a><\/div>\n\t\t\t\t<\/div>\n\t\t\t\t\t\t\t\t\t\t\t\t<div class=\"letter-section\" id=\"a-z-listing-letter-K-1\">\n\t\t\t\t\t<h2>\n\t\t\t\t\t\t<span>K<\/span>\n\t\t\t\t\t<\/h2>\n\t\t\t\t\t<div><ul>\n\t\t\t\t\t\t\t\t\t\t\t\t\t<li>\n\t\t\t\t\t\t\t\t<a href=\"https:\/\/zooschule-landau.de\/zooschule\/services\/ferienprogramm\/ferienprogramm\/\">Kinderferienbetreuung 2026<\/a>\n\t\t\t\t\t\t\t<\/li>\n\t\t\t\t\t\t\t\t\t\t\t\t\t<li>\n\t\t\t\t\t\t\t\t<a href=\"https:\/\/zooschule-landau.de\/zooschule\/konzeption\/kinder-agenda-pfalz\/\">Kinder-Agenda Pfalz<\/a>\n\t\t\t\t\t\t\t<\/li>\n\t\t\t\t\t\t\t\t\t\t\t\t\t<li>\n\t\t\t\t\t\t\t\t<a href=\"https:\/\/zooschule-landau.de\/zooschule\/projekte\/kunstprojekt-des-eduard-spranger-gymnasiums\/\">Kunstprojekt des Eduard-Spranger-Gymnasiums<\/a>\n\t\t\t\t\t\t\t<\/li>\n\t\t\t\t\t\t\t\t\t\t\t<\/ul><\/div>\n\t\t\t\t\t<div class=\"back-to-top\" style=\"width: 200px\"><a href=\"#letters\">nach oben<\/a><\/div>\n\t\t\t\t<\/div>\n\t\t\t\t\t\t\t\t\t\t\t\t<div class=\"letter-section\" id=\"a-z-listing-letter-L-1\">\n\t\t\t\t\t<h2>\n\t\t\t\t\t\t<span>L<\/span>\n\t\t\t\t\t<\/h2>\n\t\t\t\t\t<div><ul>\n\t\t\t\t\t\t\t\t\t\t\t\t\t<li>\n\t\t\t\t\t\t\t\t<a href=\"https:\/\/zooschule-landau.de\/zooschule\/leitbild\/\">Leitbild<\/a>\n\t\t\t\t\t\t\t<\/li>\n\t\t\t\t\t\t\t\t\t\t\t<\/ul><\/div>\n\t\t\t\t\t<div class=\"back-to-top\" style=\"width: 200px\"><a href=\"#letters\">nach oben<\/a><\/div>\n\t\t\t\t<\/div>\n\t\t\t\t\t\t\t\t\t\t\t\t<div class=\"letter-section\" id=\"a-z-listing-letter-M-1\">\n\t\t\t\t\t<h2>\n\t\t\t\t\t\t<span>M<\/span>\n\t\t\t\t\t<\/h2>\n\t\t\t\t\t<div><ul>\n\t\t\t\t\t\t\t\t\t\t\t\t\t<li>\n\t\t\t\t\t\t\t\t<a href=\"https:\/\/zooschule-landau.de\/zooschule\/menschen-mit-unterstuetzungsbedarf\/\">Menschen mit Unterst\u00fctzungsbedarf<\/a>\n\t\t\t\t\t\t\t<\/li>\n\t\t\t\t\t\t\t\t\t\t\t\t\t<li>\n\t\t\t\t\t\t\t\t<a href=\"https:\/\/zooschule-landau.de\/zooschule\/ueber-uns\/mitarbeit-im-studium\/\">Mitarbeit im Studium<\/a>\n\t\t\t\t\t\t\t<\/li>\n\t\t\t\t\t\t\t\t\t\t\t<\/ul><\/div>\n\t\t\t\t\t<div class=\"back-to-top\" style=\"width: 200px\"><a href=\"#letters\">nach oben<\/a><\/div>\n\t\t\t\t<\/div>\n\t\t\t\t\t\t\t\t\t\t\t\t\t\t\t\t\t<div class=\"letter-section\" id=\"a-z-listing-letter-O-1\">\n\t\t\t\t\t<h2>\n\t\t\t\t\t\t<span>O<\/span>\n\t\t\t\t\t<\/h2>\n\t\t\t\t\t<div><ul>\n\t\t\t\t\t\t\t\t\t\t\t\t\t<li>\n\t\t\t\t\t\t\t\t<a href=\"https:\/\/zooschule-landau.de\/zooschule\/online-ferienprogramm\/\">Online-Ferienprogramm<\/a>\n\t\t\t\t\t\t\t<\/li>\n\t\t\t\t\t\t\t\t\t\t\t<\/ul><\/div>\n\t\t\t\t\t<div class=\"back-to-top\" style=\"width: 200px\"><a href=\"#letters\">nach oben<\/a><\/div>\n\t\t\t\t<\/div>\n\t\t\t\t\t\t\t\t\t\t\t\t<div class=\"letter-section\" id=\"a-z-listing-letter-P-1\">\n\t\t\t\t\t<h2>\n\t\t\t\t\t\t<span>P<\/span>\n\t\t\t\t\t<\/h2>\n\t\t\t\t\t<div><ul>\n\t\t\t\t\t\t\t\t\t\t\t\t\t<li>\n\t\t\t\t\t\t\t\t<a href=\"https:\/\/zooschule-landau.de\/zooschule\/paedagogisches-konzept\/\">P\u00e4dagogisches Konzept<\/a>\n\t\t\t\t\t\t\t<\/li>\n\t\t\t\t\t\t\t\t\t\t\t\t\t<li>\n\t\t\t\t\t\t\t\t<a href=\"https:\/\/zooschule-landau.de\/zooschule\/partnerschaften\/\">Partnerschaften<\/a>\n\t\t\t\t\t\t\t<\/li>\n\t\t\t\t\t\t\t\t\t\t\t\t\t<li>\n\t\t\t\t\t\t\t\t<a href=\"https:\/\/zooschule-landau.de\/zooschule\/preise\/\">Preise<\/a>\n\t\t\t\t\t\t\t<\/li>\n\t\t\t\t\t\t\t\t\t\t\t\t\t<li>\n\t\t\t\t\t\t\t\t<a href=\"https:\/\/zooschule-landau.de\/zooschule\/projekte\/zoo-natur-erlebnistage\/projektbeschreibung\/\">Projektbeschreibung<\/a>\n\t\t\t\t\t\t\t<\/li>\n\t\t\t\t\t\t\t\t\t\t\t\t\t<li>\n\t\t\t\t\t\t\t\t<a href=\"https:\/\/zooschule-landau.de\/zooschule\/projekte\/\">Projekte<\/a>\n\t\t\t\t\t\t\t<\/li>\n\t\t\t\t\t\t\t\t\t\t\t<\/ul><\/div>\n\t\t\t\t\t<div class=\"back-to-top\" style=\"width: 200px\"><a href=\"#letters\">nach oben<\/a><\/div>\n\t\t\t\t<\/div>\n\t\t\t\t\t\t\t\t\t\t\t\t\t\t\t\t\t\t\t\t\t\t<div class=\"letter-section\" id=\"a-z-listing-letter-S-1\">\n\t\t\t\t\t<h2>\n\t\t\t\t\t\t<span>S<\/span>\n\t\t\t\t\t<\/h2>\n\t\t\t\t\t<div><ul>\n\t\t\t\t\t\t\t\t\t\t\t\t\t<li>\n\t\t\t\t\t\t\t\t<a href=\"https:\/\/zooschule-landau.de\/zooschule\/konzeption\/\">Selbstverst\u00e4ndnis<\/a>\n\t\t\t\t\t\t\t<\/li>\n\t\t\t\t\t\t\t\t\t\t\t\t\t<li>\n\t\t\t\t\t\t\t\t<a href=\"https:\/\/zooschule-landau.de\/zooschule\/services\/\">Services<\/a>\n\t\t\t\t\t\t\t<\/li>\n\t\t\t\t\t\t\t\t\t\t\t\t\t<li>\n\t\t\t\t\t\t\t\t<a href=\"https:\/\/zooschule-landau.de\/zooschule\/services\/sprechstunde\/\">Sprechstunde<\/a>\n\t\t\t\t\t\t\t<\/li>\n\t\t\t\t\t\t\t\t\t\t\t<\/ul><\/div>\n\t\t\t\t\t<div class=\"back-to-top\" style=\"width: 200px\"><a href=\"#letters\">nach oben<\/a><\/div>\n\t\t\t\t<\/div>\n\t\t\t\t\t\t\t\t\t\t\t\t\t\t\t\t\t<div class=\"letter-section\" id=\"a-z-listing-letter-U-1\">\n\t\t\t\t\t<h2>\n\t\t\t\t\t\t<span>U<\/span>\n\t\t\t\t\t<\/h2>\n\t\t\t\t\t<div><ul>\n\t\t\t\t\t\t\t\t\t\t\t\t\t<li>\n\t\t\t\t\t\t\t\t<a href=\"https:\/\/zooschule-landau.de\/zooschule\/ueber-uns\/\">\u00dcber uns<\/a>\n\t\t\t\t\t\t\t<\/li>\n\t\t\t\t\t\t\t\t\t\t\t\t\t<li>\n\t\t\t\t\t\t\t\t<a href=\"https:\/\/zooschule-landau.de\/zooschule\/services\/fuer-schulen-kitas\/unterrichtsangebote-fuer-grundschulen\/\">Unterrichtsthemen f\u00fcr die Grundschule<\/a>\n\t\t\t\t\t\t\t<\/li>\n\t\t\t\t\t\t\t\t\t\t\t\t\t<li>\n\t\t\t\t\t\t\t\t<a href=\"https:\/\/zooschule-landau.de\/zooschule\/services\/fuer-schulen-kitas\/unterrichtsthemen-fuer-kitas\/\">Unterrichtsthemen f\u00fcr Kitas<\/a>\n\t\t\t\t\t\t\t<\/li>\n\t\t\t\t\t\t\t\t\t\t\t\t\t<li>\n\t\t\t\t\t\t\t\t<a href=\"https:\/\/zooschule-landau.de\/zooschule\/services\/fuer-schulen-kitas\/unterrichtsthemen-fuer-weiterfuehrende-schulen\/\">Unterrichtsthemen f\u00fcr weiterf\u00fchrende Schulen<\/a>\n\t\t\t\t\t\t\t<\/li>\n\t\t\t\t\t\t\t\t\t\t\t\t\t<li>\n\t\t\t\t\t\t\t\t<a href=\"https:\/\/zooschule-landau.de\/zooschule\/services\/fuer-schulen-kitas\/unterricht-in-der-zooschule\/\">Unterricht in der Zooschule<\/a>\n\t\t\t\t\t\t\t<\/li>\n\t\t\t\t\t\t\t\t\t\t\t<\/ul><\/div>\n\t\t\t\t\t<div class=\"back-to-top\" style=\"width: 200px\"><a href=\"#letters\">nach oben<\/a><\/div>\n\t\t\t\t<\/div>\n\t\t\t\t\t\t\t\t\t\t\t\t<div class=\"letter-section\" id=\"a-z-listing-letter-V-1\">\n\t\t\t\t\t<h2>\n\t\t\t\t\t\t<span>V<\/span>\n\t\t\t\t\t<\/h2>\n\t\t\t\t\t<div><ul>\n\t\t\t\t\t\t\t\t\t\t\t\t\t<li>\n\t\t\t\t\t\t\t\t<a href=\"https:\/\/zooschule-landau.de\/zooschule\/services\/vor-und-nachbereitung\/\">Vor- und Nachbereitung<\/a>\n\t\t\t\t\t\t\t<\/li>\n\t\t\t\t\t\t\t\t\t\t\t<\/ul><\/div>\n\t\t\t\t\t<div class=\"back-to-top\" style=\"width: 200px\"><a href=\"#letters\">nach oben<\/a><\/div>\n\t\t\t\t<\/div>\n\t\t\t\t\t\t\t\t\t\t\t\t<div class=\"letter-section\" id=\"a-z-listing-letter-W-1\">\n\t\t\t\t\t<h2>\n\t\t\t\t\t\t<span>W<\/span>\n\t\t\t\t\t<\/h2>\n\t\t\t\t\t<div><ul>\n\t\t\t\t\t\t\t\t\t\t\t\t\t<li>\n\t\t\t\t\t\t\t\t<a href=\"https:\/\/zooschule-landau.de\/zooschule\/weissstorch\/\">Wei\u00dfstorch<\/a>\n\t\t\t\t\t\t\t<\/li>\n\t\t\t\t\t\t\t\t\t\t\t\t\t<li>\n\t\t\t\t\t\t\t\t<a href=\"https:\/\/zooschule-landau.de\/zooschule\/services\/ferienprogramm\/workshops\/\">Workshops<\/a>\n\t\t\t\t\t\t\t<\/li>\n\t\t\t\t\t\t\t\t\t\t\t<\/ul><\/div>\n\t\t\t\t\t<div class=\"back-to-top\" style=\"width: 200px\"><a href=\"#letters\">nach oben<\/a><\/div>\n\t\t\t\t<\/div>\n\t\t\t\t\t\t\t\t\t\t\t\t\t\t\t\t\t\t\t\t\t\t<div class=\"letter-section\" id=\"a-z-listing-letter-Z-1\">\n\t\t\t\t\t<h2>\n\t\t\t\t\t\t<span>Z<\/span>\n\t\t\t\t\t<\/h2>\n\t\t\t\t\t<div><ul>\n\t\t\t\t\t\t\t\t\t\t\t\t\t<li>\n\t\t\t\t\t\t\t\t<a href=\"https:\/\/zooschule-landau.de\/zooschule\/ueber-uns\/lernort-nachhaltigkeit\/\">Zooschule als LernOrt Nachhaltigkeit<\/a>\n\t\t\t\t\t\t\t<\/li>\n\t\t\t\t\t\t\t\t\t\t\t\t\t<li>\n\t\t\t\t\t\t\t\t<a href=\"https:\/\/zooschule-landau.de\/zooschule\/zooschule-unterstuetzt-das-selbststaendige-lernen-von-schuelerinnen-und-schuelern\/\">Zooschule unterst\u00fctzt das selbstst\u00e4ndige Lernen von Sch\u00fclerinnen und Sch\u00fclern<\/a>\n\t\t\t\t\t\t\t<\/li>\n\t\t\t\t\t\t\t\t\t\t\t\t\t<li>\n\t\t\t\t\t\t\t\t<a href=\"https:\/\/zooschule-landau.de\/zooschule\/projekte\/zoo-natur-activity\/\">Zoo-Natur-Activity<\/a>\n\t\t\t\t\t\t\t<\/li>\n\t\t\t\t\t\t\t\t\t\t\t\t\t<li>\n\t\t\t\t\t\t\t\t<a href=\"https:\/\/zooschule-landau.de\/zooschule\/projekte\/zoo-natur-erlebnistage\/\">Zoo-Natur-Erlebnistage<\/a>\n\t\t\t\t\t\t\t<\/li>\n\t\t\t\t\t\t\t\t\t\t\t<\/ul><\/div>\n\t\t\t\t\t<div class=\"back-to-top\" style=\"width: 200px\"><a href=\"#letters\">nach oben<\/a><\/div>\n\t\t\t\t<\/div>\n\t\t\t\t\t\t\t\t\t\t\t\t<div class=\"letter-section\" id=\"a-z-listing-letter-_-1\">\n\t\t\t\t\t<h2>\n\t\t\t\t\t\t<span>#<\/span>\n\t\t\t\t\t<\/h2>\n\t\t\t\t\t<div><ul>\n\t\t\t\t\t\t\t\t\t\t\t\t\t<li>\n\t\t\t\t\t\t\t\t<a href=\"https:\/\/zooschule-landau.de\/zooschule\/10-04\/\">10.04.<\/a>\n\t\t\t\t\t\t\t<\/li>\n\t\t\t\t\t\t\t\t\t\t\t\t\t<li>\n\t\t\t\t\t\t\t\t<a href=\"https:\/\/zooschule-landau.de\/zooschule\/11-04\/\">11.04.<\/a>\n\t\t\t\t\t\t\t<\/li>\n\t\t\t\t\t\t\t\t\t\t\t\t\t<li>\n\t\t\t\t\t\t\t\t<a href=\"https:\/\/zooschule-landau.de\/zooschule\/12-04\/\">12.04.<\/a>\n\t\t\t\t\t\t\t<\/li>\n\t\t\t\t\t\t\t\t\t\t\t\t\t<li>\n\t\t\t\t\t\t\t\t<a href=\"https:\/\/zooschule-landau.de\/zooschule\/13-04\/\">13.04.<\/a>\n\t\t\t\t\t\t\t<\/li>\n\t\t\t\t\t\t\t\t\t\t\t\t\t<li>\n\t\t\t\t\t\t\t\t<a href=\"https:\/\/zooschule-landau.de\/zooschule\/14-04\/\">14.04.<\/a>\n\t\t\t\t\t\t\t<\/li>\n\t\t\t\t\t\t\t\t\t\t\t\t\t<li>\n\t\t\t\t\t\t\t\t<a href=\"https:\/\/zooschule-landau.de\/zooschule\/15-04\/\">15.04.<\/a>\n\t\t\t\t\t\t\t<\/li>\n\t\t\t\t\t\t\t\t\t\t\t\t\t<li>\n\t\t\t\t\t\t\t\t<a href=\"https:\/\/zooschule-landau.de\/zooschule\/16-04\/\">16.04.<\/a>\n\t\t\t\t\t\t\t<\/li>\n\t\t\t\t\t\t\t\t\t\t\t\t\t<li>\n\t\t\t\t\t\t\t\t<a href=\"https:\/\/zooschule-landau.de\/zooschule\/17-04\/\">17.04.<\/a>\n\t\t\t\t\t\t\t<\/li>\n\t\t\t\t\t\t\t\t\t\t\t\t\t<li>\n\t\t\t\t\t\t\t\t<a href=\"https:\/\/zooschule-landau.de\/zooschule\/18-04\/\">18.04.<\/a>\n\t\t\t\t\t\t\t<\/li>\n\t\t\t\t\t\t\t\t\t\t\t\t\t<li>\n\t\t\t\t\t\t\t\t<a href=\"https:\/\/zooschule-landau.de\/zooschule\/19-04\/\">19.04.<\/a>\n\t\t\t\t\t\t\t<\/li>\n\t\t\t\t\t\t\t\t\t\t\t\t\t<li>\n\t\t\t\t\t\t\t\t<a href=\"https:\/\/zooschule-landau.de\/zooschule\/bne-aktionstage-2024\/\"><strong>BNE-Aktionstage 2024<\/strong><\/a>\n\t\t\t\t\t\t\t<\/li>\n\t\t\t\t\t\t\t\t\t\t\t<\/ul><\/div>\n\t\t\t\t\t<div class=\"back-to-top\" style=\"width: 200px\"><a href=\"#letters\">nach oben<\/a><\/div>\n\t\t\t\t<\/div>\n\t\t\t\t\t\t<\/div>\n<\/div>\n\n","protected":false},"excerpt":{"rendered":"","protected":false},"author":1,"featured_media":0,"parent":0,"menu_order":0,"comment_status":"closed","ping_status":"closed","template":"page-fullwidth.php","meta":{"footnotes":""},"class_list":["post-1356","page","type-page","status-publish","hentry"],"_links":{"self":[{"href":"https:\/\/zooschule-landau.de\/zooschule\/wp-json\/wp\/v2\/pages\/1356","targetHints":{"allow":["GET"]}}],"collection":[{"href":"https:\/\/zooschule-landau.de\/zooschule\/wp-json\/wp\/v2\/pages"}],"about":[{"href":"https:\/\/zooschule-landau.de\/zooschule\/wp-json\/wp\/v2\/types\/page"}],"author":[{"embeddable":true,"href":"https:\/\/zooschule-landau.de\/zooschule\/wp-json\/wp\/v2\/users\/1"}],"replies":[{"embeddable":true,"href":"https:\/\/zooschule-landau.de\/zooschule\/wp-json\/wp\/v2\/comments?post=1356"}],"version-history":[{"count":3,"href":"https:\/\/zooschule-landau.de\/zooschule\/wp-json\/wp\/v2\/pages\/1356\/revisions"}],"predecessor-version":[{"id":1359,"href":"https:\/\/zooschule-landau.de\/zooschule\/wp-json\/wp\/v2\/pages\/1356\/revisions\/1359"}],"wp:attachment":[{"href":"https:\/\/zooschule-landau.de\/zooschule\/wp-json\/wp\/v2\/media?parent=1356"}],"curies":[{"name":"wp","href":"https:\/\/api.w.org\/{rel}","templated":true}]}}