{"id":1349,"date":"2018-02-24T23:35:22","date_gmt":"2018-02-24T22:35:22","guid":{"rendered":"http:\/\/zooschule.synology.me\/zooschule\/?page_id=1349"},"modified":"2023-05-24T09:16:23","modified_gmt":"2023-05-24T07:16:23","slug":"impressum","status":"publish","type":"page","link":"https:\/\/zooschule-landau.de\/zooschule\/impressum\/","title":{"rendered":"Impressum"},"content":{"rendered":"<h1>Impressum<\/h1>\n<p>Die Zooschule Landau ist eine Kooperation von Universit\u00e4t Koblenz-Landau, Campus Landau und Zoo Landau in der Pfalz. Vertreten wird die Zooschule Landau durch die gesch\u00e4ftsf\u00fchrende Leiterin Frau Dr. Gudrun A. Hollstein. Gem\u00e4\u00df \u00a7 28 BDSG wird jede kommerzielle Verwendung und Weitergabe der hier ver\u00f6ffentlichten Daten untersagt.<\/p>\n<p>Verantwortungsbereich:<br \/>\nDas Impressum gilt nur f\u00fcr die Internetpr\u00e4senzen unter den Adressen: www.zooschule-landau.de und www.zooschule-landau.com.<\/p>\n<p>Abgrenzung:<br \/>\nDie Web-Pr\u00e4senz ist Teil des WWW und dementsprechend mit fremden, sich jederzeit wandeln k\u00f6nnenden Web-Sites verkn\u00fcpft, die folglich auch nicht diesem Verantwortungsbereich unterliegen und f\u00fcr die nachfolgende Informationen nicht gelten. Dass die Links weder gegen Sitten noch Gesetze versto\u00dfen, wurde genau ein mal gepr\u00fcft: bevor sie hier aufgenommen wurden. Solche Links, die zu fremden Webprojekten f\u00fchren, erkennen Sie entweder als klickbares Logo und Tool-Tip an der Maus oder an dem vorangestellten Symbol oder sie sind durch eine Farb\u00e4nderung beim \u00fcberfahren mit der Maus und Tool-Tip an der Maus ausgezeichnet.<\/p>\n<p>Diensteanbieter:<br \/>\nZooschule Landau e.V.<\/p>\n<p>Verantwortliche Ansprechperson:<br \/>\nDr. Gudrun A. Hollstein (gesch\u00e4ftsf\u00fchrende Leitung der Zooschule), Mail: g.hollstein@rptu.de, Tel.: 06341-280-34142<\/p>\n<p>August-Croissant-Str.5, 76829 Landau<\/p>\n<p>Keine Haftung:<br \/>\nDie ver\u00f6ffentlichten Links wurden mit gr\u00f6\u00dftm\u00f6glicher Sorgfalt recherchiert und zusammengestellt. Die Zooschule Landau als Seitenbetreiber hat keinen Einfluss auf die aktuelle und zuk\u00fcnftige Gestaltung und die Inhalte der verlinkten Seiten. Der Seitenbetreiber ist nicht f\u00fcr den Inhalt der verkn\u00fcpften Seiten verantwortlich und macht sich den Inhalt nicht zu Eigen. F\u00fcr illegale, fehlerhafte oder unvollst\u00e4ndige Inhalte sowie f\u00fcr Sch\u00e4den, die durch die Nutzung oder Nichtnutzung der Informationen entstehen, haftet allein der Anbieter der Website, auf die verwiesen wurde. Die Haftung desjenigen, der nur durch einen Link auf die Ver\u00f6ffentlichung hinweist, ist ausgeschlossen. F\u00fcr fremde Hinweise ist der Seitenbetreiber nur dann verantwortlich, wenn er von ihnen, also auch von einem eventuellen rechtswidrigen oder strafbaren Inhalt, positive Kenntnis hat und es technisch m\u00f6glich und zumutbar ist, deren Nutzung zu verhindern.<\/p>\n<p>Schutzrechtsverletzung:<br \/>\nFalls Sie vermuten, dass von dieser Website aus eines Ihrer Schutzrechte verletzt wird, teilen Sie das bitte umgehend per elektronischer Post (g.hollstein@rptu.de) mit, damit z\u00fcgig Abhilfe geschafft werden kann. Bitte nehmen Sie zur Kenntnis: Die zeitaufw\u00e4ndigere Einschaltung eines Anwaltes zur f\u00fcr den Diensteanbieter kostenpflichtigen Abmahnung entspricht nicht dessen wirklichen oder mutma\u00dflichen Willen.<\/p>\n","protected":false},"excerpt":{"rendered":"<p>Impressum Die Zooschule Landau ist eine Kooperation von Universit\u00e4t Koblenz-Landau, Campus Landau und Zoo Landau in der Pfalz. Vertreten wird die Zooschule Landau durch die gesch\u00e4ftsf\u00fchrende Leiterin Frau Dr. Gudrun A. Hollstein. Gem\u00e4\u00df \u00a7 28 BDSG wird jede kommerzielle Verwendung und Weitergabe der hier ver\u00f6ffentlichten Daten untersagt. Verantwortungsbereich: Das Impressum gilt nur f\u00fcr die Internetpr\u00e4senzen<\/p>\n","protected":false},"author":1,"featured_media":0,"parent":0,"menu_order":0,"comment_status":"closed","ping_status":"closed","template":"page-fullwidth.php","meta":{"footnotes":""},"class_list":["post-1349","page","type-page","status-publish","hentry"],"_links":{"self":[{"href":"https:\/\/zooschule-landau.de\/zooschule\/wp-json\/wp\/v2\/pages\/1349","targetHints":{"allow":["GET"]}}],"collection":[{"href":"https:\/\/zooschule-landau.de\/zooschule\/wp-json\/wp\/v2\/pages"}],"about":[{"href":"https:\/\/zooschule-landau.de\/zooschule\/wp-json\/wp\/v2\/types\/page"}],"author":[{"embeddable":true,"href":"https:\/\/zooschule-landau.de\/zooschule\/wp-json\/wp\/v2\/users\/1"}],"replies":[{"embeddable":true,"href":"https:\/\/zooschule-landau.de\/zooschule\/wp-json\/wp\/v2\/comments?post=1349"}],"version-history":[{"count":5,"href":"https:\/\/zooschule-landau.de\/zooschule\/wp-json\/wp\/v2\/pages\/1349\/revisions"}],"predecessor-version":[{"id":3780,"href":"https:\/\/zooschule-landau.de\/zooschule\/wp-json\/wp\/v2\/pages\/1349\/revisions\/3780"}],"wp:attachment":[{"href":"https:\/\/zooschule-landau.de\/zooschule\/wp-json\/wp\/v2\/media?parent=1349"}],"curies":[{"name":"wp","href":"https:\/\/api.w.org\/{rel}","templated":true}]}}