{"id":1236,"date":"2018-02-24T11:44:32","date_gmt":"2018-02-24T10:44:32","guid":{"rendered":"http:\/\/zooschule.synology.me\/zooschule\/?page_id=1236"},"modified":"2024-03-07T21:21:41","modified_gmt":"2024-03-07T20:21:41","slug":"ueber-uns","status":"publish","type":"page","link":"https:\/\/zooschule-landau.de\/zooschule\/ueber-uns\/","title":{"rendered":"\u00dcber uns"},"content":{"rendered":"<h2>Herzlich Willkommen&#8230;<\/h2>\n<p><a href=\"https:\/\/zooschule-landau.de\/zooschule\/wp-content\/uploads\/2024\/03\/Logo_mit_Schrift_farbig.png\"><img loading=\"lazy\" decoding=\"async\" class=\"m-3 alignright wp-image-3931\" style=\"margin: 1em;\" src=\"https:\/\/zooschule-landau.de\/zooschule\/wp-content\/uploads\/2024\/03\/Logo_mit_Schrift_farbig.png\" alt=\"Logo Zooschule\" width=\"434\" height=\"143\"><\/a><br \/>\n&#8230; auf der Homepage der Zooschule Landau, die 1992 als Kooperationsprojekt der Universit\u00e4t Koblenz-Landau und dem Zoo der Stadt Landau gegr\u00fcndet wurde. Nicht nur die enge Kooperation von Universit\u00e4t und Zoo von Beginn an macht sie zu einer bundesweit einmaligen Zooschule, sondern auch ihre Doppelfunktion: Sie ist nicht nur Lernort f\u00fcr Kinder, Jugendliche und Erwachsene, sondern sie ist gleicherma\u00dfen ein Erfahrungsfeld f\u00fcr Studierende der Universit\u00e4t Landau. Die Zooschule ist durch ihr breites p\u00e4dagogisches Programm und durch ihre zahlreiche Auszeichnungen, vor allem im Bereich Bildung f\u00fcr nachhaltige Entwicklung,&nbsp; weit \u00fcber die Region hinaus bekannt.<\/p>\n<p>LehrerInnen und ErzieherInnen k\u00f6nnen aus rund 40 Unterrichtseinheiten ausw\u00e4hlen. Das vorrangige Ziel unserer Bildungsarbeit besteht darin, Wissen \u00fcber die Bedeutung, die Bedrohung und den Schutz der biologischen Vielfalt mit \u00f6kologischen, \u00f6konomischen, sozialen und globalen Bez\u00fcgen zu vermitteln und damit zu umweltgerechtem und dauerhaft zukunftsf\u00e4higem Handeln f\u00fcr eine nachhaltige Entwicklung anzuregen. Wir bieten deshalb Unterricht zu komplexen BNE-Themen, aber auch zum Tier-, Arten- und Naturschutz an. Unser Angebot bezieht sich sowohl auf vorschulische Einrichtungen als auch auf alle Klassenstufen und Schularten. Zu unserem Programm geh\u00f6ren auch Angebote f\u00fcr Erwachsene \u2013 von der Zoof\u00fchrung \u00fcber Fortbildungsangebote f\u00fcr Studierende, LehrerInnen und ErzieherInnen bis hin zu unserem Projekt f\u00fcr demenzkranke Menschen.<\/p>\n<p><a class=\" enigma_btn_green enigma_btn_small  \" href=\"https:\/\/zooschule-landau.de\/zooschule\/wp-content\/uploads\/2021\/03\/Eine_Idee_macht_Schule.pdf\" target=\"\">Infobrosch\u00fcre<\/a><a class=\" enigma_btn_green enigma_btn_small  \" href=\"https:\/\/zooschule-landau.de\/foerderverein\/\" target=\"\">F\u00f6rderverein<\/a><a class=\" enigma_btn_green enigma_btn_small  \" href=\"https:\/\/zooschule-landau.de\/zooschule\/auszeichnungen\/\" target=\"\">Auszeichnungen<\/a><a class=\" enigma_btn_green enigma_btn_small  \" href=\"https:\/\/zooschule-landau.de\/zooschule\/ueber-uns\/flyer\/\" target=\"\">Flyer<\/a><a class=\" enigma_btn_green enigma_btn_small  \" href=\"https:\/\/zooschule-landau.de\/zooschule\/konzeption\/\" target=\"\">Konzeption<\/a><a class=\" enigma_btn_green enigma_btn_small  \" href=\"https:\/\/zooschule-landau.de\/zooschule\/konzeption\/bildung-fuer-nachhaltige-entwicklung\/\" target=\"\">BNE<\/a><a class=\" enigma_btn_green enigma_btn_small  \" href=\"https:\/\/zooschule-landau.de\/zooschule\/konzeption\/kinder-agenda-pfalz\/\" target=\"\">Kinder-Agenda<\/a><\/p>\n","protected":false},"excerpt":{"rendered":"<p>Herzlich Willkommen&#8230; &#8230; auf der Homepage der Zooschule Landau, die 1992 als Kooperationsprojekt der Universit\u00e4t Koblenz-Landau und dem Zoo der Stadt Landau gegr\u00fcndet wurde. Nicht nur die enge Kooperation von Universit\u00e4t und Zoo von Beginn an macht sie zu einer bundesweit einmaligen Zooschule, sondern auch ihre Doppelfunktion: Sie ist nicht nur Lernort f\u00fcr Kinder, Jugendliche<\/p>\n","protected":false},"author":1,"featured_media":0,"parent":0,"menu_order":0,"comment_status":"closed","ping_status":"closed","template":"js\/page-fullwidth.php","meta":{"footnotes":""},"class_list":["post-1236","page","type-page","status-publish","hentry"],"_links":{"self":[{"href":"https:\/\/zooschule-landau.de\/zooschule\/wp-json\/wp\/v2\/pages\/1236","targetHints":{"allow":["GET"]}}],"collection":[{"href":"https:\/\/zooschule-landau.de\/zooschule\/wp-json\/wp\/v2\/pages"}],"about":[{"href":"https:\/\/zooschule-landau.de\/zooschule\/wp-json\/wp\/v2\/types\/page"}],"author":[{"embeddable":true,"href":"https:\/\/zooschule-landau.de\/zooschule\/wp-json\/wp\/v2\/users\/1"}],"replies":[{"embeddable":true,"href":"https:\/\/zooschule-landau.de\/zooschule\/wp-json\/wp\/v2\/comments?post=1236"}],"version-history":[{"count":18,"href":"https:\/\/zooschule-landau.de\/zooschule\/wp-json\/wp\/v2\/pages\/1236\/revisions"}],"predecessor-version":[{"id":3937,"href":"https:\/\/zooschule-landau.de\/zooschule\/wp-json\/wp\/v2\/pages\/1236\/revisions\/3937"}],"wp:attachment":[{"href":"https:\/\/zooschule-landau.de\/zooschule\/wp-json\/wp\/v2\/media?parent=1236"}],"curies":[{"name":"wp","href":"https:\/\/api.w.org\/{rel}","templated":true}]}}