{"id":111,"date":"2018-02-22T18:13:09","date_gmt":"2018-02-22T17:13:09","guid":{"rendered":"http:\/\/zooschule.synology.me\/zooschule\/?page_id=111"},"modified":"2018-06-26T17:24:13","modified_gmt":"2018-06-26T15:24:13","slug":"fuer-schulen-kitas","status":"publish","type":"page","link":"https:\/\/zooschule-landau.de\/zooschule\/services\/fuer-schulen-kitas\/","title":{"rendered":"f\u00fcr Schulen &#038; Kitas"},"content":{"rendered":"<h1><span class=\"headline\">Angebote f\u00fcr Bildungseinrichtungen<\/span><\/h1>\n<p>Schulen und Kinderg\u00e4rten k\u00f6nnen aus \u00fcber 20 verschiedenen\u00a0 Unterrichtseinheiten ausw\u00e4hlen, darunter Themen mit Lehrplanbez\u00fcgen wie &#8222;Anpassung an den Lebensraum&#8220; und &#8222;Tiere und ihre Jungen&#8220;. Dar\u00fcber hinaus finden sich auch Programme zum Tier- und Artenschutz wie &#8222;Halten und Pflegen eines Haustieres&#8220; und &#8222;Bedrohte Tiere bei uns und anderswo&#8220;. Dieses Angebot wird erg\u00e4nzt durch Themen zum interkulturellen und globalen Lernen wie &#8222;So leben Kinder auf Madagaskar&#8220; und &#8222;Der Schutz der Regenw\u00e4lder f\u00e4ngt auf dem Fr\u00fchst\u00fcckstisch an&#8220;.<\/p>\n<p>Zu den Bildungsangeboten&#8230;<\/p>\n<p><a class=\" link\" href=\"https:\/\/zooschule-landau.de\/zooschule\/programm\/fuer-schulen-kitas\/unterrichtsthemen-fuer-kitas\/\">&#8230;f\u00fcr Kinderg\u00e4rten.<\/a><\/p>\n<p><a class=\" link\" href=\"https:\/\/zooschule-landau.de\/zooschule\/programm\/fuer-schulen-kitas\/unterrichtsangebote-fuer-grundschulen\/\">&#8230;f\u00fcr Grundschulen.<\/a><\/p>\n<p><a class=\" link\" href=\"https:\/\/zooschule-landau.de\/zooschule\/programm\/fuer-schulen-kitas\/unterrichtsthemen-fuer-weiterfuehrende-schulen\/\">&#8230;f\u00fcr weiterf\u00fchrende Schulen.<\/a><\/p>\n","protected":false},"excerpt":{"rendered":"<p>Angebote f\u00fcr Bildungseinrichtungen Schulen und Kinderg\u00e4rten k\u00f6nnen aus \u00fcber 20 verschiedenen\u00a0 Unterrichtseinheiten ausw\u00e4hlen, darunter Themen mit Lehrplanbez\u00fcgen wie &#8222;Anpassung an den Lebensraum&#8220; und &#8222;Tiere und ihre Jungen&#8220;. Dar\u00fcber hinaus finden sich auch Programme zum Tier- und Artenschutz wie &#8222;Halten und Pflegen eines Haustieres&#8220; und &#8222;Bedrohte Tiere bei uns und anderswo&#8220;. Dieses Angebot wird erg\u00e4nzt durch<\/p>\n","protected":false},"author":1,"featured_media":0,"parent":374,"menu_order":0,"comment_status":"closed","ping_status":"closed","template":"js\/page-fullwidth.php","meta":{"footnotes":""},"class_list":["post-111","page","type-page","status-publish","hentry"],"_links":{"self":[{"href":"https:\/\/zooschule-landau.de\/zooschule\/wp-json\/wp\/v2\/pages\/111","targetHints":{"allow":["GET"]}}],"collection":[{"href":"https:\/\/zooschule-landau.de\/zooschule\/wp-json\/wp\/v2\/pages"}],"about":[{"href":"https:\/\/zooschule-landau.de\/zooschule\/wp-json\/wp\/v2\/types\/page"}],"author":[{"embeddable":true,"href":"https:\/\/zooschule-landau.de\/zooschule\/wp-json\/wp\/v2\/users\/1"}],"replies":[{"embeddable":true,"href":"https:\/\/zooschule-landau.de\/zooschule\/wp-json\/wp\/v2\/comments?post=111"}],"version-history":[{"count":5,"href":"https:\/\/zooschule-landau.de\/zooschule\/wp-json\/wp\/v2\/pages\/111\/revisions"}],"predecessor-version":[{"id":1556,"href":"https:\/\/zooschule-landau.de\/zooschule\/wp-json\/wp\/v2\/pages\/111\/revisions\/1556"}],"up":[{"embeddable":true,"href":"https:\/\/zooschule-landau.de\/zooschule\/wp-json\/wp\/v2\/pages\/374"}],"wp:attachment":[{"href":"https:\/\/zooschule-landau.de\/zooschule\/wp-json\/wp\/v2\/media?parent=111"}],"curies":[{"name":"wp","href":"https:\/\/api.w.org\/{rel}","templated":true}]}}