{"id":342,"date":"2018-02-23T10:21:46","date_gmt":"2018-02-23T09:21:46","guid":{"rendered":"http:\/\/zooschule.synology.me\/zooschule\/?page_id=342"},"modified":"2024-04-25T21:26:10","modified_gmt":"2024-04-25T19:26:10","slug":"interview-forscherin","status":"publish","type":"page","link":"https:\/\/zooschule-landau.de\/zoojugendspiele\/humboldt-pinguin\/interview-forscherin\/","title":{"rendered":"Interview Forscherin"},"content":{"rendered":"\n<h2 class=\"wp-block-heading\">Interview mit Pinguinforscherin Frau Gabriele Knauf<\/h2>\n\n\n\n<p class=\"has-background has-very-light-gray-background-color\">Dieses Interview wurde im Jahre 2018 durchgef\u00fchrt.<\/p>\n\n\n\n<div class=\"wp-block-image size-full wp-image-308\"><figure class=\"alignright\"><img loading=\"lazy\" decoding=\"async\" width=\"270\" height=\"360\" src=\"https:\/\/zooschule-landau.de\/zoojugendspiele\/wp-content\/uploads\/2018\/02\/Pingu004.jpg\" alt=\"\" class=\"wp-image-308\"\/><figcaption>Frau Knauf besucht jeden Tag die Pinguine im Zoo Landau. Sie kennt jedes Tier ganz genau.<\/figcaption><\/figure><\/div>\n\n\n\n<p><strong>Wie lange sind Sie denn schon Pinguinforscherin?<\/strong><br>Vor 17 Jahren habe ich angefangen, die Pinguine und ihr Verhalten zu erforschen.<\/p>\n\n\n\n<p><strong>Wie wird man Pinguinforscherin?<\/strong><br>Ich war damals oft im Landauer Zoo. Irgendwann habe ich erfahren, dass die Pinguink\u00fcken im Zoo nie \u00fcberlebten und starben. Da wurde ich neugierig. Ich wollte herausfinden, warum das so ist und es \u00e4ndern. Seitdem habe ich ungef\u00e4hr 120 K\u00fcken beim Aufwachsen beobachten k\u00f6nnen.<\/p>\n\n\n\n<p><strong>Und was genau erforschen Sie?<\/strong><br>Ich erforsche haupts\u00e4chlich die Aufzucht der Pinguink\u00fcken. Regelm\u00e4\u00dfig beobachte ich die Pinguine im Landauer Zoo. Aus meinen Beobachtungen kann ich dann ab- leiten, was die Pinguink\u00fcken im Zoo ben\u00f6tigen, damit sie sich wohl f\u00fchlen und gesund aufwachsen k\u00f6nnen. Inzwischen haben wir es geschafft, dass beinahe alle Pinguink\u00fcken \u00fcberleben.<\/p>\n\n\n\n<p><strong>Warum erforschen Sie das?<\/strong><br>Weil die Pinguine mich neugierig gemacht haben. Es interessiert mich, und ich m\u00f6chte den Pinguinen helfen.<\/p>\n\n\n\n<p><strong>Kennen Sie alle Pinguine im Landauer Zoo?<\/strong><br>Ja. Ich kann sie an unterschiedlichen Merkmalen erkennen. Zum Beispiel haben alle Pinguine ein bestimmtes Punktemuster auf dem Bauch. Jeder Pinguin sieht anders aus. Manche erkenne ich auch an der Art wie sie laufen. Andere unter- scheide ich nach ihrer Gr\u00f6\u00dfe und nach ihrem Aussehen.<\/p>\n\n\n\n<p><strong>Glauben Sie, dass es den Pinguinen im Zoo Landau gut geht?<\/strong><br>Ja, ich glaube, es geht ihnen gut. Es geht ihnen auf jeden Fall besser als in anderen Zoos. Zum Beispiel haben sie hier im Landauer Zoo eine Fu\u00dfboden- heizung und eine beheizte H\u00f6hle. So frieren sie im Winter nicht. Die neue Pinguinanlage ist sehr naturnah gestaltet. Hier sieht es aus wie in Chile, wo die Pinguine herkommen. Sie k\u00f6nnen richtig klettern, wie in der Natur auch. Zoo Landau d\u00fcrfen die Pinguine ihre K\u00fcken auch selbst aufziehen. In anderen Zoos werden die K\u00fcken h\u00e4ufig von den Eltern getrennt und mit der Hand aufge- zogen. Im Gehege des Landauer Zoos k\u00f6nnen sie sich ganz nat\u00fcrlich verhalten, so wie sie es in Chile auch tun w\u00fcrden.<\/p>\n\n\n\n<p><strong>Wie oft haben Sie schon Pinguine in ihrem nat\u00fcrlichen Lebensraum gesehen?<\/strong><br>Ich war schon ungef\u00e4hr zehn Mal in Chile und habe dort die Humboldt-Pinguine besucht. Wir haben sie mit Ferngl\u00e4sern beobachtet und sie gefilmt. Und wir haben Kameras in die H\u00f6hlen gebaut, wo die Pinguine br\u00fcten und ihre K\u00fcken aufziehen. So konnten wir sehr wichtige Beobachtungen \u00fcber ihr Verhalten machen.<\/p>\n\n\n\n<p><strong>Die Humboldt-Pinguine sind von der Ausrottung bedroht. Wie viele Humboldt-Pinguine gibt es denn noch in der Natur?<\/strong><br>Das ist sehr schwierig zu sagen. Es wird gesch\u00e4tzt, dass es nur noch ungef\u00e4hr 12.000 Paare sind. Das sind nicht viele. Aber das sind alte Zahlen. Es m\u00fcsste eine neue Z\u00e4hlung gemacht werden, damit man genaue Angaben hat. Es steht jedoch fest, dass es nur noch sehr wenige Humboldt-Pinguine in der Natur gibt.<\/p>\n\n\n\n<p><a href=\"https:\/\/zooschule-landau.de\/zoojugendspiele\/humboldt-pinguin\/\">zur\u00fcck<\/a><\/p>\n","protected":false},"excerpt":{"rendered":"<p>Interview mit Pinguinforscherin Frau Gabriele Knauf Dieses Interview wurde im Jahre 2018 durchgef\u00fchrt. Wie lange sind Sie denn schon Pinguinforscherin?Vor 17 Jahren habe ich angefangen, die Pinguine und ihr Verhalten zu erforschen. Wie wird man Pinguinforscherin?Ich war damals oft im Landauer Zoo. Irgendwann habe ich erfahren, dass die Pinguink\u00fcken im Zoo nie \u00fcberlebten und starben.<\/p>\n","protected":false},"author":1,"featured_media":0,"parent":297,"menu_order":0,"comment_status":"closed","ping_status":"closed","template":"js\/page-fullwidth.php","meta":{"footnotes":""},"class_list":["post-342","page","type-page","status-publish","hentry"],"_links":{"self":[{"href":"https:\/\/zooschule-landau.de\/zoojugendspiele\/wp-json\/wp\/v2\/pages\/342","targetHints":{"allow":["GET"]}}],"collection":[{"href":"https:\/\/zooschule-landau.de\/zoojugendspiele\/wp-json\/wp\/v2\/pages"}],"about":[{"href":"https:\/\/zooschule-landau.de\/zoojugendspiele\/wp-json\/wp\/v2\/types\/page"}],"author":[{"embeddable":true,"href":"https:\/\/zooschule-landau.de\/zoojugendspiele\/wp-json\/wp\/v2\/users\/1"}],"replies":[{"embeddable":true,"href":"https:\/\/zooschule-landau.de\/zoojugendspiele\/wp-json\/wp\/v2\/comments?post=342"}],"version-history":[{"count":4,"href":"https:\/\/zooschule-landau.de\/zoojugendspiele\/wp-json\/wp\/v2\/pages\/342\/revisions"}],"predecessor-version":[{"id":2454,"href":"https:\/\/zooschule-landau.de\/zoojugendspiele\/wp-json\/wp\/v2\/pages\/342\/revisions\/2454"}],"up":[{"embeddable":true,"href":"https:\/\/zooschule-landau.de\/zoojugendspiele\/wp-json\/wp\/v2\/pages\/297"}],"wp:attachment":[{"href":"https:\/\/zooschule-landau.de\/zoojugendspiele\/wp-json\/wp\/v2\/media?parent=342"}],"curies":[{"name":"wp","href":"https:\/\/api.w.org\/{rel}","templated":true}]}}