{"id":339,"date":"2018-02-23T10:19:45","date_gmt":"2018-02-23T09:19:45","guid":{"rendered":"http:\/\/zooschule.synology.me\/zooschule\/?page_id=339"},"modified":"2024-04-25T21:24:45","modified_gmt":"2024-04-25T19:24:45","slug":"interview-tierpflegerin","status":"publish","type":"page","link":"https:\/\/zooschule-landau.de\/zoojugendspiele\/humboldt-pinguin\/interview-tierpflegerin\/","title":{"rendered":"Interview Tierpflegerin"},"content":{"rendered":"\n<h2 class=\"wp-block-heading\"><span class=\"abc-Leiste\">Interview<\/span> mit Tierpflegerin Frau Doreen Balzereit<\/h2>\n\n\n\n<p class=\"has-text-color has-background has-vivid-red-color has-very-light-gray-background-color\">Dieses Interview wurde 2018 gef\u00fchrt. Deshalb sind nicht mehr alle Angaben aktuell.<br>Hier findet ihr die Korrekturen:<br>&#8211; In diesem Jahr (2024) leben 30 erwachsene Humboldt-Pinguine im Zoo Landau.<br>&#8211; Inzwischen tragen alle Pinguine ein farbiges Band am Fl\u00fcgel, damit alle die Tiere schnell und sicher voneinander unterscheiden k\u00f6nnen.<br>&#8211; Die Dampfschiffenten leben nicht mehr im Zoo Landau.<\/p>\n\n\n\n<div class=\"wp-block-image size-full wp-image-307\"><figure class=\"alignright\"><img loading=\"lazy\" decoding=\"async\" width=\"270\" height=\"360\" src=\"https:\/\/zooschule-landau.de\/zoojugendspiele\/wp-content\/uploads\/2018\/02\/Pingu003.jpg\" alt=\"\" class=\"wp-image-307\"\/><figcaption>Frau Balzereit ist f\u00fcr die V\u00f6gel im Zoo Landau zust\u00e4ndig. Sie betreut auch die Pinguine und kennt sich mit diesen Tieren sehr gut aus.<\/figcaption><\/figure><\/div>\n\n\n\n<p><strong>Wie viele Pinguine leben im Landauer Zoo?<\/strong><br>Zur Zeit leben hier 28 Pinguine.<\/p>\n\n\n\n<p><strong>Wie oft werden die Pinguine gef\u00fcttert?<\/strong><br>Sie werden jeden Tag zwei bis drei Mal gef\u00fcttert. T\u00e4glich fressen sie ungef\u00e4hr 20 kg Fisch.<\/p>\n\n\n\n<p><strong>Wie viel Kilogramm Fisch frisst denn ein einzelner Pinguin?<\/strong><br>Wenn ein Pinguin hungrig ist, kann er 400 bis 600 g Fisch fressen. Ein weiblicher Pinguin frisst weniger als ein m\u00e4nnlicher.<\/p>\n\n\n\n<p><strong>F\u00fcttern Sie alle Pinguine mit der Hand?<\/strong><br>Ja, alle Pinguine lassen sich mit der Hand f\u00fcttern. Die jungen Pinguine m\u00fcssen sich erst an uns Tierpfleger gew\u00f6hnen, aber dann nehmen sie auch den Fisch aus der Hand. Frage Manchmal bekommen die Pinguine Vitamintabletten gef\u00fcttert.<\/p>\n\n\n\n<p><strong>Welche Vitamine sind das?<\/strong><br>In den Tabletten ist unter anderem viel Vitamin A enthalten. Diese Tabletten bekommen die Pinguine hier jeden zweiten Tag, damit sie gesund bleiben.<\/p>\n\n\n\n<p><strong>Woran erkennen Sie einen kranken Pinguin?<\/strong><br>Einen kranken Pinguin kann man am Verhalten erkennen. Wenn es ihm nicht gut geht, verh\u00e4lt er sich unnormal.&nbsp; Zum Beispiel frisst er weniger.<\/p>\n\n\n\n<p><strong>Welche Krankheiten kann ein Pinguin bekommen?<\/strong><br>Bei uns im Zoo haben die Pinguine meistens nur kleinere Verletzungen, zum Beispiel am Fu\u00df. Das ist nichts Schlimmes.<\/p>\n\n\n\n<p><strong>D\u00fcrfen Sie die Pinguine festhalten oder streicheln?<\/strong><br>Wenn die Pinguine, besonders die Pinguink\u00fcken, untersucht werden,&nbsp; m\u00fcssen wir sie festhalten. Die K\u00fcken werden auch aus der H\u00f6hle genommen,&nbsp; um sie zu wiegen. So k\u00f6nnen wir feststellen, ob sie sich gesund entwickeln&nbsp; und ob es ihnen gut geht.<\/p>\n\n\n\n<p><strong>Wie oft wird ein Pinguink\u00fcken gewogen?<\/strong><br>Normalerweise wiegen wir die K\u00fcken alle drei bis vier Tage. Wenn wir merken, dass es einem K\u00fcken nicht besonders gut geht, wird sein Gewicht t\u00e4glich kontrolliert.<\/p>\n\n\n\n<p><strong>K\u00f6nnen Sie alle Pinguine voneinander unterscheiden?<\/strong><br>Ja. Jeder Pinguin hat ein einzigartiges Punktemuster auf dem Bauch. Daran k\u00f6nnen wir sie erkennen.<\/p>\n\n\n\n<p><strong>Vertragen sich die Pinguine mit den Dampfschiffenten und den Graureihern, die mit ihnen auf der Anlage leben?<\/strong><br>Manchmal gibt es \u00c4rger zwischen den Tieren. Aber das ist eigentlich ganz gut, weil die Tiere so besch\u00e4ftigt sind und ihnen nicht langweilig wird.<\/p>\n\n\n\n<p><strong>Streiten sich die Pinguine manchmal auch untereinander?<\/strong><br>Ja, nat\u00fcrlich. Auch bei den Pinguinen gibt es manchmal Streit, wenn sie zum Beispiel ihre H\u00f6hlen verteidigen wollen.&nbsp; Ab und zu gibt es auch \u00c4rger beim Fressen. Aber das ist ganz normal und nicht schlimm.<\/p>\n","protected":false},"excerpt":{"rendered":"<p>Interview mit Tierpflegerin Frau Doreen Balzereit Dieses Interview wurde 2018 gef\u00fchrt. Deshalb sind nicht mehr alle Angaben aktuell.Hier findet ihr die Korrekturen:&#8211; In diesem Jahr (2024) leben 30 erwachsene Humboldt-Pinguine im Zoo Landau.&#8211; Inzwischen tragen alle Pinguine ein farbiges Band am Fl\u00fcgel, damit alle die Tiere schnell und sicher voneinander unterscheiden k\u00f6nnen.&#8211; Die Dampfschiffenten leben<\/p>\n","protected":false},"author":1,"featured_media":0,"parent":297,"menu_order":0,"comment_status":"closed","ping_status":"closed","template":"js\/page-fullwidth.php","meta":{"footnotes":""},"class_list":["post-339","page","type-page","status-publish","hentry"],"_links":{"self":[{"href":"https:\/\/zooschule-landau.de\/zoojugendspiele\/wp-json\/wp\/v2\/pages\/339","targetHints":{"allow":["GET"]}}],"collection":[{"href":"https:\/\/zooschule-landau.de\/zoojugendspiele\/wp-json\/wp\/v2\/pages"}],"about":[{"href":"https:\/\/zooschule-landau.de\/zoojugendspiele\/wp-json\/wp\/v2\/types\/page"}],"author":[{"embeddable":true,"href":"https:\/\/zooschule-landau.de\/zoojugendspiele\/wp-json\/wp\/v2\/users\/1"}],"replies":[{"embeddable":true,"href":"https:\/\/zooschule-landau.de\/zoojugendspiele\/wp-json\/wp\/v2\/comments?post=339"}],"version-history":[{"count":6,"href":"https:\/\/zooschule-landau.de\/zoojugendspiele\/wp-json\/wp\/v2\/pages\/339\/revisions"}],"predecessor-version":[{"id":2453,"href":"https:\/\/zooschule-landau.de\/zoojugendspiele\/wp-json\/wp\/v2\/pages\/339\/revisions\/2453"}],"up":[{"embeddable":true,"href":"https:\/\/zooschule-landau.de\/zoojugendspiele\/wp-json\/wp\/v2\/pages\/297"}],"wp:attachment":[{"href":"https:\/\/zooschule-landau.de\/zoojugendspiele\/wp-json\/wp\/v2\/media?parent=339"}],"curies":[{"name":"wp","href":"https:\/\/api.w.org\/{rel}","templated":true}]}}