{"id":329,"date":"2018-02-23T10:13:30","date_gmt":"2018-02-23T09:13:30","guid":{"rendered":"http:\/\/zooschule.synology.me\/zooschule\/?page_id=329"},"modified":"2024-04-25T20:51:40","modified_gmt":"2024-04-25T18:51:40","slug":"alfonso","status":"publish","type":"page","link":"https:\/\/zooschule-landau.de\/zoojugendspiele\/humboldt-pinguin\/alfonso\/","title":{"rendered":"Alfonso"},"content":{"rendered":"<div style=\"float: left; max-width: 800px;\">\n<h2>Pinguin Alfonso, eine wahre Geschichte<\/h2>\n<p>Alfonso wurde schwer verletzt und abgemagert gefunden.<\/p>\n<p>Er hatte eine gro\u00dfe Wunde am Bauch. Vielleicht wurde er von einer Schiffsschraube verletzt. Es kann aber auch sein, dass er an einem Fischernetz h\u00e4ngen geblieben ist.<\/p>\n<p>Als man ihn fand, konnte er sich nicht mehr allein ern\u00e4hren. Er war sehr schwach und hilflos. In der tiefen Wunde war das Fleisch schon faulig. Maden hatten sich bereits dort eingenistet.<\/p>\n<p>Alfonso wurde auf einer Pinguin-Schutzstation (der Fundacion Otway) gepflegt und mit Fisch aufgep\u00e4ppelt. Er \u00fcberlebte, obwohl kein Mensch daran geglaubt h\u00e4tte.<\/p>\n<p>Die Tierpfleger in der Pinguin-Schutzstation hatten bis zu diesem Zeitpunkt noch keine Erfahrung mit der Versorgung so schwerer Wunden gesammelt. Sie mussten Dinge tun, die f\u00fcr sie sehr schwierig waren, z.B. verfaultes Fleisch aus der Wunde schneiden und t\u00e4glich Maden entfernen. Aber sie taten alles gerne, um Alfonso zu retten.<\/p>\n<p>Der merkte, dass man es gut mit ihm meinte. Er lie\u00df alles zu, was getan werden musste, auch wenn es mal weh tat.<\/p>\n<p>Da man nach einer Weile bemerkte, dass noch mehr Hilfe f\u00fcr Alfonso n\u00f6tig war, wurde der kleine Pinguin \u00fcber 1000 km im Auto nach Nordchile gefahren. Dort gibt es eine Tierrettungsstation. Herr Brito, der Direktor der Station, hat sehr viel Erfahrung darin, Pinguine und andere Tiere vor dem Tod zu retten.<\/p>\n<p>Alfonso wurde wieder vollst\u00e4ndig gesund. Dabei haben auch Medikamente aus dem Landauer Zoo geholfen, die ganz schnell dorthin geschickt wurden. Und bald konnte der kleine Pinguin wieder zu seinen Artgenossen gelassen werden.<\/p>\n<p>In der N\u00e4he gibt es eine Gruppe von Humboldt- Pinguinen. Alfonso z\u00f6gerte nicht lange und schwamm sofort zu den anderen hin. Man konnte es ihm ansehen, dass er sich fit f\u00fchlte und sich sehr freute, wieder in der Natur zu sein.<\/p>\n<p><a href=\"https:\/\/zooschule-landau.de\/zoojugendspiele\/humboldt-pinguin\/\">zur\u00fcck<\/a><\/p>\n<\/div>\n<div id=\"attachment_330\" style=\"width: 280px\" class=\"wp-caption alignright\"><img loading=\"lazy\" decoding=\"async\" aria-describedby=\"caption-attachment-330\" class=\"size-full wp-image-330\" src=\"https:\/\/zooschule-landau.de\/zoojugendspiele\/wp-content\/uploads\/2018\/02\/Pingu007Alfonso.jpg\" alt=\"\" width=\"270\" height=\"360\" \/><p id=\"caption-attachment-330\" class=\"wp-caption-text\">Dies ist Pinguin Alfonso. Seine schwere Wunde am Bauch ist gut verheilt. (Foto: Knauf)<\/p><\/div>\n<div id=\"attachment_303\" style=\"width: 280px\" class=\"wp-caption alignright\"><img loading=\"lazy\" decoding=\"async\" aria-describedby=\"caption-attachment-303\" class=\"size-full wp-image-303\" src=\"https:\/\/zooschule-landau.de\/zoojugendspiele\/wp-content\/uploads\/2018\/02\/Pingu002.jpg\" alt=\"\" width=\"270\" height=\"360\" \/><p id=\"caption-attachment-303\" class=\"wp-caption-text\">Jetzt geht es Alfonso wieder richtig gut. Hier ist er mit einer Pflegerin zu sehen. (Foto: Knauf)<\/p><\/div>\n","protected":false},"excerpt":{"rendered":"<p>Pinguin Alfonso, eine wahre Geschichte Alfonso wurde schwer verletzt und abgemagert gefunden. Er hatte eine gro\u00dfe Wunde am Bauch. Vielleicht wurde er von einer Schiffsschraube verletzt. Es kann aber auch sein, dass er an einem Fischernetz h\u00e4ngen geblieben ist. Als man ihn fand, konnte er sich nicht mehr allein ern\u00e4hren. Er war sehr schwach und<\/p>\n","protected":false},"author":1,"featured_media":0,"parent":297,"menu_order":0,"comment_status":"closed","ping_status":"closed","template":"js\/page-fullwidth.php","meta":{"footnotes":""},"class_list":["post-329","page","type-page","status-publish","hentry"],"_links":{"self":[{"href":"https:\/\/zooschule-landau.de\/zoojugendspiele\/wp-json\/wp\/v2\/pages\/329","targetHints":{"allow":["GET"]}}],"collection":[{"href":"https:\/\/zooschule-landau.de\/zoojugendspiele\/wp-json\/wp\/v2\/pages"}],"about":[{"href":"https:\/\/zooschule-landau.de\/zoojugendspiele\/wp-json\/wp\/v2\/types\/page"}],"author":[{"embeddable":true,"href":"https:\/\/zooschule-landau.de\/zoojugendspiele\/wp-json\/wp\/v2\/users\/1"}],"replies":[{"embeddable":true,"href":"https:\/\/zooschule-landau.de\/zoojugendspiele\/wp-json\/wp\/v2\/comments?post=329"}],"version-history":[{"count":10,"href":"https:\/\/zooschule-landau.de\/zoojugendspiele\/wp-json\/wp\/v2\/pages\/329\/revisions"}],"predecessor-version":[{"id":2424,"href":"https:\/\/zooschule-landau.de\/zoojugendspiele\/wp-json\/wp\/v2\/pages\/329\/revisions\/2424"}],"up":[{"embeddable":true,"href":"https:\/\/zooschule-landau.de\/zoojugendspiele\/wp-json\/wp\/v2\/pages\/297"}],"wp:attachment":[{"href":"https:\/\/zooschule-landau.de\/zoojugendspiele\/wp-json\/wp\/v2\/media?parent=329"}],"curies":[{"name":"wp","href":"https:\/\/api.w.org\/{rel}","templated":true}]}}