{"id":297,"date":"2018-02-23T09:40:15","date_gmt":"2018-02-23T08:40:15","guid":{"rendered":"http:\/\/zooschule.synology.me\/zooschule\/?page_id=297"},"modified":"2024-04-25T21:43:29","modified_gmt":"2024-04-25T19:43:29","slug":"humboldt-pinguin","status":"publish","type":"page","link":"https:\/\/zooschule-landau.de\/zoojugendspiele\/humboldt-pinguin\/","title":{"rendered":"Humboldt-Pinguin"},"content":{"rendered":"\n<h1 class=\"wp-block-heading\">Humboldt-Pinguine<\/h1>\n\n\n\n<div class=\"wp-block-image size-full wp-image-298\"><figure class=\"alignright\"><img loading=\"lazy\" decoding=\"async\" width=\"370\" height=\"245\" src=\"https:\/\/zooschule-landau.de\/zoojugendspiele\/wp-content\/uploads\/2018\/02\/HP_by_T.Schmeing.jpg\" alt=\"\" class=\"wp-image-298\"\/><figcaption>Foto: T.Schmeing<\/figcaption><\/figure><\/div>\n\n\n\n<p>Das ist ein kleiner Humboldt-Pinguin. Er lebt mit vielen anderen seiner Art im Zoo Landau.<\/p>\n\n\n\n<p>Humboldt-Pinguine z\u00e4hlen zu den gef\u00e4hrdeten Tierarten, sie sind stark von der Ausrottung bedroht. Wollt ihr selbst etwas f\u00fcr den Schutz der Pinguine tun? Dann seid ihr hier genau richtig!<\/p>\n\n\n\n<div style=\"clear: both;\"><\/div>\n\n\n\n<hr class=\"wp-block-separator\"\/>\n\n\n\n<div class=\"wp-block-columns has-4-columns is-layout-flex wp-container-core-columns-is-layout-9d6595d7 wp-block-columns-is-layout-flex\">\n<div class=\"wp-block-column is-layout-flow wp-block-column-is-layout-flow\">\n<div class=\"wp-block-image\"><figure class=\"aligncenter\"><img loading=\"lazy\" decoding=\"async\" width=\"640\" height=\"480\" src=\"https:\/\/zooschule-landau.de\/zoojugendspiele\/wp-content\/uploads\/2024\/04\/Humboldtpinguin-juvenil-Quelle-Sphenisco-e.V.jpg\" alt=\"\" class=\"wp-image-2403\" srcset=\"https:\/\/zooschule-landau.de\/zoojugendspiele\/wp-content\/uploads\/2024\/04\/Humboldtpinguin-juvenil-Quelle-Sphenisco-e.V.jpg 640w, https:\/\/zooschule-landau.de\/zoojugendspiele\/wp-content\/uploads\/2024\/04\/Humboldtpinguin-juvenil-Quelle-Sphenisco-e.V-300x225.jpg 300w\" sizes=\"auto, (max-width: 640px) 100vw, 640px\" \/><figcaption><a href=\"https:\/\/zooschule-landau.de\/zoojugendspiele\/humboldt-pinguin\/wissenswertes\/\">Wissenswertes<\/a><\/figcaption><\/figure><\/div>\n<\/div>\n\n\n\n<div class=\"wp-block-column is-layout-flow wp-block-column-is-layout-flow\">\n<div class=\"wp-block-image\"><figure class=\"aligncenter\"><img loading=\"lazy\" decoding=\"async\" width=\"344\" height=\"238\" src=\"https:\/\/zooschule-landau.de\/zoojugendspiele\/wp-content\/uploads\/2024\/04\/gs-hp.jpg\" alt=\"\" class=\"wp-image-2404\" srcset=\"https:\/\/zooschule-landau.de\/zoojugendspiele\/wp-content\/uploads\/2024\/04\/gs-hp.jpg 344w, https:\/\/zooschule-landau.de\/zoojugendspiele\/wp-content\/uploads\/2024\/04\/gs-hp-300x208.jpg 300w\" sizes=\"auto, (max-width: 344px) 100vw, 344px\" \/><\/figure><\/div>\n\n\n\n<div class=\"wp-block-file aligncenter\"><a href=\"https:\/\/zooschule-landau.de\/zoojugendspiele\/wp-content\/uploads\/2024\/04\/Gehegeschild-Humboldt-Pinguin.pdf\" class=\"wp-block-file__button\" download>Herunterladen<\/a><\/div>\n<\/div>\n\n\n\n<div class=\"wp-block-column is-layout-flow wp-block-column-is-layout-flow\">\n<div class=\"wp-block-image\"><figure class=\"aligncenter\"><img loading=\"lazy\" decoding=\"async\" width=\"3456\" height=\"2540\" src=\"https:\/\/zooschule-landau.de\/zoojugendspiele\/wp-content\/uploads\/2024\/04\/Humboldt-Pinguin-mit-Jungtier-Zoo-Landau.jpg\" alt=\"\" class=\"wp-image-2413\"\/><\/figure><\/div>\n\n\n\n<div class=\"wp-block-file aligncenter\"><a href=\"https:\/\/zooschule-landau.de\/zoojugendspiele\/wp-content\/uploads\/2024\/04\/Expertenwissen.pdf\">Expertenwissen<\/a><a href=\"https:\/\/zooschule-landau.de\/zoojugendspiele\/wp-content\/uploads\/2024\/04\/Expertenwissen.pdf\" class=\"wp-block-file__button\" download>Herunterladen<\/a><\/div>\n<\/div>\n\n\n\n<div class=\"wp-block-column is-layout-flow wp-block-column-is-layout-flow\">\n<div class=\"wp-block-image\"><figure class=\"aligncenter\"><img loading=\"lazy\" decoding=\"async\" width=\"836\" height=\"555\" src=\"https:\/\/zooschule-landau.de\/zoojugendspiele\/wp-content\/uploads\/2024\/04\/interview.png\" alt=\"\" class=\"wp-image-2440\" srcset=\"https:\/\/zooschule-landau.de\/zoojugendspiele\/wp-content\/uploads\/2024\/04\/interview.png 836w, https:\/\/zooschule-landau.de\/zoojugendspiele\/wp-content\/uploads\/2024\/04\/interview-300x199.png 300w, https:\/\/zooschule-landau.de\/zoojugendspiele\/wp-content\/uploads\/2024\/04\/interview-768x510.png 768w\" sizes=\"auto, (max-width: 836px) 100vw, 836px\" \/><figcaption>Interview (Film) mit Tierpflegerin <\/figcaption><\/figure><\/div>\n\n\n\n<div class=\"wp-block-button aligncenter is-style-default\"><a class=\"wp-block-button__link\" href=\"https:\/\/vcm.uni-kl.de\/Panopto\/Pages\/Viewer.aspx?id=f6993400-81dc-4567-b5bb-b15d0130bd02\">Ansehen<\/a><\/div>\n<\/div>\n<\/div>\n\n\n\n<hr class=\"wp-block-separator\"\/>\n\n\n\n<div class=\"wp-block-columns has-2-columns is-layout-flex wp-container-core-columns-is-layout-9d6595d7 wp-block-columns-is-layout-flex\">\n<div class=\"wp-block-column is-layout-flow wp-block-column-is-layout-flow\">\n<div class=\"wp-block-image\"><figure class=\"aligncenter is-resized\"><img loading=\"lazy\" decoding=\"async\" src=\"https:\/\/zooschule-landau.de\/zoojugendspiele\/wp-content\/uploads\/2024\/04\/Malvorlage5-990x1400.jpg\" alt=\"\" class=\"wp-image-2416\" width=\"300\" height=\"400\"\/><figcaption>Warum Humboldt-Pinguine von der Ausrottung bedroht sind. <a href=\"https:\/\/zooschule-landau.de\/zoojugendspiele\/humboldt-pinguin\/bedrohung\/\">Hier findest ihr die Antwort.<\/a><\/figcaption><\/figure><\/div>\n<\/div>\n\n\n\n<div class=\"wp-block-column is-layout-flow wp-block-column-is-layout-flow\">\n<div class=\"wp-block-image\"><figure class=\"aligncenter is-resized\"><img loading=\"lazy\" decoding=\"async\" src=\"https:\/\/zooschule-landau.de\/zoojugendspiele\/wp-content\/uploads\/2024\/04\/Bild2-1.jpg\" alt=\"\" class=\"wp-image-2418\" width=\"300\" height=\"400\" srcset=\"https:\/\/zooschule-landau.de\/zoojugendspiele\/wp-content\/uploads\/2024\/04\/Bild2-1.jpg 602w, https:\/\/zooschule-landau.de\/zoojugendspiele\/wp-content\/uploads\/2024\/04\/Bild2-1-225x300.jpg 225w\" sizes=\"auto, (max-width: 300px) 100vw, 300px\" \/><figcaption>Die wahre Geschichte von Pinguin Alfonso.<a href=\"https:\/\/zooschule-landau.de\/zoojugendspiele\/humboldt-pinguin\/alfonso\/\"> Hier findet ihr sie.<\/a><\/figcaption><\/figure><\/div>\n<\/div>\n<\/div>\n\n\n\n<div class=\"wp-block-columns has-2-columns is-layout-flex wp-container-core-columns-is-layout-9d6595d7 wp-block-columns-is-layout-flex\">\n<div class=\"wp-block-column is-layout-flow wp-block-column-is-layout-flow\">\n<div class=\"wp-block-image\"><figure class=\"aligncenter is-resized\"><img decoding=\"async\" src=\"https:\/\/zooschule-landau.de\/zoojugendspiele\/wp-content\/uploads\/2024\/04\/Bild3-1.jpg\" alt=\"\" class=\"wp-image-2445\" height=\"400\" srcset=\"https:\/\/zooschule-landau.de\/zoojugendspiele\/wp-content\/uploads\/2024\/04\/Bild3-1.jpg 579w, https:\/\/zooschule-landau.de\/zoojugendspiele\/wp-content\/uploads\/2024\/04\/Bild3-1-225x300.jpg 225w\" sizes=\"(max-width: 579px) 100vw, 579px\" \/><figcaption><a href=\"https:\/\/zooschule-landau.de\/zoojugendspiele\/humboldt-pinguin\/interview-tierpflegerin\/\">Hier findet ihr ein Interview mit <\/a>Tierpflegerin Frau Doreen Balzereit.<\/figcaption><\/figure><\/div>\n\n\n\n<p><\/p>\n<\/div>\n\n\n\n<div class=\"wp-block-column is-layout-flow wp-block-column-is-layout-flow\">\n<div class=\"wp-block-image\"><figure class=\"aligncenter is-resized\"><img decoding=\"async\" src=\"https:\/\/zooschule-landau.de\/zoojugendspiele\/wp-content\/uploads\/2024\/04\/Bild4-1.jpg\" alt=\"\" class=\"wp-image-2446\" height=\"400\" srcset=\"https:\/\/zooschule-landau.de\/zoojugendspiele\/wp-content\/uploads\/2024\/04\/Bild4-1.jpg 690w, https:\/\/zooschule-landau.de\/zoojugendspiele\/wp-content\/uploads\/2024\/04\/Bild4-1-225x300.jpg 225w\" sizes=\"(max-width: 690px) 100vw, 690px\" \/><figcaption><a href=\"https:\/\/zooschule-landau.de\/zoojugendspiele\/humboldt-pinguin\/interview-forscherin\/\">Hier findet ihr ein Interview mit Frau Gabriele Knauf.<\/a><\/figcaption><\/figure><\/div>\n<\/div>\n<\/div>\n","protected":false},"excerpt":{"rendered":"<p>Humboldt-Pinguine Das ist ein kleiner Humboldt-Pinguin. Er lebt mit vielen anderen seiner Art im Zoo Landau. Humboldt-Pinguine z\u00e4hlen zu den gef\u00e4hrdeten Tierarten, sie sind stark von der Ausrottung bedroht. Wollt ihr selbst etwas f\u00fcr den Schutz der Pinguine tun? Dann seid ihr hier genau richtig!<\/p>\n","protected":false},"author":1,"featured_media":0,"parent":0,"menu_order":0,"comment_status":"closed","ping_status":"closed","template":"js\/page-fullwidth.php","meta":{"footnotes":""},"class_list":["post-297","page","type-page","status-publish","hentry"],"_links":{"self":[{"href":"https:\/\/zooschule-landau.de\/zoojugendspiele\/wp-json\/wp\/v2\/pages\/297","targetHints":{"allow":["GET"]}}],"collection":[{"href":"https:\/\/zooschule-landau.de\/zoojugendspiele\/wp-json\/wp\/v2\/pages"}],"about":[{"href":"https:\/\/zooschule-landau.de\/zoojugendspiele\/wp-json\/wp\/v2\/types\/page"}],"author":[{"embeddable":true,"href":"https:\/\/zooschule-landau.de\/zoojugendspiele\/wp-json\/wp\/v2\/users\/1"}],"replies":[{"embeddable":true,"href":"https:\/\/zooschule-landau.de\/zoojugendspiele\/wp-json\/wp\/v2\/comments?post=297"}],"version-history":[{"count":34,"href":"https:\/\/zooschule-landau.de\/zoojugendspiele\/wp-json\/wp\/v2\/pages\/297\/revisions"}],"predecessor-version":[{"id":2503,"href":"https:\/\/zooschule-landau.de\/zoojugendspiele\/wp-json\/wp\/v2\/pages\/297\/revisions\/2503"}],"wp:attachment":[{"href":"https:\/\/zooschule-landau.de\/zoojugendspiele\/wp-json\/wp\/v2\/media?parent=297"}],"curies":[{"name":"wp","href":"https:\/\/api.w.org\/{rel}","templated":true}]}}