{"id":2500,"date":"2024-04-29T21:24:36","date_gmt":"2024-04-29T19:24:36","guid":{"rendered":"https:\/\/zooschule-landau.de\/zoojugendspiele\/?page_id=2500"},"modified":"2024-04-29T21:46:57","modified_gmt":"2024-04-29T19:46:57","slug":"weisshandgibbon","status":"publish","type":"page","link":"https:\/\/zooschule-landau.de\/zoojugendspiele\/weisshandgibbon\/","title":{"rendered":"Wei\u00dfhandgibbon"},"content":{"rendered":"\n<div class=\"wp-block-image\"><figure class=\"alignleft is-resized\"><img loading=\"lazy\" decoding=\"async\" src=\"https:\/\/zooschule-landau.de\/zoojugendspiele\/wp-content\/uploads\/2024\/04\/gibbon-zoo-landau-quelle-P.Dollinger-Zoo-Office-Bern.jpg\" alt=\"\" class=\"wp-image-2501\" width=\"250\" height=\"188\" srcset=\"https:\/\/zooschule-landau.de\/zoojugendspiele\/wp-content\/uploads\/2024\/04\/gibbon-zoo-landau-quelle-P.Dollinger-Zoo-Office-Bern.jpg 1000w, https:\/\/zooschule-landau.de\/zoojugendspiele\/wp-content\/uploads\/2024\/04\/gibbon-zoo-landau-quelle-P.Dollinger-Zoo-Office-Bern-300x225.jpg 300w, https:\/\/zooschule-landau.de\/zoojugendspiele\/wp-content\/uploads\/2024\/04\/gibbon-zoo-landau-quelle-P.Dollinger-Zoo-Office-Bern-768x576.jpg 768w\" sizes=\"auto, (max-width: 250px) 100vw, 250px\" \/><\/figure><\/div>\n\n\n\n<h2 class=\"wp-block-heading\" style=\"text-align:center\">Wei\u00dfhandgibbon<\/h2>\n\n\n\n<p style=\"text-align:left\">Sie geh\u00f6ren zu den Kleinen Menschenaffen.<br>Sie beeindrucken uns mit ihren Kletterf\u00e4higkeiten und ihren au\u00dfergew\u00f6hnlichen Ges\u00e4ngen.<\/p>\n\n\n\n<p style=\"text-align:left\">Hier findest du spannende Informationen zu ihrer Biologie und weiteren Besonderheiten. <br>Du kannst erfahren, warum sie bedroht sind und du erh\u00e4ltst Anregungen, wie du zu ihrem Schutz beitragen kannst.<\/p>\n\n\n\n<div style=\"clear: both;\"><\/div>\n\n\n\n<hr class=\"wp-block-separator\"\/>\n\n\n\n<div class=\"wp-block-columns has-2-columns is-layout-flex wp-container-core-columns-is-layout-9d6595d7 wp-block-columns-is-layout-flex\">\n<div class=\"wp-block-column is-layout-flow wp-block-column-is-layout-flow\">\n<div class=\"wp-block-image\"><figure class=\"aligncenter is-resized\"><img decoding=\"async\" src=\"https:\/\/zooschule-landau.de\/zoojugendspiele\/wp-content\/uploads\/2024\/04\/Gibbon-quelle-zgap.jpg\" alt=\"\" class=\"wp-image-2506\" height=\"250\" srcset=\"https:\/\/zooschule-landau.de\/zoojugendspiele\/wp-content\/uploads\/2024\/04\/Gibbon-quelle-zgap.jpg 605w, https:\/\/zooschule-landau.de\/zoojugendspiele\/wp-content\/uploads\/2024\/04\/Gibbon-quelle-zgap-300x169.jpg 300w\" sizes=\"(max-width: 605px) 100vw, 605px\" \/><\/figure><\/div>\n\n\n\n<p style=\"text-align:center\"><a href=\"https:\/\/zooschule-landau.de\/zoojugendspiele\/weisshandgibbon\/expertenwissen\/\">Expertenwissen<\/a><\/p>\n<\/div>\n\n\n\n<div class=\"wp-block-column is-layout-flow wp-block-column-is-layout-flow\">\n<div class=\"wp-block-image\"><figure class=\"aligncenter is-resized\"><img decoding=\"async\" src=\"https:\/\/zooschule-landau.de\/zoojugendspiele\/wp-content\/uploads\/2024\/04\/gs-gi.jpg\" alt=\"\" class=\"wp-image-2507\" height=\"250\" srcset=\"https:\/\/zooschule-landau.de\/zoojugendspiele\/wp-content\/uploads\/2024\/04\/gs-gi.jpg 605w, https:\/\/zooschule-landau.de\/zoojugendspiele\/wp-content\/uploads\/2024\/04\/gs-gi-300x208.jpg 300w\" sizes=\"(max-width: 605px) 100vw, 605px\" \/><\/figure><\/div>\n\n\n\n<div class=\"wp-block-file aligncenter\"><a href=\"https:\/\/zooschule-landau.de\/zoojugendspiele\/wp-content\/uploads\/2024\/04\/Gehegeschild-Wei\u00dfhandgibbon.pdf\">Gehegeschild Wei\u00dfhandgibbon<\/a><a href=\"https:\/\/zooschule-landau.de\/zoojugendspiele\/wp-content\/uploads\/2024\/04\/Gehegeschild-Wei\u00dfhandgibbon.pdf\" class=\"wp-block-file__button\" download>Herunterladen<\/a><\/div>\n<\/div>\n<\/div>\n\n\n\n<p style=\"text-align:center\" class=\"has-text-color has-background has-large-font-size has-very-light-gray-color has-luminous-vivid-orange-background-color\"><strong><a href=\"https:\/\/zooschule-landau.de\/zoojugendspiele\/weisshandgibbon\/linkliste\/\">Du m\u00f6chtest noch mehr wissen? Dann schau doch mal hier hinein! <\/a><\/strong><\/p>\n","protected":false},"excerpt":{"rendered":"<p>Wei\u00dfhandgibbon Sie geh\u00f6ren zu den Kleinen Menschenaffen.Sie beeindrucken uns mit ihren Kletterf\u00e4higkeiten und ihren au\u00dfergew\u00f6hnlichen Ges\u00e4ngen. Hier findest du spannende Informationen zu ihrer Biologie und weiteren Besonderheiten. Du kannst erfahren, warum sie bedroht sind und du erh\u00e4ltst Anregungen, wie du zu ihrem Schutz beitragen kannst. Expertenwissen Du m\u00f6chtest noch mehr wissen? Dann schau doch mal<\/p>\n","protected":false},"author":1,"featured_media":0,"parent":0,"menu_order":0,"comment_status":"closed","ping_status":"closed","template":"page-fullwidth.php","meta":{"footnotes":""},"class_list":["post-2500","page","type-page","status-publish","hentry"],"_links":{"self":[{"href":"https:\/\/zooschule-landau.de\/zoojugendspiele\/wp-json\/wp\/v2\/pages\/2500","targetHints":{"allow":["GET"]}}],"collection":[{"href":"https:\/\/zooschule-landau.de\/zoojugendspiele\/wp-json\/wp\/v2\/pages"}],"about":[{"href":"https:\/\/zooschule-landau.de\/zoojugendspiele\/wp-json\/wp\/v2\/types\/page"}],"author":[{"embeddable":true,"href":"https:\/\/zooschule-landau.de\/zoojugendspiele\/wp-json\/wp\/v2\/users\/1"}],"replies":[{"embeddable":true,"href":"https:\/\/zooschule-landau.de\/zoojugendspiele\/wp-json\/wp\/v2\/comments?post=2500"}],"version-history":[{"count":9,"href":"https:\/\/zooschule-landau.de\/zoojugendspiele\/wp-json\/wp\/v2\/pages\/2500\/revisions"}],"predecessor-version":[{"id":2528,"href":"https:\/\/zooschule-landau.de\/zoojugendspiele\/wp-json\/wp\/v2\/pages\/2500\/revisions\/2528"}],"wp:attachment":[{"href":"https:\/\/zooschule-landau.de\/zoojugendspiele\/wp-json\/wp\/v2\/media?parent=2500"}],"curies":[{"name":"wp","href":"https:\/\/api.w.org\/{rel}","templated":true}]}}