{"id":2462,"date":"2024-04-25T21:32:43","date_gmt":"2024-04-25T19:32:43","guid":{"rendered":"https:\/\/zooschule-landau.de\/zoojugendspiele\/?page_id=2462"},"modified":"2024-04-25T21:53:54","modified_gmt":"2024-04-25T19:53:54","slug":"weissstorch","status":"publish","type":"page","link":"https:\/\/zooschule-landau.de\/zoojugendspiele\/weissstorch\/","title":{"rendered":"Wei\u00dfstorch"},"content":{"rendered":"\n<h2 class=\"wp-block-heading\">Wei\u00dfstorch<\/h2>\n\n\n\n<div class=\"wp-block-image\"><figure class=\"alignright\"><img loading=\"lazy\" decoding=\"async\" width=\"370\" height=\"326\" src=\"https:\/\/zooschule-landau.de\/zoojugendspiele\/wp-content\/uploads\/2024\/04\/Bild9.png\" alt=\"\" class=\"wp-image-2467\"\/><\/figure><\/div>\n\n\n\n<p>Im Zoo Landau br\u00fcten schon viele Jahre Wei\u00dfst\u00f6rche. Sicher hast du den gro\u00dfen Horst auf der Vogelwiese entdeckt. <br>Durch intensive Schutzma\u00dfnahmen geht es den Wei\u00dfst\u00f6rchen heute wieder besser. Hier findet ihr Informationen rund die beeindruckenden Tiere und erfahrt, mit welchen Problemen sie auch heute noch zu k\u00e4mpfen\nhaben.<\/p>\n\n\n\n<div style=\"clear: both;\"><\/div>\n\n\n\n<hr class=\"wp-block-separator\"\/>\n\n\n\n<div class=\"wp-block-columns has-3-columns is-layout-flex wp-container-core-columns-is-layout-9d6595d7 wp-block-columns-is-layout-flex\">\n<div class=\"wp-block-column is-layout-flow wp-block-column-is-layout-flow\">\n<div class=\"wp-block-image\"><figure class=\"aligncenter\"><img loading=\"lazy\" decoding=\"async\" width=\"1280\" height=\"853\" src=\"https:\/\/zooschule-landau.de\/zoojugendspiele\/wp-content\/uploads\/2024\/04\/stork-838418_1280.jpg\" alt=\"\" class=\"wp-image-2475\" srcset=\"https:\/\/zooschule-landau.de\/zoojugendspiele\/wp-content\/uploads\/2024\/04\/stork-838418_1280.jpg 1280w, https:\/\/zooschule-landau.de\/zoojugendspiele\/wp-content\/uploads\/2024\/04\/stork-838418_1280-300x200.jpg 300w, https:\/\/zooschule-landau.de\/zoojugendspiele\/wp-content\/uploads\/2024\/04\/stork-838418_1280-768x512.jpg 768w\" sizes=\"auto, (max-width: 1280px) 100vw, 1280px\" \/><figcaption><a href=\"https:\/\/zooschule-landau.de\/zoojugendspiele\/weissstorch\/wissenswertes\/\">Wissenswertes<\/a><\/figcaption><\/figure><\/div>\n<\/div>\n\n\n\n<div class=\"wp-block-column is-layout-flow wp-block-column-is-layout-flow\">\n<div class=\"wp-block-image\"><figure class=\"aligncenter\"><img loading=\"lazy\" decoding=\"async\" width=\"1049\" height=\"1080\" src=\"https:\/\/zooschule-landau.de\/zoojugendspiele\/wp-content\/uploads\/2024\/04\/Storch-1-screenshot.jpg\" alt=\"\" class=\"wp-image-2476\" srcset=\"https:\/\/zooschule-landau.de\/zoojugendspiele\/wp-content\/uploads\/2024\/04\/Storch-1-screenshot.jpg 1049w, https:\/\/zooschule-landau.de\/zoojugendspiele\/wp-content\/uploads\/2024\/04\/Storch-1-screenshot-291x300.jpg 291w, https:\/\/zooschule-landau.de\/zoojugendspiele\/wp-content\/uploads\/2024\/04\/Storch-1-screenshot-768x791.jpg 768w\" sizes=\"auto, (max-width: 1049px) 100vw, 1049px\" \/><\/figure><\/div>\n\n\n\n<div class=\"wp-block-file aligncenter\"><a href=\"https:\/\/zooschule-landau.de\/zoojugendspiele\/wp-content\/uploads\/2024\/04\/Expertenwissen-1.pdf\">Expertenwissen<\/a><a href=\"https:\/\/zooschule-landau.de\/zoojugendspiele\/wp-content\/uploads\/2024\/04\/Expertenwissen-1.pdf\" class=\"wp-block-file__button\" download>Herunterladen<\/a><\/div>\n<\/div>\n\n\n\n<div class=\"wp-block-column is-layout-flow wp-block-column-is-layout-flow\">\n<div class=\"wp-block-image\"><figure class=\"aligncenter\"><img loading=\"lazy\" decoding=\"async\" width=\"1400\" height=\"744\" src=\"https:\/\/zooschule-landau.de\/zoojugendspiele\/wp-content\/uploads\/2024\/04\/storch-2-sceenshot-1400x744.jpg\" alt=\"\" class=\"wp-image-2477\" srcset=\"https:\/\/zooschule-landau.de\/zoojugendspiele\/wp-content\/uploads\/2024\/04\/storch-2-sceenshot-1400x744.jpg 1400w, https:\/\/zooschule-landau.de\/zoojugendspiele\/wp-content\/uploads\/2024\/04\/storch-2-sceenshot-300x159.jpg 300w, https:\/\/zooschule-landau.de\/zoojugendspiele\/wp-content\/uploads\/2024\/04\/storch-2-sceenshot-768x408.jpg 768w, https:\/\/zooschule-landau.de\/zoojugendspiele\/wp-content\/uploads\/2024\/04\/storch-2-sceenshot.jpg 1881w\" sizes=\"auto, (max-width: 1400px) 100vw, 1400px\" \/><figcaption>Film <br> \u201eDie Beringung der Wei\u00dfst\u00f6rche im Zoo Landau\u201c<\/figcaption><\/figure><\/div>\n\n\n\n<div class=\"wp-block-button aligncenter\"><a class=\"wp-block-button__link\" href=\"https:\/\/vcm.uni-kl.de\/Panopto\/Pages\/Viewer.aspx?id=e69497ec-e409-4389-a61b-b15d0140bfce\">Ansehen<\/a><\/div>\n<\/div>\n<\/div>\n\n\n\n<p style=\"text-align:center\" class=\"has-text-color has-background has-large-font-size has-very-light-gray-color has-luminous-vivid-orange-background-color\"><strong><a href=\"https:\/\/zooschule-landau.de\/zoojugendspiele\/weissstorch\/linkliste\/\">Du m\u00f6chtest noch mehr wissen? Dann schau doch mal hier hinein! <\/a><\/strong><\/p>\n","protected":false},"excerpt":{"rendered":"<p>Wei\u00dfstorch Im Zoo Landau br\u00fcten schon viele Jahre Wei\u00dfst\u00f6rche. Sicher hast du den gro\u00dfen Horst auf der Vogelwiese entdeckt. Durch intensive Schutzma\u00dfnahmen geht es den Wei\u00dfst\u00f6rchen heute wieder besser. Hier findet ihr Informationen rund die beeindruckenden Tiere und erfahrt, mit welchen Problemen sie auch heute noch zu k\u00e4mpfen haben. Du m\u00f6chtest noch mehr wissen? Dann<\/p>\n","protected":false},"author":1,"featured_media":0,"parent":0,"menu_order":0,"comment_status":"closed","ping_status":"closed","template":"page-fullwidth.php","meta":{"footnotes":""},"class_list":["post-2462","page","type-page","status-publish","hentry"],"_links":{"self":[{"href":"https:\/\/zooschule-landau.de\/zoojugendspiele\/wp-json\/wp\/v2\/pages\/2462","targetHints":{"allow":["GET"]}}],"collection":[{"href":"https:\/\/zooschule-landau.de\/zoojugendspiele\/wp-json\/wp\/v2\/pages"}],"about":[{"href":"https:\/\/zooschule-landau.de\/zoojugendspiele\/wp-json\/wp\/v2\/types\/page"}],"author":[{"embeddable":true,"href":"https:\/\/zooschule-landau.de\/zoojugendspiele\/wp-json\/wp\/v2\/users\/1"}],"replies":[{"embeddable":true,"href":"https:\/\/zooschule-landau.de\/zoojugendspiele\/wp-json\/wp\/v2\/comments?post=2462"}],"version-history":[{"count":10,"href":"https:\/\/zooschule-landau.de\/zoojugendspiele\/wp-json\/wp\/v2\/pages\/2462\/revisions"}],"predecessor-version":[{"id":2498,"href":"https:\/\/zooschule-landau.de\/zoojugendspiele\/wp-json\/wp\/v2\/pages\/2462\/revisions\/2498"}],"wp:attachment":[{"href":"https:\/\/zooschule-landau.de\/zoojugendspiele\/wp-json\/wp\/v2\/media?parent=2462"}],"curies":[{"name":"wp","href":"https:\/\/api.w.org\/{rel}","templated":true}]}}