{"id":2371,"date":"2024-04-25T17:26:43","date_gmt":"2024-04-25T15:26:43","guid":{"rendered":"https:\/\/zooschule-landau.de\/zoojugendspiele\/?page_id=2371"},"modified":"2024-04-25T17:27:50","modified_gmt":"2024-04-25T15:27:50","slug":"wissenswertes","status":"publish","type":"page","link":"https:\/\/zooschule-landau.de\/zoojugendspiele\/humboldt-pinguin\/wissenswertes\/","title":{"rendered":"Wissenswertes"},"content":{"rendered":"\n<h2 class=\"wp-block-heading\">Humboldt-Pinguin<\/h2>\n\n\n\n<div class=\"wp-block-image\"><figure class=\"alignright\"><img loading=\"lazy\" decoding=\"async\" width=\"263\" height=\"451\" src=\"https:\/\/zooschule-landau.de\/zoojugendspiele\/wp-content\/uploads\/2024\/04\/penguin-animal-animal-world-water-bird-preview.jpg\" alt=\"\" class=\"wp-image-2372\"\/><\/figure><\/div>\n\n\n\n<p class=\"has-medium-font-size\"><strong>Allgemeines<\/strong><\/p>\n\n\n\n<p>Der Humboldt-Pinguin ist eine von 18 Pinguinarten.<br>Pinguine geh\u00f6ren zur Klasse der V\u00f6gel. Sie haben einen Schnabel und Federn und legen Eier.<br>Pinguine k\u00f6nnen nicht fliegen. Dies liegt daran, dass ihre Knochen wie bei uns Menschen mit Knochenmark gef\u00fcllt sind. Dadurch sind Pinguine sehr schwer. Deshalb k\u00f6nnen sie nicht fliegen, daf\u00fcr aber besonders gut tauchen und schwimmen.<br>Humboldt-Pinguine k\u00f6nnen bis zu 5 Minuten tauchen. Dabei erreichen sie Tiefen von bis zu 50 Metern.<\/p>\n\n\n\n<p class=\"has-medium-font-size\"><strong>Gr\u00f6\u00dfe&nbsp;und&nbsp;Gewicht<\/strong><\/p>\n\n\n\n<p>Humboldt-Pinguine werden bis zu 60 cm gro\u00df und bis zu 5 kg schwer. M\u00e4nnchen sind meist gr\u00f6\u00dfer und kr\u00e4ftiger als Weibchen.<\/p>\n\n\n\n<p class=\"has-medium-font-size\"><strong>Alter<\/strong><\/p>\n\n\n\n<p>Humboldt-Pinguine k\u00f6nnen in menschlicher Obhut etwa 30 Jahre  alt werden. Der bisher \u00e4lteste Humboldt-Pinguin im Zoo Landau  ist sogar 34 Jahre alt geworden.<br>Wie alt sie im nat\u00fcrlichen Lebensraum werden, ist nicht bekannt.<\/p>\n\n\n\n<p class=\"has-medium-font-size\"><strong>Nachwuchs<\/strong><\/p>\n\n\n\n<p>Von September bis Dezember und von M\u00e4rz bis Juni ist die Brutzeit der Humboldt-Pinguine. Die Weibchen legen h\u00f6chstens zwei Eier, die circa 40 Tage lang bebr\u00fctet werden.<br>Meist schl\u00fcpfen auch beide K\u00fcken. Sie wiegen 65-95 Gramm. Nach 9 Wochen wechseln die Jungtiere vom Dunenkleid ins Tauchgefieder. Im Alter von 10 Wochen sind sie bereits fast so gro\u00df wie die Elterntiere und wiegen etwa 3,5 bis 4 Kilogramm.<br>F\u00fcr die n\u00e4chsten 9 bis 14 Monate sind sie durch ihr Jugendkleid einfach von den erwachsenen Tieren zu unterscheiden, denn ihnen fehlen die wei\u00dfen Streifen \u00fcber den Augen sowie das schwarze Brustband.<\/p>\n\n\n\n<ul class=\"wp-block-gallery columns-2 is-cropped wp-block-gallery-1 is-layout-flex wp-block-gallery-is-layout-flex\"><li class=\"blocks-gallery-item\"><figure><img loading=\"lazy\" decoding=\"async\" width=\"644\" height=\"429\" src=\"https:\/\/zooschule-landau.de\/zoojugendspiele\/wp-content\/uploads\/2024\/04\/Dunenkleid.jpg\" alt=\"\" data-id=\"2375\" data-link=\"https:\/\/zooschule-landau.de\/zoojugendspiele\/?attachment_id=2375\" class=\"wp-image-2375\" srcset=\"https:\/\/zooschule-landau.de\/zoojugendspiele\/wp-content\/uploads\/2024\/04\/Dunenkleid.jpg 644w, https:\/\/zooschule-landau.de\/zoojugendspiele\/wp-content\/uploads\/2024\/04\/Dunenkleid-300x200.jpg 300w\" sizes=\"auto, (max-width: 644px) 100vw, 644px\" \/><figcaption>Humboldt-Pinguink\u00fcken im Dunenkleid (\u00a9 Zoo Landau)<\/figcaption><\/figure><\/li><li class=\"blocks-gallery-item\"><figure><img loading=\"lazy\" decoding=\"async\" width=\"378\" height=\"378\" src=\"https:\/\/zooschule-landau.de\/zoojugendspiele\/wp-content\/uploads\/2024\/04\/jung_adult.jpg\" alt=\"\" data-id=\"2376\" data-link=\"https:\/\/zooschule-landau.de\/zoojugendspiele\/?attachment_id=2376\" class=\"wp-image-2376\" srcset=\"https:\/\/zooschule-landau.de\/zoojugendspiele\/wp-content\/uploads\/2024\/04\/jung_adult.jpg 378w, https:\/\/zooschule-landau.de\/zoojugendspiele\/wp-content\/uploads\/2024\/04\/jung_adult-150x150.jpg 150w, https:\/\/zooschule-landau.de\/zoojugendspiele\/wp-content\/uploads\/2024\/04\/jung_adult-300x300.jpg 300w, https:\/\/zooschule-landau.de\/zoojugendspiele\/wp-content\/uploads\/2024\/04\/jung_adult-90x90.jpg 90w, https:\/\/zooschule-landau.de\/zoojugendspiele\/wp-content\/uploads\/2024\/04\/jung_adult-360x360.jpg 360w, https:\/\/zooschule-landau.de\/zoojugendspiele\/wp-content\/uploads\/2024\/04\/jung_adult-64x64.jpg 64w\" sizes=\"auto, (max-width: 378px) 100vw, 378px\" \/><figcaption>Humboldt-Pinguine im Zoo Landau<br> links: Jugendkleid,  rechts: erwachsener Pinguin<br>(\u00a9 Sch\u00fctzend\u00fcbe)<\/figcaption><\/figure><\/li><\/ul>\n\n\n\n<p class=\"has-medium-font-size\"><strong>Vorkommen&nbsp;\/&nbsp;Verbreitung<\/strong><\/p>\n\n\n\n<p>Humboldt-Pinguine leben in S\u00fcdamerika.<\/p>\n\n\n\n<figure class=\"wp-block-image\"><img loading=\"lazy\" decoding=\"async\" width=\"1195\" height=\"772\" src=\"https:\/\/zooschule-landau.de\/zoojugendspiele\/wp-content\/uploads\/2024\/04\/karte.jpg\" alt=\"\" class=\"wp-image-2378\" srcset=\"https:\/\/zooschule-landau.de\/zoojugendspiele\/wp-content\/uploads\/2024\/04\/karte.jpg 1195w, https:\/\/zooschule-landau.de\/zoojugendspiele\/wp-content\/uploads\/2024\/04\/karte-300x194.jpg 300w, https:\/\/zooschule-landau.de\/zoojugendspiele\/wp-content\/uploads\/2024\/04\/karte-768x496.jpg 768w\" sizes=\"auto, (max-width: 1195px) 100vw, 1195px\" \/><figcaption>Quelle: <a href=\"https:\/\/tierpark-zittau.de\/fileadmin\/processed\/0\/9\/csm_Verbreitung_Humboldtpinguin_e7adce1080.jpg\">https:\/\/tierpark-zittau.de\/fileadmin\/<\/a><em><a href=\"https:\/\/tierpark-zittau.de\/fileadmin\/processed\/0\/9\/csm_Verbreitung_Humboldtpinguin_e7adce1080.jpg\">processed<\/a><\/em><a href=\"https:\/\/tierpark-zittau.de\/fileadmin\/processed\/0\/9\/csm_Verbreitung_Humboldtpinguin_e7adce1080.jpg\">\/0\/9\/csm_Verbreitung_Humboldtpinguin_e7adce1080.jpg<\/a><\/figcaption><\/figure>\n\n\n\n<p class=\"has-medium-font-size\"><strong>Nat\u00fcrlicher&nbsp;Lebensraum<\/strong><\/p>\n\n\n\n<p>Der nat\u00fcrliche Lebensraum des Humboldt-Pinguins besteht aus steilen Felsk\u00fcsten und Sandstrand.<\/p>\n\n\n\n<ul class=\"wp-block-gallery columns-3 is-cropped wp-block-gallery-2 is-layout-flex wp-block-gallery-is-layout-flex\"><li class=\"blocks-gallery-item\"><figure><img loading=\"lazy\" decoding=\"async\" width=\"906\" height=\"680\" src=\"https:\/\/zooschule-landau.de\/zoojugendspiele\/wp-content\/uploads\/2024\/04\/lebensraum5.jpg\" alt=\"\" data-id=\"2380\" data-link=\"https:\/\/zooschule-landau.de\/zoojugendspiele\/?attachment_id=2380\" class=\"wp-image-2380\" srcset=\"https:\/\/zooschule-landau.de\/zoojugendspiele\/wp-content\/uploads\/2024\/04\/lebensraum5.jpg 906w, https:\/\/zooschule-landau.de\/zoojugendspiele\/wp-content\/uploads\/2024\/04\/lebensraum5-300x225.jpg 300w, https:\/\/zooschule-landau.de\/zoojugendspiele\/wp-content\/uploads\/2024\/04\/lebensraum5-768x576.jpg 768w\" sizes=\"auto, (max-width: 906px) 100vw, 906px\" \/><\/figure><\/li><li class=\"blocks-gallery-item\"><figure><img loading=\"lazy\" decoding=\"async\" width=\"270\" height=\"339\" src=\"https:\/\/zooschule-landau.de\/zoojugendspiele\/wp-content\/uploads\/2024\/04\/lebensraum1.jpg\" alt=\"\" data-id=\"2381\" data-link=\"https:\/\/zooschule-landau.de\/zoojugendspiele\/?attachment_id=2381\" class=\"wp-image-2381\" srcset=\"https:\/\/zooschule-landau.de\/zoojugendspiele\/wp-content\/uploads\/2024\/04\/lebensraum1.jpg 270w, https:\/\/zooschule-landau.de\/zoojugendspiele\/wp-content\/uploads\/2024\/04\/lebensraum1-239x300.jpg 239w\" sizes=\"auto, (max-width: 270px) 100vw, 270px\" \/><\/figure><\/li><li class=\"blocks-gallery-item\"><figure><img loading=\"lazy\" decoding=\"async\" width=\"778\" height=\"503\" src=\"https:\/\/zooschule-landau.de\/zoojugendspiele\/wp-content\/uploads\/2024\/04\/lebensraum2.jpg\" alt=\"\" data-id=\"2382\" data-link=\"https:\/\/zooschule-landau.de\/zoojugendspiele\/?attachment_id=2382\" class=\"wp-image-2382\" srcset=\"https:\/\/zooschule-landau.de\/zoojugendspiele\/wp-content\/uploads\/2024\/04\/lebensraum2.jpg 778w, https:\/\/zooschule-landau.de\/zoojugendspiele\/wp-content\/uploads\/2024\/04\/lebensraum2-300x194.jpg 300w, https:\/\/zooschule-landau.de\/zoojugendspiele\/wp-content\/uploads\/2024\/04\/lebensraum2-768x497.jpg 768w\" sizes=\"auto, (max-width: 778px) 100vw, 778px\" \/><\/figure><\/li><li class=\"blocks-gallery-item\"><figure><img loading=\"lazy\" decoding=\"async\" width=\"945\" height=\"708\" src=\"https:\/\/zooschule-landau.de\/zoojugendspiele\/wp-content\/uploads\/2024\/04\/lebensraum3.jpg\" alt=\"\" data-id=\"2383\" data-link=\"https:\/\/zooschule-landau.de\/zoojugendspiele\/?attachment_id=2383\" class=\"wp-image-2383\" srcset=\"https:\/\/zooschule-landau.de\/zoojugendspiele\/wp-content\/uploads\/2024\/04\/lebensraum3.jpg 945w, https:\/\/zooschule-landau.de\/zoojugendspiele\/wp-content\/uploads\/2024\/04\/lebensraum3-300x225.jpg 300w, https:\/\/zooschule-landau.de\/zoojugendspiele\/wp-content\/uploads\/2024\/04\/lebensraum3-768x575.jpg 768w\" sizes=\"auto, (max-width: 945px) 100vw, 945px\" \/><\/figure><\/li><li class=\"blocks-gallery-item\"><figure><img loading=\"lazy\" decoding=\"async\" width=\"499\" height=\"1109\" src=\"https:\/\/zooschule-landau.de\/zoojugendspiele\/wp-content\/uploads\/2024\/04\/lebensraum4.jpg\" alt=\"\" data-id=\"2384\" data-link=\"https:\/\/zooschule-landau.de\/zoojugendspiele\/?attachment_id=2384\" class=\"wp-image-2384\" srcset=\"https:\/\/zooschule-landau.de\/zoojugendspiele\/wp-content\/uploads\/2024\/04\/lebensraum4.jpg 499w, https:\/\/zooschule-landau.de\/zoojugendspiele\/wp-content\/uploads\/2024\/04\/lebensraum4-135x300.jpg 135w\" sizes=\"auto, (max-width: 499px) 100vw, 499px\" \/><\/figure><\/li><\/ul>\n\n\n\n<p>Fotos \u00a9 Sphenisco e.V.<\/p>\n\n\n\n<p class=\"has-medium-font-size\"><strong>Lebensweise<\/strong><\/p>\n\n\n\n<p>Die meiste Zeit verbringen Pinguine im Wasser. W\u00e4hrend der Brutzeit kehren die Pinguine abends zur Brutinsel zur\u00fcck. Sie wechseln sich beim Br\u00fcten und Bewachen der K\u00fcken ab. Pinguine sind sehr gesellig und leben in Kolonien, so nennt man gro\u00dfe Vogelgruppen.<br>Pinguine bilden feste Paare, die jedoch au\u00dferhalb der Brutzeit auch getrennt voneinander unterwegs sind.<\/p>\n\n\n\n<p class=\"has-medium-font-size\"><strong>Nahrung<\/strong><\/p>\n\n\n\n<div class=\"wp-block-image\"><figure class=\"alignright\"><img loading=\"lazy\" decoding=\"async\" width=\"320\" height=\"218\" src=\"https:\/\/zooschule-landau.de\/zoojugendspiele\/wp-content\/uploads\/2024\/04\/krill.jpg\" alt=\"\" class=\"wp-image-2386\" srcset=\"https:\/\/zooschule-landau.de\/zoojugendspiele\/wp-content\/uploads\/2024\/04\/krill.jpg 320w, https:\/\/zooschule-landau.de\/zoojugendspiele\/wp-content\/uploads\/2024\/04\/krill-300x204.jpg 300w\" sizes=\"auto, (max-width: 320px) 100vw, 320px\" \/><figcaption>Krill<\/figcaption><\/figure><\/div>\n\n\n\n<p>Humboldt-Pinguine fressen verschiedene Schwarmfische,  wie z.B. Sardinen. Au\u00dferdem fressen sie gelegentlich Krill  und verschiedene Krustentiere.<\/p>\n\n\n\n<p class=\"has-medium-font-size\"><strong>Aussehen<\/strong><\/p>\n\n\n\n<p>Humboldt-Pinguine haben einen schwarzen R\u00fccken und  einen wei\u00dfen Bauch. Unterhalb des Halses haben sie ein schwarzes Band. Das Brustband wird erst im Alter  von ca. einem Jahr sichtbar, wenn der Jungvogel vom Jugendkleid ins Erwachsenenkleid mausert. Erst dann ist der Pinguin alt genug,  um sich einen Partner oder eine Partnerin zu suchen und f\u00fcr Nachwuchs zu sorgen.<br>Au\u00dferdem haben Humboldt-Pinguine auf dem Bauch kleine schwarze Punkte. Diese sind bei jedem Tier anders. Durch die Punkte lassen sich die Pinguine gut auseinanderhalten. Damit die Tierpfleger*innen die einzelnen Tiere schnell und sicher voneinander unterscheiden zu k\u00f6nnen, tragen alle Pinguine im Zoo Landau ein farbiges Band am Fl\u00fcgel.<\/p>\n\n\n\n<p>Humboldt-Pinguine und Magellanpinguine sehen sehr \u00e4hnlich aus.<br>Der Humboldt-Pinguin hat ein schwarzes Band auf der Brust, der Magellanpinguin zwei B\u00e4nder. Beide Pinguinarten leben in S\u00fcdamerika. Der Magellanpinguin kommt ganz im S\u00fcden von Chile sowie an der Atlantikk\u00fcste in Argentinien und auf den Falklandinseln vor. Es sind nur 2 Brutpl\u00e4tze im S\u00fcden Chiles bekannt, wo beide Arten zusammen beobachtet werden k\u00f6nnen.<\/p>\n\n\n\n<div class=\"wp-block-columns has-2-columns is-layout-flex wp-container-core-columns-is-layout-9d6595d7 wp-block-columns-is-layout-flex\">\n<div class=\"wp-block-column is-layout-flow wp-block-column-is-layout-flow\">\n<p style=\"text-align:center\"><strong>Humboldt- Pinguin<\/strong><\/p>\n\n\n\n<div class=\"wp-block-image\"><figure class=\"aligncenter is-resized\"><img decoding=\"async\" src=\"https:\/\/zooschule-landau.de\/zoojugendspiele\/wp-content\/uploads\/2024\/04\/aussehen1.jpg\" alt=\"\" class=\"wp-image-2387\" height=\"500\" srcset=\"https:\/\/zooschule-landau.de\/zoojugendspiele\/wp-content\/uploads\/2024\/04\/aussehen1.jpg 499w, https:\/\/zooschule-landau.de\/zoojugendspiele\/wp-content\/uploads\/2024\/04\/aussehen1-225x300.jpg 225w\" sizes=\"(max-width: 499px) 100vw, 499px\" \/><\/figure><\/div>\n\n\n\n<p style=\"text-align:center\">ein schwarzes Band auf der Brust<\/p>\n<\/div>\n\n\n\n<div class=\"wp-block-column is-layout-flow wp-block-column-is-layout-flow\">\n<p style=\"text-align:center\"><strong>Magellanpinguin<\/strong><\/p>\n\n\n\n<div class=\"wp-block-image\"><figure class=\"aligncenter is-resized\"><img decoding=\"async\" src=\"https:\/\/zooschule-landau.de\/zoojugendspiele\/wp-content\/uploads\/2024\/04\/aussehen2.jpg\" alt=\"\" class=\"wp-image-2388\" height=\"500\" srcset=\"https:\/\/zooschule-landau.de\/zoojugendspiele\/wp-content\/uploads\/2024\/04\/aussehen2.jpg 474w, https:\/\/zooschule-landau.de\/zoojugendspiele\/wp-content\/uploads\/2024\/04\/aussehen2-217x300.jpg 217w\" sizes=\"(max-width: 474px) 100vw, 474px\" \/><\/figure><\/div>\n\n\n\n<p style=\"text-align:center\">zwei schwarze B\u00e4nder auf der Brust<\/p>\n<\/div>\n<\/div>\n\n\n\n<p class=\"has-medium-font-size\"><strong>Nat\u00fcrliche&nbsp;Feinde<\/strong><\/p>\n\n\n\n<p>Die nat\u00fcrlichen Feinde des Humboldt-Pinguins sind Orkas,  Seel\u00f6wen und M\u00f6wen. M\u00f6wen sind w\u00e4hrend der Brutzeit gef\u00e4hrlich, da diese die Pinguineier und kleineren K\u00fcken fressen.<\/p>\n\n\n\n<p class=\"has-medium-font-size\"><strong>Ursachen&nbsp;der&nbsp;Bedrohung<\/strong><\/p>\n\n\n\n<p>Es leben noch circa 20.000 Humboldt-Pinguine weltweit.  Sie sind von der Ausrottung bedroht. Dies liegt vor allem an uns Menschen. Durch die \u00dcberfischung der Meere finden die Pinguine nicht mehr gen\u00fcgend Nahrung. Au\u00dferdem verfangen sich viele Pinguine in den gro\u00dfen Netzen der Fischer und ertrinken dann.<br>Eine weitere Bedrohungsursache ist der Abbau von Guano. Guano ist Vogelkot. Der Vogelkot lagert sich in gro\u00dfen Mengen an der Felsk\u00fcste an. In den Vogelkot (Guano) bauen Humboldt-Pinguine ihre Bruth\u00f6hlen. Menschen bauen jedoch Guano ab, um ihn als Pflanzend\u00fcnger zu verkaufen. Mit Guano wachsen Pflanzen schneller und werden sehr kr\u00e4ftig. Viele Menschen kaufen deshalb D\u00fcnger mit Guano. Wenn kein Guano vorhanden ist, m\u00fcssen die Humboldt-Pinguine ihre Eier auf den nackten Felsen legen. Hier sind sie nur sehr schlecht vor M\u00f6wen, anderen Tieren und der Hitze gesch\u00fctzt. Es wachsen nur noch sehr wenige K\u00fcken auf.<br>Auch die Verschmutzung der Meere durch Plastikabf\u00e4lle macht den Pinguinen das Leben schwer. Sie verfangen sich in Geisternetzen oder Plastikt\u00fcten. Die Pinguine und viele Fische verwechseln kleinere Plastikteile mit ihrer Nahrung und schlucken diese ab.<br>Da das Plastik im Magen nicht zersetzt werden kann, sammelt es sich hier an. Es werden Giftstoffe freigesetzt, die die Tiere krank machen. Dazu kommt, dass die Tiere bald kein Hungergef\u00fchl mehr haben, da der Magen mit den unverdaulichen Plastikteilen gef\u00fcllt ist. Sie verhungern, da sie keine echte Nahrung mehr fressen k\u00f6nnen. Fangen die Pinguine Fische, die Plastik in ihrem Magen haben, nehmen sie diese Plastikteile ebenfalls mit auf.<\/p>\n\n\n\n<p class=\"has-medium-font-size\"><strong>Schutzm\u00f6glichkeiten&nbsp;in&nbsp;der&nbsp;Natur<\/strong><\/p>\n\n\n\n<ul class=\"wp-block-list\"><li>Einige Gebiete, in denen die Pinguine br\u00fcten, werden unter Naturschutz gestellt.<\/li><li>Es werden Meeresschutzzonen f\u00fcr die Pinguine eingerichtet. Hier k\u00f6nnen sie Fische fangen, ohne durch Fischernetze bedroht zu werden.<\/li><\/ul>\n\n\n\n<p class=\"has-medium-font-size\"><strong>Was k\u00f6nnen wir tun?<\/strong><\/p>\n\n\n\n<div class=\"wp-block-image\"><figure class=\"alignright is-resized\"><img loading=\"lazy\" decoding=\"async\" src=\"https:\/\/zooschule-landau.de\/zoojugendspiele\/wp-content\/uploads\/2024\/04\/msc.jpg\" alt=\"\" class=\"wp-image-2392\" width=\"158\" height=\"113\" srcset=\"https:\/\/zooschule-landau.de\/zoojugendspiele\/wp-content\/uploads\/2024\/04\/msc.jpg 315w, https:\/\/zooschule-landau.de\/zoojugendspiele\/wp-content\/uploads\/2024\/04\/msc-300x214.jpg 300w\" sizes=\"auto, (max-width: 158px) 100vw, 158px\" \/><\/figure><\/div>\n\n\n\n<p>Was k\u00f6nnen wir tun, damit der Pinguin gen\u00fcgend Fische im Meer findet?<br>Wir k\u00f6nnen beim Fischkauf darauf achten, nur Packungen und Dosen mit dem MSC-Siegel zu kaufen. Das Siegel bedeutet, dass die Packung oder Dose mit Fisch aus einer Fischerei kommt, die versucht, die Natur schont. Ziel ist es, nur so viele Fische zu fangen, dass noch gen\u00fcgend Fische \u00fcbrigbleiben. So soll erreicht werden, dass auch in Zukunft noch Fische in unseren Meeren schwimmen. Das ist wichtig f\u00fcr Humboldt-Pinguine und andere Tiere im Meer, die sich von Fischen ern\u00e4hren.  Siehe auch <a href=\"https:\/\/zooschule-landau.de\/zoojugendspiele\/kinderseiten\/produktsiegel\/\">PRODUKTSIEGEL<\/a><\/p>\n\n\n\n<div class=\"wp-block-image\"><figure class=\"alignright\"><img loading=\"lazy\" decoding=\"async\" width=\"165\" height=\"159\" src=\"https:\/\/zooschule-landau.de\/zoojugendspiele\/wp-content\/uploads\/2024\/04\/guano.jpg\" alt=\"\" class=\"wp-image-2393\"\/><\/figure><\/div>\n\n\n\n<p>Au\u00dferdem sollten wir keinen Pflanzend\u00fcnger mit Guano kaufen. Wir sollten keine Industrie f\u00f6rdern, die daf\u00fcr sorgt, dass Guano abgebaut wird.<br>(Guano ist f\u00fcr Humboldt-Pinguine wichtig. Sie bauen ihre Bruth\u00f6hlen dort hinein.)<\/p>\n\n\n\n<div style=\"clear: both;\"><hr><\/div>\n\n\n\n<div class=\"wp-block-columns has-2-columns is-layout-flex wp-container-core-columns-is-layout-9d6595d7 wp-block-columns-is-layout-flex\">\n<div class=\"wp-block-column is-layout-flow wp-block-column-is-layout-flow\">\n<figure class=\"wp-block-image\"><img loading=\"lazy\" decoding=\"async\" width=\"588\" height=\"331\" src=\"https:\/\/zooschule-landau.de\/zoojugendspiele\/wp-content\/uploads\/2024\/04\/unverpackt1.jpg\" alt=\"\" class=\"wp-image-2395\" srcset=\"https:\/\/zooschule-landau.de\/zoojugendspiele\/wp-content\/uploads\/2024\/04\/unverpackt1.jpg 588w, https:\/\/zooschule-landau.de\/zoojugendspiele\/wp-content\/uploads\/2024\/04\/unverpackt1-300x169.jpg 300w\" sizes=\"auto, (max-width: 588px) 100vw, 588px\" \/><\/figure>\n\n\n\n<p><\/p>\n<\/div>\n\n\n\n<div class=\"wp-block-column is-layout-flow wp-block-column-is-layout-flow\">\n<figure class=\"wp-block-image\"><img loading=\"lazy\" decoding=\"async\" width=\"652\" height=\"172\" src=\"https:\/\/zooschule-landau.de\/zoojugendspiele\/wp-content\/uploads\/2024\/04\/unverpackt2.jpg\" alt=\"\" class=\"wp-image-2396\" srcset=\"https:\/\/zooschule-landau.de\/zoojugendspiele\/wp-content\/uploads\/2024\/04\/unverpackt2.jpg 652w, https:\/\/zooschule-landau.de\/zoojugendspiele\/wp-content\/uploads\/2024\/04\/unverpackt2-300x79.jpg 300w\" sizes=\"auto, (max-width: 652px) 100vw, 652px\" \/><\/figure>\n<\/div>\n<\/div>\n\n\n\n<p>Beim Einkaufen k\u00f6nnen wir darauf achten, m\u00f6glichst wenig Produkte auszuw\u00e4hlen, die in Einwegverpackungen angeboten werden. So k\u00f6nnen wir dazu beitragen, dass weniger Plastikabf\u00e4lle im Meer landen.<br> Im Alltag sollten wir unbedingt vermeiden, dass Abf\u00e4lle in die Natur gelangen, denn viele Plastikabf\u00e4lle werden \u00fcber die Fl\u00fcsse ins Meer getragen.<br><br>Du m\u00f6chtest noch mehr erfahren?<br>\u201eWarum sind Humboldt-Pinguine bedroht?\u201c<\/p>\n\n\n\n<div class=\"wp-block-columns has-2-columns is-layout-flex wp-container-core-columns-is-layout-9d6595d7 wp-block-columns-is-layout-flex\">\n<div class=\"wp-block-column is-layout-flow wp-block-column-is-layout-flow\">\n<figure class=\"wp-block-image\"><img loading=\"lazy\" decoding=\"async\" width=\"286\" height=\"289\" src=\"https:\/\/zooschule-landau.de\/zoojugendspiele\/wp-content\/uploads\/2024\/04\/sphenisco.jpg\" alt=\"\" class=\"wp-image-2398\" srcset=\"https:\/\/zooschule-landau.de\/zoojugendspiele\/wp-content\/uploads\/2024\/04\/sphenisco.jpg 286w, https:\/\/zooschule-landau.de\/zoojugendspiele\/wp-content\/uploads\/2024\/04\/sphenisco-90x90.jpg 90w, https:\/\/zooschule-landau.de\/zoojugendspiele\/wp-content\/uploads\/2024\/04\/sphenisco-64x64.jpg 64w\" sizes=\"auto, (max-width: 286px) 100vw, 286px\" \/><\/figure>\n<\/div>\n\n\n\n<div class=\"wp-block-column is-layout-flow wp-block-column-is-layout-flow\">\n<figure class=\"wp-block-image\"><img loading=\"lazy\" decoding=\"async\" width=\"518\" height=\"690\" src=\"https:\/\/zooschule-landau.de\/zoojugendspiele\/wp-content\/uploads\/2024\/04\/junge.jpg\" alt=\"\" class=\"wp-image-2399\" srcset=\"https:\/\/zooschule-landau.de\/zoojugendspiele\/wp-content\/uploads\/2024\/04\/junge.jpg 518w, https:\/\/zooschule-landau.de\/zoojugendspiele\/wp-content\/uploads\/2024\/04\/junge-225x300.jpg 225w\" sizes=\"auto, (max-width: 518px) 100vw, 518px\" \/><\/figure>\n<\/div>\n<\/div>\n","protected":false},"excerpt":{"rendered":"<p>Humboldt-Pinguin Allgemeines Der Humboldt-Pinguin ist eine von 18 Pinguinarten.Pinguine geh\u00f6ren zur Klasse der V\u00f6gel. Sie haben einen Schnabel und Federn und legen Eier.Pinguine k\u00f6nnen nicht fliegen. Dies liegt daran, dass ihre Knochen wie bei uns Menschen mit Knochenmark gef\u00fcllt sind. Dadurch sind Pinguine sehr schwer. Deshalb k\u00f6nnen sie nicht fliegen, daf\u00fcr aber besonders gut tauchen<\/p>\n","protected":false},"author":1,"featured_media":0,"parent":297,"menu_order":0,"comment_status":"closed","ping_status":"closed","template":"page-fullwidth.php","meta":{"footnotes":""},"class_list":["post-2371","page","type-page","status-publish","hentry"],"_links":{"self":[{"href":"https:\/\/zooschule-landau.de\/zoojugendspiele\/wp-json\/wp\/v2\/pages\/2371","targetHints":{"allow":["GET"]}}],"collection":[{"href":"https:\/\/zooschule-landau.de\/zoojugendspiele\/wp-json\/wp\/v2\/pages"}],"about":[{"href":"https:\/\/zooschule-landau.de\/zoojugendspiele\/wp-json\/wp\/v2\/types\/page"}],"author":[{"embeddable":true,"href":"https:\/\/zooschule-landau.de\/zoojugendspiele\/wp-json\/wp\/v2\/users\/1"}],"replies":[{"embeddable":true,"href":"https:\/\/zooschule-landau.de\/zoojugendspiele\/wp-json\/wp\/v2\/comments?post=2371"}],"version-history":[{"count":12,"href":"https:\/\/zooschule-landau.de\/zoojugendspiele\/wp-json\/wp\/v2\/pages\/2371\/revisions"}],"predecessor-version":[{"id":2401,"href":"https:\/\/zooschule-landau.de\/zoojugendspiele\/wp-json\/wp\/v2\/pages\/2371\/revisions\/2401"}],"up":[{"embeddable":true,"href":"https:\/\/zooschule-landau.de\/zoojugendspiele\/wp-json\/wp\/v2\/pages\/297"}],"wp:attachment":[{"href":"https:\/\/zooschule-landau.de\/zoojugendspiele\/wp-json\/wp\/v2\/media?parent=2371"}],"curies":[{"name":"wp","href":"https:\/\/api.w.org\/{rel}","templated":true}]}}