{"id":2165,"date":"2019-03-31T10:38:57","date_gmt":"2019-03-31T08:38:57","guid":{"rendered":"https:\/\/zooschule-landau.de\/zoojugendspiele\/?page_id=2165"},"modified":"2024-04-24T21:16:09","modified_gmt":"2024-04-24T19:16:09","slug":"arten-und-tierschutz","status":"publish","type":"page","link":"https:\/\/zooschule-landau.de\/zoojugendspiele\/arten-und-tierschutz\/","title":{"rendered":"Arten und Tierschutz"},"content":{"rendered":"\n<div class=\"wp-block-columns has-2-columns is-layout-flex wp-container-core-columns-is-layout-9d6595d7 wp-block-columns-is-layout-flex\">\n<div class=\"wp-block-column is-layout-flow wp-block-column-is-layout-flow\">\n<h2 class=\"wp-block-heading\">Arten- und Tierschutz &#8211; Beides ist wichtig!<\/h2>\n<\/div>\n\n\n\n<div class=\"wp-block-column is-layout-flow wp-block-column-is-layout-flow\">\n<div class=\"wp-block-image\"><figure class=\"alignright is-resized\"><img loading=\"lazy\" decoding=\"async\" src=\"https:\/\/zooschule-landau.de\/zoojugendspiele\/wp-content\/uploads\/2018\/02\/Dromi-Tierschutz.2.png\" alt=\"\" class=\"wp-image-236\" width=\"272\" height=\"83\"\/><\/figure><\/div>\n<\/div>\n<\/div>\n\n\n\n<h3 class=\"wp-block-heading\">Was ist Artenschutz?<\/h3>\n\n\n\n<p>Viele Tiere sind von der Ausrottung bedroht. Das bedeutet, dass es von diesen Tieren auf unserer Erde nicht mehr viele gibt.<\/p>\n\n\n\n<p>Wenn wir Menschen nichts unternehmen, dann wird es von diesen Tieren \nbald kein einziges Exemplar mehr auf der Erde geben. Dann sind sie \nausgerottet.<\/p>\n\n\n\n<p>Viele Tierarten, die es fr\u00fcher gab, sind schon ausgerottet. Es kommt \noft vor, dass Tiere zun\u00e4chst in bestimmten Gebieten ausgerottet werden. \nZum Beispiel lebten hier in Deutschland vor vielen hundert Jahren \nBraunb\u00e4ren und W\u00f6lfe. Diese Tiere gibt es hier nicht mehr, der Mensch \nhat sie ausgerottet.<\/p>\n\n\n\n<p>M\u00f6chtest du erfahren, was Zoos f\u00fcr den Artenschutz tun, dann lies weiter auf der <a href=\"https:\/\/zooschule-landau.de\/zoojugendspiele\/fuer-schulen-kitas\/zoojugendspiele\/kinderseiten\/tiere-schuetzen\/artenschutz\/\">Seite Artenschutz im Zoo!<\/a><\/p>\n\n\n\n<div class=\"wp-block-image\"><figure class=\"alignright\"><img loading=\"lazy\" decoding=\"async\" width=\"200\" height=\"200\" src=\"https:\/\/zooschule-landau.de\/zoojugendspiele\/wp-content\/uploads\/2018\/02\/wolf.jpg\" alt=\"\" class=\"wp-image-238\"\/><\/figure><\/div>\n\n\n\n<p>Der Wolf war in Deutschland lange ausgerottet!<\/p>\n\n\n\n<p>Darum werden Tierarten ausgerottet:<\/p>\n\n\n\n<ul class=\"wp-block-list\"><li>Der Mensch zerst\u00f6rt ihren Lebensraum,\n<ul><li>er holzt die B\u00e4ume der W\u00e4lder ab,<\/li><li>er verschmutzt Meere, Fl\u00fcsse und Seen,<\/li><li>er dringt in die Lebensr\u00e4ume der Tiere ein, baut hier H\u00e4user und legt Felder an.<\/li><\/ul>\n<\/li><li>Der Mensch jagt und t\u00f6tet die Tiere,\n<ul><li>um sie zu essen,<\/li><li>um ihnen das Fell abzuziehen, (z.B. f\u00fcr M\u00e4ntel)<\/li><li>um aus ihrer Haut Taschen und G\u00fcrtel herzustellen,<\/li><li>um ihre Z\u00e4hne zu Schmuck zu verarbeiten<\/li><li>um sie auszustopfen und aus- zustellen.<\/li><\/ul>\n<\/li><\/ul>\n\n\n\n<p>\u00dcberall auf der Welt setzen sich Menschen f\u00fcr den Schutz von \nbedrohten Tierarten ein. Besonders wichtig ist es dabei, die nat\u00fcrlichen\n Lebensr\u00e4ume der Tiere zu erhalten. Auch du kannst etwas f\u00fcr den Schutz \nvon bedrohten Tierarten tun! <a href=\"https:\/\/zooschule-landau.de\/zoojugendspiele\/fuer-schulen-kitas\/zoojugendspiele\/kinderseiten\/tiere-schuetzen\/tu-was\/\">Sieh\u2018 nach auf unserer Seite Tu was!<\/a><\/p>\n\n\n\n<div class=\"wp-block-image\"><figure class=\"alignleft\"><img loading=\"lazy\" decoding=\"async\" width=\"200\" height=\"200\" src=\"https:\/\/zooschule-landau.de\/zoojugendspiele\/wp-content\/uploads\/2018\/02\/katze.jpg\" alt=\"\" class=\"wp-image-239\"\/><\/figure><\/div>\n\n\n\n<h3 class=\"wp-block-heading\">Was ist Tierschutz?<\/h3>\n\n\n\n<p>Hier geht es um den Schutz und die gute Behandlung eines jeden Tieres\n \u2013 egal ob es sich um einen Hund, eine Schildkr\u00f6te oder um einen \nSchmetterling handelt.<\/p>\n\n\n\n<p style=\"clear: both;\"><\/p>\n\n\n\n<h4 class=\"wp-block-heading\">Was ist Tierschutz?<\/h4>\n\n\n\n<p>Hier geht es um den Schutz und die gute Behandlung\neines jeden Tieres \u2013 egal ob es sich um einen Hund, eine Schildkr\u00f6te oder um\neinen Schmetterling handelt.<\/p>\n\n\n\n<h4 class=\"wp-block-heading\">Grunds\u00e4tze von Tierfreunden<\/h4>\n\n\n\n<p style=\"font-size:12px\">(entnommen aus: Tierschutz im Unterricht. Arbeitsmappe &#8222;Praktizierte   Ethik&#8220;. Bundesverein der Tierbefreier \u00d6sterreichs, o.J.)  <\/p>\n\n\n\n<ul class=\"wp-block-list\"><li>Wir teilen die Welt mit anderen Lebewesen, die genau wie wir ein Recht auf Leben haben. <\/li><li>Tiere greifen nie vors\u00e4tzlich in das Leben der Menschen ein; wir aber beeinflussen das Leben der Tiere. Aus diesem Grunde m\u00fcssen wir Verantwortung auf uns nehmen und damit auch gewisse Pflichten.<\/li><li>So werde ich nie Tiere qu\u00e4len, denn sie f\u00fchlen Schmerz und leiden, wenn wir sie nicht richtig behandeln.<\/li><li>Ich werde nie ein Tier, das mir anvertraut ist, vernachl\u00e4ssigen oder sich selbst \u00fcberlassen. Ich werde es immer gut behandeln, gem\u00e4\u00df seinen nat\u00fcrlichen Veranlagungen.<\/li><li>Ich werde nie Tiere t\u00f6ten, blo\u00df weil ich die Macht und die Mittel dazu habe.<\/li><li>Ich werde mein M\u00f6glichstes tun, um Wildtiere vor der Ausrottung zu bewahren, denn Vernichtung kann nicht r\u00fcckg\u00e4ngig gemacht werden.<\/li><li>Auch werde ich die Bestrebungen f\u00fcr ein lebenswertes Dasein von Nutztieren (K\u00fchen, Schweinen usw.), ihrer nat\u00fcrlichen Veranlagung entsprechend, unterst\u00fctzen.<\/li><li>Ich will so viel wie m\u00f6glich \u00fcber das Leben der Tiere erfahren, damit ich die Vielfalt der Natur, zu welcher Tiere ebenso wie ich selbst geh\u00f6ren, besser verstehen, lieben und respektieren kann. <\/li><\/ul>\n","protected":false},"excerpt":{"rendered":"<p>Arten- und Tierschutz &#8211; Beides ist wichtig! Was ist Artenschutz? Viele Tiere sind von der Ausrottung bedroht. Das bedeutet, dass es von diesen Tieren auf unserer Erde nicht mehr viele gibt. Wenn wir Menschen nichts unternehmen, dann wird es von diesen Tieren bald kein einziges Exemplar mehr auf der Erde geben. Dann sind sie ausgerottet.<\/p>\n","protected":false},"author":1,"featured_media":0,"parent":0,"menu_order":0,"comment_status":"closed","ping_status":"closed","template":"page-fullwidth.php","meta":{"footnotes":""},"class_list":["post-2165","page","type-page","status-publish","hentry"],"_links":{"self":[{"href":"https:\/\/zooschule-landau.de\/zoojugendspiele\/wp-json\/wp\/v2\/pages\/2165","targetHints":{"allow":["GET"]}}],"collection":[{"href":"https:\/\/zooschule-landau.de\/zoojugendspiele\/wp-json\/wp\/v2\/pages"}],"about":[{"href":"https:\/\/zooschule-landau.de\/zoojugendspiele\/wp-json\/wp\/v2\/types\/page"}],"author":[{"embeddable":true,"href":"https:\/\/zooschule-landau.de\/zoojugendspiele\/wp-json\/wp\/v2\/users\/1"}],"replies":[{"embeddable":true,"href":"https:\/\/zooschule-landau.de\/zoojugendspiele\/wp-json\/wp\/v2\/comments?post=2165"}],"version-history":[{"count":15,"href":"https:\/\/zooschule-landau.de\/zoojugendspiele\/wp-json\/wp\/v2\/pages\/2165\/revisions"}],"predecessor-version":[{"id":2300,"href":"https:\/\/zooschule-landau.de\/zoojugendspiele\/wp-json\/wp\/v2\/pages\/2165\/revisions\/2300"}],"wp:attachment":[{"href":"https:\/\/zooschule-landau.de\/zoojugendspiele\/wp-json\/wp\/v2\/media?parent=2165"}],"curies":[{"name":"wp","href":"https:\/\/api.w.org\/{rel}","templated":true}]}}