{"id":152,"date":"2018-02-22T21:24:29","date_gmt":"2018-02-22T20:24:29","guid":{"rendered":"http:\/\/zooschule.synology.me\/zooschule\/?page_id=152"},"modified":"2019-03-20T16:57:39","modified_gmt":"2019-03-20T15:57:39","slug":"tiersteckbriefe","status":"publish","type":"page","link":"https:\/\/zooschule-landau.de\/zoojugendspiele\/kinderseiten\/tiersteckbriefe\/","title":{"rendered":"Tiersteckbriefe"},"content":{"rendered":"<p><img loading=\"lazy\" decoding=\"async\" class=\"alignleft wp-image-153 size-full\" title=\"Alfie (Zeichnerein: Julia Haubs)\" src=\"https:\/\/zooschule-landau.de\/zoojugendspiele\/wp-content\/uploads\/2018\/02\/alfie_steckbriefe.png\" alt=\"\" width=\"457\" height=\"330\" \/><\/p>\n<div style=\"float: left;\">\n<h2>Steckbriefe f\u00fcr Kinder<\/h2>\n<p><a href=\"https:\/\/zooschule-landau.de\/zoojugendspiele\/wp-content\/uploads\/2018\/02\/HumPing.pdf\" target=\"_blank\" rel=\"noopener\">Humboldt-Pinguin<\/a><\/p>\n<h2>Steckbriefe f\u00fcr Experten<\/h2>\n<p><a href=\"https:\/\/zooschule-landau.de\/zoojugendspiele\/wp-content\/uploads\/2018\/02\/SibTi_Exp.pdf\" target=\"_blank\" rel=\"noopener\">Sibirischer Tiger<\/a><br \/>\n<a href=\"https:\/\/zooschule-landau.de\/zoojugendspiele\/wp-content\/uploads\/2018\/02\/HumPing_Exp.pdf\" target=\"_blank\" rel=\"noopener\">Humboldt-Pinguin<\/a><br \/>\n<a href=\"https:\/\/zooschule-landau.de\/zoojugendspiele\/wp-content\/uploads\/2018\/02\/Wei_Exp.pdf\" target=\"_blank\" rel=\"noopener\">Wei\u00dfstorch<\/a><\/p>\n<\/div>\n<div style=\"clear: left;\">Probleme? Zur Ansicht auf deinem Computer und zum Ausdrucken ben\u00f6tigst du den Acrobat Reader. Diesen kannst du auf den Seiten von Adobe kostenlos herunterladen (ca. 74 MB). <a href=\"https:\/\/get.adobe.com\/reader\" target=\"_blank\" rel=\"noopener\">Bitte klicke hier.<\/a><\/div>\n","protected":false},"excerpt":{"rendered":"<p>Steckbriefe f\u00fcr Kinder Humboldt-Pinguin Steckbriefe f\u00fcr Experten Sibirischer Tiger Humboldt-Pinguin Wei\u00dfstorch Probleme? Zur Ansicht auf deinem Computer und zum Ausdrucken ben\u00f6tigst du den Acrobat Reader. Diesen kannst du auf den Seiten von Adobe kostenlos herunterladen (ca. 74 MB). Bitte klicke hier.<\/p>\n","protected":false},"author":1,"featured_media":0,"parent":127,"menu_order":0,"comment_status":"closed","ping_status":"closed","template":"js\/page-fullwidth.php","meta":{"footnotes":""},"class_list":["post-152","page","type-page","status-publish","hentry"],"_links":{"self":[{"href":"https:\/\/zooschule-landau.de\/zoojugendspiele\/wp-json\/wp\/v2\/pages\/152","targetHints":{"allow":["GET"]}}],"collection":[{"href":"https:\/\/zooschule-landau.de\/zoojugendspiele\/wp-json\/wp\/v2\/pages"}],"about":[{"href":"https:\/\/zooschule-landau.de\/zoojugendspiele\/wp-json\/wp\/v2\/types\/page"}],"author":[{"embeddable":true,"href":"https:\/\/zooschule-landau.de\/zoojugendspiele\/wp-json\/wp\/v2\/users\/1"}],"replies":[{"embeddable":true,"href":"https:\/\/zooschule-landau.de\/zoojugendspiele\/wp-json\/wp\/v2\/comments?post=152"}],"version-history":[{"count":9,"href":"https:\/\/zooschule-landau.de\/zoojugendspiele\/wp-json\/wp\/v2\/pages\/152\/revisions"}],"predecessor-version":[{"id":2153,"href":"https:\/\/zooschule-landau.de\/zoojugendspiele\/wp-json\/wp\/v2\/pages\/152\/revisions\/2153"}],"up":[{"embeddable":true,"href":"https:\/\/zooschule-landau.de\/zoojugendspiele\/wp-json\/wp\/v2\/pages\/127"}],"wp:attachment":[{"href":"https:\/\/zooschule-landau.de\/zoojugendspiele\/wp-json\/wp\/v2\/media?parent=152"}],"curies":[{"name":"wp","href":"https:\/\/api.w.org\/{rel}","templated":true}]}}