{"id":138,"date":"2018-02-22T20:28:25","date_gmt":"2018-02-22T19:28:25","guid":{"rendered":"http:\/\/zooschule.synology.me\/zooschule\/?page_id=138"},"modified":"2024-04-24T22:02:22","modified_gmt":"2024-04-24T20:02:22","slug":"themen-stationen","status":"publish","type":"page","link":"https:\/\/zooschule-landau.de\/zoojugendspiele\/themen-stationen\/","title":{"rendered":"Themen &#038; Stationen"},"content":{"rendered":"\n<h3 class=\"wp-block-heading\">Zoo-Jugendspiele am 12.\/13.\/14. Juni 2024<\/h3>\n\n\n\n<p>An 10 Stationen geht es um die Bedeutung, die Bedrohung und den Schutz der Artenvielfalt unter besonderer Ber\u00fccksichtigung ausgew\u00e4hlter Tierarten.<\/p>\n\n\n\n<table class=\"wp-block-table is-style-stripes\">\n<tbody>\n<tr><td class=\"has-text-color has-vivid-red-color\">Bedeutung der Artenvielfalt<\/td><td class=\"has-text-color has-vivid-red-color\">Warum ist Artenvielfalt wichtig? <br>Warum k\u00f6nnen wir auf keine Art verzichten? <br>(allgemein\/ tier-\/ pflanzen\u00fcbergreifend)<\/td><\/tr>\n<tr><td class=\"has-text-color has-vivid-red-color\">Bedrohung der Artenvielfalt<\/td><td class=\"has-text-color has-vivid-red-color\">Warum sind viele Arten von der Ausrottung bedroht? (allgemein\/ tier-\/ pflanzen\u00fcbergreifend)<\/td><\/tr>\n<tr><td class=\"has-text-color has-vivid-red-color\">Schutz der Artenvielfalt\/ a<\/td><td class=\"has-text-color has-vivid-red-color\">Was k\u00f6nnen wir zum Schutz der Arten tun? <br>(allgemein\/ tier-\/ pflanzen\u00fcbergreifend)<\/td><\/tr>\n<tr><td class=\"has-text-color has-vivid-red-color\">Schutz der Artenvielfalt\/ b<\/td><td class=\"has-text-color has-vivid-red-color\">Was unternehmen Zoos, um Tierarten zu sch\u00fctzen?<\/td><\/tr>\n<tr><td style=\"color:#3d9c01\" class=\"has-text-color\">Sibirischer Tiger<\/td><td class=\"has-text-color has-vivid-red-color\">Lebensraum, Lebensweise, Bedrohung und Schutz<\/td><\/tr>\n<tr><td style=\"color:#3d9c01\" class=\"has-text-color\">Humboldt-Pinguin <br><span style=\"color:#0997ea\" class=\"has-text-color\">(mit Bezug zum Abfall)<\/span><\/td><td style=\"color:#3d9c01\" class=\"has-text-color\">Lebensraum, Lebensweise, Bedrohung und Schutz<\/td><\/tr>\n<tr><td style=\"color:#3d9c01\" class=\"has-text-color\">Gibbon<\/td><td style=\"color:#3d9c01\" class=\"has-text-color\">Lebensraum, Lebensweise, Bedrohung und Schutz<\/td><\/tr>\n<tr><td style=\"color:#3d9c01\" class=\"has-text-color\">Wei\u00dfstorch <br><span style=\"color:#0997ea\" class=\"has-text-color\">(mit Bezug zum Abfall)<\/span><\/td><td style=\"color:#3d9c01\" class=\"has-text-color\">Lebensraum, Lebensweise, Bedrohung und Schutz<\/td><\/tr>\n<tr><td style=\"color:#0997ea\" class=\"has-text-color\">Abfallvermeidung<\/td><td style=\"color:#0997ea\" class=\"has-text-color\">Warum ist Abfallvermeidung wichtig? <br>Wie k\u00f6nnen wir zur Abfallvermeidung schon beim t\u00e4glichen Einkauf beitragen?<\/td><\/tr>\n<tr><td style=\"color:#0997ea\" class=\"has-text-color\">Umgang mit Abfall<\/td><td style=\"color:#0997ea\" class=\"has-text-color\">Wie gehen wir mit Abfall sorgsam um? <br>Wie gelangt Abfall in die Natur und wie wirkt er sich dort aus?<\/td><\/tr>\n<\/tbody><\/table>\n\n\n\n<div style=\"height:20px\" aria-hidden=\"true\" class=\"wp-block-spacer\"><\/div>\n\n\n\n<h4 class=\"wp-block-heading\">Zooplan <\/h4>\n\n\n\n<figure class=\"wp-block-image\"><img loading=\"lazy\" decoding=\"async\" width=\"1400\" height=\"1032\" src=\"https:\/\/zooschule-landau.de\/zoojugendspiele\/wp-content\/uploads\/2024\/04\/plan-zoo-und-stationen-2024-1400x1032.png\" alt=\"\" class=\"wp-image-2255\" srcset=\"https:\/\/zooschule-landau.de\/zoojugendspiele\/wp-content\/uploads\/2024\/04\/plan-zoo-und-stationen-2024-1400x1032.png 1400w, https:\/\/zooschule-landau.de\/zoojugendspiele\/wp-content\/uploads\/2024\/04\/plan-zoo-und-stationen-2024-300x221.png 300w, https:\/\/zooschule-landau.de\/zoojugendspiele\/wp-content\/uploads\/2024\/04\/plan-zoo-und-stationen-2024-768x566.png 768w\" sizes=\"auto, (max-width: 1400px) 100vw, 1400px\" \/><\/figure>\n\n\n\n<div class=\"wp-block-file\"><a href=\"https:\/\/zooschule-landau.de\/zoojugendspiele\/wp-content\/uploads\/2024\/04\/plan-zoo-und-stationen-2024.pdf\">Zooplan und Stationen 2024<\/a><a href=\"https:\/\/zooschule-landau.de\/zoojugendspiele\/wp-content\/uploads\/2024\/04\/plan-zoo-und-stationen-2024.pdf\" class=\"wp-block-file__button\" download>Herunterladen<\/a><\/div>\n","protected":false},"excerpt":{"rendered":"<p>Zoo-Jugendspiele am 12.\/13.\/14. Juni 2024 An 10 Stationen geht es um die Bedeutung, die Bedrohung und den Schutz der Artenvielfalt unter besonderer Ber\u00fccksichtigung ausgew\u00e4hlter Tierarten. Bedeutung der Artenvielfalt Warum ist Artenvielfalt wichtig? Warum k\u00f6nnen wir auf keine Art verzichten? (allgemein\/ tier-\/ pflanzen\u00fcbergreifend) Bedrohung der Artenvielfalt Warum sind viele Arten von der Ausrottung bedroht? (allgemein\/ tier-\/<\/p>\n","protected":false},"author":1,"featured_media":0,"parent":0,"menu_order":0,"comment_status":"closed","ping_status":"closed","template":"js\/page-fullwidth.php","meta":{"footnotes":""},"class_list":["post-138","page","type-page","status-publish","hentry"],"_links":{"self":[{"href":"https:\/\/zooschule-landau.de\/zoojugendspiele\/wp-json\/wp\/v2\/pages\/138","targetHints":{"allow":["GET"]}}],"collection":[{"href":"https:\/\/zooschule-landau.de\/zoojugendspiele\/wp-json\/wp\/v2\/pages"}],"about":[{"href":"https:\/\/zooschule-landau.de\/zoojugendspiele\/wp-json\/wp\/v2\/types\/page"}],"author":[{"embeddable":true,"href":"https:\/\/zooschule-landau.de\/zoojugendspiele\/wp-json\/wp\/v2\/users\/1"}],"replies":[{"embeddable":true,"href":"https:\/\/zooschule-landau.de\/zoojugendspiele\/wp-json\/wp\/v2\/comments?post=138"}],"version-history":[{"count":12,"href":"https:\/\/zooschule-landau.de\/zoojugendspiele\/wp-json\/wp\/v2\/pages\/138\/revisions"}],"predecessor-version":[{"id":2258,"href":"https:\/\/zooschule-landau.de\/zoojugendspiele\/wp-json\/wp\/v2\/pages\/138\/revisions\/2258"}],"wp:attachment":[{"href":"https:\/\/zooschule-landau.de\/zoojugendspiele\/wp-json\/wp\/v2\/media?parent=138"}],"curies":[{"name":"wp","href":"https:\/\/api.w.org\/{rel}","templated":true}]}}